{"id":2721,"date":"2024-01-27T13:04:53","date_gmt":"2024-01-27T12:04:53","guid":{"rendered":"http:\/\/orisha-ossain.com\/?page_id=2721"},"modified":"2025-01-15T19:26:55","modified_gmt":"2025-01-15T18:26:55","slug":"politica-de-privacidad","status":"publish","type":"page","link":"https:\/\/orisha-ossain.com\/es\/privacy-policy\/","title":{"rendered":"Pol\u00edtica de privacidad"},"content":{"rendered":"<p>En cuanto visita mi sitio web o se pone en contacto conmigo, recibo informaci\u00f3n sobre usted. En esta declaraci\u00f3n de privacidad explico lo que hago con esa informaci\u00f3n. Siempre trato su informaci\u00f3n con cuidado y la almaceno de forma segura. Si tiene alguna pregunta o desea saber qu\u00e9 informaci\u00f3n tengo sobre usted, p\u00f3ngase en contacto conmigo. Puedo modificar esta declaraci\u00f3n de privacidad si es necesario. Le recomiendo que revise peri\u00f3dicamente esta declaraci\u00f3n de privacidad para estar al tanto de estos cambios. Esta declaraci\u00f3n de privacidad fue modificada por \u00faltima vez el 27-01-2024<\/p>\n\n\n\n<p><strong>Contenido<\/strong><strong>&nbsp;<\/strong><strong><\/strong><\/p>\n\n\n\n<p>1. <strong>\u00bfCu\u00e1ndo se aplica esta declaraci\u00f3n de privacidad?<\/strong><\/p>\n\n\n\n<p>2. <strong>\u00bfQui\u00e9n utiliza sus datos?<\/strong><\/p>\n\n\n\n<p>3. <strong>Datos de qui\u00e9n <\/strong><strong>I <\/strong><strong>\u00bfUsar?<\/strong><\/p>\n\n\n\n<p>4. <strong>\u00bfC\u00f3mo se <\/strong><strong>I <\/strong><strong>\u00bfObtener sus datos?<\/strong><\/p>\n\n\n\n<p>5. <strong>\u00bfQu\u00e9 datos tuyos <\/strong><strong>I<\/strong><strong>&nbsp;\u00bfUsar?<\/strong><\/p>\n\n\n\n<p>6. <strong>\u00bfQu\u00e9 es lo que <\/strong><strong>I<\/strong><strong>&nbsp;utilizar sus datos?<\/strong><\/p>\n\n\n\n<p>7. <strong>\u00bfCu\u00e1nto tiempo <\/strong><strong>I<\/strong><strong>&nbsp;almacenar sus datos?<\/strong><\/p>\n\n\n\n<p>8. <strong>\u00bfQui\u00e9n lo hace? <\/strong><strong>I<\/strong><strong>&nbsp;\u00bfcon qui\u00e9n comparte sus datos?<\/strong><\/p>\n\n\n\n<p>9. <strong>\u00bfD\u00f3nde <\/strong><strong>I<\/strong><strong>&nbsp;almacenar sus datos?<\/strong><\/p>\n\n\n\n<p>10. <strong>\u00bfC\u00f3mo de seguros est\u00e1n sus datos con <\/strong><strong>me<\/strong><strong>?<\/strong><\/p>\n\n\n\n<p>11. <strong>\u00bfCu\u00e1les son sus derechos?<\/strong><\/p>\n\n\n\n<p>12. <strong>\u00bfQu\u00e9 normas se aplican a esta declaraci\u00f3n de privacidad?<\/strong><\/p>\n\n\n\n<p>13. <strong>Qu\u00e9 cookies <\/strong><strong>I<\/strong><strong>&nbsp;\u00bfUsar?<\/strong><\/p>\n\n\n\n<p>14. <strong>\u00bfQu\u00e9 es lo que <\/strong><strong>I<\/strong><strong>&nbsp;hacer con los datos de los menores?<\/strong><\/p>\n\n\n\n<p>15. <strong>\u00bfTiene alguna pregunta sobre esta pol\u00edtica de privacidad?<\/strong><\/p>\n\n\n\n<p><strong>1. \u00bfCu\u00e1ndo se aplica esta declaraci\u00f3n de privacidad?<\/strong><\/p>\n\n\n\n<p><strong>&nbsp;<\/strong>Esta declaraci\u00f3n de privacidad se aplica a todos los datos personales que trato y a todos los dominios relacionados conmigo. Se trata de los datos personales de todas las personas que alguna vez han tenido contacto conmigo o han visitado mi sitio web, como visitantes, clientes y contactos comerciales. Los datos personales son todos los datos que pueden ser rastreados hasta usted como individuo, como su nombre, n\u00famero de tel\u00e9fono, direcci\u00f3n IP, n\u00famero de cliente o comportamiento de navegaci\u00f3n. Si desea saber m\u00e1s sobre los datos personales, visite el sitio web de la Autoridad Holandesa de Protecci\u00f3n de Datos.<\/p>\n\n\n\n<p><strong>2. \u00bfQui\u00e9n utiliza sus datos? <\/strong><strong><\/strong><\/p>\n\n\n\n<p>BTS Trading es responsable del sitio web orisha-ossain y, por tanto, la organizaci\u00f3n responsable del uso de sus datos tal y como se describe en esta declaraci\u00f3n de privacidad. Los datos completos son:<\/p>\n\n\n\n<p>BTS Trading<br>Nieuwstraat 1b<br>5911 JS Venlo<br>14115593<\/p>\n\n\n\n<p><strong>3. Datos de qui\u00e9n <\/strong><strong>I<\/strong><strong>&nbsp;\u00bfUsar?<\/strong><\/p>\n\n\n\n<p>Trato los datos personales de todas las personas que han tenido contacto conmigo o han visitado mi sitio web. Se trata de visitantes, clientes particulares, clientes empresariales y personas de contacto de mis socios.<\/p>\n\n\n\n<p><strong>4. \u00bfC\u00f3mo obtengo sus datos?<\/strong><\/p>\n\n\n\n<p>Recibo los datos directamente de usted tan pronto como usted:<\/p>\n\n\n\n<p>Hacer un pedido en el sitio web<\/p>\n\n\n\n<p><strong>5. Qu\u00e9 datos tuyos utilizo<\/strong><\/p>\n\n\n\n<p>Utilizo los siguientes datos:<\/p>\n\n\n\n<p>nombre<br>direcci\u00f3n o direcci\u00f3n profesional<br>direcci\u00f3n de entrega<br>direcci\u00f3n de correo electr\u00f3nico<br>n\u00famero de tel\u00e9fono<\/p>\n\n\n\n<p><strong>6. \u00bfPara qu\u00e9 utilizo sus datos?<\/strong><\/p>\n\n\n\n<p>S\u00f3lo utilizo sus datos para los fines para los que estoy autorizado a utilizarlos:<\/p>\n\n\n\n<p>Utilizo tus datos para darte el mejor servicio como cliente, esto no es posible sin estos datos.<\/p>\n\n\n\n<p><strong>7. \u00bfCu\u00e1nto tiempo <\/strong><strong>I<\/strong><strong>&nbsp;conservar sus datos? <\/strong><strong><\/strong><\/p>\n\n\n\n<p>Conservo sus datos mientras me lo exige la ley y mientras sea necesario para el fin para el que los utilizo. Por ejemplo, mientras usted sea cliente m\u00edo, conservo sus datos seg\u00fan el plazo legal de conservaci\u00f3n de siete a\u00f1os. Despu\u00e9s, s\u00f3lo conservo sus datos con fines estad\u00edsticos y para tramitar posibles reclamaciones o asuntos legales. Si desea saber m\u00e1s sobre cu\u00e1nto tiempo conservo datos espec\u00edficos sobre usted, p\u00f3ngase en contacto conmigo.<\/p>\n\n\n\n<p><strong>8. \u00bfQui\u00e9n <\/strong><strong>I<\/strong><strong>&nbsp;\u00bfcon qui\u00e9n comparte sus datos? <\/strong><\/p>\n\n\n\n<p>S\u00f3lo trato sus datos yo mismo. No comparto sus datos con terceros.<\/p>\n\n\n\n<p><strong>9. \u00bfD\u00f3nde almaceno sus datos?&nbsp;<\/strong><\/p>\n\n\n\n<p>Trato sus datos dentro del Espacio Econ\u00f3mico Europeo. Esto significa que tambi\u00e9n almaceno sus datos dentro del EEE. Si tiene alguna pregunta al respecto, no dude en ponerse en contacto conmigo.<\/p>\n\n\n\n<p><strong>10. \u00bfC\u00f3mo de seguros est\u00e1n tus datos conmigo?<\/strong> <\/p>\n\n\n\n<p>He hecho mucho para proteger tus datos lo mejor posible, tanto desde el punto de vista organizativo como t\u00e9cnico. He asegurado mis sistemas y diversos medios de comunicaci\u00f3n para garantizar que sus datos no acaben en manos de terceros. Por tanto, sus datos est\u00e1n seguros conmigo. Tambi\u00e9n me aseguro de que sus datos s\u00f3lo sean utilizados por personas que hayan recibido permiso de m<\/p>\n\n\n\n<p><strong>11. \u00bfCu\u00e1les son sus derechos? <\/strong><\/p>\n\n\n\n<p>Como utilizo sus datos, usted tiene varios derechos. A continuaci\u00f3n te enumero estos derechos.<\/p>\n\n\n\n<p><strong>Derecho a la informaci\u00f3n <\/strong><strong><\/strong><\/p>\n\n\n\n<p>Debo explicarle de forma comprensible y clara qu\u00e9 hago con sus datos y qu\u00e9 control tiene usted sobre ellos. Por eso, en esta declaraci\u00f3n de privacidad explico detalladamente qu\u00e9 datos recopilo de usted y c\u00f3mo los trato.<\/p>\n\n\n\n<p><strong>Derecho de acceso<\/strong><strong><\/strong><\/p>\n\n\n\n<p>Siempre puede pedirme ver los datos que tengo sobre usted.<\/p>\n\n\n\n<p><strong>Derecho de rectificaci\u00f3n <\/strong><strong><\/strong><\/p>\n\n\n\n<p>Puede pedirme que corrija sus datos si son incorrectos o est\u00e1n incompletos.<\/p>\n\n\n\n<p><strong>Derecho de oposici\u00f3n <\/strong><strong><\/strong><\/p>\n\n\n\n<p>Puede oponerse al tratamiento de sus datos si no est\u00e1 de acuerdo con la forma en que trato sus datos personales. Este derecho se aplica a los datos que utilizo para marketing directo. Puede indicarme que no desea recibir m\u00e1s correos electr\u00f3nicos m\u00edos. Esto tambi\u00e9n se aplica a las recomendaciones personalizadas en mi sitio web.<\/p>\n\n\n\n<p><strong>Derecho a la portabilidad de los datos<\/strong><\/p>\n\n\n\n<p>Si es usted cliente m\u00edo o si ha dado su autorizaci\u00f3n para el uso de sus datos, puede pedirme que le env\u00ede los datos digitales que tengo sobre usted. As\u00ed podr\u00e1 transferir esos datos a otra organizaci\u00f3n si lo desea.<br>&nbsp;<\/p>\n\n\n\n<p><strong>Derecho de restricci\u00f3n <\/strong><\/p>\n\n\n\n<p>Puede pedir que se limite el uso de sus datos. Esto significa que, en determinados casos, solo puedo almacenar sus datos, pero no utilizarlos.<\/p>\n\n\n\n<p><strong>Derecho al olvido <\/strong><strong><\/strong><\/p>\n\n\n\n<p>Puede pedirme que borre todos los datos que tengo sobre usted. Entonces borrar\u00e9 todos los datos que puedan ser rastreados hasta usted. En algunos casos, no puedo o a\u00fan no he borrado sus datos. Por ejemplo, tengo que conservar algunos datos durante 7 a\u00f1os para las autoridades fiscales.<\/p>\n\n\n\n<p><strong>Derecho a presentar una denuncia <\/strong><strong><\/strong><\/p>\n\n\n\n<p>Puede presentar una queja sobre c\u00f3mo trato sus datos. Si tiene una queja, estar\u00e9 encantada de resolverla por usted. Para ello, p\u00f3ngase en contacto conmigo. Tambi\u00e9n puede presentar su queja ante la Autoridad de Protecci\u00f3n de Datos de los Pa\u00edses Bajos. Por supuesto, espero que no llegue a eso, pero si es necesario tambi\u00e9n puede acudir a los tribunales. En ese caso, el tribunal del domicilio social de BTS Trading es el que tramitar\u00e1 su reclamaci\u00f3n.<\/p>\n\n\n\n<p><strong>\u00bfC\u00f3mo presento una solicitud o queja? <\/strong><strong><\/strong><\/p>\n\n\n\n<p>Puede enviarme su petici\u00f3n o queja por correo electr\u00f3nico a info@orsiha-ossain.com . Tramito todas las solicitudes o quejas en un plazo de 30 d\u00edas. Si presenta varias solicitudes o quejas o si presenta una solicitud o queja compleja, puede que tarde m\u00e1s tiempo. En ese caso, me pondr\u00e9 en contacto con usted en un plazo m\u00e1ximo de 60 d\u00edas. Es posible que le pida que se identifique. En ese caso, le pedir\u00e9 que presente cierta informaci\u00f3n para asegurarme de que usted es la persona correcta cuyos datos personales son.<\/p>\n\n\n\n<p><strong>12. \u00bfQu\u00e9 normas se aplican a esta declaraci\u00f3n de privacidad?<\/strong><\/p>\n\n\n\n<p>Mi declaraci\u00f3n de privacidad debe cumplir varias condiciones. Estas condiciones se encuentran, en particular, en el Reglamento General de Protecci\u00f3n de Datos neerland\u00e9s. Adem\u00e1s, las normas generales que se aplican en virtud de la legislaci\u00f3n neerlandesa se aplican a mi declaraci\u00f3n de privacidad.<\/p>\n\n\n\n<p><strong>13. \u00bfQu\u00e9 cookies utilizo?<\/strong><\/p>\n\n\n\n<p>Usted mismo puede indicarme qu\u00e9 datos puedo utilizar de usted. Si me ha permitido personalizar su perfil en funci\u00f3n de su comportamiento de navegaci\u00f3n y b\u00fasqueda,<\/p>\n\n\n\n<p>Puedo configurar mi sitio web espec\u00edficamente para usted, de modo que su uso sea m\u00e1s f\u00e1cil y personal. Para ello utilizo cookies. Una cookie es un peque\u00f1o archivo de texto que se almacena en su equipo cuando visita mi sitio web.<\/p>\n\n\n\n<p>En mi sitio web utilizo los siguientes tipos de cookies:<\/p>\n\n\n\n<p>Cookies funcionales: como las cookies de sesi\u00f3n e inicio de sesi\u00f3n para recopilar informaci\u00f3n de sesi\u00f3n e inicio de sesi\u00f3n.<\/p>\n\n\n\n<p><strong>14. \u00bfQu\u00e9 hago con los datos de los menores?<\/strong><\/p>\n\n\n\n<p>No me dirijo a menores con mi sitio web ni como organizaci\u00f3n. Esto significa que si eres menor de 18 a\u00f1os, necesitas el permiso de tus padres o tutores para utilizar mi sitio web. Si eres menor de edad y visitas mi sitio web o mi tienda virtual, asumo que has recibido este permiso antes de tu visita.<\/p>\n\n\n\n<p><strong>15. \u00bfTiene alguna pregunta sobre esta pol\u00edtica de privacidad?<\/strong><\/p>\n\n\n\n<p>Si tiene alguna pregunta sobre mi pol\u00edtica de privacidad, no dude en ponerse en contacto conmigo.<\/p>\n\n\n\n<p>info@orsisha-ossain.com. <\/p>\n\n\n\n<p>Estar\u00e9 encantado de ayudarle.<\/p>","protected":false},"excerpt":{"rendered":"<p>As soon as you visit my&nbsp;website or contact me, I&nbsp;receive information about you. In this privacy statement, I explain what I do with that information. I&nbsp;always handle your information with care and store it securely. If you have any questions or want to know what information&nbsp;I&nbsp;have on you, please contact me. I&nbsp;may amend this privacy&#8230;<\/p>","protected":false},"author":1,"featured_media":0,"parent":0,"menu_order":0,"comment_status":"closed","ping_status":"closed","template":"","meta":{"_seopress_robots_primary_cat":"","_seopress_titles_title":"Privacy Policy","_seopress_titles_desc":"","_seopress_robots_index":"yes","_kad_blocks_custom_css":"","_kad_blocks_head_custom_js":"","_kad_blocks_body_custom_js":"","_kad_blocks_footer_custom_js":"","_kad_post_transparent":"","_kad_post_title":"","_kad_post_layout":"right","_kad_post_sidebar_id":"","_kad_post_content_style":"","_kad_post_vertical_padding":"","_kad_post_feature":"","_kad_post_feature_position":"","_kad_post_header":false,"_kad_post_footer":false,"_kad_post_classname":"","footnotes":""},"class_list":["post-2721","page","type-page","status-publish"],"taxonomy_info":[],"featured_image_src_large":false,"author_info":{"display_name":"admin","author_link":"https:\/\/orisha-ossain.com\/es\/author\/admin\/"},"comment_info":0,"_links":{"self":[{"href":"https:\/\/orisha-ossain.com\/es\/wp-json\/wp\/v2\/pages\/2721","targetHints":{"allow":["GET"]}}],"collection":[{"href":"https:\/\/orisha-ossain.com\/es\/wp-json\/wp\/v2\/pages"}],"about":[{"href":"https:\/\/orisha-ossain.com\/es\/wp-json\/wp\/v2\/types\/page"}],"author":[{"embeddable":true,"href":"https:\/\/orisha-ossain.com\/es\/wp-json\/wp\/v2\/users\/1"}],"replies":[{"embeddable":true,"href":"https:\/\/orisha-ossain.com\/es\/wp-json\/wp\/v2\/comments?post=2721"}],"version-history":[{"count":0,"href":"https:\/\/orisha-ossain.com\/es\/wp-json\/wp\/v2\/pages\/2721\/revisions"}],"wp:attachment":[{"href":"https:\/\/orisha-ossain.com\/es\/wp-json\/wp\/v2\/media?parent=2721"}],"curies":[{"name":"wp","href":"https:\/\/api.w.org\/{rel}","templated":true}]}}