{"id":820,"date":"2023-08-08T15:07:27","date_gmt":"2023-08-08T13:07:27","guid":{"rendered":"http:\/\/orisha-ossain.com\/?post_type=product&#038;p=820"},"modified":"2023-10-04T14:12:58","modified_gmt":"2023-10-04T12:12:58","slug":"myrrh-resin-yemen","status":"publish","type":"product","link":"https:\/\/orisha-ossain.com\/de\/product\/myrrh-resin-yemen\/","title":{"rendered":"Myrrhe Harz Jemen"},"content":{"rendered":"<h2>Myrrhenharz aus dem Jemen.<\/h2>\n<p>Das von mir angebotene Myrrheharz stammt aus dem Jemen. Es ist allgemein anerkannt, dass die hochwertigste Myrrhe aus dem Jemen kommt. Die Harzst\u00fccke haben eine r\u00f6tlich-braune Farbe und der Duft ist sehr intensiv und sauber.<\/p>\n<p><a href=\"http:\/\/orisha-ossain.com\/wp-content\/uploads\/2023\/08\/mhyr001.jpg\"><img decoding=\"async\" class=\"aligncenter wp-image-1282 size-medium\" src=\"http:\/\/orisha-ossain.com\/wp-content\/uploads\/2023\/08\/mhyr001-300x296.jpg\" alt=\"Myrrhe aus dem Jemen\" width=\"300\" height=\"296\" srcset=\"https:\/\/orisha-ossain.com\/wp-content\/uploads\/2023\/08\/mhyr001-300x296.jpg 300w, https:\/\/orisha-ossain.com\/wp-content\/uploads\/2023\/08\/mhyr001-1024x1009.jpg 1024w, https:\/\/orisha-ossain.com\/wp-content\/uploads\/2023\/08\/mhyr001-768x757.jpg 768w, https:\/\/orisha-ossain.com\/wp-content\/uploads\/2023\/08\/mhyr001-1536x1514.jpg 1536w, https:\/\/orisha-ossain.com\/wp-content\/uploads\/2023\/08\/mhyr001-2048x2019.jpg 2048w, https:\/\/orisha-ossain.com\/wp-content\/uploads\/2023\/08\/mhyr001-100x100.jpg 100w\" sizes=\"(max-width: 300px) 100vw, 300px\" \/><\/a><\/p>\n<h2>Myrrhe-Harz<\/h2>\n<p>Dieses Myrrheharz wird aus dem Commiphora-Myrrha-Baum gewonnen. Das r\u00f6tliche Harz bildet sich in der Rinde der Pflanze. Bei der Gewinnung wird die Pflanze der L\u00e4nge nach in die Rinde geschnitten, aus der das Harz austritt. Die Fl\u00fcssigkeit tropft und trocknet und bildet eine tropfenf\u00f6rmige harte Substanz. Dieser Prozess dauert mindestens 14 Tage. Der Baum wird jedoch dreimal hintereinander im Abstand von zwei Wochen angezapft. Durch das st\u00e4ndige Anzapfen erh\u00f6ht sich die Menge des produzierten Harzes, da der Baum versucht, Infektionen zu bek\u00e4mpfen, die durch die zugef\u00fcgten Verletzungen entstehen.<\/p>\n<p><a href=\"http:\/\/orisha-ossain.com\/wp-content\/uploads\/2023\/07\/Weihrauch.jpg\"><img decoding=\"async\" class=\"alignright wp-image-814 size-medium\" src=\"http:\/\/orisha-ossain.com\/wp-content\/uploads\/2023\/07\/Weihrauch-279x300.jpg\" alt=\"Myrrhe brennt auf einer Kohle\" width=\"279\" height=\"300\" srcset=\"https:\/\/orisha-ossain.com\/wp-content\/uploads\/2023\/07\/Weihrauch-279x300.jpg 279w, https:\/\/orisha-ossain.com\/wp-content\/uploads\/2023\/07\/Weihrauch-952x1024.jpg 952w, https:\/\/orisha-ossain.com\/wp-content\/uploads\/2023\/07\/Weihrauch-768x827.jpg 768w, https:\/\/orisha-ossain.com\/wp-content\/uploads\/2023\/07\/Weihrauch-1427x1536.jpg 1427w, https:\/\/orisha-ossain.com\/wp-content\/uploads\/2023\/07\/Weihrauch.jpg 1536w\" sizes=\"(max-width: 279px) 100vw, 279px\" \/><\/a><\/p>\n<h2>Verwendet<\/h2>\n<p>Die Verwendung von Myrrhe ist eng mit der Religion verkn\u00fcpft. Aus biblischer Sicht geh\u00f6rt sie zu den Geschenken, die dem Jesuskind bei seiner Geburt von den drei Weisen \u00fcberreicht wurden. Dies unterstreicht, wie wertvoll das Produkt seit der Antike ist.<br \/>\nEine weitere Verwendung findet dieses Produkt bei der Herstellung von Parf\u00fcms und anderen Kosmetika. Das Produkt hat ein s\u00fc\u00dfes Aroma und ist f\u00fcr die Herstellung komplexer Aromen unerl\u00e4sslich.<\/p>\n<h2>Wie riecht Myrrhe?<\/h2>\n<p>Der holzige Geruch der Myrrhe ist sehr ausgepr\u00e4gt<strong>.<\/strong>\u00a0Es handelt sich um ein hocharomatisches Holz (\u00e4hnlich wie andere aromatische H\u00f6lzer wie Sandelholz). Sein Aroma ist komplex und wird oft mit religi\u00f6sen Ritualen in Verbindung gebracht. Daher wird Myrrhe auch in der Aromatherapie in Kerzen oder in der Parf\u00fcmerie verwendet, um D\u00fcfte aromatisch zu machen. Ihr Aroma wird manchmal zum W\u00fcrzen verschiedener traditioneller Gerichte verwendet.<\/p>\n<p><a href=\"http:\/\/orisha-ossain.com\/wp-content\/uploads\/2023\/07\/2dc0f668588aed54a0b5af00d70e8d48-the-tree-wellness-resort.jpg\"><img decoding=\"async\" class=\"aligncenter wp-image-1062 size-medium\" src=\"http:\/\/orisha-ossain.com\/wp-content\/uploads\/2023\/07\/2dc0f668588aed54a0b5af00d70e8d48-the-tree-wellness-resort-300x282.jpg\" alt=\"Commiphora-Myrrha-Baum\" width=\"300\" height=\"282\" srcset=\"https:\/\/orisha-ossain.com\/wp-content\/uploads\/2023\/07\/2dc0f668588aed54a0b5af00d70e8d48-the-tree-wellness-resort-300x282.jpg 300w, https:\/\/orisha-ossain.com\/wp-content\/uploads\/2023\/07\/2dc0f668588aed54a0b5af00d70e8d48-the-tree-wellness-resort.jpg 735w\" sizes=\"(max-width: 300px) 100vw, 300px\" \/><\/a><\/p>\n<h2 id=\"firstHeading\" class=\"firstHeading mw-first-heading\">Der Commiphora-Myrrha-Baum<\/h2>\n<p>Commiphora Myrrha ist in Somalia, Oman, Jemen, Eritrea, der Somali-Region in \u00c4thiopien und Teilen Saudi-Arabiens heimisch.<\/p>\n<p>Myrrhe ist ein Gummiharz, das aus einer Reihe von kleinen, dornigen Baumarten der Gattung Commiphora, genauer gesagt Commiphora myrrha, gewonnen wird. Es handelt sich um einen sehr stacheligen Baum, der eine H\u00f6he von etwa 5 m erreichen kann. Sein kurzer, unbehaarter, dicker und schuppiger Stamm hat zwei Rindenschichten. Die obere Schicht ist silbrig, wei\u00dflich, r\u00f6tlich oder bl\u00e4ulich-grau und hat eine papierartige Beschaffenheit.<\/p>\n<p><a href=\"http:\/\/orisha-ossain.com\/wp-content\/uploads\/2023\/07\/frankincense.harvesting.jpg\"><img decoding=\"async\" class=\"aligncenter wp-image-1063 size-full\" src=\"http:\/\/orisha-ossain.com\/wp-content\/uploads\/2023\/07\/frankincense.harvesting.jpg\" alt=\"MAn erntet Myrrhe\" width=\"939\" height=\"532\" srcset=\"https:\/\/orisha-ossain.com\/wp-content\/uploads\/2023\/07\/frankincense.harvesting.jpg 939w, https:\/\/orisha-ossain.com\/wp-content\/uploads\/2023\/07\/frankincense.harvesting-300x170.jpg 300w, https:\/\/orisha-ossain.com\/wp-content\/uploads\/2023\/07\/frankincense.harvesting-768x435.jpg 768w\" sizes=\"(max-width: 939px) 100vw, 939px\" \/><\/a><\/p>\n<h2>Myhhr Qualit\u00e4tsstufen<\/h2>\n<p>Die Myrrhe bester Qualit\u00e4t stammt von Commiphora myrrha. Es gibt jedoch auch andere Myrrhe produzierende B\u00e4ume wie Commiphora kua, Commiphora serrulata, Commiphora payfairii, Commiphora foliacea, Commiphora erythraea, Commiphora guidotti, Commiphora holiziana, Commiphora habessinica und viele andere.<\/p>\n<p>Das aus dem Baum gewonnene Myrrheharz wird von Bl\u00e4ttern, Rindenst\u00fccken und Erdpartikeln befreit. Die Qualit\u00e4t des Produkts wird nach Farbe und Geruch beurteilt. Die beste Qualit\u00e4t ist rot oder braun und wird als G\u00fcteklasse A++ bezeichnet. Die (sehr) dunkle Myrrhe hingegen ist durch Fremdpartikel verunreinigt.<\/p>","protected":false},"excerpt":{"rendered":"<p>Heilige Myrrhe Harz Weihrauch<\/p>\n<p><strong>Note: <\/strong>1, Ausgezeichnet!<br \/>\n<strong>Herkunft:<\/strong> S\u00fcdost-Jemen<br \/>\n<strong>Name der Spezies:<\/strong>\u00a0Commiphora myrrha<br \/>\n<strong>Farbe:<\/strong> R\u00f6tlich braun<\/p>\n<p>&nbsp;<\/p>","protected":false},"featured_media":1283,"template":"","meta":{"_seopress_robots_primary_cat":"none","_seopress_titles_title":"","_seopress_titles_desc":"Sacred Myrrh Resin Incense. The Myrrh resin I offer comes from Yemen. It&#039;s commonly accepted that the highest quality Myrrh comes from Yemen.","_seopress_robots_index":"","_kad_blocks_custom_css":"","_kad_blocks_head_custom_js":"","_kad_blocks_body_custom_js":"","_kad_blocks_footer_custom_js":"","_kad_post_transparent":"default","_kad_post_title":"","_kad_post_layout":"default","_kad_post_sidebar_id":"","_kad_post_content_style":"default","_kad_post_vertical_padding":"default","_kad_post_feature":"","_kad_post_feature_position":"","_kad_post_header":false,"_kad_post_footer":false,"_kad_post_classname":""},"product_brand":[],"product_cat":[101],"product_tag":[115,79,81],"class_list":{"0":"post-820","1":"product","2":"type-product","3":"status-publish","4":"has-post-thumbnail","6":"product_cat-frankincense","7":"product_tag-frankinsence","8":"product_tag-incense","9":"product_tag-yemen","11":"first","12":"instock","13":"taxable","14":"shipping-taxable","15":"purchasable","16":"product-type-variable","17":"entry","18":"content-bg","19":"loop-entry"},"taxonomy_info":{"product_cat":[{"value":101,"label":"Frankincense"}],"product_tag":[{"value":115,"label":"Frankinsence"},{"value":79,"label":"Incense"},{"value":81,"label":"Yemen"}]},"featured_image_src_large":["https:\/\/orisha-ossain.com\/wp-content\/uploads\/2023\/08\/mhyr01-1024x753.jpg",1024,753,true],"author_info":[],"comment_info":"","_links":{"self":[{"href":"https:\/\/orisha-ossain.com\/de\/wp-json\/wp\/v2\/product\/820","targetHints":{"allow":["GET"]}}],"collection":[{"href":"https:\/\/orisha-ossain.com\/de\/wp-json\/wp\/v2\/product"}],"about":[{"href":"https:\/\/orisha-ossain.com\/de\/wp-json\/wp\/v2\/types\/product"}],"wp:featuredmedia":[{"embeddable":true,"href":"https:\/\/orisha-ossain.com\/de\/wp-json\/wp\/v2\/media\/1283"}],"wp:attachment":[{"href":"https:\/\/orisha-ossain.com\/de\/wp-json\/wp\/v2\/media?parent=820"}],"wp:term":[{"taxonomy":"product_brand","embeddable":true,"href":"https:\/\/orisha-ossain.com\/de\/wp-json\/wp\/v2\/product_brand?post=820"},{"taxonomy":"product_cat","embeddable":true,"href":"https:\/\/orisha-ossain.com\/de\/wp-json\/wp\/v2\/product_cat?post=820"},{"taxonomy":"product_tag","embeddable":true,"href":"https:\/\/orisha-ossain.com\/de\/wp-json\/wp\/v2\/product_tag?post=820"}],"curies":[{"name":"wp","href":"https:\/\/api.w.org\/{rel}","templated":true}]}}