{"id":782,"date":"2023-07-06T20:50:46","date_gmt":"2023-07-06T18:50:46","guid":{"rendered":"http:\/\/orisha-ossain.com\/?post_type=product&#038;p=782"},"modified":"2025-04-28T04:06:41","modified_gmt":"2025-04-28T02:06:41","slug":"kuripe-colored-threads","status":"publish","type":"product","link":"https:\/\/orisha-ossain.com\/de\/product\/kuripe-colored-threads\/","title":{"rendered":"kuripe - Farbige F\u00e4den"},"content":{"rendered":"<p>Die Hersteller dieser Art von Kuripe haben einige \u00c4nderungen an ihrer Konstruktion vorgenommen. Diese Kuripes haben einen steileren Winkel und sind auch viel l\u00e4nger. Auf diese Weise wird der Blasweg verl\u00e4ngert und erzeugt mehr Druck, der eine bessere Abgabe des rap\u00e9 gew\u00e4hrleistet.<\/p>\n<p><a href=\"http:\/\/orisha-ossain.com\/wp-content\/uploads\/2023\/07\/20210518_151549-257x300-1.jpg\"><img decoding=\"async\" class=\"aligncenter wp-image-785 size-full\" src=\"http:\/\/orisha-ossain.com\/wp-content\/uploads\/2023\/07\/20210518_151549-257x300-1.jpg\" alt=\"Kuripe - farbige F\u00e4den\" width=\"257\" height=\"300\" \/><br \/>\n<\/a><\/p>\n<p>Eine weitere \u00c4nderung ist ein innerer Aspekt des Kuripe-Designs. An der Unterseite dieser V-f\u00f6rmigen Kuripes ist jedes Bambusteil mit organischem, klebrigem Material gef\u00fcllt. Nach dem Trocknen werden die Teile wieder zusammengef\u00fcgt. Dieses Detail verhindert die Ansammlung von Schnupftabak, den man normalerweise nicht ausblasen kann. Die Unterseite dieser Kuripes hat nun eine abgerundete Form und verbessert ihre Leistung<\/p>\n<p><a href=\"http:\/\/orisha-ossain.com\/wp-content\/uploads\/2023\/07\/KURTR.jpg\"><img decoding=\"async\" class=\"size-medium wp-image-983 aligncenter\" src=\"http:\/\/orisha-ossain.com\/wp-content\/uploads\/2023\/07\/KURTR-300x204.jpg\" alt=\"\" width=\"300\" height=\"204\" srcset=\"https:\/\/orisha-ossain.com\/wp-content\/uploads\/2023\/07\/KURTR-300x204.jpg 300w, https:\/\/orisha-ossain.com\/wp-content\/uploads\/2023\/07\/KURTR-768x522.jpg 768w, https:\/\/orisha-ossain.com\/wp-content\/uploads\/2023\/07\/KURTR.jpg 800w\" sizes=\"(max-width: 300px) 100vw, 300px\" \/><\/a><\/p>\n<h2 style=\"text-align: center;\"><a href=\"http:\/\/orisha-ossain.com\/de\/product-category\/tepi\/\">Tepi<\/a> und Kuripe<span style=\"font-size: 16px;\">\u00a0<\/span><\/h2>\n<p style=\"text-align: center;\">Werfen Sie einen Blick auf die Kollektion von Tepi und Kuripe. Verschiedene Stile von verschiedenen K\u00fcnstlern sind verf\u00fcgbar. <a style=\"font-weight: bold; font-family: var(--global-body-font-family);\" href=\"http:\/\/orisha-ossain.com\/wp-content\/uploads\/2023\/06\/Tepi-Blessings.jpg\"><img decoding=\"async\" class=\"wp-image-55 size-medium aligncenter\" src=\"http:\/\/orisha-ossain.com\/wp-content\/uploads\/2023\/06\/Tepi-Blessings-300x199.jpg\" alt=\"Tepis erhalten Segen von ihren Sch\u00f6pfern\" width=\"300\" height=\"199\" srcset=\"https:\/\/orisha-ossain.com\/wp-content\/uploads\/2023\/06\/Tepi-Blessings-300x199.jpg 300w, https:\/\/orisha-ossain.com\/wp-content\/uploads\/2023\/06\/Tepi-Blessings.jpg 640w\" sizes=\"(max-width: 300px) 100vw, 300px\" \/><\/a><span style=\"font-size: 14px; font-family: var(--global-body-font-family);\">Tepis erhalten Segen von ihren Sch\u00f6pfern<\/span><\/p>","protected":false},"excerpt":{"rendered":"<p>Neues, verbessertes Design!<\/p>\n<p>Bamboo Kuripe.<br \/>\nSehr sch\u00f6ne Qualit\u00e4t. die Gewinde sind sehr sicher befestigt. Mit Kupferelektrode.<\/p>","protected":false},"featured_media":988,"template":"","meta":{"_seopress_robots_primary_cat":"none","_seopress_titles_title":"","_seopress_titles_desc":"New improved design!\r\n\r\nBamboo Kuripe colored threads.\r\nVery nice quality. the threads are very securely attached. With copper energizer.","_seopress_robots_index":"","_kad_blocks_custom_css":"","_kad_blocks_head_custom_js":"","_kad_blocks_body_custom_js":"","_kad_blocks_footer_custom_js":"","_kad_post_transparent":"default","_kad_post_title":"","_kad_post_layout":"default","_kad_post_sidebar_id":"","_kad_post_content_style":"default","_kad_post_vertical_padding":"default","_kad_post_feature":"","_kad_post_feature_position":"","_kad_post_header":false,"_kad_post_footer":false,"_kad_post_classname":""},"product_brand":[],"product_cat":[67],"product_tag":[75],"class_list":{"0":"post-782","1":"product","2":"type-product","3":"status-publish","4":"has-post-thumbnail","6":"product_cat-kuripe","7":"product_tag-kuripe","9":"first","10":"outofstock","11":"taxable","12":"shipping-taxable","13":"purchasable","14":"product-type-variable","15":"entry","16":"content-bg","17":"loop-entry"},"taxonomy_info":{"product_cat":[{"value":67,"label":"Kuripe"}],"product_tag":[{"value":75,"label":"Kuripe"}]},"featured_image_src_large":["https:\/\/orisha-ossain.com\/wp-content\/uploads\/2023\/07\/20210518_151456.jpg",600,379,false],"author_info":[],"comment_info":"","_links":{"self":[{"href":"https:\/\/orisha-ossain.com\/de\/wp-json\/wp\/v2\/product\/782","targetHints":{"allow":["GET"]}}],"collection":[{"href":"https:\/\/orisha-ossain.com\/de\/wp-json\/wp\/v2\/product"}],"about":[{"href":"https:\/\/orisha-ossain.com\/de\/wp-json\/wp\/v2\/types\/product"}],"wp:featuredmedia":[{"embeddable":true,"href":"https:\/\/orisha-ossain.com\/de\/wp-json\/wp\/v2\/media\/988"}],"wp:attachment":[{"href":"https:\/\/orisha-ossain.com\/de\/wp-json\/wp\/v2\/media?parent=782"}],"wp:term":[{"taxonomy":"product_brand","embeddable":true,"href":"https:\/\/orisha-ossain.com\/de\/wp-json\/wp\/v2\/product_brand?post=782"},{"taxonomy":"product_cat","embeddable":true,"href":"https:\/\/orisha-ossain.com\/de\/wp-json\/wp\/v2\/product_cat?post=782"},{"taxonomy":"product_tag","embeddable":true,"href":"https:\/\/orisha-ossain.com\/de\/wp-json\/wp\/v2\/product_tag?post=782"}],"curies":[{"name":"wp","href":"https:\/\/api.w.org\/{rel}","templated":true}]}}