{"id":748,"date":"2023-07-06T15:35:32","date_gmt":"2023-07-06T13:35:32","guid":{"rendered":"http:\/\/orisha-ossain.com\/?post_type=product&#038;p=748"},"modified":"2026-04-10T10:35:38","modified_gmt":"2026-04-10T08:35:38","slug":"rape-caneleiro-shanenawa","status":"publish","type":"product","link":"https:\/\/orisha-ossain.com\/de\/product\/rape-caneleiro-shanenawa\/","title":{"rendered":"Rap\u00e9 Caneleiro Shanenawa"},"content":{"rendered":"<h2>Rap\u00e9 Caneleiro Shanenawa<\/h2>\n<ul>\n<li>Rap\u00e9 Caneleiro Shanenawa, ein prestigetr\u00e4chtiger Schnupftabak des Shanenawa-Stammes, bietet ein sch\u00f6nes energetisches Gleichgewicht. Er liefert starke, aber stabile Anfangswirkungen mit angenehmen, s\u00fc\u00dfen Nachkl\u00e4ngen und minimaler Schleimbildung.<\/li>\n<li>Die Shanenawa stellen nur wenige Arten von rap\u00e9 her. Der H\u00e4uptling hat zwei Mitglieder des Stammes ernannt, um die Tradition der Herstellung von rap\u00e9 fortzuf\u00fchren.<\/li>\n<li>Die Caneleiro-Rinde (Cenostigma macrophyllum) produziert ausgezeichnetes ash. Obwohl sie weniger verbreitet ist als Tsunu, liefert sie gro\u00dfartige Effekte. Die Indianer in Acre behandeln Caneleiro und Canela de Velho auf dieselbe Weise, da beide Pflanzen \u00e4hnliche Eigenschaften haben. Es handelt sich jedoch um unterschiedliche B\u00e4ume. Caneleiro ist kleiner, w\u00e4hrend Canela de Velho gr\u00f6\u00dfer ist, obwohl beide zur gleichen Familie geh\u00f6ren und \u00e4hnliche medizinische Eigenschaften haben.<\/li>\n<li>Diese Pflanze wirkt schmerzlindernd und entz\u00fcndungshemmend, vor allem in den Gelenken, im R\u00fccken und bei Erkrankungen wie Arthrose, rheumatoider Arthritis, Schleimbeutelentz\u00fcndung und Rheuma, und sie unterst\u00fctzt die Blutreinigung.<\/li>\n<\/ul>\n<h2>\u00dcber Cenostigma Macrophyllum<\/h2>\n<ul>\n<li>Die erste Sichtung dieser brasilianischen Art erfolgte vor \u00fcber 150 Jahren in Mato Grosso.<\/li>\n<li>Dieser Baum gedeiht im Norden, Nordosten, Mittleren Westen und S\u00fcdosten Brasiliens. Von September bis Dezember und erneut von Februar bis Juli ist der Baum mit gelben Bl\u00fctenb\u00fcscheln bedeckt, die an Orchideen erinnern. Diese Bl\u00fcten locken mit ihrem Duft verschiedene Insekten und V\u00f6gel an.<\/li>\n<li>Der Caneleiro-Baum wird in der Regel zwischen 10 und 20 Meter hoch.<\/li>\n<\/ul>\n<figure id=\"attachment_169\" aria-describedby=\"caption-attachment-169\" style=\"width: 700px\" class=\"wp-caption aligncenter\"><a href=\"http:\/\/orisha-ossain.com\/wp-content\/uploads\/2023\/06\/Cenostigma-Macrophyllum-used-for-Caneleiro-Rape.jpg\"><img decoding=\"async\" class=\"wp-image-169 size-full\" src=\"http:\/\/orisha-ossain.com\/wp-content\/uploads\/2023\/06\/Cenostigma-Macrophyllum-used-for-Caneleiro-Rape.jpg\" alt=\"Mehrere gro\u00dfe Cenostigma Macrophyllum B\u00e4ume, die ashes der Rinde werden f\u00fcr rap\u00e9 Caneleiro Shanenawa verwendet\" width=\"700\" height=\"434\" srcset=\"https:\/\/orisha-ossain.com\/wp-content\/uploads\/2023\/06\/Cenostigma-Macrophyllum-used-for-Caneleiro-Rape.jpg 700w, https:\/\/orisha-ossain.com\/wp-content\/uploads\/2023\/06\/Cenostigma-Macrophyllum-used-for-Caneleiro-Rape-300x186.jpg 300w\" sizes=\"(max-width: 700px) 100vw, 700px\" \/><\/a><figcaption id=\"caption-attachment-169\" class=\"wp-caption-text\">Der Baum Cenostigma Macrophyllum<\/figcaption><\/figure>","protected":false},"excerpt":{"rendered":"<p>Nach viel Geduld und Gespr\u00e4chen mit mehreren Freunden in Brasilien freue ich mich nun, diese Caneleiro-Variante vom Stamm der Shanenewa anbieten zu k\u00f6nnen. Ich f\u00fchle mich gesegnet, diesen Schnupftabak von einem sehr kleinen Stamm anbieten zu k\u00f6nnen, der nur wenige Arten von hochwertigem traditionellem Stammes-rap\u00e9 herstellt.<\/p>","protected":false},"featured_media":35620,"template":"","meta":{"_seopress_robots_primary_cat":"none","_seopress_titles_title":"Rap\u00e9 Caneleiro Shanenawa - A Prestigious Rap\u00e9 - %%sitetitle%%","_seopress_titles_desc":"Discover the prestigious Rap\u00e9 Caneleiro Shanenawa. Its known for its strong and stable effects, sweet after-tones, and medicinal properties.","_seopress_robots_index":"","_kad_blocks_custom_css":"","_kad_blocks_head_custom_js":"","_kad_blocks_body_custom_js":"","_kad_blocks_footer_custom_js":"","_kad_post_transparent":"default","_kad_post_title":"","_kad_post_layout":"default","_kad_post_sidebar_id":"","_kad_post_content_style":"default","_kad_post_vertical_padding":"default","_kad_post_feature":"","_kad_post_feature_position":"","_kad_post_header":false,"_kad_post_footer":false,"_kad_post_classname":""},"product_brand":[],"product_cat":[50],"product_tag":[60],"class_list":{"0":"post-748","1":"product","2":"type-product","3":"status-publish","4":"has-post-thumbnail","6":"product_cat-rape","7":"product_tag-shanenawa","9":"first","10":"instock","11":"taxable","12":"shipping-taxable","13":"purchasable","14":"product-type-variable","15":"entry","16":"content-bg","17":"loop-entry"},"taxonomy_info":{"product_cat":[{"value":50,"label":"Rap\u00e9"}],"product_tag":[{"value":60,"label":"Shanenawa"}]},"featured_image_src_large":["https:\/\/orisha-ossain.com\/wp-content\/uploads\/2024\/11\/Caneleiro-Shanenawa_Orisha_Ossain.png",736,736,false],"author_info":[],"comment_info":"","_links":{"self":[{"href":"https:\/\/orisha-ossain.com\/de\/wp-json\/wp\/v2\/product\/748","targetHints":{"allow":["GET"]}}],"collection":[{"href":"https:\/\/orisha-ossain.com\/de\/wp-json\/wp\/v2\/product"}],"about":[{"href":"https:\/\/orisha-ossain.com\/de\/wp-json\/wp\/v2\/types\/product"}],"wp:featuredmedia":[{"embeddable":true,"href":"https:\/\/orisha-ossain.com\/de\/wp-json\/wp\/v2\/media\/35620"}],"wp:attachment":[{"href":"https:\/\/orisha-ossain.com\/de\/wp-json\/wp\/v2\/media?parent=748"}],"wp:term":[{"taxonomy":"product_brand","embeddable":true,"href":"https:\/\/orisha-ossain.com\/de\/wp-json\/wp\/v2\/product_brand?post=748"},{"taxonomy":"product_cat","embeddable":true,"href":"https:\/\/orisha-ossain.com\/de\/wp-json\/wp\/v2\/product_cat?post=748"},{"taxonomy":"product_tag","embeddable":true,"href":"https:\/\/orisha-ossain.com\/de\/wp-json\/wp\/v2\/product_tag?post=748"}],"curies":[{"name":"wp","href":"https:\/\/api.w.org\/{rel}","templated":true}]}}