{"id":744,"date":"2023-07-06T15:21:50","date_gmt":"2023-07-06T13:21:50","guid":{"rendered":"http:\/\/orisha-ossain.com\/?post_type=product&#038;p=744"},"modified":"2026-04-12T19:21:06","modified_gmt":"2026-04-12T17:21:06","slug":"rape-canela-de-velho","status":"publish","type":"product","link":"https:\/\/orisha-ossain.com\/de\/product\/rape-canela-de-velho\/","title":{"rendered":"Rap\u00e9 Canela de Velho"},"content":{"rendered":"<h2>Rap\u00e9 Canela de Velho<\/h2>\n<ul>\n<li>Rap\u00e9 Canela de Velho stammt von dem kleinen Stamm der Shanenawa-Indianer in der Region Feijo. Dieser Schnupftabak eignet sich f\u00fcr erfahrene Menschen, da er Zugang zu den tieferen Schichten unseres Wesens hat.<\/li>\n<li>Sie zielt auf die drei Zentren, das geistige, das emotionale und das k\u00f6rperliche, und bringt die erdende Energie vom Kopf bis hinunter zur Wurzel.<\/li>\n<li>Es wirkt Wunder f\u00fcr das Wurzel-, Solarplexus- und Sakralchakra.<\/li>\n<\/ul>\n<h2>Medizinische Werte<\/h2>\n<ul>\n<li>Miconia albicans, eine Strauchart aus der Familie der Melastomataceae, gedeiht sowohl in Nord- als auch in S\u00fcdamerika.<\/li>\n<li>Seit Jahrhunderten verwenden die Menschen Canela de Velho als heiliges Mittel gegen chronische Knie-, Wirbels\u00e4ulen- und Gelenkschmerzen.<\/li>\n<li>Diese Pflanze bleibt eine wunderbare und heilige Ressource.<\/li>\n<\/ul>\n<p><a href=\"http:\/\/orisha-ossain.com\/wp-content\/uploads\/2023\/06\/Miconia-albicans.png\"><img decoding=\"async\" class=\"aligncenter wp-image-189 size-medium\" src=\"http:\/\/orisha-ossain.com\/wp-content\/uploads\/2023\/06\/Miconia-albicans-300x297.png\" alt=\"Nahaufnahme eines Blattes der Miconia-albicans-B\u00fcrste. Es wird in rap\u00e9 Canela de velho verwendet\" width=\"300\" height=\"297\" srcset=\"https:\/\/orisha-ossain.com\/wp-content\/uploads\/2023\/06\/Miconia-albicans-300x297.png 300w, https:\/\/orisha-ossain.com\/wp-content\/uploads\/2023\/06\/Miconia-albicans-100x100.png 100w, https:\/\/orisha-ossain.com\/wp-content\/uploads\/2023\/06\/Miconia-albicans-1024x1015.png 1024w, https:\/\/orisha-ossain.com\/wp-content\/uploads\/2023\/06\/Miconia-albicans-150x150.png 150w, https:\/\/orisha-ossain.com\/wp-content\/uploads\/2023\/06\/Miconia-albicans-768x761.png 768w, https:\/\/orisha-ossain.com\/wp-content\/uploads\/2023\/06\/Miconia-albicans.png 1211w\" sizes=\"(max-width: 300px) 100vw, 300px\" \/><\/a><\/p>\n<h2>\u00dcber Canela de Velho (Miconia albicans)<\/h2>\n<p>Miconia albicans, gemeinhin als Canela de Velho bekannt, ist ein in Nord- und S\u00fcdamerika beheimateter Strauch, der vor allem im Amazonas-Regenwald vorkommt. Traditionell haben indigene Gemeinschaften verschiedene Teile dieser Pflanze f\u00fcr medizinische Zwecke verwendet. Im Zusammenhang mit Tabakschnupftabak wird Canela de Velho ash in bestimmte rap\u00e9-Mischungen eingearbeitet, um deren therapeutische Eigenschaften zu verst\u00e4rken.<\/p>\n<p>Rap\u00e9 ist ein heiliger Schnupftabak, der von verschiedenen indigenen St\u00e4mmen des Amazonasbeckens verwendet wird. Er besteht in der Regel aus fein gemahlenem Tabak, der mit ash aus bestimmten Pflanzen gemischt wird, wodurch eine wirksame Mischung mit sowohl k\u00f6rperlicher als auch spiritueller Wirkung entsteht. Der Zusatz von Canela de Velho in rap\u00e9 wird wegen seiner entz\u00fcndungshemmenden, antioxidativen und schmerzlindernden Eigenschaften gesch\u00e4tzt, die zur allgemeinen heilenden und erdenden Wirkung des Schnupftabaks beitragen.<\/p>\n<p>Der Stamm der Huni Kuin stellt ein wirksames rap\u00e9 namens Canela de Velho her, das Miconia albicans (Canela de Velho) mit Sabi\u00e1 mapacho mischt. Diese Kombination bietet starke heilende Wirkungen, die u. a. Entz\u00fcndungen reduzieren und Gelenkschmerzen lindern. Miconia albicans und Sabi\u00e1-Tabak wirken in diesem rap\u00e9 zusammen und dienen nicht nur als medizinisches Heilmittel, sondern auch als Mittel zur spirituellen Reinigung und tieferen Verbindung. Viele indigene Gemeinschaften im Amazonasgebiet beziehen diesen heiligen Schnupftabak in ihre Rituale ein und machen ihn zu einem wesentlichen Bestandteil ihrer kulturellen und spirituellen Praktiken.<\/p>\n<p>Zusammenfassend l\u00e4sst sich sagen, dass Miconia albicans bei der Herstellung von traditionellem Tabakschnupftabak, insbesondere rap\u00e9, eine wichtige Rolle spielt, indem es dessen medizinische und spirituelle Eigenschaften verst\u00e4rkt.<\/p>","protected":false},"excerpt":{"rendered":"<p>Erleben Sie die starke Wirkung von Rap\u00e9 Canela de Velho, einem heiligen Schnupftabak, den der Stamm der Shanenawa herstellt.<\/p>","protected":false},"featured_media":35618,"template":"","meta":{"_seopress_robots_primary_cat":"none","_seopress_titles_title":"Rap\u00e9 Canela de Velho -Sacred - Rated Strong - Shanenawa","_seopress_titles_desc":"Experience the powerful effects of Rap\u00e9 Canela de Velho, a sacred snuff that the Shanenawa tribe produces. This type is rated strong!","_seopress_robots_index":"","_kad_blocks_custom_css":"","_kad_blocks_head_custom_js":"","_kad_blocks_body_custom_js":"","_kad_blocks_footer_custom_js":"","_kad_post_transparent":"default","_kad_post_title":"","_kad_post_layout":"default","_kad_post_sidebar_id":"","_kad_post_content_style":"default","_kad_post_vertical_padding":"default","_kad_post_feature":"","_kad_post_feature_position":"","_kad_post_header":false,"_kad_post_footer":false,"_kad_post_classname":""},"product_brand":[],"product_cat":[50],"product_tag":[60],"class_list":{"0":"post-744","1":"product","2":"type-product","3":"status-publish","4":"has-post-thumbnail","6":"product_cat-rape","7":"product_tag-shanenawa","9":"first","10":"instock","11":"taxable","12":"shipping-taxable","13":"purchasable","14":"product-type-variable","15":"entry","16":"content-bg","17":"loop-entry"},"taxonomy_info":{"product_cat":[{"value":50,"label":"Rap\u00e9"}],"product_tag":[{"value":60,"label":"Shanenawa"}]},"featured_image_src_large":["https:\/\/orisha-ossain.com\/wp-content\/uploads\/2024\/11\/Canela-de-Velho-paars_Orisha_Ossain.png",736,736,false],"author_info":[],"comment_info":"","_links":{"self":[{"href":"https:\/\/orisha-ossain.com\/de\/wp-json\/wp\/v2\/product\/744","targetHints":{"allow":["GET"]}}],"collection":[{"href":"https:\/\/orisha-ossain.com\/de\/wp-json\/wp\/v2\/product"}],"about":[{"href":"https:\/\/orisha-ossain.com\/de\/wp-json\/wp\/v2\/types\/product"}],"wp:featuredmedia":[{"embeddable":true,"href":"https:\/\/orisha-ossain.com\/de\/wp-json\/wp\/v2\/media\/35618"}],"wp:attachment":[{"href":"https:\/\/orisha-ossain.com\/de\/wp-json\/wp\/v2\/media?parent=744"}],"wp:term":[{"taxonomy":"product_brand","embeddable":true,"href":"https:\/\/orisha-ossain.com\/de\/wp-json\/wp\/v2\/product_brand?post=744"},{"taxonomy":"product_cat","embeddable":true,"href":"https:\/\/orisha-ossain.com\/de\/wp-json\/wp\/v2\/product_cat?post=744"},{"taxonomy":"product_tag","embeddable":true,"href":"https:\/\/orisha-ossain.com\/de\/wp-json\/wp\/v2\/product_tag?post=744"}],"curies":[{"name":"wp","href":"https:\/\/api.w.org\/{rel}","templated":true}]}}