{"id":734,"date":"2023-07-05T19:30:48","date_gmt":"2023-07-05T17:30:48","guid":{"rendered":"http:\/\/orisha-ossain.com\/?post_type=product&#038;p=734"},"modified":"2026-04-19T13:30:47","modified_gmt":"2026-04-19T11:30:47","slug":"rape-veia-de-paje","status":"publish","type":"product","link":"https:\/\/orisha-ossain.com\/de\/product\/rape-veia-de-paje\/","title":{"rendered":"Rap\u00e9 Veia de Paj\u00e9"},"content":{"rendered":"<h2>Rap\u00e9 Veia de Paj\u00e9<\/h2>\n<p>Die Rap\u00e9 Veia de Paj\u00e9 hat ihre Wurzeln im Amazonasbecken. Veia de Paj\u00e9 (Schamanenader) ist eine d\u00fcnne Rebe aus dem Amazonaswald. Der Stamm der Kuntanawa gab dieser Rebe ihren Namen und verwendet sie f\u00fcr verschiedene Arten von Magie im Wald. Die Rebe h\u00e4lt negative Energien fern und zieht positive Energien an, wie ein energetischer Attraktor.<br \/>\nVeia de Paj\u00e9 zieht gute Dinge an, aber es ist gut, unseren Geist fest und konzentriert auf das zu richten, was wir herbeirufen wollen, um nicht die falschen Dinge anzuziehen.<\/p>\n<p><a href=\"http:\/\/orisha-ossain.com\/wp-content\/uploads\/2023\/07\/v04.jpg\"><img decoding=\"async\" class=\"aligncenter wp-image-738 size-full\" src=\"http:\/\/orisha-ossain.com\/wp-content\/uploads\/2023\/07\/v04.jpg\" alt=\"Nahaufnahme rap\u00e9 veia de paj\u00e9\" width=\"600\" height=\"487\" srcset=\"https:\/\/orisha-ossain.com\/wp-content\/uploads\/2023\/07\/v04.jpg 600w, https:\/\/orisha-ossain.com\/wp-content\/uploads\/2023\/07\/v04-300x244.jpg 300w\" sizes=\"(max-width: 600px) 100vw, 600px\" \/><\/a><\/p>\n<p>Im geistigen Rap\u00e9 hilft Veia de Paj\u00e9 beim Schutz vor Eifersucht und spiritueller Verfolgung und gibt uns immer eine gute Richtung f\u00fcr richtiges Verhalten und Gedanken der spirituellen Alchemie. K\u00f6rperlich hilft Veia de Paj\u00e9, Herzproblemen vorzubeugen, reguliert die Herzfrequenz, f\u00f6rdert den Kreislauf und lindert M\u00fcdigkeit und Schmerzen. Sie wird von den H\u00e4uptlingen der Indianerst\u00e4mme und den Paj\u00e9s (Schamanen) sehr h\u00e4ufig verwendet.<\/p>\n<p><a href=\"http:\/\/orisha-ossain.com\/wp-content\/uploads\/2023\/07\/kuntanawa-tribe.jpg\"><img decoding=\"async\" class=\"aligncenter wp-image-739 size-medium\" src=\"http:\/\/orisha-ossain.com\/wp-content\/uploads\/2023\/07\/kuntanawa-tribe-300x200.jpg\" alt=\"Der Kuntanawa-Stamm an einem Pflanztag, rap\u00e9 Veia de Paj\u00e9\" width=\"300\" height=\"200\" srcset=\"https:\/\/orisha-ossain.com\/wp-content\/uploads\/2023\/07\/kuntanawa-tribe-300x200.jpg 300w, https:\/\/orisha-ossain.com\/wp-content\/uploads\/2023\/07\/kuntanawa-tribe-1024x683.jpg 1024w, https:\/\/orisha-ossain.com\/wp-content\/uploads\/2023\/07\/kuntanawa-tribe-768x512.jpg 768w, https:\/\/orisha-ossain.com\/wp-content\/uploads\/2023\/07\/kuntanawa-tribe.jpg 1152w\" sizes=\"(max-width: 300px) 100vw, 300px\" \/><\/a><\/p>","protected":false},"excerpt":{"rendered":"<p>Der Rap\u00e9 Veia de Paj\u00e9 hat seine Wurzeln im Amazonasbecken. Veia de Paj\u00e9 (Schamanen-Ader). Ein besonderer Kuntanawa-Schnupftabak.<\/p>\n<p>Name: Veia de Paj\u00e9.<br \/>\nVolksstamm: Kuntanawa<br \/>\nHerkunft: In der N\u00e4he von Cruzeiro de Sul, Arce Brasilien<br \/>\nZusammensetzung: lila sanu ashes und die Rebe \"Veia de Paj\u00e9\".<\/p>\n<p>&nbsp;<\/p>","protected":false},"featured_media":35681,"template":"","meta":{"_seopress_robots_primary_cat":"none","_seopress_titles_title":"Rap\u00e9 Veia de Paj\u00e9 - From the Amazon - Pure Power -","_seopress_titles_desc":"Rap\u00e9 Veia de Paj\u00e9 has its roots in the Amazon\u00a0basin.\u00a0Veia de Paj\u00e9 (Shamans Vein).\u00a0A special Kuntanawa Snuff.","_seopress_robots_index":"","_kad_blocks_custom_css":"","_kad_blocks_head_custom_js":"","_kad_blocks_body_custom_js":"","_kad_blocks_footer_custom_js":"","_kad_post_transparent":"default","_kad_post_title":"","_kad_post_layout":"default","_kad_post_sidebar_id":"","_kad_post_content_style":"default","_kad_post_vertical_padding":"default","_kad_post_feature":"","_kad_post_feature_position":"","_kad_post_header":false,"_kad_post_footer":false,"_kad_post_classname":""},"product_brand":[],"product_cat":[50],"product_tag":[57],"class_list":{"0":"post-734","1":"product","2":"type-product","3":"status-publish","4":"has-post-thumbnail","6":"product_cat-rape","7":"product_tag-kuntanawa","9":"first","10":"instock","11":"featured","12":"taxable","13":"shipping-taxable","14":"purchasable","15":"product-type-variable","16":"entry","17":"content-bg","18":"loop-entry"},"taxonomy_info":{"product_cat":[{"value":50,"label":"Rap\u00e9"}],"product_tag":[{"value":57,"label":"Kuntanawa"}]},"featured_image_src_large":["https:\/\/orisha-ossain.com\/wp-content\/uploads\/2024\/11\/Veia-de-Paje_Orisha_Ossain.png",736,736,false],"author_info":[],"comment_info":"","_links":{"self":[{"href":"https:\/\/orisha-ossain.com\/de\/wp-json\/wp\/v2\/product\/734","targetHints":{"allow":["GET"]}}],"collection":[{"href":"https:\/\/orisha-ossain.com\/de\/wp-json\/wp\/v2\/product"}],"about":[{"href":"https:\/\/orisha-ossain.com\/de\/wp-json\/wp\/v2\/types\/product"}],"wp:featuredmedia":[{"embeddable":true,"href":"https:\/\/orisha-ossain.com\/de\/wp-json\/wp\/v2\/media\/35681"}],"wp:attachment":[{"href":"https:\/\/orisha-ossain.com\/de\/wp-json\/wp\/v2\/media?parent=734"}],"wp:term":[{"taxonomy":"product_brand","embeddable":true,"href":"https:\/\/orisha-ossain.com\/de\/wp-json\/wp\/v2\/product_brand?post=734"},{"taxonomy":"product_cat","embeddable":true,"href":"https:\/\/orisha-ossain.com\/de\/wp-json\/wp\/v2\/product_cat?post=734"},{"taxonomy":"product_tag","embeddable":true,"href":"https:\/\/orisha-ossain.com\/de\/wp-json\/wp\/v2\/product_tag?post=734"}],"curies":[{"name":"wp","href":"https:\/\/api.w.org\/{rel}","templated":true}]}}