{"id":730,"date":"2023-07-05T19:26:31","date_gmt":"2023-07-05T17:26:31","guid":{"rendered":"http:\/\/orisha-ossain.com\/?post_type=product&#038;p=730"},"modified":"2026-04-12T12:05:18","modified_gmt":"2026-04-12T10:05:18","slug":"rape-yunu","status":"publish","type":"product","link":"https:\/\/orisha-ossain.com\/de\/product\/rape-yunu\/","title":{"rendered":"Rap\u00e9 Yunu"},"content":{"rendered":"<h2>Rap\u00e9 Yunu<\/h2>\n<p>Rap\u00e9 Yunu ist eine eher unbekannte Art von Schnupftabak des Kuntanawa-Stammes. Yunu ist ein Baum, der im Lebensraum der Kuntanawa w\u00e4chst. Der wissenschaftliche Name von Yunu ist immer noch unbekannt und bewahrt auf diese Weise immer noch ein wenig die Geheimnisse des Stammes.<\/p>\n<p>Getrocknete und pulverisierte Yunu-Bl\u00e4tter Moi und Tsunu ash machen die Zusammensetzung dieses Rap\u00e9 aus. Die Kuntanawa sagen, dass Yunu gegen Depressionen hilft und es hilft auch, negative Energien zu beseitigen. Rap\u00e9 Yunu hat eine frische Energie. Es hat einige \u00c4hnlichkeiten mit Minze, ist aber dennoch v\u00f6llig anders.<\/p>\n<h2>Kuntanawa Rap\u00e9<\/h2>\n<p>Das von Kuntanawa hergestellte Rap\u00e9 hat eine einzigartige Schwingung.  Eine starke spirituelle Verbindung, die Pr\u00e4senz und Ruhe bringt. Manchmal f\u00fcgen sie andere Pflanzen mit kosmologischen Kr\u00e4ften hinzu, die uns Gl\u00fcck, Ruhe und andere Vorteile bringen. Sie werden h\u00e4ufig auf andere Weise verwendet, um Schutz oder Segen zu spenden.<\/p>\n<p>Man sagt, dass solche Pflanzen uns Kraft und Klarheit geben, um die richtige Einstellung zu haben und die richtigen Entscheidungen zu treffen. Interessant ist, dass der Kuntanwa Rap\u00e9 eher in der Brust- und Herzgegend als im Kopfbereich aktiv zu sein scheint. Da sie typischerweise mild ist, brennt sie weniger.<br \/>\nViele Menschen halten diesen Rap\u00e9 f\u00fcr einen Herz\u00f6ffner. Es enth\u00e4lt Arapiraca und ash \"Tsunu\" (Platycyamus regnellii). Einige andere Rezepte k\u00f6nnen Sama\u00fama, Nissural, Eric, Sanssara und andere Pflanzen enthalten.<\/p>","protected":false},"excerpt":{"rendered":"<p>Der wissenschaftliche Name von Yunu ist immer noch unbekannt und bewahrt auf diese Weise immer noch ein wenig von den Geheimnissen des Stammes. Rap\u00e9 Yunu hat eine frische Energie. Es hat einige \u00c4hnlichkeiten mit Minze, ist aber dennoch v\u00f6llig anders.<\/p>\n<p>Name: Yunu<br \/>\nVolksstamm: Kuntanawa<br \/>\nHerkunft:  Acre, Brasilien<br \/>\nZusammensetzung: Bio Moi, Tsunu ashes und Yunu Blatt.<\/p>\n<p>&nbsp;<\/p>","protected":false},"featured_media":35680,"template":"","meta":{"_seopress_robots_primary_cat":"none","_seopress_titles_title":"Rap\u00e9 Yunu - Direct from the Amazon Forest - %%sitetitle%%","_seopress_titles_desc":"Rap\u00e9 Yunu is a rather unknown type of Snuff from the Kuntanawa tribe. Yunu is a tree that grows in the Kuntanawa's habitat.","_seopress_robots_index":"","_kad_blocks_custom_css":"","_kad_blocks_head_custom_js":"","_kad_blocks_body_custom_js":"","_kad_blocks_footer_custom_js":"","_kad_post_transparent":"default","_kad_post_title":"","_kad_post_layout":"default","_kad_post_sidebar_id":"","_kad_post_content_style":"default","_kad_post_vertical_padding":"default","_kad_post_feature":"","_kad_post_feature_position":"","_kad_post_header":false,"_kad_post_footer":false,"_kad_post_classname":""},"product_brand":[],"product_cat":[50],"product_tag":[57],"class_list":{"0":"post-730","1":"product","2":"type-product","3":"status-publish","4":"has-post-thumbnail","6":"product_cat-rape","7":"product_tag-kuntanawa","9":"first","10":"instock","11":"taxable","12":"shipping-taxable","13":"purchasable","14":"product-type-variable","15":"entry","16":"content-bg","17":"loop-entry"},"taxonomy_info":{"product_cat":[{"value":50,"label":"Rap\u00e9"}],"product_tag":[{"value":57,"label":"Kuntanawa"}]},"featured_image_src_large":["https:\/\/orisha-ossain.com\/wp-content\/uploads\/2024\/11\/Yunu_Orisha_Ossain.png",736,736,false],"author_info":[],"comment_info":"","_links":{"self":[{"href":"https:\/\/orisha-ossain.com\/de\/wp-json\/wp\/v2\/product\/730","targetHints":{"allow":["GET"]}}],"collection":[{"href":"https:\/\/orisha-ossain.com\/de\/wp-json\/wp\/v2\/product"}],"about":[{"href":"https:\/\/orisha-ossain.com\/de\/wp-json\/wp\/v2\/types\/product"}],"wp:featuredmedia":[{"embeddable":true,"href":"https:\/\/orisha-ossain.com\/de\/wp-json\/wp\/v2\/media\/35680"}],"wp:attachment":[{"href":"https:\/\/orisha-ossain.com\/de\/wp-json\/wp\/v2\/media?parent=730"}],"wp:term":[{"taxonomy":"product_brand","embeddable":true,"href":"https:\/\/orisha-ossain.com\/de\/wp-json\/wp\/v2\/product_brand?post=730"},{"taxonomy":"product_cat","embeddable":true,"href":"https:\/\/orisha-ossain.com\/de\/wp-json\/wp\/v2\/product_cat?post=730"},{"taxonomy":"product_tag","embeddable":true,"href":"https:\/\/orisha-ossain.com\/de\/wp-json\/wp\/v2\/product_tag?post=730"}],"curies":[{"name":"wp","href":"https:\/\/api.w.org\/{rel}","templated":true}]}}