{"id":726,"date":"2023-07-05T19:13:13","date_gmt":"2023-07-05T17:13:13","guid":{"rendered":"http:\/\/orisha-ossain.com\/?post_type=product&#038;p=726"},"modified":"2026-04-08T18:25:39","modified_gmt":"2026-04-08T16:25:39","slug":"rape-jarina","status":"publish","type":"product","link":"https:\/\/orisha-ossain.com\/de\/product\/rape-jarina\/","title":{"rendered":"Rap\u00e9 Jarina"},"content":{"rendered":"<h2>Rap\u00e9 Jarina<\/h2>\n<p>Diese rap\u00e9 Jarina stammt aus der Tradition des Kuntanawa-Stammes. Sie stellen ihn mit biologisch angebautem brasilianischem Sabi\u00e1 mapacho und ashes von einem Baum namens Sapota her. Was diesem besonderen Schnupftabak seinen Namen gibt, ist die Extraausgabe der getrockneten und pulverisierten Bl\u00fcten der Jarina-Palme. Diese Palme (Phytelephas macrocarpa) ist tief in der Tradition der Kuntanawa verwurzelt.<\/p>\n<p>Die Jarina-Palme w\u00e4chst oft in unmittelbarer N\u00e4he der Rainha (K\u00f6nigin)-Pflanzen, die f\u00fcr das Ayahuasca-Gebr\u00e4u verwendet werden. Es ist nicht ungew\u00f6hnlich, dass verschiedene Teile der Jarina-Palme f\u00fcr das heilige Gebr\u00e4u verwendet werden.<\/p>\n<p>Die pulverisierten Bl\u00fcten von Jarina in diesem Schnupftabak wirken vor allem auf das dritte Augenchakra und das Kronenchakra.<\/p>\n<figure id=\"attachment_179\" aria-describedby=\"caption-attachment-179\" style=\"width: 201px\" class=\"wp-caption aligncenter\"><a href=\"http:\/\/orisha-ossain.com\/wp-content\/uploads\/2023\/06\/Jarina-palm-tree-Phytelephas-macrocarpa.jpg\"><img decoding=\"async\" class=\"size-medium wp-image-179\" src=\"http:\/\/orisha-ossain.com\/wp-content\/uploads\/2023\/06\/Jarina-palm-tree-Phytelephas-macrocarpa-201x300.jpg\" alt=\"f\u00fcr Rap\u00e9 Jarina werden die Bl\u00fcten der Jarina-Palme verwendet\" width=\"201\" height=\"300\" srcset=\"https:\/\/orisha-ossain.com\/wp-content\/uploads\/2023\/06\/Jarina-palm-tree-Phytelephas-macrocarpa-201x300.jpg 201w, https:\/\/orisha-ossain.com\/wp-content\/uploads\/2023\/06\/Jarina-palm-tree-Phytelephas-macrocarpa.jpg 535w\" sizes=\"(max-width: 201px) 100vw, 201px\" \/><\/a><figcaption id=\"caption-attachment-179\" class=\"wp-caption-text\">Jarina-Palme (Phytelephas macrocarpa)<\/figcaption><\/figure>\n<h2>Spirituelle Aspekte<\/h2>\n<p>Eine beliebte, kraftvolle und \"blumige\" rap\u00e9 vom Stamm der Kuntanaw\u00e1. Sehr reinigend und kraftvoll erdend. Ideal, um Energien auszugleichen und Seelenfrieden zu erlangen. rap\u00e9 Jarina ist ein sehr gesch\u00e4tzter Schnupftabak bei den Kuntanawas. Sie sagen, dass die Jarina-Bl\u00fcten sie unsichtbar f\u00fcr Feinde machen, sowohl f\u00fcr geistige als auch f\u00fcr k\u00f6rperliche, und dass die Bl\u00fcten die Feinde auf Abstand halten.<\/p>\n<p>Mit den Worten des Herstellers. \"Jarina ist eine Medizin voller Geheimnisse, mit der nur wenige Menschen umgehen k\u00f6nnen. Diese Medizin wird verwendet, um negative Energien zu vertreiben. Sie bringt Gleichgewicht und eine gute Richtung, Frieden und Ruhe auf unseren Weg\".<\/p>\n<p><a href=\"http:\/\/orisha-ossain.com\/wp-content\/uploads\/2023\/06\/Phytelephas-macrocarpa-flower.jpg\"><img decoding=\"async\" class=\"wp-image-193 size-medium aligncenter\" src=\"http:\/\/orisha-ossain.com\/wp-content\/uploads\/2023\/06\/Phytelephas-macrocarpa-flower-225x300.jpg\" alt=\"Die Bl\u00fcte von Phytelephas macrocarpa, rap\u00e9 jarina\" width=\"225\" height=\"300\" srcset=\"https:\/\/orisha-ossain.com\/wp-content\/uploads\/2023\/06\/Phytelephas-macrocarpa-flower-225x300.jpg 225w, https:\/\/orisha-ossain.com\/wp-content\/uploads\/2023\/06\/Phytelephas-macrocarpa-flower.jpg 496w\" sizes=\"(max-width: 225px) 100vw, 225px\" \/><\/a><\/p>\n<h2>Spirituelle Aspekte \u00fcber Flor de Jarina<\/h2>\n<p>Wei\u00dfes Gold aus dem Wald, ein geheimnisvoller Reichtum, der sich in Klarheit der Vision ausdr\u00fcckt. \u00dcberlegene Vision, gen\u00e4hrt durch Vertrauen in das Leben, heute und morgen. Festigkeit im Reich, S\u00e4ulen der verborgenen Residenz der gro\u00dfen g\u00f6ttlichen Mutter.<br \/>\nIch bewege mich im Wald in die vier Richtungen. Ich bin mir der Gabe sicher, deren Besch\u00fctzerin ich bin. Diejenigen, die mir begegnen, kennen eine Tressur. Das Licht des Bewusstseins im Wei\u00df meines Goldes.<\/p>\n<h2>Eine andere Verwendung von Jarina<\/h2>\n<p>Die Samen der Jarina-Palme werden von den Ureinwohnern in vielen Formen des Kunsthandwerks verwendet. Viele Menschen vergleichen die Samen mit Elfenbein von Tieren. Sie haben eine \u00e4hnliche Farbe und einen \u00e4hnlichen Glanz. Der Hauptunterschied ist ihre geringere H\u00e4rte und Dichte. Jarina-Samen sind gemeinhin als pflanzliches Elfenbein bekannt und werden haupts\u00e4chlich zur Herstellung von Bio-Schmuck und Artefakten verwendet.<\/p>\n<figure id=\"attachment_180\" aria-describedby=\"caption-attachment-180\" style=\"width: 300px\" class=\"wp-caption aligncenter\"><a href=\"http:\/\/orisha-ossain.com\/wp-content\/uploads\/2023\/06\/Jarina-semente1.jpg\"><img decoding=\"async\" class=\"size-medium wp-image-180\" src=\"http:\/\/orisha-ossain.com\/wp-content\/uploads\/2023\/06\/Jarina-semente1-300x225.jpg\" alt=\"Phytelephas macrocarpa Samen, pflanzliches Elfenbein, rap\u00e9 Jarina\" width=\"300\" height=\"225\" srcset=\"https:\/\/orisha-ossain.com\/wp-content\/uploads\/2023\/06\/Jarina-semente1-300x225.jpg 300w, https:\/\/orisha-ossain.com\/wp-content\/uploads\/2023\/06\/Jarina-semente1.jpg 600w\" sizes=\"(max-width: 300px) 100vw, 300px\" \/><\/a><figcaption id=\"caption-attachment-180\" class=\"wp-caption-text\">Phytelephas macrocarpa Samen, pflanzliches Elfenbein<\/figcaption><\/figure>\n<h2>General Kuntanawa Rap\u00e9 Eigenschaften<\/h2>\n<p>Die von Kuntanawa hergestellten Rap\u00e9-Typen haben eine einzigartige Schwingung.  Eine starke spirituelle Verbindung, die Pr\u00e4senz und Ruhe bringt. Oftmals f\u00fcgen sie andere Pflanzen mit kosmologischen Kr\u00e4ften hinzu, die uns Gl\u00fcck, Ruhe und andere Vorteile bringen. Sie werden h\u00e4ufig verwendet, um Schutz oder Segen zu spenden.<\/p>","protected":false},"excerpt":{"rendered":"<p>Eine beliebte, kraftvolle und \"blumige\" rap\u00e9 vom Stamm der Kuntanaw\u00e1. Sehr reinigend und kraftvoll erdend. Ideal, um Energien auszugleichen und Seelenfrieden zu erlangen. rap\u00e9 Jarina ist ein sehr gesch\u00e4tzter Schnupftabak bei den Kuntanawas.<\/p>\n<ul>\n<li>Sabi\u00e1 mapach<\/li>\n<li>Sopata ash<\/li>\n<li>Jarina Blumen<\/li>\n<\/ul>","protected":false},"featured_media":35634,"template":"","meta":{"_seopress_robots_primary_cat":"none","_seopress_titles_title":"Rap\u00e9 Jarina - Very Cleansing & Forcefully Grounding","_seopress_titles_desc":"Rap\u00e9 Jarina is A popular, powerful, and \"flowery\" rap\u00e9 from the Kuntanaw\u00e1 tribe. Very cleansing and forcefully grounding.","_seopress_robots_index":"","_kad_blocks_custom_css":"","_kad_blocks_head_custom_js":"","_kad_blocks_body_custom_js":"","_kad_blocks_footer_custom_js":"","_kad_post_transparent":"default","_kad_post_title":"","_kad_post_layout":"default","_kad_post_sidebar_id":"","_kad_post_content_style":"default","_kad_post_vertical_padding":"default","_kad_post_feature":"","_kad_post_feature_position":"","_kad_post_header":false,"_kad_post_footer":false,"_kad_post_classname":""},"product_brand":[],"product_cat":[50],"product_tag":[57],"class_list":{"0":"post-726","1":"product","2":"type-product","3":"status-publish","4":"has-post-thumbnail","6":"product_cat-rape","7":"product_tag-kuntanawa","9":"first","10":"instock","11":"taxable","12":"shipping-taxable","13":"purchasable","14":"product-type-variable","15":"entry","16":"content-bg","17":"loop-entry"},"taxonomy_info":{"product_cat":[{"value":50,"label":"Rap\u00e9"}],"product_tag":[{"value":57,"label":"Kuntanawa"}]},"featured_image_src_large":["https:\/\/orisha-ossain.com\/wp-content\/uploads\/2024\/11\/Jarina_Orisha_Ossain.png",736,736,false],"author_info":[],"comment_info":"","_links":{"self":[{"href":"https:\/\/orisha-ossain.com\/de\/wp-json\/wp\/v2\/product\/726","targetHints":{"allow":["GET"]}}],"collection":[{"href":"https:\/\/orisha-ossain.com\/de\/wp-json\/wp\/v2\/product"}],"about":[{"href":"https:\/\/orisha-ossain.com\/de\/wp-json\/wp\/v2\/types\/product"}],"wp:featuredmedia":[{"embeddable":true,"href":"https:\/\/orisha-ossain.com\/de\/wp-json\/wp\/v2\/media\/35634"}],"wp:attachment":[{"href":"https:\/\/orisha-ossain.com\/de\/wp-json\/wp\/v2\/media?parent=726"}],"wp:term":[{"taxonomy":"product_brand","embeddable":true,"href":"https:\/\/orisha-ossain.com\/de\/wp-json\/wp\/v2\/product_brand?post=726"},{"taxonomy":"product_cat","embeddable":true,"href":"https:\/\/orisha-ossain.com\/de\/wp-json\/wp\/v2\/product_cat?post=726"},{"taxonomy":"product_tag","embeddable":true,"href":"https:\/\/orisha-ossain.com\/de\/wp-json\/wp\/v2\/product_tag?post=726"}],"curies":[{"name":"wp","href":"https:\/\/api.w.org\/{rel}","templated":true}]}}