{"id":721,"date":"2023-07-05T18:52:01","date_gmt":"2023-07-05T16:52:01","guid":{"rendered":"http:\/\/orisha-ossain.com\/?post_type=product&#038;p=721"},"modified":"2026-04-20T05:53:04","modified_gmt":"2026-04-20T03:53:04","slug":"rape-tete-pawa","status":"publish","type":"product","link":"https:\/\/orisha-ossain.com\/de\/product\/rape-tete-pawa\/","title":{"rendered":"Rap\u00e9 Tete Paw\u00e3"},"content":{"rendered":"<h2>Rap\u00e9 Tete Paw\u00e3<\/h2>\n<p>Rap\u00e9 Tete Paw\u00e3 Kuntanawa ist ein sch\u00f6n gearbeiteter Schnupftabak, der einen sch\u00f6nen potenten Arapiraca, Tsunu ashes mit der authentischen Stammesmedizin Kawa Xin\u00e3 und Kum\u00e3 kombiniert. Dieser rap\u00e9 ist eine spezielle Mischung, die von einem der besten Kuntanawa rap\u00e9- und Kunsthandwerker aus der oberen Jurua-Region hergestellt wird.<br \/>\n\u00c4u\u00dferst empfehlenswert!<\/p>\n<p>Mit den Worten des Herstellers:<br \/>\n\"Kawa Xin\u00e3 ist eine Medizin, die unsere Gedanken reinigt und Ruhe bringt. Kum\u00e3 bringt Kraft und Festigkeit und gibt uns Orientierung in unseren spirituellen Studien. Rap\u00e9 Tete Paw\u00e3 ist f\u00fcr spirituelle Erhebung und Ruhe auf unserer Reise und gibt Konzentration. Es bringt uns die Kraft der Wiedergeburt.<\/p>\n<h2>Eigenschaften von Rap\u00e9 Tete Paw\u00e3<\/h2>\n<p>Rap\u00e9 Tete Paw\u00e3 reinigt und erdet und hilft dem Einzelnen, pr\u00e4sent zu bleiben und wichtige Entscheidungen zu treffen. Es hilft dabei, den eigenen spirituellen und Lebensweg zu entdecken, indem es Wahrheit und Realit\u00e4t offenbart.<\/p>\n<p>Der Harpyienadler, der beim Stamm der Kuntanawa die F\u00fchrung symbolisiert, leitet diese Mischung. Sie bringt geistige Konzentration, Klarheit bei der Entscheidungsfindung und emotionales Gleichgewicht. Rap\u00e9 Tete Paw\u00e3 wirkt auf das dritte Augenchakra f\u00fcr Intuition sowie auf das Basis- und Kronenchakra und harmonisiert irdische und spirituelle Energien. Diese Mischung f\u00f6rdert einen einheitlichen Fluss von innerem Frieden und St\u00e4rke.<\/p>\n<h2>Tete Paw\u00e3<\/h2>\n<p>Tete Paw\u00e3 ist der indigene Name f\u00fcr die Harpyie, einen der heiligsten V\u00f6gel des Amazonas. Der Harpyienadler ist ein spiritueller F\u00fchrer f\u00fcr verschiedene Amazonas-St\u00e4mme. Der brasilianische Name f\u00fcr die Harpyie ist gavi\u00e3o real, was so viel wie k\u00f6niglicher Adler bedeutet.<\/p>\n<p><a href=\"http:\/\/orisha-ossain.com\/wp-content\/uploads\/2023\/06\/tete-pawa.jpg\"><img decoding=\"async\" class=\"aligncenter wp-image-280 size-full\" src=\"http:\/\/orisha-ossain.com\/wp-content\/uploads\/2023\/06\/tete-pawa.jpg\" alt=\"Harpyienvogel im Landeanflug (gavi\u00e3o real) rap\u00e9 Tete Paw\u00e3\" width=\"600\" height=\"384\" srcset=\"https:\/\/orisha-ossain.com\/wp-content\/uploads\/2023\/06\/tete-pawa.jpg 600w, https:\/\/orisha-ossain.com\/wp-content\/uploads\/2023\/06\/tete-pawa-300x192.jpg 300w\" sizes=\"(max-width: 600px) 100vw, 600px\" \/><\/a><\/p>\n<h2>General Kuntanawa Rap\u00e9 Eigenschaften<\/h2>\n<p>Die von Kuntanawa hergestellten Rap\u00e9-Typen haben eine einzigartige Schwingung.  Eine starke spirituelle Verbindung, die Pr\u00e4senz und Ruhe bringt. Oftmals f\u00fcgen sie andere Pflanzen mit kosmologischen Kr\u00e4ften hinzu, die uns Gl\u00fcck, Ruhe und andere Vorteile bringen. Sie werden h\u00e4ufig verwendet, um Schutz oder Segen zu spenden.<\/p>\n<figure id=\"attachment_725\" aria-describedby=\"caption-attachment-725\" style=\"width: 300px\" class=\"wp-caption aligncenter\"><a href=\"http:\/\/orisha-ossain.com\/wp-content\/uploads\/2023\/07\/Kuntanawa-rape-tete-pawa-circle-300x169-1.jpg\"><img decoding=\"async\" class=\"wp-image-725 size-full\" src=\"http:\/\/orisha-ossain.com\/wp-content\/uploads\/2023\/07\/Kuntanawa-rape-tete-pawa-circle-300x169-1.jpg\" alt=\"Kuntanawa rap\u00e9 tete pawa Kreis, rap\u00e9 Tete Paw\u00e3\" width=\"300\" height=\"169\" \/><\/a><figcaption id=\"caption-attachment-725\" class=\"wp-caption-text\">Kuntanawa rap\u00e9 Kreis<\/figcaption><\/figure>","protected":false},"excerpt":{"rendered":"<p><span style=\"font-size: 12pt;\">Rap\u00e9 Tete Paw\u00e3 Kuntanawa ist ein sch\u00f6n gestalteter Schnupftabak, der eine sch\u00f6ne potente Arapiraca, Tsunu ashes mit der authentischen Stammesmedizin Kawa Xin\u00e3 und Kum\u00e3 kombiniert.<\/span><\/p>\n<p>Mit den Worten des Herstellers:<br \/>\n\"Kawa Xin\u00e3 ist eine Medizin, die unsere Gedanken reinigt und Ruhe bringt. Kum\u00e3 bringt Kraft und Festigkeit und gibt uns Orientierung in unseren spirituellen Studien.<\/p>","protected":false},"featured_media":35668,"template":"","meta":{"_seopress_robots_primary_cat":"none","_seopress_titles_title":"Rap\u00e9 Tete Paw\u00e3 - Kuntanawa - Kawa Xin\u00e3 & Kum\u00e3 - Orisha Ossain","_seopress_titles_desc":"Rap\u00e9 Tete Paw\u00e3 Kuntanawa combines a nice potent tobacco, Tsunu ashes with the authentic tribal medicines Kawa Xin\u00e3 and Kum\u00e3.","_seopress_robots_index":"","_kad_blocks_custom_css":"","_kad_blocks_head_custom_js":"","_kad_blocks_body_custom_js":"","_kad_blocks_footer_custom_js":"","_kad_post_transparent":"default","_kad_post_title":"","_kad_post_layout":"default","_kad_post_sidebar_id":"","_kad_post_content_style":"default","_kad_post_vertical_padding":"default","_kad_post_feature":"","_kad_post_feature_position":"","_kad_post_header":false,"_kad_post_footer":false,"_kad_post_classname":""},"product_brand":[],"product_cat":[50],"product_tag":[57],"class_list":{"0":"post-721","1":"product","2":"type-product","3":"status-publish","4":"has-post-thumbnail","6":"product_cat-rape","7":"product_tag-kuntanawa","9":"first","10":"instock","11":"taxable","12":"shipping-taxable","13":"purchasable","14":"product-type-variable","15":"entry","16":"content-bg","17":"loop-entry"},"taxonomy_info":{"product_cat":[{"value":50,"label":"Rap\u00e9"}],"product_tag":[{"value":57,"label":"Kuntanawa"}]},"featured_image_src_large":["https:\/\/orisha-ossain.com\/wp-content\/uploads\/2024\/11\/Tete-Pawa_Orisha_Ossain.png",736,736,false],"author_info":[],"comment_info":"","_links":{"self":[{"href":"https:\/\/orisha-ossain.com\/de\/wp-json\/wp\/v2\/product\/721","targetHints":{"allow":["GET"]}}],"collection":[{"href":"https:\/\/orisha-ossain.com\/de\/wp-json\/wp\/v2\/product"}],"about":[{"href":"https:\/\/orisha-ossain.com\/de\/wp-json\/wp\/v2\/types\/product"}],"wp:featuredmedia":[{"embeddable":true,"href":"https:\/\/orisha-ossain.com\/de\/wp-json\/wp\/v2\/media\/35668"}],"wp:attachment":[{"href":"https:\/\/orisha-ossain.com\/de\/wp-json\/wp\/v2\/media?parent=721"}],"wp:term":[{"taxonomy":"product_brand","embeddable":true,"href":"https:\/\/orisha-ossain.com\/de\/wp-json\/wp\/v2\/product_brand?post=721"},{"taxonomy":"product_cat","embeddable":true,"href":"https:\/\/orisha-ossain.com\/de\/wp-json\/wp\/v2\/product_cat?post=721"},{"taxonomy":"product_tag","embeddable":true,"href":"https:\/\/orisha-ossain.com\/de\/wp-json\/wp\/v2\/product_tag?post=721"}],"curies":[{"name":"wp","href":"https:\/\/api.w.org\/{rel}","templated":true}]}}