{"id":717,"date":"2023-07-05T18:46:10","date_gmt":"2023-07-05T16:46:10","guid":{"rendered":"http:\/\/orisha-ossain.com\/?post_type=product&#038;p=717"},"modified":"2026-03-21T14:37:19","modified_gmt":"2026-03-21T13:37:19","slug":"rape-kuntanawa","status":"publish","type":"product","link":"https:\/\/orisha-ossain.com\/de\/product\/rape-kuntanawa\/","title":{"rendered":"Rap\u00e9 Kuntanawa"},"content":{"rendered":"<h2>Rap\u00e9 Kuntanawa<\/h2>\n<p>Rap\u00e9 Kuntanawa hat den traditionellen Stammesnamen \"Nixpu\". Nixpu ist der einheimische Name f\u00fcr Pimenta longa (Langer Pfeffer). Es handelt sich um eine Paprikapflanze, die im Amazonasgebiet des Staates Acre beheimatet ist. Seine getrockneten und pulverisierten Bl\u00e4tter sind zusammen mit dem starken Sabi\u00e1 und Tsunu ash die Bestandteile dieses Kuntanawa-Schnupftabaks.<br \/>\nNixpu verbessert die Verdauung und dient auch als allgemeines St\u00e4rkungsmittel. Nixpu ist in kalten Klimazonen gut zu gebrauchen, da es den K\u00f6rper erw\u00e4rmt.<\/p>\n<h2>Nixpu-Piper\/Hispidinervum<\/h2>\n<p>Nixpu ist eine bl\u00fchende Rebe aus der Familie der Piperaceae. Normalerweise wird sie wegen ihrer Fr\u00fcchte, den Paprikaschoten, angebaut. Nixpu ist die brasilianische Sorte der Pflanze, die eher in Indien und Indonesien bekannt ist. Nixpu ist auch eine gute Quelle f\u00fcr Safrol\u00f6l. Langer Pfeffer hat einen \u00e4hnlichen Geschmack, ist aber sch\u00e4rfer als sein naher Verwandter Piper nigrum.<br \/>\nLanger Pfeffer ist eine seltene Zutat in der europ\u00e4ischen K\u00fcche. Die Wurzeln sind eine gute Quelle f\u00fcr das \u00e4therische \u00d6l Safrol. Es hat verschiedene therapeutic und industrielle Anwendungen.<\/p>\n<p>Die indigenen Stammeskulturen des Amazonas und Brasiliens verwenden haupts\u00e4chlich die Bl\u00e4tter dieser Pflanze. Nixpu-Bl\u00e4tter sind eine willkommene Zutat in verschiedenen Kr\u00e4uterb\u00e4dern, die helfen, negative\/gestaute Energien aus dem K\u00f6rper zu entfernen.<\/p>\n<p><a href=\"http:\/\/orisha-ossain.com\/wp-content\/uploads\/2023\/06\/Piper_longum_plant.jpg\"><img decoding=\"async\" class=\"wp-image-194 size-medium aligncenter\" src=\"http:\/\/orisha-ossain.com\/wp-content\/uploads\/2023\/06\/Piper_longum_plant-225x300.jpg\" alt=\"Nahaufnahme der Bl\u00e4tter von Pipe longum, einer Pflanze, die in kantanawa nixpu rap\u00e9 kuntanawa verwendet wird\" width=\"225\" height=\"300\" srcset=\"https:\/\/orisha-ossain.com\/wp-content\/uploads\/2023\/06\/Piper_longum_plant-225x300.jpg 225w, https:\/\/orisha-ossain.com\/wp-content\/uploads\/2023\/06\/Piper_longum_plant.jpg 576w\" sizes=\"(max-width: 225px) 100vw, 225px\" \/><\/a><\/p>","protected":false},"excerpt":{"rendered":"<p>Dieser neue rap\u00e9 Kuntanawa tr\u00e4gt den traditionellen Stammesnamen \"Nixpu\". Nixpu ist der einheimische Name f\u00fcr Pimenta longa (Langer Pfeffer).<\/p>\n<ul>\n<li>Tsunu ash<\/li>\n<li>Sabi\u00e1<\/li>\n<li>Nixpu Bl\u00e4tter<\/li>\n<\/ul>","protected":false},"featured_media":35638,"template":"","meta":{"_seopress_robots_primary_cat":"none","_seopress_titles_title":"Rap\u00e9 Kuntanawa - Nixpu- Aiding Digestion & Strengthening","_seopress_titles_desc":"This new rap\u00e9 Kuntanawa has the traditional tribal name \"Nixpu\". Nixpu is the native name for Pimenta longa (long pepper).","_seopress_robots_index":"","_kad_blocks_custom_css":"","_kad_blocks_head_custom_js":"","_kad_blocks_body_custom_js":"","_kad_blocks_footer_custom_js":"","_kad_post_transparent":"default","_kad_post_title":"","_kad_post_layout":"default","_kad_post_sidebar_id":"","_kad_post_content_style":"default","_kad_post_vertical_padding":"default","_kad_post_feature":"","_kad_post_feature_position":"","_kad_post_header":false,"_kad_post_footer":false,"_kad_post_classname":""},"product_brand":[],"product_cat":[50],"product_tag":[57],"class_list":{"0":"post-717","1":"product","2":"type-product","3":"status-publish","4":"has-post-thumbnail","6":"product_cat-rape","7":"product_tag-kuntanawa","9":"first","10":"instock","11":"featured","12":"taxable","13":"shipping-taxable","14":"purchasable","15":"product-type-variable","16":"entry","17":"content-bg","18":"loop-entry"},"taxonomy_info":{"product_cat":[{"value":50,"label":"Rap\u00e9"}],"product_tag":[{"value":57,"label":"Kuntanawa"}]},"featured_image_src_large":["https:\/\/orisha-ossain.com\/wp-content\/uploads\/2024\/11\/Kuntanawa_Orisha_Ossain.png",736,736,false],"author_info":[],"comment_info":"","_links":{"self":[{"href":"https:\/\/orisha-ossain.com\/de\/wp-json\/wp\/v2\/product\/717","targetHints":{"allow":["GET"]}}],"collection":[{"href":"https:\/\/orisha-ossain.com\/de\/wp-json\/wp\/v2\/product"}],"about":[{"href":"https:\/\/orisha-ossain.com\/de\/wp-json\/wp\/v2\/types\/product"}],"wp:featuredmedia":[{"embeddable":true,"href":"https:\/\/orisha-ossain.com\/de\/wp-json\/wp\/v2\/media\/35638"}],"wp:attachment":[{"href":"https:\/\/orisha-ossain.com\/de\/wp-json\/wp\/v2\/media?parent=717"}],"wp:term":[{"taxonomy":"product_brand","embeddable":true,"href":"https:\/\/orisha-ossain.com\/de\/wp-json\/wp\/v2\/product_brand?post=717"},{"taxonomy":"product_cat","embeddable":true,"href":"https:\/\/orisha-ossain.com\/de\/wp-json\/wp\/v2\/product_cat?post=717"},{"taxonomy":"product_tag","embeddable":true,"href":"https:\/\/orisha-ossain.com\/de\/wp-json\/wp\/v2\/product_tag?post=717"}],"curies":[{"name":"wp","href":"https:\/\/api.w.org\/{rel}","templated":true}]}}