{"id":713,"date":"2023-07-05T18:32:42","date_gmt":"2023-07-05T16:32:42","guid":{"rendered":"http:\/\/orisha-ossain.com\/?post_type=product&#038;p=713"},"modified":"2026-03-03T11:10:38","modified_gmt":"2026-03-03T10:10:38","slug":"rape-tsunu-forca","status":"publish","type":"product","link":"https:\/\/orisha-ossain.com\/de\/product\/rape-tsunu-forca\/","title":{"rendered":"Rap\u00e9 Tsunu For\u00e7a"},"content":{"rendered":"<h2>Rap\u00e9 Tsunu For\u00e7a<\/h2>\n<p>Diese rap\u00e9 tsunu for\u00e7a ist genau das, wof\u00fcr sie benannt wurde.  Eine besonders kr\u00e4ftige rap\u00e9-Mischung mit einer exzellenten Auswahl an Sabi\u00e1 Mapacho und reinem, wei\u00dfem Tsunu ash. Der Rest bleibt das Geheimnis von Katukina. Dies ist ein rap\u00e9 f\u00fcr diejenigen, die sich tief verbinden wollen. In den meisten F\u00e4llen werden die Menschen diese rap\u00e9 tsunu for\u00e7a stark oder sehr stark finden. Es ist nicht f\u00fcr jedermann. Aber wer liebt starke rap\u00e9 wird es zu sch\u00e4tzen wissen.<\/p>\n<h2>Zusammensetzung<\/h2>\n<ul>\n<li>Sabi\u00e1 Mapacho<\/li>\n<li>Tsunu ash<\/li>\n<li>Etwas Magie<\/li>\n<\/ul>\n<p>Die Katukina, die dieses rap\u00e9 gemacht hat, hat auch dieses rap\u00e9 gemacht, <a href=\"http:\/\/orisha-ossain.com\/de\/product\/rape-parika-forca\/\" target=\"_blank\" rel=\"noopener\">Parika For\u00e7a<\/a><\/p>\n<p><a href=\"http:\/\/orisha-ossain.com\/wp-content\/uploads\/2023\/06\/milling.jpg\"><img decoding=\"async\" class=\"aligncenter wp-image-265 size-full\" src=\"http:\/\/orisha-ossain.com\/wp-content\/uploads\/2023\/06\/milling.jpg\" alt=\"Ein Mahlstock mahlt rap\u00e9 Schnupftabak in einem h\u00f6lzernen Aufnahmeger\u00e4t, rap\u00e9 tsunu Forca\" width=\"800\" height=\"533\" srcset=\"https:\/\/orisha-ossain.com\/wp-content\/uploads\/2023\/06\/milling.jpg 800w, https:\/\/orisha-ossain.com\/wp-content\/uploads\/2023\/06\/milling-300x200.jpg 300w, https:\/\/orisha-ossain.com\/wp-content\/uploads\/2023\/06\/milling-768x512.jpg 768w\" sizes=\"(max-width: 800px) 100vw, 800px\" \/><\/a><\/p>","protected":false},"excerpt":{"rendered":"<p>Diese Tsunu For\u00e7a ist genau das, wof\u00fcr sie benannt wurde. Eine extra starke rap\u00e9-Mischung mit einer exzellenten Auswahl an Sabi\u00e1 Mapacho und reinem, wei\u00dfen Tsunu ash. Dies ist ein rap\u00e9 f\u00fcr diejenigen, die tief zu verbinden wollen.<\/p>","protected":false},"featured_media":35672,"template":"","meta":{"_seopress_robots_primary_cat":"none","_seopress_titles_title":"Rap\u00e9 Tsunu For\u00e7a - Katukina - Unique & Powerfull Snuff","_seopress_titles_desc":"This rap\u00e9 tsunu for\u00e7a is exactly what it is named for.\u00a0 A very strong rap\u00e9 blend with an excellent choice of sabi\u00e1 and pure clean white tsunu ash.","_seopress_robots_index":"","_kad_blocks_custom_css":"","_kad_blocks_head_custom_js":"","_kad_blocks_body_custom_js":"","_kad_blocks_footer_custom_js":"","_kad_post_transparent":"default","_kad_post_title":"","_kad_post_layout":"default","_kad_post_sidebar_id":"","_kad_post_content_style":"default","_kad_post_vertical_padding":"default","_kad_post_feature":"","_kad_post_feature_position":"","_kad_post_header":false,"_kad_post_footer":false,"_kad_post_classname":""},"product_brand":[],"product_cat":[50],"product_tag":[55],"class_list":{"0":"post-713","1":"product","2":"type-product","3":"status-publish","4":"has-post-thumbnail","6":"product_cat-rape","7":"product_tag-katukina","9":"first","10":"instock","11":"taxable","12":"shipping-taxable","13":"purchasable","14":"product-type-variable","15":"entry","16":"content-bg","17":"loop-entry"},"taxonomy_info":{"product_cat":[{"value":50,"label":"Rap\u00e9"}],"product_tag":[{"value":55,"label":"Katukina"}]},"featured_image_src_large":["https:\/\/orisha-ossain.com\/wp-content\/uploads\/2024\/11\/Tsunu-Forca_Orisha_Ossain.png",736,736,false],"author_info":[],"comment_info":"","_links":{"self":[{"href":"https:\/\/orisha-ossain.com\/de\/wp-json\/wp\/v2\/product\/713","targetHints":{"allow":["GET"]}}],"collection":[{"href":"https:\/\/orisha-ossain.com\/de\/wp-json\/wp\/v2\/product"}],"about":[{"href":"https:\/\/orisha-ossain.com\/de\/wp-json\/wp\/v2\/types\/product"}],"wp:featuredmedia":[{"embeddable":true,"href":"https:\/\/orisha-ossain.com\/de\/wp-json\/wp\/v2\/media\/35672"}],"wp:attachment":[{"href":"https:\/\/orisha-ossain.com\/de\/wp-json\/wp\/v2\/media?parent=713"}],"wp:term":[{"taxonomy":"product_brand","embeddable":true,"href":"https:\/\/orisha-ossain.com\/de\/wp-json\/wp\/v2\/product_brand?post=713"},{"taxonomy":"product_cat","embeddable":true,"href":"https:\/\/orisha-ossain.com\/de\/wp-json\/wp\/v2\/product_cat?post=713"},{"taxonomy":"product_tag","embeddable":true,"href":"https:\/\/orisha-ossain.com\/de\/wp-json\/wp\/v2\/product_tag?post=713"}],"curies":[{"name":"wp","href":"https:\/\/api.w.org\/{rel}","templated":true}]}}