{"id":709,"date":"2023-07-05T18:22:01","date_gmt":"2023-07-05T16:22:01","guid":{"rendered":"http:\/\/orisha-ossain.com\/?post_type=product&#038;p=709"},"modified":"2026-04-17T13:20:14","modified_gmt":"2026-04-17T11:20:14","slug":"rape-murici-cactus","status":"publish","type":"product","link":"https:\/\/orisha-ossain.com\/de\/product\/rape-murici-cactus\/","title":{"rendered":"Rap\u00e9 Murici Kaktus"},"content":{"rendered":"<h2>Rap\u00e9 Murici Kaktus<\/h2>\n<p>Rap\u00e9 Murici Cactus ist eine einmalige rap\u00e9 mit mittlerer bis starker St\u00e4rke. Eine Mischung aus Moi Mapacho und Murici ash. Was diese rap\u00e9 aus der Katukini besonders macht, ist die Zugabe des pulverisierten Kaktus \"Selenicereus grandiflorus\". auch bekannt als \"K\u00f6nigin der Nacht\".<\/p>\n<p>Chakren: Herz und Koronar.<\/p>\n<h2>K\u00f6nigin der Nacht<\/h2>\n<p>Wissenschaftlicher Name: Kaktus Selenicereus grandiflorus<\/p>\n<p>Der Kaktus ist vor allem wegen seiner riesigen Bl\u00fcten bekannt. Die n\u00e4chtlichen Kaktusbl\u00fcten bleiben nur wenige Stunden ge\u00f6ffnet.<a href=\"http:\/\/orisha-ossain.com\/wp-content\/uploads\/2023\/06\/selenicereusgrandiflorusvirgingordabvi21.jpg\"><img decoding=\"async\" class=\"alignright wp-image-203 size-thumbnail\" src=\"http:\/\/orisha-ossain.com\/wp-content\/uploads\/2023\/06\/selenicereusgrandiflorusvirgingordabvi21-150x150.jpg\" alt=\"eine Nahaufnahme einer Bl\u00fcte des Kaktus Selenicereus grandiflorus. Der Kaktus wird f\u00fcr die Herstellung von rap\u00e9 murici cactus verwendet\" width=\"150\" height=\"150\" srcset=\"https:\/\/orisha-ossain.com\/wp-content\/uploads\/2023\/06\/selenicereusgrandiflorusvirgingordabvi21-150x150.jpg 150w, https:\/\/orisha-ossain.com\/wp-content\/uploads\/2023\/06\/selenicereusgrandiflorusvirgingordabvi21-300x300.jpg 300w, https:\/\/orisha-ossain.com\/wp-content\/uploads\/2023\/06\/selenicereusgrandiflorusvirgingordabvi21-100x100.jpg 100w, https:\/\/orisha-ossain.com\/wp-content\/uploads\/2023\/06\/selenicereusgrandiflorusvirgingordabvi21-465x465.jpg 465w\" sizes=\"(max-width: 150px) 100vw, 150px\" \/><\/a>\u00a0Popul\u00e4re Namen: Nachtblume, Abschlussballblume, duftende Blume, gro\u00dfbl\u00fctiger Kaktus, Mandacaru, Mexiko-Kerze, Seidenblume, stachelige Fackel, Stachelkaktus, Kardon, Riese und Blumenk\u00f6nigin.<\/p>\n<p>Indikationen: Die Pflanze bietet mentale und emotionale Vorteile. Ihr Verzehr erh\u00f6ht die Blutzirkulation im Gehirn und steigert folglich die Funktion der Neurotransmitter.<br \/>\nHerz- und Kreislaufst\u00f6rungen, Rheuma, Verstopfung und Reizung des Herzens, Herzklopfen, \u00dcbererregung, Lungenentz\u00fcndung, Stauungsasthma, chronische Atemnot und Kopfschmerzen. Hervorragend geeignet bei Herzbeschwerden aufgrund des Missbrauchs von Kaffee, Tee und alkoholischen Getr\u00e4nken. Es lindert Herzreizungen, ohne das Nervensystem zu sch\u00e4digen.<\/p>\n<p><a href=\"http:\/\/orisha-ossain.com\/wp-content\/uploads\/2023\/06\/selenicereusgrandiflorusvirgingordabvi20.jpg\"><img decoding=\"async\" class=\"aligncenter wp-image-202 size-medium\" src=\"http:\/\/orisha-ossain.com\/wp-content\/uploads\/2023\/06\/selenicereusgrandiflorusvirgingordabvi20-300x225.jpg\" alt=\"Bl\u00fchender Kaktus Selenicereus grandiflorus mit menschlicher Hand im Bild, um die Gr\u00f6\u00dfe zu zeigen, Rap\u00e9 murici Kaktus\" width=\"300\" height=\"225\" srcset=\"https:\/\/orisha-ossain.com\/wp-content\/uploads\/2023\/06\/selenicereusgrandiflorusvirgingordabvi20-300x225.jpg 300w, https:\/\/orisha-ossain.com\/wp-content\/uploads\/2023\/06\/selenicereusgrandiflorusvirgingordabvi20.jpg 640w\" sizes=\"(max-width: 300px) 100vw, 300px\" \/><\/a><\/p>\n<p>Die K\u00f6nigin der Nacht (Selenicereus grandiflorus) ist ein kletternder, kriechender, halbepiphytischer, zerrissener Kaktus. Die schlanken, bis zu 1 m langen, schlanken, f\u00fcnf- bis achtrippigen und im Querschnitt dreieckigen oder viereckigen St\u00e4mme klettern an Baumst\u00e4mmen oder Mauern in die H\u00f6he und bilden ein dichtes Geflecht aus Zweigen. An den Knoten und Enden bilden sich oft Wurzeln, mit denen sich die Pflanze am Substrat festh\u00e4lt.<\/p>\n<figure id=\"attachment_204\" aria-describedby=\"caption-attachment-204\" style=\"width: 640px\" class=\"wp-caption aligncenter\"><a href=\"http:\/\/orisha-ossain.com\/wp-content\/uploads\/2023\/06\/selenicereusgrandiflorusvirgingordabvi23.jpg\"><img decoding=\"async\" class=\"wp-image-204 size-full\" src=\"http:\/\/orisha-ossain.com\/wp-content\/uploads\/2023\/06\/selenicereusgrandiflorusvirgingordabvi23.jpg\" alt=\"die Katukina verwenden den getrockneten Catus in ihrem rap\u00e9-Murici-Kaktus \" width=\"640\" height=\"480\" srcset=\"https:\/\/orisha-ossain.com\/wp-content\/uploads\/2023\/06\/selenicereusgrandiflorusvirgingordabvi23.jpg 640w, https:\/\/orisha-ossain.com\/wp-content\/uploads\/2023\/06\/selenicereusgrandiflorusvirgingordabvi23-300x225.jpg 300w\" sizes=\"(max-width: 640px) 100vw, 640px\" \/><\/a><figcaption id=\"caption-attachment-204\" class=\"wp-caption-text\">Der Kaktus bildet sehr gro\u00dfe Bl\u00fcten, die sich nachts \u00f6ffnen und meist nur wenige Stunden ge\u00f6ffnet bleiben. Die Bl\u00fcte erreicht eine L\u00e4nge von 25 cm und einen Durchmesser von 30 cm an der Spitze.<\/figcaption><\/figure>\n<blockquote class=\"wp-embedded-content\" data-secret=\"YrqiWdHfqL\"><p><a href=\"https:\/\/orisha-ossain.com\/de\/the-katukina\/\">Die Katukina<\/a><\/p><\/blockquote>\n<p><iframe class=\"wp-embedded-content\" sandbox=\"allow-scripts\" security=\"restricted\" style=\"position: absolute; visibility: hidden;\" title=\"&quot;Die Katukina&quot; - Orisha Ossain\" src=\"https:\/\/orisha-ossain.com\/the-katukina\/embed\/#?secret=Vt4KJszWqT#?secret=YrqiWdHfqL\" data-secret=\"YrqiWdHfqL\" width=\"600\" height=\"338\" frameborder=\"0\" marginwidth=\"0\" marginheight=\"0\" scrolling=\"no\"><\/iframe><\/p>\n<h2 style=\"text-align: center;\"><a href=\"http:\/\/orisha-ossain.com\/de\/product-category\/tepi\/\">Tepi<\/a> und <a href=\"http:\/\/orisha-ossain.com\/de\/product-category\/tepi\/\">Kuripe<span style=\"font-size: 16px;\">\u00a0<\/span><\/a><\/h2>\n<p style=\"text-align: center;\">Werfen Sie einen Blick auf die Kollektion von Tepi und Kuripe. Verschiedene Stile von verschiedenen K\u00fcnstlern sind verf\u00fcgbar. <a style=\"font-weight: bold; font-family: var(--global-body-font-family);\" href=\"http:\/\/orisha-ossain.com\/wp-content\/uploads\/2023\/06\/Tepi-Blessings.jpg\"><img decoding=\"async\" class=\"wp-image-55 size-medium aligncenter\" src=\"http:\/\/orisha-ossain.com\/wp-content\/uploads\/2023\/06\/Tepi-Blessings-300x199.jpg\" alt=\"Tepis erhalten Segen von ihren Sch\u00f6pfern\" width=\"300\" height=\"199\" srcset=\"https:\/\/orisha-ossain.com\/wp-content\/uploads\/2023\/06\/Tepi-Blessings-300x199.jpg 300w, https:\/\/orisha-ossain.com\/wp-content\/uploads\/2023\/06\/Tepi-Blessings.jpg 640w\" sizes=\"(max-width: 300px) 100vw, 300px\" \/><\/a><span style=\"font-size: 14px; font-family: var(--global-body-font-family);\">Tepis erhalten Segen von ihren Sch\u00f6pfern<\/span><\/p>","protected":false},"excerpt":{"rendered":"<p>Rap\u00e9 Murici Cactus ist eine einmalige rap\u00e9 mit mittlerer bis starker St\u00e4rke. Eine Mischung aus Moi Mapacho und Murici ash. Was diese rap\u00e9 aus der Katukini besonders macht, ist die Zugabe des pulverisierten Kaktus.<\/p>\n<p>Zusammensetzung: Selenicereus grandiflorus, Murici ash und Corda.<\/p>","protected":false},"featured_media":35643,"template":"","meta":{"_seopress_robots_primary_cat":"none","_seopress_titles_title":"Rap\u00e9 Murici Cactus - Katukina - Tribal Rap\u00e9 From the Amazon","_seopress_titles_desc":"Rap\u00e9 Murici Cactus is a one of a kind rap\u00e9 with medium to strong strength. A mix of corda mapacho with Murici ash.","_seopress_robots_index":"","_kad_blocks_custom_css":"","_kad_blocks_head_custom_js":"","_kad_blocks_body_custom_js":"","_kad_blocks_footer_custom_js":"","_kad_post_transparent":"default","_kad_post_title":"","_kad_post_layout":"default","_kad_post_sidebar_id":"","_kad_post_content_style":"default","_kad_post_vertical_padding":"default","_kad_post_feature":"","_kad_post_feature_position":"","_kad_post_header":false,"_kad_post_footer":false,"_kad_post_classname":""},"product_brand":[],"product_cat":[50],"product_tag":[55],"class_list":{"0":"post-709","1":"product","2":"type-product","3":"status-publish","4":"has-post-thumbnail","6":"product_cat-rape","7":"product_tag-katukina","9":"first","10":"instock","11":"taxable","12":"shipping-taxable","13":"purchasable","14":"product-type-variable","15":"entry","16":"content-bg","17":"loop-entry"},"taxonomy_info":{"product_cat":[{"value":50,"label":"Rap\u00e9"}],"product_tag":[{"value":55,"label":"Katukina"}]},"featured_image_src_large":["https:\/\/orisha-ossain.com\/wp-content\/uploads\/2024\/11\/Murici-Cactus_Orisha_Ossain.png",736,736,false],"author_info":[],"comment_info":"","_links":{"self":[{"href":"https:\/\/orisha-ossain.com\/de\/wp-json\/wp\/v2\/product\/709","targetHints":{"allow":["GET"]}}],"collection":[{"href":"https:\/\/orisha-ossain.com\/de\/wp-json\/wp\/v2\/product"}],"about":[{"href":"https:\/\/orisha-ossain.com\/de\/wp-json\/wp\/v2\/types\/product"}],"wp:featuredmedia":[{"embeddable":true,"href":"https:\/\/orisha-ossain.com\/de\/wp-json\/wp\/v2\/media\/35643"}],"wp:attachment":[{"href":"https:\/\/orisha-ossain.com\/de\/wp-json\/wp\/v2\/media?parent=709"}],"wp:term":[{"taxonomy":"product_brand","embeddable":true,"href":"https:\/\/orisha-ossain.com\/de\/wp-json\/wp\/v2\/product_brand?post=709"},{"taxonomy":"product_cat","embeddable":true,"href":"https:\/\/orisha-ossain.com\/de\/wp-json\/wp\/v2\/product_cat?post=709"},{"taxonomy":"product_tag","embeddable":true,"href":"https:\/\/orisha-ossain.com\/de\/wp-json\/wp\/v2\/product_tag?post=709"}],"curies":[{"name":"wp","href":"https:\/\/api.w.org\/{rel}","templated":true}]}}