{"id":701,"date":"2023-07-05T17:25:21","date_gmt":"2023-07-05T15:25:21","guid":{"rendered":"http:\/\/orisha-ossain.com\/?post_type=product&#038;p=701"},"modified":"2026-04-11T23:47:50","modified_gmt":"2026-04-11T21:47:50","slug":"rape-parika-katukina","status":"publish","type":"product","link":"https:\/\/orisha-ossain.com\/de\/product\/rape-parika-katukina\/","title":{"rendered":"Rap\u00e9 Parika Katukina"},"content":{"rendered":"<h2>Rap\u00e9 Parika Katukina<\/h2>\n<p>Dieser Rap\u00e9 Parika Katukina unterscheidet sich ein wenig von anderen Parika Rap\u00e9, die ich kenne. Neben dem Parika ashes und dem moi mapacho wurde dem Katukina ein wenig Eukalyptus zugef\u00fcgt. Die fein gemahlenen Bl\u00e4tter verleihen diesem Schnupftabak ein leichtes Aroma. Nicht zu viel, um als aromatischer Schnupftabak bezeichnet zu werden, aber gerade genug, um dir den warmen Buzz dieses duftenden Eukalyptus zu geben.<\/p>\n<p>Parika Rap\u00e9 (Schizolobium amazonicum) ist bekannt f\u00fcr seine Kraft und seine antibakteriellen Inhaltsstoffe.<br \/>\nParika ashes haben eine hohe Schwingung und helfen bei der Befreiung von negativen und festgefahrenen Energien in K\u00f6rper und Geist.<\/p>","protected":false},"excerpt":{"rendered":"<p>Eine wunderbare Erg\u00e4nzung aus dem Katukina-Stamm. Ein Parika-Schnupftabak mit ein wenig Eukalyptus.<\/p>","protected":false},"featured_media":35653,"template":"","meta":{"_seopress_robots_primary_cat":"none","_seopress_titles_title":"Rap\u00e9 Parika Katukina - Tribal Energy from the Amazon Forest","_seopress_titles_desc":"Rap\u00e9 parika is great addition from the Katukina tribe. A different type of parika snuff with a bit of Eucalyptus.","_seopress_robots_index":"","_kad_blocks_custom_css":"","_kad_blocks_head_custom_js":"","_kad_blocks_body_custom_js":"","_kad_blocks_footer_custom_js":"","_kad_post_transparent":"default","_kad_post_title":"","_kad_post_layout":"default","_kad_post_sidebar_id":"","_kad_post_content_style":"default","_kad_post_vertical_padding":"default","_kad_post_feature":"","_kad_post_feature_position":"","_kad_post_header":false,"_kad_post_footer":false,"_kad_post_classname":""},"product_brand":[],"product_cat":[50],"product_tag":[55],"class_list":{"0":"post-701","1":"product","2":"type-product","3":"status-publish","4":"has-post-thumbnail","6":"product_cat-rape","7":"product_tag-katukina","9":"first","10":"instock","11":"taxable","12":"shipping-taxable","13":"purchasable","14":"product-type-variable","15":"entry","16":"content-bg","17":"loop-entry"},"taxonomy_info":{"product_cat":[{"value":50,"label":"Rap\u00e9"}],"product_tag":[{"value":55,"label":"Katukina"}]},"featured_image_src_large":["https:\/\/orisha-ossain.com\/wp-content\/uploads\/2024\/11\/Parika-Katukina_Orisha_Ossain.png",736,736,false],"author_info":[],"comment_info":"","_links":{"self":[{"href":"https:\/\/orisha-ossain.com\/de\/wp-json\/wp\/v2\/product\/701","targetHints":{"allow":["GET"]}}],"collection":[{"href":"https:\/\/orisha-ossain.com\/de\/wp-json\/wp\/v2\/product"}],"about":[{"href":"https:\/\/orisha-ossain.com\/de\/wp-json\/wp\/v2\/types\/product"}],"wp:featuredmedia":[{"embeddable":true,"href":"https:\/\/orisha-ossain.com\/de\/wp-json\/wp\/v2\/media\/35653"}],"wp:attachment":[{"href":"https:\/\/orisha-ossain.com\/de\/wp-json\/wp\/v2\/media?parent=701"}],"wp:term":[{"taxonomy":"product_brand","embeddable":true,"href":"https:\/\/orisha-ossain.com\/de\/wp-json\/wp\/v2\/product_brand?post=701"},{"taxonomy":"product_cat","embeddable":true,"href":"https:\/\/orisha-ossain.com\/de\/wp-json\/wp\/v2\/product_cat?post=701"},{"taxonomy":"product_tag","embeddable":true,"href":"https:\/\/orisha-ossain.com\/de\/wp-json\/wp\/v2\/product_tag?post=701"}],"curies":[{"name":"wp","href":"https:\/\/api.w.org\/{rel}","templated":true}]}}