{"id":697,"date":"2023-07-05T17:19:03","date_gmt":"2023-07-05T15:19:03","guid":{"rendered":"http:\/\/orisha-ossain.com\/?post_type=product&#038;p=697"},"modified":"2026-04-09T12:58:02","modified_gmt":"2026-04-09T10:58:02","slug":"rape-nissural","status":"publish","type":"product","link":"https:\/\/orisha-ossain.com\/de\/product\/rape-nissural\/","title":{"rendered":"Rap\u00e9 Nissural"},"content":{"rendered":"<h2>Rap\u00e9 Nissural<\/h2>\n<p>Diese rap\u00e9 Nissural ist robuste schamanische Schnupftabak mit tiefen irdischen Empfindungen. Nissural ist ein Heilkraut. Es bringt lang anhaltende St\u00e4rke mit sch\u00f6ner entspannender Kraft. Nissural hilft, die Blutzirkulation zu verbessern. Es reduziert auch Stress und Kopfschmerzen. Es ist ein guter Besch\u00fctzer gegen negative Energien.<\/p>\n<p>Nissural ist eine Heilpflanze, die traditionell vom Stamm der Kaxinawa verwendet wird, aber auch als Bestandteil von Rap\u00e9 von verschiedenen St\u00e4mmen verwendet wird. Nissural gilt als Heilpflanze. Nach Ansicht der Kaxinawa hat Nissural die Kraft zu heilen, egal ob es in einem Rap\u00e9 oder zum Beispiel in einem Bad verwendet wird. In ihrer Sprache bedeutet Nissu Krankheit und ral bedeutet Heilung. Es ist also der Heiler von Krankheiten.<\/p>\n<h2>\u00dcber das Kraut Nissural<\/h2>\n<p>Nissural ist eine Heilpflanze, die traditionell vom Stamm der Kaxinawa verwendet wird, aber auch von verschiedenen St\u00e4mmen als Bestandteil von rap\u00e9 eingesetzt wird. Nissural gilt als Heilpflanze. Nach Ansicht der Kaxinawa hat Nissural die Kraft zu heilen, egal ob es in einem Rap\u00e9 oder zum Beispiel in einem Bad verwendet wird. In ihrer Sprache bedeutet Nissu Krankheit und ral bedeutet Heilung. Es ist also der Heiler von Krankheiten.<\/p>\n<p>Nissural ist eng verwandt mit dem Kraut Katsaral (Catsaral). \u00dcber dieses wunderbare Kraut gibt es keine weiteren (wissenschaftlichen) Informationen.<\/p>\n<p>K\u00fcrzlich erhielt ich ein kurzes Video von den Amazonaswald-Herstellern von rap\u00e9 nissural, das die Bl\u00e4tter der Pflanze zeigt.<\/p>\n<div style=\"width: 480px;\" class=\"wp-video\"><video class=\"wp-video-shortcode\" id=\"video-697-1\" width=\"480\" height=\"864\" preload=\"metadata\" controls=\"controls\"><source type=\"video\/mp4\" src=\"https:\/\/orisha-ossain.com\/wp-content\/uploads\/2024\/01\/Nissural-Katseral.mp4?_=1\" \/><a href=\"https:\/\/orisha-ossain.com\/wp-content\/uploads\/2024\/01\/Nissural-Katseral.mp4\">https:\/\/orisha-ossain.com\/wp-content\/uploads\/2024\/01\/Nissural-Katseral.mp4<\/a><\/video><\/div>","protected":false},"excerpt":{"rendered":"<p>Dieser Rap\u00e9 Nissural Katukina ist ein robuster schamanischer Schnupftabak mit tiefen, irdischen Empfindungen.<\/p>","protected":false},"featured_media":35648,"template":"","meta":{"_seopress_robots_primary_cat":"none","_seopress_titles_title":"Rap\u00e9 Nissural - Katukina - A Robust Snuff - Earthly Sensations","_seopress_titles_desc":"This Rap\u00e9 Nissural Katukina is robust shamanic snuff with deep earthly sensations. Nissural is a medicinal herb. It brings long-lasting strength.","_seopress_robots_index":"","_kad_blocks_custom_css":"","_kad_blocks_head_custom_js":"","_kad_blocks_body_custom_js":"","_kad_blocks_footer_custom_js":"","_kad_post_transparent":"default","_kad_post_title":"","_kad_post_layout":"default","_kad_post_sidebar_id":"","_kad_post_content_style":"default","_kad_post_vertical_padding":"default","_kad_post_feature":"","_kad_post_feature_position":"","_kad_post_header":false,"_kad_post_footer":false,"_kad_post_classname":""},"product_brand":[],"product_cat":[50],"product_tag":[55],"class_list":{"0":"post-697","1":"product","2":"type-product","3":"status-publish","4":"has-post-thumbnail","6":"product_cat-rape","7":"product_tag-katukina","9":"first","10":"instock","11":"taxable","12":"shipping-taxable","13":"purchasable","14":"product-type-variable","15":"entry","16":"content-bg","17":"loop-entry"},"taxonomy_info":{"product_cat":[{"value":50,"label":"Rap\u00e9"}],"product_tag":[{"value":55,"label":"Katukina"}]},"featured_image_src_large":["https:\/\/orisha-ossain.com\/wp-content\/uploads\/2024\/11\/Nissural-Katukina_Orisha_Ossain.png",736,736,false],"author_info":[],"comment_info":"","_links":{"self":[{"href":"https:\/\/orisha-ossain.com\/de\/wp-json\/wp\/v2\/product\/697","targetHints":{"allow":["GET"]}}],"collection":[{"href":"https:\/\/orisha-ossain.com\/de\/wp-json\/wp\/v2\/product"}],"about":[{"href":"https:\/\/orisha-ossain.com\/de\/wp-json\/wp\/v2\/types\/product"}],"wp:featuredmedia":[{"embeddable":true,"href":"https:\/\/orisha-ossain.com\/de\/wp-json\/wp\/v2\/media\/35648"}],"wp:attachment":[{"href":"https:\/\/orisha-ossain.com\/de\/wp-json\/wp\/v2\/media?parent=697"}],"wp:term":[{"taxonomy":"product_brand","embeddable":true,"href":"https:\/\/orisha-ossain.com\/de\/wp-json\/wp\/v2\/product_brand?post=697"},{"taxonomy":"product_cat","embeddable":true,"href":"https:\/\/orisha-ossain.com\/de\/wp-json\/wp\/v2\/product_cat?post=697"},{"taxonomy":"product_tag","embeddable":true,"href":"https:\/\/orisha-ossain.com\/de\/wp-json\/wp\/v2\/product_tag?post=697"}],"curies":[{"name":"wp","href":"https:\/\/api.w.org\/{rel}","templated":true}]}}