{"id":693,"date":"2023-07-05T16:48:33","date_gmt":"2023-07-05T14:48:33","guid":{"rendered":"http:\/\/orisha-ossain.com\/?post_type=product&#038;p=693"},"modified":"2026-04-19T02:08:19","modified_gmt":"2026-04-19T00:08:19","slug":"rape-parika-xtr-forte","status":"publish","type":"product","link":"https:\/\/orisha-ossain.com\/de\/product\/rape-parika-xtr-forte\/","title":{"rendered":"Rap\u00e9 Parika XTR Forte"},"content":{"rendered":"<h2>Rap\u00e9 Parika XTR Forte<\/h2>\n<p>Diese Rap\u00e9 Parika XTR forte stammt aus den H\u00e4nden eines Caboclo aus Cruzeiro do Sul im Norden von Arce. Ein Caboclo ist ein brasilianischer Ureinwohner gemischter Ethnien. Joa\u00f3 lebte seine gesamte Kindheit im Wald. Als er heranwuchs, kam er langsam aus dem Wald heraus. W\u00e4hrend seines Lebens hat er seine Verbindung zum Wald beibehalten. Dieser Rap\u00e9 dr\u00fcckt diese Energie auf eine starke Art und Weise aus.<br \/>\nDer gr\u00f6\u00dfte Teil der St\u00e4rke dieses Schnupftabaks kommt von einem speziellen Bio-Sabi\u00e1. Es ist das Verh\u00e4ltnis zwischen der Menge an Sabi\u00e1 und ashes und die Qualit\u00e4t von beiden, die dies zu einem au\u00dfergew\u00f6hnlichen Rap\u00e9 macht.<\/p>\n<p>Parika Rap\u00e9 (Schizolobium amazonicum) ist bekannt f\u00fcr seine Kraft und seine antibakteriellen Inhaltsstoffe.<br \/>\nDiese ashes haben eine hohe Schwingung und helfen bei der Befreiung von negativen und festgefahrenen Energien in K\u00f6rper und Geist.<\/p>\n<div class=\"mceTemp\"><\/div>\n<figure id=\"attachment_201\" aria-describedby=\"caption-attachment-201\" style=\"width: 300px\" class=\"wp-caption aligncenter\"><a href=\"http:\/\/orisha-ossain.com\/wp-content\/uploads\/2023\/06\/schizolobium-amazonicum-parica.jpg\"><img decoding=\"async\" class=\"wp-image-201 size-medium\" src=\"http:\/\/orisha-ossain.com\/wp-content\/uploads\/2023\/06\/schizolobium-amazonicum-parica-300x300.jpg\" alt=\"Suche nach einem Schizolobium amazonicum Baum. Die Rinde wird f\u00fcr rap\u00e9 parika xtr forte verwendet\" width=\"300\" height=\"300\" srcset=\"https:\/\/orisha-ossain.com\/wp-content\/uploads\/2023\/06\/schizolobium-amazonicum-parica-300x300.jpg 300w, https:\/\/orisha-ossain.com\/wp-content\/uploads\/2023\/06\/schizolobium-amazonicum-parica-100x100.jpg 100w, https:\/\/orisha-ossain.com\/wp-content\/uploads\/2023\/06\/schizolobium-amazonicum-parica-465x465.jpg 465w, https:\/\/orisha-ossain.com\/wp-content\/uploads\/2023\/06\/schizolobium-amazonicum-parica-1024x1024.jpg 1024w, https:\/\/orisha-ossain.com\/wp-content\/uploads\/2023\/06\/schizolobium-amazonicum-parica-150x150.jpg 150w, https:\/\/orisha-ossain.com\/wp-content\/uploads\/2023\/06\/schizolobium-amazonicum-parica-768x768.jpg 768w, https:\/\/orisha-ossain.com\/wp-content\/uploads\/2023\/06\/schizolobium-amazonicum-parica.jpg 1080w\" sizes=\"(max-width: 300px) 100vw, 300px\" \/><\/a><figcaption id=\"caption-attachment-201\" class=\"wp-caption-text\">Schizolobium amazonicum<\/figcaption><\/figure>\n<p style=\"text-align: center;\">","protected":false},"excerpt":{"rendered":"<p>Diese Rap\u00e9, Parika XTR forte stammt aus den H\u00e4nden eines Caboclo aus Cruzeiro do Sul im Norden von Arce. Ein Caboclo ist ein brasilianischer Ureinwohner gemischter Ethnien. Joa\u00f3 lebte seine gesamte Kindheit im Wald. Als er heranwuchs, kam er langsam aus dem Wald heraus.<\/p>","protected":false},"featured_media":35654,"template":"","meta":{"_seopress_robots_primary_cat":"none","_seopress_titles_title":"Rap\u00e9, Parika XTR - Caboclo - Intense Cleaning Frequency -","_seopress_titles_desc":"This Rap\u00e9 Parika XTR forte has a very high cleaning frequency. Parika ash is one of the strongest types of ash.","_seopress_robots_index":"","_kad_blocks_custom_css":"","_kad_blocks_head_custom_js":"","_kad_blocks_body_custom_js":"","_kad_blocks_footer_custom_js":"","_kad_post_transparent":"default","_kad_post_title":"","_kad_post_layout":"default","_kad_post_sidebar_id":"","_kad_post_content_style":"default","_kad_post_vertical_padding":"default","_kad_post_feature":"","_kad_post_feature_position":"","_kad_post_header":false,"_kad_post_footer":false,"_kad_post_classname":""},"product_brand":[],"product_cat":[50],"product_tag":[54],"class_list":{"0":"post-693","1":"product","2":"type-product","3":"status-publish","4":"has-post-thumbnail","6":"product_cat-rape","7":"product_tag-caboclo","9":"first","10":"instock","11":"taxable","12":"shipping-taxable","13":"purchasable","14":"product-type-variable","15":"entry","16":"content-bg","17":"loop-entry"},"taxonomy_info":{"product_cat":[{"value":50,"label":"Rap\u00e9"}],"product_tag":[{"value":54,"label":"Caboclo"}]},"featured_image_src_large":["https:\/\/orisha-ossain.com\/wp-content\/uploads\/2024\/11\/Parika-XTR-Forte_Orisha_Ossain.png",736,736,false],"author_info":[],"comment_info":"","_links":{"self":[{"href":"https:\/\/orisha-ossain.com\/de\/wp-json\/wp\/v2\/product\/693","targetHints":{"allow":["GET"]}}],"collection":[{"href":"https:\/\/orisha-ossain.com\/de\/wp-json\/wp\/v2\/product"}],"about":[{"href":"https:\/\/orisha-ossain.com\/de\/wp-json\/wp\/v2\/types\/product"}],"wp:featuredmedia":[{"embeddable":true,"href":"https:\/\/orisha-ossain.com\/de\/wp-json\/wp\/v2\/media\/35654"}],"wp:attachment":[{"href":"https:\/\/orisha-ossain.com\/de\/wp-json\/wp\/v2\/media?parent=693"}],"wp:term":[{"taxonomy":"product_brand","embeddable":true,"href":"https:\/\/orisha-ossain.com\/de\/wp-json\/wp\/v2\/product_brand?post=693"},{"taxonomy":"product_cat","embeddable":true,"href":"https:\/\/orisha-ossain.com\/de\/wp-json\/wp\/v2\/product_cat?post=693"},{"taxonomy":"product_tag","embeddable":true,"href":"https:\/\/orisha-ossain.com\/de\/wp-json\/wp\/v2\/product_tag?post=693"}],"curies":[{"name":"wp","href":"https:\/\/api.w.org\/{rel}","templated":true}]}}