{"id":689,"date":"2023-07-05T16:40:08","date_gmt":"2023-07-05T14:40:08","guid":{"rendered":"http:\/\/orisha-ossain.com\/?post_type=product&#038;p=689"},"modified":"2026-05-01T11:33:05","modified_gmt":"2026-05-01T09:33:05","slug":"rape-tsunu-jurema","status":"publish","type":"product","link":"https:\/\/orisha-ossain.com\/de\/product\/rape-tsunu-jurema\/","title":{"rendered":"Rap\u00e9 Tsunu Jurema"},"content":{"rendered":"<h2>Rap\u00e9 Tsunu Jurema<\/h2>\n<p>Diese Tsunu Jurema-Mischung wurde von einem brasilianischen Freund empfangen und entwickelt. Nach einigen Treffen mit den Mitgliedern des Fulni-\u00f4-Stammes, die traditionell kein rape verwenden, aber heutzutage mit vielen schamanischen Versammlungen in Brasilien, haben sie diese Medizin in ihr Behandlungsspektrum aufgenommen.<br \/>\nDieser Stamm ist bekannt f\u00fcr sein Wissen \u00fcber die Jurema-Medizin. In Brasilien ist der Fulni-\u00f4-Stamm als legitimer H\u00fcter dieser Wissenschaft anerkannt.<\/p>\n<p><a href=\"http:\/\/orisha-ossain.com\/wp-content\/uploads\/2023\/06\/chimp.jpg\"><img decoding=\"async\" class=\"aligncenter wp-image-170 size-full\" src=\"http:\/\/orisha-ossain.com\/wp-content\/uploads\/2023\/06\/chimp.jpg\" alt=\"Nahaufnahme Baum. tsunu Jurema\" width=\"584\" height=\"170\" srcset=\"https:\/\/orisha-ossain.com\/wp-content\/uploads\/2023\/06\/chimp.jpg 584w, https:\/\/orisha-ossain.com\/wp-content\/uploads\/2023\/06\/chimp-300x87.jpg 300w\" sizes=\"(max-width: 584px) 100vw, 584px\" \/><\/a><\/p>\n<p>Mit all den Vorteilen von Tsunu ash ist diese rap\u00e9 Mischung auch mit dem Jurema (Mimosa hostilis) Stamm ash gemacht. Die Mimosa ash kann Erfahrungen von luziden Tr\u00e4umen bieten und \u00f6ffnet die Wege zu tieferen Tr\u00e4umen mit gro\u00dfer Naturverbindung.<br \/>\nDie Entscheidung des Herstellers, Jrema trunk ashes zusammen mit Tsunu ash zu verwenden, ist ganz einfach. Seiner Erfahrung nach w\u00fcrde es einem Schnupftabak mit nur Jurema ash und Arapiraca Mapacho an Kraft mangeln. Der Zusatz des Tsunu ash macht ihn zu einem ausgewogenen und starken rap\u00e9.<\/p>\n<p>Wenn Sie mehr \u00fcber den Fulni-\u00f4-Stamm wissen m\u00f6chten, lesen Sie bitte <a href=\"https:\/\/pib.socioambiental.org\/en\/Povo:Fulni-\u00f4\">hier.<\/a><\/p>","protected":false},"excerpt":{"rendered":"<p>Mit all den Vorteilen von Tsunu ist diese rap\u00e9-Mischung auch mit dem Jurema (Mimosa hostilis) Stamm ash gemacht.<\/p>\n<p>Diese Tsunu Jurema-Mischung wurde von einem brasilianischen Freund erhalten und entwickelt. Nach einigen Begegnungen mit den Mitgliedern des Fulni-\u00f4-Stammes, die rape traditionell nicht verwenden, haben sie bei vielen schamanischen Versammlungen in Brasilien diese Medizin in ihr Behandlungsspektrum aufgenommen.<\/p>","protected":false},"featured_media":35673,"template":"","meta":{"_seopress_robots_primary_cat":"none","_seopress_titles_title":"Rap\u00e9 Tsunu Jurema - Caboclo - Mimosa Hostilis Ash - Orisha Ossain","_seopress_titles_desc":"This rap\u00e9 Tsunu Jurema is a rare blend utilizing 2 types of ash. This is the only place you will find this delicate rap\u00e9","_seopress_robots_index":"","_kad_blocks_custom_css":"","_kad_blocks_head_custom_js":"","_kad_blocks_body_custom_js":"","_kad_blocks_footer_custom_js":"","_kad_post_transparent":"default","_kad_post_title":"","_kad_post_layout":"default","_kad_post_sidebar_id":"","_kad_post_content_style":"default","_kad_post_vertical_padding":"default","_kad_post_feature":"","_kad_post_feature_position":"","_kad_post_header":false,"_kad_post_footer":false,"_kad_post_classname":""},"product_brand":[],"product_cat":[50],"product_tag":[54],"class_list":{"0":"post-689","1":"product","2":"type-product","3":"status-publish","4":"has-post-thumbnail","6":"product_cat-rape","7":"product_tag-caboclo","9":"first","10":"instock","11":"taxable","12":"shipping-taxable","13":"purchasable","14":"product-type-variable","15":"entry","16":"content-bg","17":"loop-entry"},"taxonomy_info":{"product_cat":[{"value":50,"label":"Rap\u00e9"}],"product_tag":[{"value":54,"label":"Caboclo"}]},"featured_image_src_large":["https:\/\/orisha-ossain.com\/wp-content\/uploads\/2024\/11\/Tsunu-Jurema_Orisha_Ossain.png",736,736,false],"author_info":[],"comment_info":"","_links":{"self":[{"href":"https:\/\/orisha-ossain.com\/de\/wp-json\/wp\/v2\/product\/689","targetHints":{"allow":["GET"]}}],"collection":[{"href":"https:\/\/orisha-ossain.com\/de\/wp-json\/wp\/v2\/product"}],"about":[{"href":"https:\/\/orisha-ossain.com\/de\/wp-json\/wp\/v2\/types\/product"}],"wp:featuredmedia":[{"embeddable":true,"href":"https:\/\/orisha-ossain.com\/de\/wp-json\/wp\/v2\/media\/35673"}],"wp:attachment":[{"href":"https:\/\/orisha-ossain.com\/de\/wp-json\/wp\/v2\/media?parent=689"}],"wp:term":[{"taxonomy":"product_brand","embeddable":true,"href":"https:\/\/orisha-ossain.com\/de\/wp-json\/wp\/v2\/product_brand?post=689"},{"taxonomy":"product_cat","embeddable":true,"href":"https:\/\/orisha-ossain.com\/de\/wp-json\/wp\/v2\/product_cat?post=689"},{"taxonomy":"product_tag","embeddable":true,"href":"https:\/\/orisha-ossain.com\/de\/wp-json\/wp\/v2\/product_tag?post=689"}],"curies":[{"name":"wp","href":"https:\/\/api.w.org\/{rel}","templated":true}]}}