{"id":650,"date":"2023-07-04T20:56:25","date_gmt":"2023-07-04T18:56:25","guid":{"rendered":"http:\/\/orisha-ossain.com\/?post_type=product&#038;p=650"},"modified":"2026-04-30T08:54:27","modified_gmt":"2026-04-30T06:54:27","slug":"rape-guaratuaba","status":"publish","type":"product","link":"https:\/\/orisha-ossain.com\/de\/product\/rape-guaratuaba\/","title":{"rendered":"Rap\u00e9 Guaratuaba"},"content":{"rendered":"<h2>Rap\u00e9 Guaratuaba<\/h2>\n<p>Rap\u00e9 Guaratuaba ist ein von einem brasilianischen Freund Carlito. Die Grundlage dieses erhebenden Schnupftabaks besteht aus sonnengetrocknetem Sabi\u00e1 und Tsunu ash. Rape Guaratuaba ist eine Mischung aus 2 Pflanzen, Guarana und Catuaba. Pflanzen mit einer langen Geschichte der heiligen Verwendung durch den Tupi-guarani-Stamm im brasilianischen Amazonasbecken.<\/p>\n<p>Catuaba ist eigentlich kein Wort f\u00fcr eine Pflanze. Es ist ein Aufguss aus einer Mischung von verschiedenen Arten der Rinde von verschiedenen medizinischen B\u00e4umen und hat seine Wurzeln in Guarani Stammeskultur. Ein Trockenextrakt aus diesem Aufguss ist Teil dieses rap\u00e9.<br \/>\nDas Guarana in diesem Rap\u00e9 stammt ebenfalls aus einem biologischen Guarana-Extrakt. Guarana und Catuaba wirken als Tonikum, ein St\u00e4rkungsmittel. Sie erzeugen und aktivieren die Lebensenergie, steigern den Sexualtrieb und unterst\u00fctzen das Herz.<\/p>\n<figure id=\"attachment_177\" aria-describedby=\"caption-attachment-177\" style=\"width: 300px\" class=\"wp-caption alignright\"><a href=\"http:\/\/orisha-ossain.com\/wp-content\/uploads\/2023\/06\/guarana.jpeg\"><img decoding=\"async\" class=\"wp-image-177 size-medium\" src=\"http:\/\/orisha-ossain.com\/wp-content\/uploads\/2023\/06\/guarana-300x203.jpeg\" alt=\"Guarana-Beeren mit Schwarzaugensamen Rap\u00e9 Guaratuaba\" width=\"300\" height=\"203\" srcset=\"https:\/\/orisha-ossain.com\/wp-content\/uploads\/2023\/06\/guarana-300x203.jpeg 300w, https:\/\/orisha-ossain.com\/wp-content\/uploads\/2023\/06\/guarana.jpeg 568w\" sizes=\"(max-width: 300px) 100vw, 300px\" \/><\/a><figcaption id=\"caption-attachment-177\" class=\"wp-caption-text\">Guarana-Beeren mit Schwarzaugensamen<\/figcaption><\/figure>\n<h2>\u00dcber Guara\/ Paullinia Cupanana<\/h2>\n<p>Das Wort \"Guarana\" leitet sich von dem indigenen Wort \"wara'n\u00e1\" ab, das vom Stamm der Tupi-Guarani aus dem Amazonasgebiet stammt. Bei diesem Stamm erf\u00fcllt Guarana eine sehr heilige und besondere Rolle als \u00e4u\u00dferst kraftvolle und magische Pflanze.  Guarana ist der nussartige Samen einer Kletterpflanze, die im Amazonasbecken in Brasilien w\u00e4chst.<br \/>\nDie Tupi-Guarani-Indianer verwenden Guarana seit Jahrhunderten. Sie lobten es als nat\u00fcrliches Energiemittel. Guarana enth\u00e4lt auch Koffein.  Die Koffeinkonzentration in den Beeren von Guarana ist viel h\u00f6her als die in Kaffee, Tee oder Softdrinks.<\/p>\n<h2>Der Mythos von Guarana<\/h2>\n<p>Ein junges und gl\u00fcckliches Indianerpaar vom Stamm der Mau\u00e9s im Amazonasgebiet hatte einen Kinderwunsch. Leider lebten sie viele Jahre, ohne ein Kind zu bekommen. Die Zeit verging und eines regnerischen Tages beschlossen sie, Tup\u00e3 zu bitten, ihnen ein Kind zu schenken. Tup\u00e3, der K\u00f6nig der G\u00f6tter, erh\u00f6rte voller G\u00fcte den Wunsch des Paares und schenkte ihnen einen wundersch\u00f6nen Sohn.<br \/>\nDie Zeit verging schnell und der Junge wurde sch\u00f6n, gro\u00dfz\u00fcgig und gut. Doch Jurupari, der Gott der Finsternis, empfand extremen Neid auf den Jungen und den Frieden und das Gl\u00fcck, das er vermittelte, und beschloss, dieses Leben in voller Bl\u00fcte zu ernten. Eines Tages ging der Junge in den Wald, um Fr\u00fcchte zu sammeln, und Jurupari nutzte die Gelegenheit, um seine Rache zu beginnen.<\/p>\n<p>Er verwandelte sich in eine Giftschlange, biss den Jungen und t\u00f6tete ihn auf der Stelle. Die traurige Nachricht verbreitete sich schnell. In diesem Moment ert\u00f6nte ein Donner und ein schwerer Blitz schlug in das Dorf ein. Die Mutter, die verzweifelt weinte, verstand, dass der Donner eine Botschaft von Tup\u00e3 war, die besagte, dass sie die Augen des Kindes einpflanzen sollte und dass eine neue Pflanze wachsen w\u00fcrde, die ihnen schmackhafte Fr\u00fcchte bringen w\u00fcrde.<br \/>\nDie Indianer gehorchten der Bitte ihrer Mutter und pflanzten die Augen des Jungen ein. An dieser Stelle wuchs die Guaran\u00e1, deren Samen schwarz sind und jeweils einen Ring um sich haben, der die menschlichen Augen imitiert.\u00a0<a href=\"http:\/\/www.sumauma.net\/amazonian\/lendas\/lendas-guarana.html\">(Quelle)<\/a><\/p>\n<h2>\u00dcber Catuaba<\/h2>\n<p>Catuaba ist das Guarani-Wort f\u00fcr Aufg\u00fcsse aus der Rinde einer Reihe von in Brasilien heimischen B\u00e4umen. Es bedeutet \"das, was dem Indianer Kraft gibt\". Die Schamanen der Guarani verwenden den Aufguss von Catuaba als Aphrodisiakum und Stimulans f\u00fcr das zentrale Nervensystem. Auch heute noch wird Catuaba in verschiedenen Nahrungserg\u00e4nzungsmitteln verwendet, um die sexuelle Energie zu steigern und die Leistungsf\u00e4higkeit zu erh\u00f6hen.<br \/>\nIm Laufe der Geschichte haben die Menschen versucht, ihre Libido zu steigern und die sexuelle Funktion durch die Verwendung von Pflanzen zu verbessern, die als Aphrodisiakum gelten. Der Catuaba ist im Amazonasbecken weit verbreitet und wird seit Jahrhunderten als sicheres und wirksames Aphrodisiakum verwendet.<\/p>\n<figure id=\"attachment_168\" aria-describedby=\"caption-attachment-168\" style=\"width: 300px\" class=\"wp-caption aligncenter\"><a href=\"http:\/\/orisha-ossain.com\/wp-content\/uploads\/2023\/06\/catuaba-shredded-bark-and-powder.jpg\"><img decoding=\"async\" class=\"wp-image-168 size-medium\" src=\"http:\/\/orisha-ossain.com\/wp-content\/uploads\/2023\/06\/catuaba-shredded-bark-and-powder-300x284.jpg\" alt=\"Catuaba-Schnitzel und -Pulver f\u00fcr rap\u00e9 Guaratuaba\" width=\"300\" height=\"284\" srcset=\"https:\/\/orisha-ossain.com\/wp-content\/uploads\/2023\/06\/catuaba-shredded-bark-and-powder-300x284.jpg 300w, https:\/\/orisha-ossain.com\/wp-content\/uploads\/2023\/06\/catuaba-shredded-bark-and-powder-768x728.jpg 768w, https:\/\/orisha-ossain.com\/wp-content\/uploads\/2023\/06\/catuaba-shredded-bark-and-powder.jpg 900w\" sizes=\"(max-width: 300px) 100vw, 300px\" \/><\/a><figcaption id=\"caption-attachment-168\" class=\"wp-caption-text\">Catuaba Schnitzel und Pulver<\/figcaption><\/figure>","protected":false},"excerpt":{"rendered":"<p>Die Grundlage dieses erhebenden Schnupftabaks besteht aus sonnengetrocknetem Sabi\u00e1 und Tsunu ash. Rape Guaratuaba ist eine Mischung aus 2 Pflanzen, Guarana und Catuaba.<\/p>","protected":false},"featured_media":35632,"template":"","meta":{"_seopress_robots_primary_cat":"none","_seopress_titles_title":"Rap\u00e9 - Guaratuaba - Guarana & Catuaba - Caboclo Snuff -","_seopress_titles_desc":"The foundation of this Guaratuaba snuff consists of sundried Sabi\u00e1 and Tsunu ash and The herbs Guarana & Catuaba","_seopress_robots_index":"","_kad_blocks_custom_css":"","_kad_blocks_head_custom_js":"","_kad_blocks_body_custom_js":"","_kad_blocks_footer_custom_js":"","_kad_post_transparent":"default","_kad_post_title":"","_kad_post_layout":"default","_kad_post_sidebar_id":"","_kad_post_content_style":"default","_kad_post_vertical_padding":"default","_kad_post_feature":"","_kad_post_feature_position":"","_kad_post_header":false,"_kad_post_footer":false,"_kad_post_classname":""},"product_brand":[],"product_cat":[50],"product_tag":[54],"class_list":{"0":"post-650","1":"product","2":"type-product","3":"status-publish","4":"has-post-thumbnail","6":"product_cat-rape","7":"product_tag-caboclo","9":"first","10":"instock","11":"featured","12":"taxable","13":"shipping-taxable","14":"purchasable","15":"product-type-variable","16":"entry","17":"content-bg","18":"loop-entry"},"taxonomy_info":{"product_cat":[{"value":50,"label":"Rap\u00e9"}],"product_tag":[{"value":54,"label":"Caboclo"}]},"featured_image_src_large":["https:\/\/orisha-ossain.com\/wp-content\/uploads\/2024\/11\/Guaratuaba_Orisha_Ossain.png",736,736,false],"author_info":[],"comment_info":"","_links":{"self":[{"href":"https:\/\/orisha-ossain.com\/de\/wp-json\/wp\/v2\/product\/650","targetHints":{"allow":["GET"]}}],"collection":[{"href":"https:\/\/orisha-ossain.com\/de\/wp-json\/wp\/v2\/product"}],"about":[{"href":"https:\/\/orisha-ossain.com\/de\/wp-json\/wp\/v2\/types\/product"}],"wp:featuredmedia":[{"embeddable":true,"href":"https:\/\/orisha-ossain.com\/de\/wp-json\/wp\/v2\/media\/35632"}],"wp:attachment":[{"href":"https:\/\/orisha-ossain.com\/de\/wp-json\/wp\/v2\/media?parent=650"}],"wp:term":[{"taxonomy":"product_brand","embeddable":true,"href":"https:\/\/orisha-ossain.com\/de\/wp-json\/wp\/v2\/product_brand?post=650"},{"taxonomy":"product_cat","embeddable":true,"href":"https:\/\/orisha-ossain.com\/de\/wp-json\/wp\/v2\/product_cat?post=650"},{"taxonomy":"product_tag","embeddable":true,"href":"https:\/\/orisha-ossain.com\/de\/wp-json\/wp\/v2\/product_tag?post=650"}],"curies":[{"name":"wp","href":"https:\/\/api.w.org\/{rel}","templated":true}]}}