{"id":642,"date":"2023-07-04T20:25:45","date_gmt":"2023-07-04T18:25:45","guid":{"rendered":"http:\/\/orisha-ossain.com\/?post_type=product&#038;p=642"},"modified":"2026-04-16T13:48:01","modified_gmt":"2026-04-16T11:48:01","slug":"rape-jatoba","status":"publish","type":"product","link":"https:\/\/orisha-ossain.com\/de\/product\/rape-jatoba\/","title":{"rendered":"Rap\u00e9 Jatob\u00e1"},"content":{"rendered":"<h2>Rap\u00e9 Jatob\u00e1<\/h2>\n<p>Organische Seil sabi\u00e1 und Rinde ashes von Hymenaea courbaril machen die Zusammensetzung der Rap\u00e9 Jatob\u00e1.<br \/>\nDies ist ein hellbrauner Rap\u00e9 mit sehr klarer Energie, die aus der Asche der Jatob\u00e1-Rinde stammt. In Rap\u00e9 ist es die Zusammensetzung der verschiedenen Zutaten, die seine einzigartige Frequenz\/Energie ausmachen.<br \/>\nDie Art des ash, das f\u00fcr Rap\u00e9 verwendet wird, spielt eine gro\u00dfe Rolle f\u00fcr seine Funktion. Beim Rap\u00e9 Jatob\u00e1 sind es die ashes der Rinde, die ihm seine besondere Signatur verleihen. Es ist ein Rap\u00e9, das f\u00fcr geistige und spirituelle Kraft verwendet werden kann. Jatab\u00e1 wirkt auf das Hals- und Frontalchakra. Ein weiterer ausgewogener Schnupftabak von Carlito.<\/p>\n<h2>\u00dcber den Macher<\/h2>\n<p>Carlito, mein Freund aus S\u00e3o Paulo, hat dieses rap\u00e9 geschaffen. Er ist tief in die Pflanzenmedizin und afro-brasilianische Praktiken eingetaucht und wurde angeleitet, das Handwerk des rap\u00e9 zu erforschen und zu beherrschen. Im Laufe der Jahre hat er seine F\u00e4higkeiten verfeinert und gelernt, qualitativ hochwertige Mischungen herzustellen, obwohl er keine direkten Verbindungen zu indigenen Gemeinschaften hat. Sein Weg spiegelt seine Hingabe wider, die spirituelle Essenz dieser heiligen Medizin zu ehren.<\/p>\n<p>Carlito erz\u00e4hlte von dem einzigartigen Ritual, das er vor der Freigabe seiner rap\u00e9 durchf\u00fchrt. In seinem Altarraum platziert er jede Charge in einem Raum, der von Kristallen umgeben ist und unter einer Pyramide steht. Dort bleibt das rap\u00e9 eine Woche lang und nimmt die Energien seiner Umgebung auf, bevor es seine Obhut verl\u00e4sst. Dieser sorgf\u00e4ltige Prozess spiegelt seinen Respekt und seine Verbundenheit mit den spirituellen Dimensionen seiner Arbeit wider.<\/p>\n<figure id=\"attachment_242\" aria-describedby=\"caption-attachment-242\" style=\"width: 640px\" class=\"wp-caption aligncenter\"><a href=\"http:\/\/orisha-ossain.com\/wp-content\/uploads\/2023\/06\/Carlito.jpg\"><img decoding=\"async\" class=\"wp-image-242 size-full\" src=\"https:\/\/orisha-ossain.com\/wp-content\/uploads\/2023\/06\/Carlito.jpg\" alt=\"Carlito Hersteller von rap\u00e9 Jurema Preta\" width=\"640\" height=\"640\" srcset=\"https:\/\/orisha-ossain.com\/wp-content\/uploads\/2023\/06\/Carlito.jpg 640w, https:\/\/orisha-ossain.com\/wp-content\/uploads\/2023\/06\/Carlito-300x300.jpg 300w, https:\/\/orisha-ossain.com\/wp-content\/uploads\/2023\/06\/Carlito-100x100.jpg 100w, https:\/\/orisha-ossain.com\/wp-content\/uploads\/2023\/06\/Carlito-465x465.jpg 465w, https:\/\/orisha-ossain.com\/wp-content\/uploads\/2023\/06\/Carlito-150x150.jpg 150w\" sizes=\"(max-width: 640px) 100vw, 640px\" \/><\/a><figcaption id=\"caption-attachment-242\" class=\"wp-caption-text\">Carlito im Gebet kurz vor Beginn der k\u00f6rperlichen Arbeit<\/figcaption><\/figure>\n<figure id=\"attachment_196\" aria-describedby=\"caption-attachment-196\" style=\"width: 300px\" class=\"wp-caption alignright\"><a href=\"http:\/\/orisha-ossain.com\/wp-content\/uploads\/2023\/06\/Rape-jatoba-Hymenaea-courbaril.png\"><img decoding=\"async\" class=\"wp-image-196 size-medium\" src=\"http:\/\/orisha-ossain.com\/wp-content\/uploads\/2023\/06\/Rape-jatoba-Hymenaea-courbaril-300x226.png\" alt=\"Blick auf den Stamm eines Hymenaea courbaril-Baumes. Das Fundament f\u00fcr Rap\u00e9 Jatob\u00e1\" width=\"300\" height=\"226\" srcset=\"https:\/\/orisha-ossain.com\/wp-content\/uploads\/2023\/06\/Rape-jatoba-Hymenaea-courbaril-300x226.png 300w, https:\/\/orisha-ossain.com\/wp-content\/uploads\/2023\/06\/Rape-jatoba-Hymenaea-courbaril-768x579.png 768w, https:\/\/orisha-ossain.com\/wp-content\/uploads\/2023\/06\/Rape-jatoba-Hymenaea-courbaril.png 1018w\" sizes=\"(max-width: 300px) 100vw, 300px\" \/><\/a><figcaption id=\"caption-attachment-196\" class=\"wp-caption-text\">Der Baum Hymenaea courbaril. Die Rinde ash wird f\u00fcr Rap\u00e9 Jatoba verwendet<\/figcaption><\/figure>\n<h2>\u00dcber Jatob\u00e1\/Hymenaea Courbaril<\/h2>\n<p>Jatoba, offiziell bekannt als Hymenaea courbaril. Er ist ein hoher Baum im Regenwald. Einige Hymenaea courbaril-B\u00e4ume erreichen eine H\u00f6he von bis zu 90 Fu\u00df.  Der Baum geh\u00f6rt zur Familie der Fabaceae. Hymenaea courbaril w\u00e4chst in Brasilien vom Norden bis zum S\u00fcdosten des Staatsgebiets. Seit dem Altertum wird Jatob\u00e1 in Naturheilmitteln gegen Husten, Bronchitis und viele andere Beschwerden eingesetzt.<br \/>\nEs ist auch ein gro\u00dfartiger Booster f\u00fcr nat\u00fcrliche Energie ohne Koffein oder andere sch\u00e4dliche Stimulanzien. Viele Menschen im Amazonasgebiet verwenden Jatoba auf verschiedene Weise. Ein Beispiel ist die Verwendung des Harzes von Hymenaea courbaril als Bestandteil von Liebestr\u00e4nken. Dieses Harz wird auch als Weihrauch bei Hochzeitszeremonien verbrannt.<\/p>\n<p>Die chemische Analyse von Hymenaea courbaril zeigt, dass es reich an biologisch aktiven Verbindungen ist, darunter Diterpene, Sesquiterpene, Flavonoide und Oligosaccharide. Jatoba hat auch bemerkenswerte antibakterielle und entz\u00fcndungshemmende Eigenschaften.<br \/>\nA <a href=\"https:\/\/www.ncbi.nlm.nih.gov\/pubmed\/19353365\" target=\"_blank\" rel=\"noopener noreferrer\">Studie<\/a>\u00a0Eine an der Universit\u00e4t Brasilia in Brasilien durchgef\u00fchrte Studie ergab, dass die in Jatoba enthaltenen sekund\u00e4ren Pflanzenstoffe, einschlie\u00dflich Phytins\u00e4ure, dazu beitragen k\u00f6nnten, Schwellungen und Reizungen zu verringern. Es kann auch bei der Bek\u00e4mpfung einer Vielzahl von Schadorganismen wie Bakterien und Viren hilfreich sein.<\/p>\n<p>Medizinischer Nutzen: Jatob\u00e1 ist eine hervorragende Quelle f\u00fcr Vitamin C und Mineralien wie Eisen, Phosphor, Kalium, Magnesium und Kalzium. Sie st\u00e4rkt das Immunsystem, reguliert den Blutdruck und unterst\u00fctzt die Gehirnleistung aufgrund des enthaltenen Magnesiums. Stark abschwellend und schleiml\u00f6send.<\/p>\n<figure id=\"attachment_198\" aria-describedby=\"caption-attachment-198\" style=\"width: 224px\" class=\"wp-caption aligncenter\"><a href=\"http:\/\/orisha-ossain.com\/wp-content\/uploads\/2023\/06\/Rape-jatoba-Hymenaea-courbaril-1.png\"><img decoding=\"async\" class=\"wp-image-198 size-medium\" src=\"http:\/\/orisha-ossain.com\/wp-content\/uploads\/2023\/06\/Rape-jatoba-Hymenaea-courbaril-1-224x300.png\" alt=\"2 Personen stehen neben einem Jatob\u00e1-Baum. Die Rinde wird zur Herstellung von ash f\u00fcr Rap\u00e9 Jatob\u00e1 verwendet.\" width=\"224\" height=\"300\" srcset=\"https:\/\/orisha-ossain.com\/wp-content\/uploads\/2023\/06\/Rape-jatoba-Hymenaea-courbaril-1-224x300.png 224w, https:\/\/orisha-ossain.com\/wp-content\/uploads\/2023\/06\/Rape-jatoba-Hymenaea-courbaril-1.png 574w\" sizes=\"(max-width: 224px) 100vw, 224px\" \/><\/a><figcaption id=\"caption-attachment-198\" class=\"wp-caption-text\">Ein ausgewachsener Hymenaea courbaril-Baum<\/figcaption><\/figure>","protected":false},"excerpt":{"rendered":"<p>Neue Charge mit einer verbesserten Rezeptur. Jetzt kommt dieser Schnupftabak mit Jatob\u00e1 ash und auch pulverisierte Jatob\u00e1 Rinde.<\/p>\n<p>Namen: Jatob\u00e1, Jatobazeiro und Jatob\u00e1-verdadeiro<br \/>\nHerkunft: Sa\u00f3 Paulo, Brasilien.<\/p>","protected":false},"featured_media":35635,"template":"","meta":{"_seopress_robots_primary_cat":"none","_seopress_titles_title":"Rap\u00e9 -Jatob\u00e1 - Hymenaea Courbaril - Caboclo - Orisha Ossain","_seopress_titles_desc":"Rap\u00e9 Jatob\u00e1. Improved recipe. This snuff comes with Jatob\u00e1 ash and also powdered Jatob\u00e1 bark. Names: Jatob\u00e1, Jatobazeiro\u00a0and Jatob\u00e1","_seopress_robots_index":"","_kad_blocks_custom_css":"","_kad_blocks_head_custom_js":"","_kad_blocks_body_custom_js":"","_kad_blocks_footer_custom_js":"","_kad_post_transparent":"default","_kad_post_title":"","_kad_post_layout":"default","_kad_post_sidebar_id":"","_kad_post_content_style":"default","_kad_post_vertical_padding":"default","_kad_post_feature":"","_kad_post_feature_position":"","_kad_post_header":false,"_kad_post_footer":false,"_kad_post_classname":""},"product_brand":[],"product_cat":[50],"product_tag":[54],"class_list":{"0":"post-642","1":"product","2":"type-product","3":"status-publish","4":"has-post-thumbnail","6":"product_cat-rape","7":"product_tag-caboclo","9":"first","10":"instock","11":"taxable","12":"shipping-taxable","13":"purchasable","14":"product-type-variable","15":"entry","16":"content-bg","17":"loop-entry"},"taxonomy_info":{"product_cat":[{"value":50,"label":"Rap\u00e9"}],"product_tag":[{"value":54,"label":"Caboclo"}]},"featured_image_src_large":["https:\/\/orisha-ossain.com\/wp-content\/uploads\/2024\/11\/Jatoba_Orisha_Ossain.png",736,736,false],"author_info":[],"comment_info":"","_links":{"self":[{"href":"https:\/\/orisha-ossain.com\/de\/wp-json\/wp\/v2\/product\/642","targetHints":{"allow":["GET"]}}],"collection":[{"href":"https:\/\/orisha-ossain.com\/de\/wp-json\/wp\/v2\/product"}],"about":[{"href":"https:\/\/orisha-ossain.com\/de\/wp-json\/wp\/v2\/types\/product"}],"wp:featuredmedia":[{"embeddable":true,"href":"https:\/\/orisha-ossain.com\/de\/wp-json\/wp\/v2\/media\/35635"}],"wp:attachment":[{"href":"https:\/\/orisha-ossain.com\/de\/wp-json\/wp\/v2\/media?parent=642"}],"wp:term":[{"taxonomy":"product_brand","embeddable":true,"href":"https:\/\/orisha-ossain.com\/de\/wp-json\/wp\/v2\/product_brand?post=642"},{"taxonomy":"product_cat","embeddable":true,"href":"https:\/\/orisha-ossain.com\/de\/wp-json\/wp\/v2\/product_cat?post=642"},{"taxonomy":"product_tag","embeddable":true,"href":"https:\/\/orisha-ossain.com\/de\/wp-json\/wp\/v2\/product_tag?post=642"}],"curies":[{"name":"wp","href":"https:\/\/api.w.org\/{rel}","templated":true}]}}