{"id":638,"date":"2023-07-04T20:04:05","date_gmt":"2023-07-04T18:04:05","guid":{"rendered":"http:\/\/orisha-ossain.com\/?post_type=product&#038;p=638"},"modified":"2026-03-15T23:22:40","modified_gmt":"2026-03-15T22:22:40","slug":"rape-jurema-preta","status":"publish","type":"product","link":"https:\/\/orisha-ossain.com\/de\/product\/rape-jurema-preta\/","title":{"rendered":"Rap\u00e9 Jurema Preta"},"content":{"rendered":"<h2>Rap\u00e9 Jurema Preta<\/h2>\n<p>Rap\u00e9 Jurema Preta setzt die Tradition der Jurema-Mischungen fort und erg\u00e4nzt die <a href=\"https:\/\/orisha-ossain.com\/de\/product\/rape-tsunu-jurema\/\" target=\"_blank\" rel=\"noopener\">Tsunu Jurema<\/a> und <a href=\"https:\/\/orisha-ossain.com\/de\/product\/rape-jurema-branca\/\" target=\"_blank\" rel=\"noopener\">Jurema Branca<\/a> hier angebotenen Sorten. Diese potente Mischung enth\u00e4lt die heiligen ashes von Jurema Preta (schwarzer Jurema), die eine Br\u00fccke zwischen indianischen und afro-brasilianischen kulturellen und spirituellen Praktiken schlagen.<\/p>\n<p>Rap\u00e9 Jurema Preta wurde entwickelt, um tiefgreifend auf das Herzchakra und das Chakra des dritten Auges zu wirken und f\u00f6rdert die energetische Ausrichtung und spirituelle Klarheit. Seine kraftvollen Eigenschaften helfen dabei, Wege f\u00fcr die mediale Entwicklung zu \u00f6ffnen, sich mit h\u00f6heren Dimensionen zu verbinden und das Bewusstsein zu erweitern.<\/p>\n<p>Durch die Verbindung von kulturellem Erbe und tiefem spirituellem Nutzen bietet Rap\u00e9 Jurema Preta eine transformative Erfahrung f\u00fcr alle, die sowohl k\u00f6rperliche Erdung als auch spirituelle Erhebung suchen.<\/p>\n<p><a href=\"http:\/\/orisha-ossain.com\/wp-content\/uploads\/2023\/06\/Jurema-Preta-flor.jpg\"><img decoding=\"async\" class=\"wp-image-252 size-medium aligncenter\" src=\"http:\/\/orisha-ossain.com\/wp-content\/uploads\/2023\/06\/Jurema-Preta-flor-242x300.jpg\" alt=\"Schamane mit Rap\u00e9 Jurema preta-Pflanze in der Hand\" width=\"242\" height=\"300\" srcset=\"https:\/\/orisha-ossain.com\/wp-content\/uploads\/2023\/06\/Jurema-Preta-flor-242x300.jpg 242w, https:\/\/orisha-ossain.com\/wp-content\/uploads\/2023\/06\/Jurema-Preta-flor.jpg 600w\" sizes=\"(max-width: 242px) 100vw, 242px\" \/><\/a><\/p>\n<h2>\u00dcber den Macher<\/h2>\n<p>Carlito, mein Freund aus S\u00e3o Paulo, hat dieses rap\u00e9 geschaffen. Er ist tief in die Pflanzenmedizin und afro-brasilianische Praktiken eingetaucht und wurde angeleitet, das Handwerk des rap\u00e9 zu erforschen und zu beherrschen. Im Laufe der Jahre hat er seine F\u00e4higkeiten verfeinert und gelernt, qualitativ hochwertige Mischungen herzustellen, obwohl er keine direkten Verbindungen zu indigenen Gemeinschaften hat. Sein Weg spiegelt seine Hingabe wider, die spirituelle Essenz dieser heiligen Medizin zu ehren.<\/p>\n<p>Carlito erz\u00e4hlte von dem einzigartigen Ritual, das er vor der Freigabe seiner rap\u00e9 durchf\u00fchrt. In seinem Altarraum platziert er jede Charge in einem Raum, der von Kristallen umgeben ist und unter einer Pyramide steht. Dort bleibt das rap\u00e9 eine Woche lang und nimmt die Energien seiner Umgebung auf, bevor es seine Obhut verl\u00e4sst. Dieser sorgf\u00e4ltige Prozess spiegelt seinen Respekt und seine Verbundenheit mit den spirituellen Dimensionen seiner Arbeit wider.<\/p>\n<figure id=\"attachment_242\" aria-describedby=\"caption-attachment-242\" style=\"width: 640px\" class=\"wp-caption aligncenter\"><a href=\"http:\/\/orisha-ossain.com\/wp-content\/uploads\/2023\/06\/Carlito.jpg\"><img decoding=\"async\" class=\"wp-image-242 size-full\" src=\"https:\/\/orisha-ossain.com\/wp-content\/uploads\/2023\/06\/Carlito.jpg\" alt=\"Carlito Hersteller von rap\u00e9 Jurema Preta\" width=\"640\" height=\"640\" srcset=\"https:\/\/orisha-ossain.com\/wp-content\/uploads\/2023\/06\/Carlito.jpg 640w, https:\/\/orisha-ossain.com\/wp-content\/uploads\/2023\/06\/Carlito-300x300.jpg 300w, https:\/\/orisha-ossain.com\/wp-content\/uploads\/2023\/06\/Carlito-100x100.jpg 100w, https:\/\/orisha-ossain.com\/wp-content\/uploads\/2023\/06\/Carlito-465x465.jpg 465w, https:\/\/orisha-ossain.com\/wp-content\/uploads\/2023\/06\/Carlito-150x150.jpg 150w\" sizes=\"(max-width: 640px) 100vw, 640px\" \/><\/a><figcaption id=\"caption-attachment-242\" class=\"wp-caption-text\">Carlito im Gebet kurz vor Beginn der k\u00f6rperlichen Arbeit<\/figcaption><\/figure>\n<h2>Jurema Preta (Schwarzer Jurema) Mimosa Tenuiflora<\/h2>\n<p>urema preta, der brasilianische Name f\u00fcr Mimosa tenuiflora, ist eine seltene und vielseitige Pflanze, die sowohl f\u00fcr ihre vision\u00e4ren Eigenschaften als auch f\u00fcr ihre bew\u00e4hrten medizinischen Anwendungen gesch\u00e4tzt wird. Dieser mehrj\u00e4hrige Baum oder Strauch gedeiht in tropischen Laubw\u00e4ldern, die sich vom Nordosten Brasiliens bis nach S\u00fcdmexiko erstrecken. Die Schwarze Jurema gedeiht als Opportunist, Pionierpflanze und widerstandsf\u00e4higer \u00dcberlebensk\u00fcnstler, der sich leicht vermehren l\u00e4sst, insbesondere aus Samen.<\/p>\n<h3>Taxonomie und Namen<\/h3>\n<p>Im Portugiesischen bezieht sich Jurema im Allgemeinen auf Mimosa tenuiflora, die auch unter dem Namen Mimosa hostilis bekannt ist. In Brasilien umfasst Jurema jedoch eine Gruppe \"empfindlicher\" Pflanzen aus der Unterfamilie der Mimosoidae.<\/p>\n<p>Die Mimosa tenuiflora wird oft als Schwarze Jurema (Jurema preta) bezeichnet. Auch Mimosa ophthalmocentra, die ebenfalls reich an Tryptaminen ist, wird als Rote Jurema (Jurema embira) bezeichnet. Der Forscher Sangirardi Jr. identifiziert die Wei\u00dfe Jurema (Jurema branca) als Pithecellobium diversifolium, w\u00e4hrend Jurema de Oleiras sich auf die seltenere Mimosa verrucosa bezieht.<\/p>\n<p>Interessanterweise verwenden verschiedene St\u00e4mme die Namen manchmal austauschbar. So kann beispielsweise Mimosa verrucosa auch Jurema branca oder Jurema preta genannt werden. Andere Quellen deuten darauf hin, dass auch Acacia farnesiana oder Piptadenia stipulacea als Jurema branca bezeichnet werden k\u00f6nnten, was die Vielseitigkeit der volkst\u00fcmlichen Nomenklatur der Pflanze verdeutlicht.<\/p>\n<p>In Mexiko ist Mimosa tenuiflora als Tepezcohuite oder Tepescohuite bekannt, was \"Baum der Haut\" bedeutet. Dieser Name bezieht sich auch auf den Pflanzenextrakt, der in der Regel aus der Rinde gewonnen wird und wegen seiner medizinischen und kosmetischen Vorteile weit verbreitet ist und vermarktet wird.<\/p>\n<figure id=\"attachment_182\" aria-describedby=\"caption-attachment-182\" style=\"width: 600px\" class=\"wp-caption aligncenter\"><a href=\"http:\/\/orisha-ossain.com\/wp-content\/uploads\/2023\/06\/jurema-preta-tree.jpg\"><img decoding=\"async\" class=\"wp-image-182 size-full\" src=\"https:\/\/orisha-ossain.com\/wp-content\/uploads\/2023\/06\/jurema-preta-tree.jpg\" alt=\"rap\u00e9 jurema preta wird aus der Rinde dieses Baumes hergestellt\" width=\"600\" height=\"361\" srcset=\"https:\/\/orisha-ossain.com\/wp-content\/uploads\/2023\/06\/jurema-preta-tree.jpg 600w, https:\/\/orisha-ossain.com\/wp-content\/uploads\/2023\/06\/jurema-preta-tree-300x181.jpg 300w\" sizes=\"(max-width: 600px) 100vw, 600px\" \/><\/a><figcaption id=\"caption-attachment-182\" class=\"wp-caption-text\">Jurema Preta (Schwarzer Jurema) \/ Mimosa tenuiflora<\/figcaption><\/figure>\n<h2>Traditionelle Verwendung<\/h2>\n<p>Im Nordosten Brasiliens wird der Vinho de Jurema, der Jurema-Wein, von den indigenen Kulturen seit langem als vision\u00e4res Getr\u00e4nk verwendet. Je nach Region variieren Zusammensetzung und Name des Getr\u00e4nks, aber der schwarze Jurema ist nach wie vor die h\u00e4ufigste Zutat. Die Menschen ernten die Wurzel oder die Rinde des Stammes und brauen ihn \u00fcber einen langen Zeitraum. In einigen afro-brasilianischen Kulten tr\u00e4nken die Anh\u00e4nger die Rinde in Zuckerrohralkohol, um eine Zubereitung namens Cauim herzustellen.<\/p>\n<h2>Eigenschaften<\/h2>\n<p>Sowohl die pulverisierte Rinde als auch die w\u00e4ssrigen Extrakte von Jurema spielen seit Jahrhunderten eine wichtige Rolle in der Volksmedizin. Heiler verwenden sie zur Behandlung von Verbrennungen, Geschw\u00fcren und Wunden mit au\u00dfergew\u00f6hnlichen Ergebnissen. Belege f\u00fcr seine Verwendung reichen bis in die Maya-Zivilisation zur\u00fcck, was seine historische Bedeutung belegt.<\/p>\n<p>In j\u00fcngerer Zeit hat die Rinde der Mimosa tenuiflora bahnbrechende Ergebnisse bei der Behandlung von Verbrennungen und Hautverletzungen geliefert. Sie spielte eine wichtige Rolle bei der Behandlung der Opfer der Gasexplosion in San Juanico 1982 und des Erdbebens 1985 in Mexiko.<\/p>\n<p>Studien zeigen, dass die heilenden Eigenschaften von Mimosa tenuiflora auf einer Kombination bioaktiver Verbindungen beruhen, darunter Tannine, Triterpensaponine, Steroidsaponine, Polyphenole, Phytosterole, Lipide und Alkaloide. Die pharmakologische Forschung unterstreicht ihre antimikrobielle, antimykotische, schmerzlindernde, regenerierende, vernarbende, entz\u00fcndungshemmende und Anti-Aging-Wirkung. Diese wissenschaftliche Best\u00e4tigung unterstreicht die kraftvolle traditionelle Medizin des schwarzen Jurema.<\/p>","protected":false},"excerpt":{"rendered":"<p>Rap\u00e9 Jurema Preta ist ein rap\u00e9-Typ, der der gleichen Linie folgt wie die anderen Jurema-Typen, die ich anbiete <a href=\"http:\/\/orisha-ossain.com\/de\/product\/rape-tsunu-jurema\/\">hier Tsunu Jurema<\/a> \/ <a href=\"http:\/\/orisha-ossain.com\/de\/product\/rape-jurema-branca\/\">Jurema Branca<\/a>. Diese Sorte enth\u00e4lt die ashes der Jurema Preta (schwarze Jurema).<\/p>\n<p>Rap\u00e9 Jurema Preta ist ein typischer Schnupftabak, der indianische und afro-brasilianische Kultur und Spiritualit\u00e4t miteinander verbindet.<\/p>","protected":false},"featured_media":35637,"template":"","meta":{"_seopress_robots_primary_cat":"none","_seopress_titles_title":"Rap\u00e9 Jurema Preta - Mimosa Tenuiflora - Caboclo - %%sitetitle%%","_seopress_titles_desc":"Rap\u00e9 Jurema Preta is a type of snuff incorporating the ashes of the Mimosa tenuiflora Shrub. This is a very rare blend","_seopress_robots_index":"","_kad_blocks_custom_css":"","_kad_blocks_head_custom_js":"","_kad_blocks_body_custom_js":"","_kad_blocks_footer_custom_js":"","_kad_post_transparent":"default","_kad_post_title":"","_kad_post_layout":"default","_kad_post_sidebar_id":"","_kad_post_content_style":"default","_kad_post_vertical_padding":"default","_kad_post_feature":"","_kad_post_feature_position":"","_kad_post_header":false,"_kad_post_footer":false,"_kad_post_classname":""},"product_brand":[],"product_cat":[50],"product_tag":[54],"class_list":{"0":"post-638","1":"product","2":"type-product","3":"status-publish","4":"has-post-thumbnail","6":"product_cat-rape","7":"product_tag-caboclo","9":"first","10":"instock","11":"taxable","12":"shipping-taxable","13":"purchasable","14":"product-type-variable","15":"entry","16":"content-bg","17":"loop-entry"},"taxonomy_info":{"product_cat":[{"value":50,"label":"Rap\u00e9"}],"product_tag":[{"value":54,"label":"Caboclo"}]},"featured_image_src_large":["https:\/\/orisha-ossain.com\/wp-content\/uploads\/2024\/11\/Jurema-Preta_Orisha_Ossain.png",736,736,false],"author_info":[],"comment_info":"","_links":{"self":[{"href":"https:\/\/orisha-ossain.com\/de\/wp-json\/wp\/v2\/product\/638","targetHints":{"allow":["GET"]}}],"collection":[{"href":"https:\/\/orisha-ossain.com\/de\/wp-json\/wp\/v2\/product"}],"about":[{"href":"https:\/\/orisha-ossain.com\/de\/wp-json\/wp\/v2\/types\/product"}],"wp:featuredmedia":[{"embeddable":true,"href":"https:\/\/orisha-ossain.com\/de\/wp-json\/wp\/v2\/media\/35637"}],"wp:attachment":[{"href":"https:\/\/orisha-ossain.com\/de\/wp-json\/wp\/v2\/media?parent=638"}],"wp:term":[{"taxonomy":"product_brand","embeddable":true,"href":"https:\/\/orisha-ossain.com\/de\/wp-json\/wp\/v2\/product_brand?post=638"},{"taxonomy":"product_cat","embeddable":true,"href":"https:\/\/orisha-ossain.com\/de\/wp-json\/wp\/v2\/product_cat?post=638"},{"taxonomy":"product_tag","embeddable":true,"href":"https:\/\/orisha-ossain.com\/de\/wp-json\/wp\/v2\/product_tag?post=638"}],"curies":[{"name":"wp","href":"https:\/\/api.w.org\/{rel}","templated":true}]}}