{"id":633,"date":"2023-07-04T19:45:03","date_gmt":"2023-07-04T17:45:03","guid":{"rendered":"http:\/\/orisha-ossain.com\/?post_type=product&#038;p=633"},"modified":"2026-04-16T20:27:58","modified_gmt":"2026-04-16T18:27:58","slug":"rape-ayo","status":"publish","type":"product","link":"https:\/\/orisha-ossain.com\/de\/product\/rape-ayo\/","title":{"rendered":"Rap\u00e9 Ayo"},"content":{"rendered":"<h2><span style=\"font-size: 12pt;\">Rap\u00e9 Ayo<\/span><\/h2>\n<p>Dieser Rap\u00e9 Ayo ist meine eigene Kreation. Ich arbeite jetzt seit etwa 18 Jahren mit rap\u00e9. Der n\u00e4chste Schritt, mein eigenes rap\u00e9 herzustellen, f\u00fchlt sich f\u00fcr mich sehr nat\u00fcrlich an. Bei der Entwicklung und Fertigstellung dieses Schnupftabaks habe ich mich nicht zur\u00fcckgehalten. Neben Sabi\u00e1 Mapacho und Parika ash, enth\u00e4lt dieser Schnupftabak auch Aya in 2 Formen und auch Yopo, daher der Name Ayo.<br \/>\nEs ist mit sehr altem und weisem Aya aufgegossen. Als zus\u00e4tzliche Zugabe enth\u00e4lt es auch getrocknete und pulverisierte Aya-Reste.<\/p>\n<p>F\u00fcr Leute, die tiefer gehen wollen, habe ich eine andere und st\u00e4rkere Version dieser Art von rap\u00e9 gemacht. Die aya for\u00e7a, die ich gemacht habe und die <a href=\"http:\/\/orisha-ossain.com\/de\/product\/rape-aya\/\">k\u00f6nnen hier gefunden werden<\/a> ist das Fundament von rap\u00e9 Ayo double. Dieser Schnupftabak ist nicht f\u00fcr jeden geeignet. Wenn Sie \u00fcberempfindlich auf Yopo sind, kann er Ihre Nase f\u00fcr mehrere Stunden verstopfen.<\/p>\n<p>Reines Yopo kann ein starker entheogener Schnupftabak sein, wenn man potente Samen bekommt und sie richtig zubereitet. Der Yopo, den ich verwende, ist voll aktiv und ziemlich potent. Die zus\u00e4tzliche Menge an Yopo hat die Funktion, die Erfahrung zu vertiefen und zu erweitern.<br \/>\nMit einem relativ geringen Anteil an Yopo bringt es gerade genug Kraft, um mit den anderen Kr\u00e4ften im Gleichgewicht zu bleiben. Dies ist ein sehr potenter Rap\u00e9, der vielleicht nicht f\u00fcr jeden geeignet ist. Es k\u00f6nnte auch stechen \/ brennen die Nase mehr als Sie es gewohnt sind.<\/p>\n<p><a href=\"http:\/\/orisha-ossain.com\/wp-content\/uploads\/2023\/07\/Ayohuasca-rape-pyrimad.jpg\"><img decoding=\"async\" class=\"aligncenter wp-image-637 size-medium\" src=\"http:\/\/orisha-ossain.com\/wp-content\/uploads\/2023\/07\/Ayohuasca-rape-pyrimad-300x225.jpg\" alt=\"uma vista de rap\u00e9 ayo em forma de pir\u00e2mide sendo energizado\" width=\"300\" height=\"225\" srcset=\"https:\/\/orisha-ossain.com\/wp-content\/uploads\/2023\/07\/Ayohuasca-rape-pyrimad-300x225.jpg 300w, https:\/\/orisha-ossain.com\/wp-content\/uploads\/2023\/07\/Ayohuasca-rape-pyrimad-768x576.jpg 768w, https:\/\/orisha-ossain.com\/wp-content\/uploads\/2023\/07\/Ayohuasca-rape-pyrimad.jpg 900w\" sizes=\"(max-width: 300px) 100vw, 300px\" \/><\/a><\/p>\n<h2><span style=\"font-size: 12pt;\">\u00dcber Banisteriopsis Caapi\/ Aya<\/span><\/h2>\n<p>Diese tropische Rebe kann bis zu 30 Meter lang werden, wobei sie sich an anderen Pflanzen festh\u00e4lt. Die Caapi-Rebe kann alt werden und bis zu 100 Jahre und \u00e4lter. Banisteriopsis caapi, eine Rebe, ist der Hauptbestandteil von Aya, einem traditionellen Heiltee aus dem Amazonasgebiet. Ein Tee, der nur die Caapi-Rebe enth\u00e4lt, wird Aya genannt.<br \/>\nEinige indigene V\u00f6lker unterscheiden mehr als 40 Arten der Caapi-Rebe. Indigene Schamanen und andere sagen, dass sie mit einem Aufguss nur der B. Caapi in einen anderen Geisteszustand gelangen k\u00f6nnen. Die meisten der 72 St\u00e4mme betrachten diese Rebe als die \"Meisterpflanze\", die konkrete Informationen \u00fcber andere Pflanzen liefert. Sie behaupten, dass die Rebe f\u00fcr ihr ausgezeichnetes botanisches Wissen verantwortlich ist.<\/p>\n<p><a href=\"http:\/\/orisha-ossain.com\/wp-content\/uploads\/2023\/06\/Rape-ayahuasca-banisteriopsi-caapi.jpg\"><img decoding=\"async\" class=\"aligncenter wp-image-195 size-full\" src=\"https:\/\/orisha-ossain.com\/wp-content\/uploads\/2023\/06\/Rape-ayahuasca-banisteriopsi-caapi.jpg\" alt=\"Ich habe einen Cip\u00f3 chamado, Banisteriopsis caapi in einer Pflanze gesehen, rap\u00e9, aber auch einige andere Videos.\" width=\"600\" height=\"800\" srcset=\"https:\/\/orisha-ossain.com\/wp-content\/uploads\/2023\/06\/Rape-ayahuasca-banisteriopsi-caapi.jpg 600w, https:\/\/orisha-ossain.com\/wp-content\/uploads\/2023\/06\/Rape-ayahuasca-banisteriopsi-caapi-225x300.jpg 225w\" sizes=\"(max-width: 600px) 100vw, 600px\" \/><\/a><\/p>\n<p style=\"text-align: center;\">","protected":false},"excerpt":{"rendered":"<p>Rap\u00e9 Ayo kombiniert verschiedene Zutaten zu einem kraftvollen und ausgewogenen Schnupftabak. Seine Energie ist einzigartig und tiefgr\u00fcndig.<br \/>\nJetzt nur noch mit der doppelten Menge an Power-Zutaten erh\u00e4ltlich!<\/p>\n<p>&nbsp;<\/p>","protected":false},"featured_media":35614,"template":"","meta":{"_seopress_robots_primary_cat":"none","_seopress_titles_title":"Rap\u00e9 Ayo - Strong & Intense - Expert Level Energy - Orisha Ossain","_seopress_titles_desc":"Rap\u00e9 Ayo is one of the strongest blends on the market. It's my own creation. Expert level energy. Very strong!","_seopress_robots_index":"","_kad_blocks_custom_css":"","_kad_blocks_head_custom_js":"","_kad_blocks_body_custom_js":"","_kad_blocks_footer_custom_js":"","_kad_post_transparent":"default","_kad_post_title":"","_kad_post_layout":"default","_kad_post_sidebar_id":"","_kad_post_content_style":"default","_kad_post_vertical_padding":"default","_kad_post_feature":"","_kad_post_feature_position":"","_kad_post_header":false,"_kad_post_footer":false,"_kad_post_classname":""},"product_brand":[],"product_cat":[50],"product_tag":[54],"class_list":{"0":"post-633","1":"product","2":"type-product","3":"status-publish","4":"has-post-thumbnail","6":"product_cat-rape","7":"product_tag-caboclo","9":"first","10":"instock","11":"featured","12":"taxable","13":"shipping-taxable","14":"purchasable","15":"product-type-variable","16":"entry","17":"content-bg","18":"loop-entry"},"taxonomy_info":{"product_cat":[{"value":50,"label":"Rap\u00e9"}],"product_tag":[{"value":54,"label":"Caboclo"}]},"featured_image_src_large":["https:\/\/orisha-ossain.com\/wp-content\/uploads\/2024\/11\/Ayo_Orisha_Ossain.png",736,736,false],"author_info":[],"comment_info":"","_links":{"self":[{"href":"https:\/\/orisha-ossain.com\/de\/wp-json\/wp\/v2\/product\/633","targetHints":{"allow":["GET"]}}],"collection":[{"href":"https:\/\/orisha-ossain.com\/de\/wp-json\/wp\/v2\/product"}],"about":[{"href":"https:\/\/orisha-ossain.com\/de\/wp-json\/wp\/v2\/types\/product"}],"wp:featuredmedia":[{"embeddable":true,"href":"https:\/\/orisha-ossain.com\/de\/wp-json\/wp\/v2\/media\/35614"}],"wp:attachment":[{"href":"https:\/\/orisha-ossain.com\/de\/wp-json\/wp\/v2\/media?parent=633"}],"wp:term":[{"taxonomy":"product_brand","embeddable":true,"href":"https:\/\/orisha-ossain.com\/de\/wp-json\/wp\/v2\/product_brand?post=633"},{"taxonomy":"product_cat","embeddable":true,"href":"https:\/\/orisha-ossain.com\/de\/wp-json\/wp\/v2\/product_cat?post=633"},{"taxonomy":"product_tag","embeddable":true,"href":"https:\/\/orisha-ossain.com\/de\/wp-json\/wp\/v2\/product_tag?post=633"}],"curies":[{"name":"wp","href":"https:\/\/api.w.org\/{rel}","templated":true}]}}