{"id":625,"date":"2023-07-04T19:03:59","date_gmt":"2023-07-04T17:03:59","guid":{"rendered":"http:\/\/orisha-ossain.com\/?post_type=product&#038;p=625"},"modified":"2026-03-24T14:59:58","modified_gmt":"2026-03-24T13:59:58","slug":"rape-trovao","status":"publish","type":"product","link":"https:\/\/orisha-ossain.com\/de\/product\/rape-trovao\/","title":{"rendered":"Rap\u00e9 - Trov\u00e3o"},"content":{"rendered":"<p>Rap\u00e9 trov\u00e3o ist eine neue Art von Schnupftabak, die ich kreiert habe. Menschen, die eine sehr lang anhaltende, kraftvolle Resonanz sch\u00e4tzen, werden mit dieser Art von Schnupftabak zufrieden sein. Extreme Kraft und Klarheit zeichnen diesen Schnupftabak aus. Nur f\u00fcr Menschen, die es gewohnt sind, oder bereit sind, tief zu tauchen.<\/p>\n<h2>Rap\u00e9 Trov\u00e3o<\/h2>\n<p>Trov\u00e3o bedeutet Donner und der Donner von diesem Schnupftabak ist wie der rollende Donner, den man an einem warmen Sommerabend h\u00f6rt. Ein Donner, der lange Zeit in den Wolken tobt und kein Ende zu haben scheint.<\/p>\n<p>In rap\u00e9 trov\u00e3o habe ich zwei ziemlich starke Mapacho-Sorten verwendet, die sehr schwer zu bekommen sind. Ich bin mir ziemlich sicher, dass diese noch nie f\u00fcr eine rap\u00e9 verwendet wurden, bis jetzt. Das Aroma, das diese Mischung erzeugt, ist ganz anders, aber nicht \u00fcberw\u00e4ltigend.<br \/>\nEs war ein langer Prozess, und nach mehreren Versuchen habe ich ein ausgewogenes Verh\u00e4ltnis zwischen den vier Elementen gefunden.<\/p>\n<p>Dieser Schnupftabak besteht aus zwei Arten von Mapacho\", Parika ash und Palheira ash.<\/p>\n<h2>R\u00fcckmeldung<\/h2>\n<p>Ich behaupte nicht, dass dies das st\u00e4rkste rap\u00e9 auf dem Planeten ist.  Ich habe nicht alle Arten von rap\u00e9 ausprobiert, die es gibt, also wei\u00df ich es wirklich nicht. F\u00fcr mich ist Trov\u00e3o sehr, sehr stark. W\u00e4hrend der Entwicklung habe ich verschiedenen Kunden eine Probe gegeben. Das Feedback, das sie gaben, enthielt verschiedene Kommentare, aber immer den Satz: \"Das ist ein extrem starker Schnupftabak!\" Es ist ein ausgezeichnetes Hilfsmittel f\u00fcr lange Meditationssitzungen.<\/p>\n<p>Wenn Sie bereit sind, mir einen kurzen Bericht \u00fcber Ihre Erfahrungen mit diesem rap\u00e9 zu geben, werde ich ihn gerne auf dieser Seite ver\u00f6ffentlichen.<\/p>\n<h2>Michela, Italien (06-06-2020)<\/h2>\n<p>Diese rape ist unglaublich, ich bin in der Liebe. F\u00fcr mich, rap\u00e9 trov\u00e3o tief \u00f6ffnet das Herz und die Lungen. Es ist stark, aber es ist auch sanft zur gleichen Zeit. Dieser Trov\u00e3o gibt so viel Bewusstsein. Danke, dass du es geschaffen hast. Segen f\u00fcr Sie!<\/p>\n<h2>Pasquale, Vereinigte Staaten (05-06-2020)<\/h2>\n<div>Zu sagen, dass dieser Rap\u00e9 der beste ist, ist so einfach, das tun wir alle. Dieser Rap\u00e9 Trov\u00e3o verdient mehr als nur das Beste!!! Er ist weich, elegant, klar, subtil und gleichzeitig sehr potent. Verbindet uns mit sehr hohen Schwingungen.<\/div>\n<div>\n<p class=\"p1\"><span class=\"s1\">Es gibt manchmal ein Missverst\u00e4ndnis dar\u00fcber, wie ein starkes rape zu definieren... wie es sollte unseren Kopf abschlagen, oder blasen unseren Geist stark. Dies ist eine sehr geschickt gemachte Vergewaltigungsperiode.\u00a0<\/span><\/p>\n<p class=\"p1\"><span class=\"s1\">Viel Segen und immense Dankbarkeit f\u00fcr den Macher Armando! F\u00fcr seine Hingabe, dem Leben selbst zu erlauben, solch ein unglaubliches Werkzeug zu manifestieren, um sich auf das auszurichten, was im Leben wirklich z\u00e4hlt... DIE ECHTE WAHRHEIT ~ LIEBE F\u00dcR ALLE ~<\/span><\/p>\n<\/div>\n<h2 style=\"text-align: center;\"><a href=\"http:\/\/orisha-ossain.com\/de\/product-category\/tepi\/\">Tepi<\/a> und <a href=\"http:\/\/orisha-ossain.com\/de\/product-category\/tepi\/\">Kuripe<span style=\"font-size: 16px;\">\u00a0<\/span><\/a><\/h2>\n<p style=\"text-align: center;\">Werfen Sie einen Blick auf die Kollektion von Tepi und Kuripe. Verschiedene Stile von verschiedenen K\u00fcnstlern sind verf\u00fcgbar. <a style=\"font-weight: bold; font-family: var(--global-body-font-family);\" href=\"http:\/\/orisha-ossain.com\/wp-content\/uploads\/2023\/06\/Tepi-Blessings.jpg\"><img decoding=\"async\" class=\"wp-image-55 size-medium aligncenter\" src=\"http:\/\/orisha-ossain.com\/wp-content\/uploads\/2023\/06\/Tepi-Blessings-300x199.jpg\" alt=\"Tepis erhalten Segen von ihren Sch\u00f6pfern\" width=\"300\" height=\"199\" srcset=\"https:\/\/orisha-ossain.com\/wp-content\/uploads\/2023\/06\/Tepi-Blessings-300x199.jpg 300w, https:\/\/orisha-ossain.com\/wp-content\/uploads\/2023\/06\/Tepi-Blessings.jpg 640w\" sizes=\"(max-width: 300px) 100vw, 300px\" \/><\/a><span style=\"font-size: 14px; font-family: var(--global-body-font-family);\">Tepis erhalten Segen von ihren Sch\u00f6pfern<\/span><\/p>","protected":false},"excerpt":{"rendered":"<p><strong>Extreme Zeiten erfordern extreme Medizin!<\/strong><\/p>\n<p><strong>Verbessertes Rezept !!<\/strong><\/p>\n<p>Rap\u00e9 trov\u00e3o ist eine neue Art von Schnupftabak, die ich kreiert habe. Menschen, die eine sehr lang anhaltende, kraftvolle Resonanz sch\u00e4tzen, werden mit dieser Art von Schnupftabak zufrieden sein. Extreme Kraft und Klarheit zeichnen diesen Schnupftabak aus. Nur f\u00fcr Menschen, die es gewohnt sind, oder bereit sind, tief zu tauchen.<\/p>","protected":false},"featured_media":35670,"template":"","meta":{"_seopress_robots_primary_cat":"none","_seopress_titles_title":"Rap\u00e9 Trov\u00e3o - Long Lasting & Powerfull - Orisha Ossain","_seopress_titles_desc":"Rap\u00e9 trov\u00e3o is a new type of snuff that I created. People who appreciate a very long-lasting powerful resonance will feel satisfied with this type of","_seopress_robots_index":"","_kad_blocks_custom_css":"","_kad_blocks_head_custom_js":"","_kad_blocks_body_custom_js":"","_kad_blocks_footer_custom_js":"","_kad_post_transparent":"default","_kad_post_title":"","_kad_post_layout":"default","_kad_post_sidebar_id":"","_kad_post_content_style":"default","_kad_post_vertical_padding":"default","_kad_post_feature":"","_kad_post_feature_position":"","_kad_post_header":false,"_kad_post_footer":false,"_kad_post_classname":""},"product_brand":[],"product_cat":[50],"product_tag":[54],"class_list":{"0":"post-625","1":"product","2":"type-product","3":"status-publish","4":"has-post-thumbnail","6":"product_cat-rape","7":"product_tag-caboclo","9":"first","10":"instock","11":"taxable","12":"shipping-taxable","13":"purchasable","14":"product-type-variable","15":"entry","16":"content-bg","17":"loop-entry"},"taxonomy_info":{"product_cat":[{"value":50,"label":"Rap\u00e9"}],"product_tag":[{"value":54,"label":"Caboclo"}]},"featured_image_src_large":["https:\/\/orisha-ossain.com\/wp-content\/uploads\/2024\/11\/Trovao_Orisha_Ossain.png",736,736,false],"author_info":[],"comment_info":"","_links":{"self":[{"href":"https:\/\/orisha-ossain.com\/de\/wp-json\/wp\/v2\/product\/625","targetHints":{"allow":["GET"]}}],"collection":[{"href":"https:\/\/orisha-ossain.com\/de\/wp-json\/wp\/v2\/product"}],"about":[{"href":"https:\/\/orisha-ossain.com\/de\/wp-json\/wp\/v2\/types\/product"}],"wp:featuredmedia":[{"embeddable":true,"href":"https:\/\/orisha-ossain.com\/de\/wp-json\/wp\/v2\/media\/35670"}],"wp:attachment":[{"href":"https:\/\/orisha-ossain.com\/de\/wp-json\/wp\/v2\/media?parent=625"}],"wp:term":[{"taxonomy":"product_brand","embeddable":true,"href":"https:\/\/orisha-ossain.com\/de\/wp-json\/wp\/v2\/product_brand?post=625"},{"taxonomy":"product_cat","embeddable":true,"href":"https:\/\/orisha-ossain.com\/de\/wp-json\/wp\/v2\/product_cat?post=625"},{"taxonomy":"product_tag","embeddable":true,"href":"https:\/\/orisha-ossain.com\/de\/wp-json\/wp\/v2\/product_tag?post=625"}],"curies":[{"name":"wp","href":"https:\/\/api.w.org\/{rel}","templated":true}]}}