{"id":621,"date":"2023-07-03T22:00:31","date_gmt":"2023-07-03T20:00:31","guid":{"rendered":"http:\/\/orisha-ossain.com\/?post_type=product&#038;p=621"},"modified":"2025-12-30T14:43:22","modified_gmt":"2025-12-30T13:43:22","slug":"rape-bashanawu","status":"publish","type":"product","link":"https:\/\/orisha-ossain.com\/de\/product\/rape-bashanawu\/","title":{"rendered":"Rap\u00e9 Bashanawu"},"content":{"rendered":"<h2><span style=\"font-size: 12pt;\"><strong>Intro<\/strong><\/span><\/h2>\n<p>Nach einer langen Zeit habe ich mich daran gemacht, einen neuen Schnupftabak herzustellen. Es ist immer eine interessante Reise mit verschiedenen Experimenten, Tests, Abtasten, Optimieren und Verwerfen. Die grundlegenden Zutaten standen fr\u00fch fest, und dann kam der n\u00e4chste Teil. Die Suche nach dem richtigen ash. Das Bashanawu ash aus dem Kaxinawa funktioniert perfekt in dieser neuen Kombination. Ich bin mit dem Endergebnis zufrieden und hoffe, dass Sie diese neue Mischung zu sch\u00e4tzen wissen.<\/p>\n<h2><span style=\"font-size: 12pt;\">Rap\u00e9 Bashanawu<\/span><\/h2>\n<p>Dies ist eine leistungsstarke ash-Kombination. Es sind keine anderen Kr\u00e4uter enthalten.<\/p>\n<p>Neben der Bashanawu ash gibt es zwei Arten von Mapacho. Ihre Namen werden ein Geheimnis bleiben. Was ich sagen werde, ist, dass eine von ihnen auch eine Rolle in rap\u00e9 Trov\u00e3o spielt. Dort spielt er eine Nebenrolle, da seine Pr\u00e4senz dort relativ gering ist. Aber f\u00fcr rap\u00e9 Bashanwu ist sie die dominierende starke Kraft, die auch ein ziemlich einzigartiges Aroma hat.<\/p>\n<p>Leute, die mit meinen Typen vertraut sind, wissen, dass ich gerne ziemlich starke Macho-Typen von rap\u00e9 mache. Die anderen Typen sind.<\/p>\n<ul>\n<li><a href=\"http:\/\/orisha-ossain.com\/de\/product\/rape-aya\/\">Aya For\u00e7a<\/a><\/li>\n<li><a href=\"http:\/\/orisha-ossain.com\/de\/product\/rape-ayo\/\">Ayo<\/a><\/li>\n<li><a href=\"http:\/\/orisha-ossain.com\/de\/product\/rape-cohoba\/\">Cohoba<\/a><\/li>\n<li><a href=\"http:\/\/orisha-ossain.com\/de\/product\/rape-trovao-2\/\">Trov\u00e3o<\/a><\/li>\n<\/ul>","protected":false},"excerpt":{"rendered":"<p>Dies ist eine kraftvolle Kombination. Einfache Zutaten und keine anderen Kr\u00e4uter enthalten! Rap\u00e9 Bashanawu hat einen relativ niedrigen ash-Gehalt. Der Name stammt von dem Kaxinawa ash, das ich f\u00fcr diese Mischung verwendet habe.<\/p>","protected":false},"featured_media":35683,"template":"","meta":{"_seopress_robots_primary_cat":"none","_seopress_titles_title":"Rap\u00e9 Bashanawu - Very Macho Type of Snuff - Orisha Ossain","_seopress_titles_desc":"Rap\u00e9 Bashanawu has a long-lasting energy. It has a unique and secret composition. It is a very macho type of snuff!","_seopress_robots_index":"","_kad_blocks_custom_css":"","_kad_blocks_head_custom_js":"","_kad_blocks_body_custom_js":"","_kad_blocks_footer_custom_js":"","_kad_post_transparent":"default","_kad_post_title":"","_kad_post_layout":"default","_kad_post_sidebar_id":"","_kad_post_content_style":"default","_kad_post_vertical_padding":"default","_kad_post_feature":"","_kad_post_feature_position":"","_kad_post_header":false,"_kad_post_footer":false,"_kad_post_classname":""},"product_brand":[],"product_cat":[50],"product_tag":[54],"class_list":{"0":"post-621","1":"product","2":"type-product","3":"status-publish","4":"has-post-thumbnail","6":"product_cat-rape","7":"product_tag-caboclo","9":"first","10":"instock","11":"taxable","12":"shipping-taxable","13":"purchasable","14":"product-type-variable","15":"entry","16":"content-bg","17":"loop-entry"},"taxonomy_info":{"product_cat":[{"value":50,"label":"Rap\u00e9"}],"product_tag":[{"value":54,"label":"Caboclo"}]},"featured_image_src_large":["https:\/\/orisha-ossain.com\/wp-content\/uploads\/2024\/11\/Bashanawu_Orisha_Ossain.png",736,736,false],"author_info":[],"comment_info":"","_links":{"self":[{"href":"https:\/\/orisha-ossain.com\/de\/wp-json\/wp\/v2\/product\/621","targetHints":{"allow":["GET"]}}],"collection":[{"href":"https:\/\/orisha-ossain.com\/de\/wp-json\/wp\/v2\/product"}],"about":[{"href":"https:\/\/orisha-ossain.com\/de\/wp-json\/wp\/v2\/types\/product"}],"wp:featuredmedia":[{"embeddable":true,"href":"https:\/\/orisha-ossain.com\/de\/wp-json\/wp\/v2\/media\/35683"}],"wp:attachment":[{"href":"https:\/\/orisha-ossain.com\/de\/wp-json\/wp\/v2\/media?parent=621"}],"wp:term":[{"taxonomy":"product_brand","embeddable":true,"href":"https:\/\/orisha-ossain.com\/de\/wp-json\/wp\/v2\/product_brand?post=621"},{"taxonomy":"product_cat","embeddable":true,"href":"https:\/\/orisha-ossain.com\/de\/wp-json\/wp\/v2\/product_cat?post=621"},{"taxonomy":"product_tag","embeddable":true,"href":"https:\/\/orisha-ossain.com\/de\/wp-json\/wp\/v2\/product_tag?post=621"}],"curies":[{"name":"wp","href":"https:\/\/api.w.org\/{rel}","templated":true}]}}