{"id":611,"date":"2023-07-03T20:07:02","date_gmt":"2023-07-03T18:07:02","guid":{"rendered":"http:\/\/orisha-ossain.com\/?post_type=product&#038;p=611"},"modified":"2026-04-16T21:16:50","modified_gmt":"2026-04-16T19:16:50","slug":"rape-aya","status":"publish","type":"product","link":"https:\/\/orisha-ossain.com\/de\/product\/rape-aya\/","title":{"rendered":"Rap\u00e9 Aya"},"content":{"rendered":"<h2>Rap\u00e9 Aya - Kuntanawa<\/h2>\n<p>Die Kuntanawa aus Acre haben diesen Rap\u00e9 Aya hergestellt. Die Kuntanawa \"tr\u00e4nken\" den sabi\u00e1 mapacho mit dem Aya-Tee. Nach dem Trocknen wird die Aya-Mischung nun mit dem ash gemischt. Dieser Schnupftabak hat ein leichtes Aya-Aroma und tr\u00e4gt eine besondere spirituelle Verbindung.<br \/>\nDer Aya-Zusatz macht diesen Schnupftabak immer noch zu einem mittelstarken Schnupftabak. Denken Sie daran, dass es sich nicht um einen vision\u00e4ren Rap\u00e9 oder einen Aya-Tee handelt. Dennoch ist Rap\u00e9 Aya ein n\u00fctzliches spirituelles Werkzeug. Dieser rap\u00e9 hilft dabei, sich mit dem Aya-Geist zu verbinden.<\/p>\n<p>In Kuntanawas Worten: \"Aya ist eine medizinische und spirituelle Pflanze, die uns mit unseren Vorfahren verbindet, uns in die spirituelle Welt bringt und uns daran erinnert, wer wir hier auf der Erde sind, uns mit allen Pflanzen verbindet und uns heilt.\"<\/p>\n<h2>Bereinigte Einnahme<\/h2>\n<p>Bei allen Chargen von Aya For\u00e7a, die ich f\u00fcr den Laden hergestellt habe, gab es kleine Abweichungen im Rezept. Die neue Charge, die jetzt erh\u00e4ltlich ist, ist v\u00f6llig anders.<\/p>\n<p>Die Sabia + eine andere Sorte (nicht in Brasilien heimisch), die ich daf\u00fcr verwendet habe, wurde in einer sehr gro\u00dfen Menge Caapi-Liquid eingeweicht. Die Energie, der Geschmack und die Gesamterfahrung sind eng mit Banisteriopsis caapi verbunden.<\/p>\n<p>Tauchen Sie gerne tief ein? Dann kann ich Ihnen diese neue Version von Aya For\u00e7a Rap\u00e9 nur empfehlen!<\/p>\n<h2>Aya For\u00e7a Rap\u00e9<\/h2>\n<p>Dieser rap\u00e9 ist meine Kreation. Nach verschiedenen Experimenten habe ich das Rezept gefunden, das diese Art von Schnupftabak perfekt zum Ausdruck bringt.  Neben dem starken Sabi\u00e1 habe ich auch eine andere Sorte verwendet, die ich geheim halten werde.<br \/>\nIn Kombination mit Parka ash und sehr gr\u00fcndlichem Mahlen ist er schon ziemlich stark und f\u00fcr manche Leute sehr stark. Dies h\u00e4ngt davon ab, was Ihr System verarbeiten kann und wie dieser Schnupftabak mit Ihnen verbindet.<br \/>\nDieses aya for\u00e7a rap\u00e9 wird f\u00fcr sich selbst sprechen und braucht keine weiteren Worte von mir.<\/p>\n<h2>\u00dcber Banisteriopsis Caapi<\/h2>\n<p>Diese tropische Rebe kann bis zu 30 Meter lang werden und sich an anderen Pflanzen festklammern. Die Caapi-Rebe kann alt und bis zu 100 Jahre alt werden. Banisteriopsis caapi, eine Rebe, ist der Hauptbestandteil von Aya, einem traditionellen Heiltee aus dem Amazonasgebiet. Ein Tee, der nur die Caapi-Rebe enth\u00e4lt, wird Aya genannt. Einige indigene V\u00f6lker unterscheiden mehr als 40 Arten der Caapi-Rebe.<br \/>\nIndigene Schamanen und andere sagen, dass sie mit einem Aufguss nur von B. Caapi in einen anderen Geisteszustand gelangen k\u00f6nnen. Diese Rebe wird von den meisten der 72 St\u00e4mme als die \"Meisterpflanze\" angesehen, die konkrete Informationen \u00fcber andere Pflanzen liefert. Sie behaupten, dass die Rebe f\u00fcr ihr hervorragendes botanisches Wissen verantwortlich ist.<\/p>\n<div class=\"mceTemp\"><\/div>\n<figure id=\"attachment_195\" aria-describedby=\"caption-attachment-195\" style=\"width: 225px\" class=\"wp-caption aligncenter\"><a href=\"http:\/\/orisha-ossain.com\/wp-content\/uploads\/2023\/06\/Rape-ayahuasca-banisteriopsi-caapi.jpg\"><img decoding=\"async\" class=\"wp-image-195 size-medium\" src=\"http:\/\/orisha-ossain.com\/wp-content\/uploads\/2023\/06\/Rape-ayahuasca-banisteriopsi-caapi-225x300.jpg\" alt=\"Ich sehe eine Rebe namens Banisteriopsis caapi auf einer Plantage, Rap\u00e9 Aya hat einige der Reben in sich\" width=\"225\" height=\"300\" srcset=\"https:\/\/orisha-ossain.com\/wp-content\/uploads\/2023\/06\/Rape-ayahuasca-banisteriopsi-caapi-225x300.jpg 225w, https:\/\/orisha-ossain.com\/wp-content\/uploads\/2023\/06\/Rape-ayahuasca-banisteriopsi-caapi.jpg 600w\" sizes=\"(max-width: 225px) 100vw, 225px\" \/><\/a><figcaption id=\"caption-attachment-195\" class=\"wp-caption-text\">Banisteriopsis caapi<\/figcaption><\/figure>","protected":false},"excerpt":{"rendered":"<p>Namen:  Aya, Yag\u00e9, Bejuco de Oro, Caapi und andere<\/p>\n<p>Zwei Formen von aya rap\u00e9<br \/>\nKuntanawas Ayakomposition; einheimischer wilder Moi, aufgegossen mit konzentriertem B. Caapi-Tee, Tsunu ash.<\/p>\n<p>Aya For\u00e7a Zusammensetzung. Sabi\u00e1 mapacho und extra secret power strain, parika ash und caapi Tee.<\/p>","protected":false},"featured_media":35613,"template":"","meta":{"_seopress_robots_primary_cat":"none","_seopress_titles_title":"Rap\u00e9 Aya - Kuntanawa & Caboclo - Banisteriopsis Caapi Vine","_seopress_titles_desc":"Two forms of aya rap\u00e9. Kuntanawa's aya composition; local wild Moi infused with concentrated Caapi tea. Aya For\u00e7a Rap\u00e9 pushes the limits!","_seopress_robots_index":"","_kad_blocks_custom_css":"","_kad_blocks_head_custom_js":"","_kad_blocks_body_custom_js":"","_kad_blocks_footer_custom_js":"","_kad_post_transparent":"default","_kad_post_title":"","_kad_post_layout":"default","_kad_post_sidebar_id":"","_kad_post_content_style":"default","_kad_post_vertical_padding":"default","_kad_post_feature":"","_kad_post_feature_position":"","_kad_post_header":false,"_kad_post_footer":false,"_kad_post_classname":""},"product_brand":[],"product_cat":[128,50],"product_tag":[54,57],"class_list":{"0":"post-611","1":"product","2":"type-product","3":"status-publish","4":"has-post-thumbnail","6":"product_cat-new","7":"product_cat-rape","8":"product_tag-caboclo","9":"product_tag-kuntanawa","11":"first","12":"instock","13":"taxable","14":"shipping-taxable","15":"purchasable","16":"product-type-variable","17":"entry","18":"content-bg","19":"loop-entry"},"taxonomy_info":{"product_cat":[{"value":128,"label":"New"},{"value":50,"label":"Rap\u00e9"}],"product_tag":[{"value":54,"label":"Caboclo"},{"value":57,"label":"Kuntanawa"}]},"featured_image_src_large":["https:\/\/orisha-ossain.com\/wp-content\/uploads\/2024\/11\/Aya_Orisha_Ossain.png",736,736,false],"author_info":[],"comment_info":"","_links":{"self":[{"href":"https:\/\/orisha-ossain.com\/de\/wp-json\/wp\/v2\/product\/611","targetHints":{"allow":["GET"]}}],"collection":[{"href":"https:\/\/orisha-ossain.com\/de\/wp-json\/wp\/v2\/product"}],"about":[{"href":"https:\/\/orisha-ossain.com\/de\/wp-json\/wp\/v2\/types\/product"}],"wp:featuredmedia":[{"embeddable":true,"href":"https:\/\/orisha-ossain.com\/de\/wp-json\/wp\/v2\/media\/35613"}],"wp:attachment":[{"href":"https:\/\/orisha-ossain.com\/de\/wp-json\/wp\/v2\/media?parent=611"}],"wp:term":[{"taxonomy":"product_brand","embeddable":true,"href":"https:\/\/orisha-ossain.com\/de\/wp-json\/wp\/v2\/product_brand?post=611"},{"taxonomy":"product_cat","embeddable":true,"href":"https:\/\/orisha-ossain.com\/de\/wp-json\/wp\/v2\/product_cat?post=611"},{"taxonomy":"product_tag","embeddable":true,"href":"https:\/\/orisha-ossain.com\/de\/wp-json\/wp\/v2\/product_tag?post=611"}],"curies":[{"name":"wp","href":"https:\/\/api.w.org\/{rel}","templated":true}]}}