{"id":607,"date":"2023-07-03T19:49:57","date_gmt":"2023-07-03T17:49:57","guid":{"rendered":"http:\/\/orisha-ossain.com\/?post_type=product&#038;p=607"},"modified":"2026-03-28T00:02:26","modified_gmt":"2026-03-27T23:02:26","slug":"rape-peregun","status":"publish","type":"product","link":"https:\/\/orisha-ossain.com\/de\/product\/rape-peregun\/","title":{"rendered":"Rap\u00e9 Peregun"},"content":{"rendered":"<h2>Rap\u00e9 Peregun<\/h2>\n<p>F\u00fcr die spirituelle und energetische Reinigung ist dieses rap\u00e9 Peregun sehr hilfreich. Es bringt viel Kraft und Gleichgewicht in den Geist. rap\u00e9 Peregun verwendet eine Pflanze mit dem einheimischen Namen Peregun. Diese Pflanze kommt urspr\u00fcnglich aus Afrika. Heutzutage haben viele Menschen diese Pflanze in ihrem Haus. Bio-Moi und die ashes der Peregun-Bl\u00e4tter machen diesen einzigartigen Rap\u00e9 aus.<\/p>\n<p>Bei der Herstellung von ash verbleiben nur etwa zwanzig Prozent des Gewichts, wenn die Rinde f\u00fcr normales rap\u00e9 verbrannt wird. Bei Peregun ist dieser Prozentsatz viel geringer. Die Herstellung von ash aus Peregun erfordert eine Menge getrockneter Bl\u00e4tter und ist mit mehr Arbeit verbunden. Diese Art von rap\u00e9 wird nicht von vielen hergestellt und gilt daher als seltene Sorte. Er hat einen ganz besonderen Geruch und ist ein Schnupftabak von mittlerer\/starker St\u00e4rke.<br \/>\nIch bin mir ziemlich sicher, dass seine traditionelle Verwendung und Funktion in verschiedenen afro-brasilianischen Kulturen der Grund daf\u00fcr ist, dass es seinen Weg in dieses rap\u00e9 gefunden hat.<\/p>\n<figure id=\"attachment_159\" aria-describedby=\"caption-attachment-159\" style=\"width: 300px\" class=\"wp-caption alignnone\"><a href=\"http:\/\/orisha-ossain.com\/wp-content\/uploads\/2023\/06\/03333.jpg\"><img decoding=\"async\" class=\"wp-image-159 size-medium\" src=\"http:\/\/orisha-ossain.com\/wp-content\/uploads\/2023\/06\/03333-300x160.jpg\" alt=\"Candombl\u00e9-Praktizierende halten ein Peregun-Blatt, das f\u00fcr rap\u00e9 peregun verwendet wird\" width=\"300\" height=\"160\" srcset=\"https:\/\/orisha-ossain.com\/wp-content\/uploads\/2023\/06\/03333-300x160.jpg 300w, https:\/\/orisha-ossain.com\/wp-content\/uploads\/2023\/06\/03333-1024x546.jpg 1024w, https:\/\/orisha-ossain.com\/wp-content\/uploads\/2023\/06\/03333-768x409.jpg 768w, https:\/\/orisha-ossain.com\/wp-content\/uploads\/2023\/06\/03333.jpg 1280w\" sizes=\"(max-width: 300px) 100vw, 300px\" \/><\/a><figcaption id=\"caption-attachment-159\" class=\"wp-caption-text\">Candombl\u00e9-Praktizierende halten ein Peregun-Blatt<\/figcaption><\/figure>\n<h2>\u00dcber Peregun\/Dracaena fragrans<a href=\"http:\/\/orisha-ossain.com\/wp-content\/uploads\/2023\/06\/peregun-in-hand.jpg\"><img decoding=\"async\" class=\"alignright wp-image-191 size-thumbnail\" src=\"http:\/\/orisha-ossain.com\/wp-content\/uploads\/2023\/06\/peregun-in-hand-150x150.jpg\" alt=\"Zeigt den Torso einer Frau, die ein Blatt h\u00e4lt, aus dem rap\u00e9 peregun hergestellt ist\" width=\"150\" height=\"150\" srcset=\"https:\/\/orisha-ossain.com\/wp-content\/uploads\/2023\/06\/peregun-in-hand-150x150.jpg 150w, https:\/\/orisha-ossain.com\/wp-content\/uploads\/2023\/06\/peregun-in-hand-300x300.jpg 300w, https:\/\/orisha-ossain.com\/wp-content\/uploads\/2023\/06\/peregun-in-hand-100x100.jpg 100w, https:\/\/orisha-ossain.com\/wp-content\/uploads\/2023\/06\/peregun-in-hand.jpg 454w\" sizes=\"(max-width: 150px) 100vw, 150px\" \/><\/a><\/h2>\n<p>Peregun wird in verschiedenen afro-brasilianischen Kulturen h\u00e4ufig verwendet.  Es hat einen starken Fokus auf die Energie der afrikanischen Orixa Ogun. Es ist eine Naturkraft, die mit Eisen und Felsen verbunden ist. \"Ogun ist der Sieger aller und jeder Schlacht.<br \/>\nIn afro-brasilianischen Kulturen wie Umbanda und Candombl\u00e9 wird Peregun wegen seiner spirituellen und energetischen reinigenden Eigenschaften verwendet.  Dort spielt Peregun auch eine wichtige Rolle bei verschiedenen Initiationsriten.<\/p>\n<p><span class=\"tlid-translation translation\"><span class=\"\" title=\"\">\"Eines der \u00e4ltesten Bl\u00e4tter ist das \"P\u00e8r\u00e8g\u00fan\", das bei den meisten Ritualen zu den \u00d2r\u00ecs\u00e1s verwendet wird.<\/span> <span title=\"\">Der Mythos sagt: P\u00e8r\u00e8g\u00fan war Zeuge des Wachstums der Menschheit.<\/span> <span title=\"\">Es wird uns immer Gl\u00fcck bringen.<\/span> <span class=\"\" title=\"\">P\u00e8r\u00e8g\u00fan h\u00e4lt unser Gl\u00fcck, h\u00e4lt seine Beute am Tag der Jagd und ern\u00e4hrt so seine Kinder. P\u00e8r\u00e8g\u00fan sch\u00fctzt uns vor unseren Gegnern und l\u00e4sst uns mit unseren Mitmenschen harmonieren\" (<a href=\"https:\/\/ocandomble.com\/2015\/05\/29\/peregun-a-folha-ancestral\/\">Quelle<\/a>).<\/span><\/span><\/p>\n<figure id=\"attachment_190\" aria-describedby=\"caption-attachment-190\" style=\"width: 300px\" class=\"wp-caption aligncenter\"><a href=\"http:\/\/orisha-ossain.com\/wp-content\/uploads\/2023\/06\/peregun-candomble.jpg\"><img decoding=\"async\" class=\"wp-image-190 size-medium\" src=\"http:\/\/orisha-ossain.com\/wp-content\/uploads\/2023\/06\/peregun-candomble-300x200.jpg\" alt=\"Eine Gruppe von Candombml\u00e9-Praktizierenden bei einem Pflanzungsritus mit Peregun. Die Bl\u00e4tter dieser Pflanze werden zur Herstellung von Rap\u00e9 Peregun verwendet\" width=\"300\" height=\"200\" srcset=\"https:\/\/orisha-ossain.com\/wp-content\/uploads\/2023\/06\/peregun-candomble-300x200.jpg 300w, https:\/\/orisha-ossain.com\/wp-content\/uploads\/2023\/06\/peregun-candomble-1024x683.jpg 1024w, https:\/\/orisha-ossain.com\/wp-content\/uploads\/2023\/06\/peregun-candomble-768x512.jpg 768w, https:\/\/orisha-ossain.com\/wp-content\/uploads\/2023\/06\/peregun-candomble.jpg 1152w\" sizes=\"(max-width: 300px) 100vw, 300px\" \/><\/a><figcaption id=\"caption-attachment-190\" class=\"wp-caption-text\">Eine Gruppe von Candombl\u00e9-Praktizierenden bei einem Pflanzungsritus mit Peregun<\/figcaption><\/figure>","protected":false},"excerpt":{"rendered":"<p>Ein rap\u00e9 mit einem afrikanischen Touch. F\u00fcr spirituelle und energetische Reinigung, die viel Kraft und Gleichgewicht des Geistes bringt. Es bringt sehr gute Energie f\u00fcr den ganzen K\u00f6rper.<\/p>\n<p>Namen: Peregun, Dracena, Dragoeiro, Pau-d'\u00e1gua, Coqueiro-de-v\u00eanus, Dracena-deremenis, Tronco do Brasil und andere<br \/>\nHerkunft: S\u00e3o Paulo<\/p>","protected":false},"featured_media":35655,"template":"","meta":{"_seopress_robots_primary_cat":"none","_seopress_titles_title":"Rap\u00e9 Peregun - Dracaena fragrans - Afro-Brazilian Energy","_seopress_titles_desc":"Rap\u00e9 Peregun has an African touch. For spiritual and energetic cleansing, which brings much strength and balance of mind.","_seopress_robots_index":"","_kad_blocks_custom_css":"","_kad_blocks_head_custom_js":"","_kad_blocks_body_custom_js":"","_kad_blocks_footer_custom_js":"","_kad_post_transparent":"default","_kad_post_title":"","_kad_post_layout":"default","_kad_post_sidebar_id":"","_kad_post_content_style":"default","_kad_post_vertical_padding":"default","_kad_post_feature":"","_kad_post_feature_position":"","_kad_post_header":false,"_kad_post_footer":false,"_kad_post_classname":""},"product_brand":[],"product_cat":[50],"product_tag":[54],"class_list":{"0":"post-607","1":"product","2":"type-product","3":"status-publish","4":"has-post-thumbnail","6":"product_cat-rape","7":"product_tag-caboclo","9":"first","10":"instock","11":"taxable","12":"shipping-taxable","13":"purchasable","14":"product-type-variable","15":"entry","16":"content-bg","17":"loop-entry"},"taxonomy_info":{"product_cat":[{"value":50,"label":"Rap\u00e9"}],"product_tag":[{"value":54,"label":"Caboclo"}]},"featured_image_src_large":["https:\/\/orisha-ossain.com\/wp-content\/uploads\/2024\/11\/Peregun_Orisha_Ossain.png",736,736,false],"author_info":[],"comment_info":"","_links":{"self":[{"href":"https:\/\/orisha-ossain.com\/de\/wp-json\/wp\/v2\/product\/607","targetHints":{"allow":["GET"]}}],"collection":[{"href":"https:\/\/orisha-ossain.com\/de\/wp-json\/wp\/v2\/product"}],"about":[{"href":"https:\/\/orisha-ossain.com\/de\/wp-json\/wp\/v2\/types\/product"}],"wp:featuredmedia":[{"embeddable":true,"href":"https:\/\/orisha-ossain.com\/de\/wp-json\/wp\/v2\/media\/35655"}],"wp:attachment":[{"href":"https:\/\/orisha-ossain.com\/de\/wp-json\/wp\/v2\/media?parent=607"}],"wp:term":[{"taxonomy":"product_brand","embeddable":true,"href":"https:\/\/orisha-ossain.com\/de\/wp-json\/wp\/v2\/product_brand?post=607"},{"taxonomy":"product_cat","embeddable":true,"href":"https:\/\/orisha-ossain.com\/de\/wp-json\/wp\/v2\/product_cat?post=607"},{"taxonomy":"product_tag","embeddable":true,"href":"https:\/\/orisha-ossain.com\/de\/wp-json\/wp\/v2\/product_tag?post=607"}],"curies":[{"name":"wp","href":"https:\/\/api.w.org\/{rel}","templated":true}]}}