{"id":603,"date":"2023-07-03T19:39:21","date_gmt":"2023-07-03T17:39:21","guid":{"rendered":"http:\/\/orisha-ossain.com\/?post_type=product&#038;p=603"},"modified":"2026-04-17T16:25:43","modified_gmt":"2026-04-17T14:25:43","slug":"rape-cohoba","status":"publish","type":"product","link":"https:\/\/orisha-ossain.com\/de\/product\/rape-cohoba\/","title":{"rendered":"Rap\u00e9 Cohoba"},"content":{"rendered":"<h2>Rap\u00e9 Cohoba<\/h2>\n<p>Rap\u00e9 Cohoba ist meine Kreation. Das Rezept, das ich f\u00fcr diesen Schnupftabak verwendet habe, ist fast dasselbe wie das Rezept, das ich f\u00fcr die Herstellung von <a href=\"http:\/\/orisha-ossain.com\/de\/product\/rape-ayo\/\">rap\u00e9 Ayo<\/a>. Der einzige Unterschied ist das Fehlen der Aya-Komponente. Anstelle der gemischten Energien, die mit dem Ayo-Schnupftabak kommen, bietet rap\u00e9 Cohoba eine andere Art, diese Energie zu studieren.<br \/>\nCohoba-Pulver zusammen mit Sabi\u00e1 Mapacho und eine weitere sehr seltene starke Sorte zusammen mit Parika ash. Die rap\u00e9 Cohoba hat tiefe erdige, nussige aromatische T\u00f6ne und bringt tiefe meditative Zust\u00e4nde.<\/p>\n<p>Dies ist ein ziemlich maskuliner Schnupftabak, vor allem f\u00fcr Leute, die gerne tief eintauchen.<\/p>\n<h2>Cohoba, Parika<\/h2>\n<p>Die Samen, aus denen das Cohoba-Pulver hergestellt wird, stammen vom Parika-Baum. Diese Samen wachsen in l\u00e4nglichen Schoten. Der Parikabaum ist in der Karibik und in S\u00fcdamerika beheimatet und kann bis zu 20 Meter hoch werden.<br \/>\nDie Verwendung von reinem pulverisiertem Cohoba hat eine jahrhundertealte Tradition. Obwohl Cohoba im Amazonasgebiet ein Synonym f\u00fcr das Wort Parika ist, verwenden fast alle mir bekannten Parika-Schnupftabake die Rinde ashes, nicht aber die Samen.<\/p>\n<p>Cohoba hat verschiedene Namen. Einer von ihnen ist Parika. Rap\u00e9 Parika ist bekannt als ein starker Schnupftabak. Aber die Kraft von fast allen Parika rap\u00e9, die ich kenne, kommt aus der Rinde ash. Rap\u00e9 Cohoba kombiniert pulverisierte Samen mit Parika-Rinde ash.<\/p>\n<p><a href=\"http:\/\/orisha-ossain.com\/wp-content\/uploads\/2023\/06\/cohoba.jpg\"><img decoding=\"async\" class=\"aligncenter wp-image-171 size-medium\" src=\"http:\/\/orisha-ossain.com\/wp-content\/uploads\/2023\/06\/cohoba-234x300.jpg\" alt=\"rap\u00e9 Cohoba-Samen Schoten rap\u00e9 cohoba\" width=\"234\" height=\"300\" srcset=\"https:\/\/orisha-ossain.com\/wp-content\/uploads\/2023\/06\/cohoba-234x300.jpg 234w, https:\/\/orisha-ossain.com\/wp-content\/uploads\/2023\/06\/cohoba.jpg 600w\" sizes=\"(max-width: 234px) 100vw, 234px\" \/><\/a><\/p>\n<h2><strong>Rap\u00e9 Cohoba: Ein potenter entheogener Schnupftabak<\/strong><\/h2>\n<p>Reiner Cohoba ist f\u00fcr seine St\u00e4rke als entheogener Schnupftabak bekannt, insbesondere wenn er aus hochwertigen Samen hergestellt und richtig zubereitet wird. Der Cohoba in diesem rap\u00e9 ist voll aktiv und bemerkenswert potent. Seine Rolle ist es, die Erfahrung zu vertiefen und zu verbessern, indem er eine kraftvolle und dennoch ausgewogene Wirkung bietet.<\/p>\n<p>Selbst mit einem relativ geringen Anteil an Cohoba liefert diese rap\u00e9 genau die richtige Menge an Intensit\u00e4t, um mit den anderen Komponenten zu harmonieren. Es ist eine sehr starke rap\u00e9, die vielleicht nicht jedem schmeckt. Au\u00dferdem k\u00f6nnten Sie feststellen, dass er mehr brennt oder sticht als andere Mischungen, die Sie probiert haben.<\/p>\n<p><strong>Wesentliche Merkmale:<\/strong><\/p>\n<ul>\n<li>Hergestellt mit voll aktivem, starkem Cohoba.<\/li>\n<li>Eine ausgewogene Formulierung f\u00fcr eine tiefe, breite Erfahrung.<\/li>\n<li>Intensive Potenz; geeignet f\u00fcr erfahrene Anwender.<\/li>\n<\/ul>\n<p><strong>Anmerkung:<\/strong> Seien Sie vorsichtig, denn diese Mischung k\u00f6nnte st\u00e4rker sein als erwartet.<\/p>","protected":false},"excerpt":{"rendered":"<p>Rap\u00e9 Cohoba ist meine neueste Kreation. Sie folgt der gleichen Grundlage wie <a href=\"http:\/\/orisha-ossain.com\/de\/product\/rape-ayo\/\">rap\u00e9 Ayo<\/a>.  Der einzige Unterschied ist das Fehlen der Aya-Komponente. rap\u00e9 cohoba ist kraftvoll und tief. Der k\u00fcrzeste Weg, um diese neue Erg\u00e4nzung zu beschreiben.<\/p>\n<p>Gebr\u00e4uchliche Namen, Cohoba, Yopo, Jopo, Parika, Parica<\/p>","protected":false},"featured_media":35625,"template":"","meta":{"_seopress_robots_primary_cat":"none","_seopress_titles_title":"Rap\u00e9 Cohoba - Anadenanthera Peregrina - Orisha Ossain","_seopress_titles_desc":"Rap\u00e9 cohoba is powerful and deep. Common names, Cohoba, Yopo, Jopo, Parika, Parica.\r\nNot visionary but powerful!","_seopress_robots_index":"","_kad_blocks_custom_css":"","_kad_blocks_head_custom_js":"","_kad_blocks_body_custom_js":"","_kad_blocks_footer_custom_js":"","_kad_post_transparent":"default","_kad_post_title":"","_kad_post_layout":"default","_kad_post_sidebar_id":"","_kad_post_content_style":"default","_kad_post_vertical_padding":"default","_kad_post_feature":"","_kad_post_feature_position":"","_kad_post_header":false,"_kad_post_footer":false,"_kad_post_classname":""},"product_brand":[],"product_cat":[50],"product_tag":[54],"class_list":{"0":"post-603","1":"product","2":"type-product","3":"status-publish","4":"has-post-thumbnail","6":"product_cat-rape","7":"product_tag-caboclo","9":"first","10":"instock","11":"taxable","12":"shipping-taxable","13":"purchasable","14":"product-type-variable","15":"entry","16":"content-bg","17":"loop-entry"},"taxonomy_info":{"product_cat":[{"value":50,"label":"Rap\u00e9"}],"product_tag":[{"value":54,"label":"Caboclo"}]},"featured_image_src_large":["https:\/\/orisha-ossain.com\/wp-content\/uploads\/2024\/11\/Cohoba_Orisha_Ossain.png",736,736,false],"author_info":[],"comment_info":"","_links":{"self":[{"href":"https:\/\/orisha-ossain.com\/de\/wp-json\/wp\/v2\/product\/603","targetHints":{"allow":["GET"]}}],"collection":[{"href":"https:\/\/orisha-ossain.com\/de\/wp-json\/wp\/v2\/product"}],"about":[{"href":"https:\/\/orisha-ossain.com\/de\/wp-json\/wp\/v2\/types\/product"}],"wp:featuredmedia":[{"embeddable":true,"href":"https:\/\/orisha-ossain.com\/de\/wp-json\/wp\/v2\/media\/35625"}],"wp:attachment":[{"href":"https:\/\/orisha-ossain.com\/de\/wp-json\/wp\/v2\/media?parent=603"}],"wp:term":[{"taxonomy":"product_brand","embeddable":true,"href":"https:\/\/orisha-ossain.com\/de\/wp-json\/wp\/v2\/product_brand?post=603"},{"taxonomy":"product_cat","embeddable":true,"href":"https:\/\/orisha-ossain.com\/de\/wp-json\/wp\/v2\/product_cat?post=603"},{"taxonomy":"product_tag","embeddable":true,"href":"https:\/\/orisha-ossain.com\/de\/wp-json\/wp\/v2\/product_tag?post=603"}],"curies":[{"name":"wp","href":"https:\/\/api.w.org\/{rel}","templated":true}]}}