{"id":599,"date":"2023-07-03T19:27:55","date_gmt":"2023-07-03T17:27:55","guid":{"rendered":"http:\/\/orisha-ossain.com\/?post_type=product&#038;p=599"},"modified":"2025-10-10T20:23:50","modified_gmt":"2025-10-10T18:23:50","slug":"rape-sete-ervas","status":"publish","type":"product","link":"https:\/\/orisha-ossain.com\/de\/product\/rape-sete-ervas\/","title":{"rendered":"Rap\u00e9 Set\u00e9 Ervas"},"content":{"rendered":"<h2>Rap\u00e9 Set\u00e9 Ervas<\/h2>\n<p>Dies ist eine frische Charge von Set\u00e9 Ervas Rap\u00e9. Das portugiesische Wort \"ervas\" bedeutet Kr\u00e4uter. Set\u00e9 bedeutet sieben. Also machen sieben verschiedene Kr\u00e4uter diesen einzigartigen Rap\u00e9 aus. Dieser Rap\u00e9 stammt von Carlito aus Sao Paulo. Die sieben verwendeten Kr\u00e4uter sind eine Mischung aus Heil- und Aromapflanzen.<br \/>\nDies ist ein hellbraunes und mittelstarkes Rap\u00e9 mit einem breiten Spektrum. Es ist so konzipiert, dass es eine vollst\u00e4ndige 7-Chakra-Reinigung erm\u00f6glicht.<\/p>\n<h2>\u00dcber den Macher<\/h2>\n<p>Mein Freund Carlito aus Sao Paulo hat diesen Rap\u00e9 hergestellt. Er praktiziert verschiedene Formen der Pflanzenheilkunde, wie alle meine Kontakte es tun. Bei dieser Arbeit erhielt er Anweisungen, seinen Weg zu Rap\u00e9 zu \u00f6ffnen. Er hat die Anweisungen befolgt und stellt nun schon seit einigen Jahren Rap\u00e9 her. Auch ohne Verbindung zu indigenen V\u00f6lkern hat er gelernt, hochwertige Rap\u00e9-Sorten herzustellen und lernt immer noch.<\/p>\n<p>Carlito zeigte mir den kleinen Altarraum, in dem er seinen Rap\u00e9 aufbewahrt. Bevor einer seiner eigenen rap\u00e9 sein Haus verl\u00e4sst, bleibt er in einem Raum. Umgeben von verschiedenen Kristallen und unter einer Pyramide platziert, bleibt der Rap\u00e9 dort eine Woche lang.<br \/>\nZu verschiedenen Zeitpunkten in diesem Zeitraum betritt er diesen Raum und betet zum Rap\u00e9. Eine Woche mit Energiezufuhr und Gebeten ist der letzte Teil der Arbeit. Der Rap\u00e9 ist jetzt bereit.<\/p>","protected":false},"excerpt":{"rendered":"<p>Dies ist eine frische Charge von Set\u00e9 Ervas Rap\u00e9. Das portugiesische Wort \"ervas\" bedeutet Kr\u00e4uter. Set\u00e9 bedeutet sieben. Sieben verschiedene Kr\u00e4uter machen diesen einmaligen Rap\u00e9 aus.<br \/>\nNamen: Set\u00e9 Ervas, 7 Ervas<br \/>\nHerkunft: S\u00e3o Paulo<br \/>\nZusammensetzung: Tsunu ash, Artemisia, Basilikum, Kamille, Fenchel, Lavendel, Rosmarin und Salbei.<\/p>\n<p>&nbsp;<\/p>","protected":false},"featured_media":35666,"template":"","meta":{"_seopress_robots_primary_cat":"none","_seopress_titles_title":"Rap\u00e9 Sete Ervas - Caboclo - Orisha Ossain - Seven Herbs Snuff","_seopress_titles_desc":"Rap\u00e9 Sete ervas. Composition:\u00a0 tsunu ash, Artemisia, basil, chamomile, fennel, lavender, rosemary, and sage.","_seopress_robots_index":"","_kad_blocks_custom_css":"","_kad_blocks_head_custom_js":"","_kad_blocks_body_custom_js":"","_kad_blocks_footer_custom_js":"","_kad_post_transparent":"default","_kad_post_title":"","_kad_post_layout":"default","_kad_post_sidebar_id":"","_kad_post_content_style":"default","_kad_post_vertical_padding":"default","_kad_post_feature":"","_kad_post_feature_position":"","_kad_post_header":false,"_kad_post_footer":false,"_kad_post_classname":""},"product_brand":[],"product_cat":[50],"product_tag":[54],"class_list":{"0":"post-599","1":"product","2":"type-product","3":"status-publish","4":"has-post-thumbnail","6":"product_cat-rape","7":"product_tag-caboclo","9":"first","10":"instock","11":"taxable","12":"shipping-taxable","13":"purchasable","14":"product-type-variable","15":"entry","16":"content-bg","17":"loop-entry"},"taxonomy_info":{"product_cat":[{"value":50,"label":"Rap\u00e9"}],"product_tag":[{"value":54,"label":"Caboclo"}]},"featured_image_src_large":["https:\/\/orisha-ossain.com\/wp-content\/uploads\/2024\/11\/Sete-Ervas_Orisha_Ossain.png",736,736,false],"author_info":[],"comment_info":"","_links":{"self":[{"href":"https:\/\/orisha-ossain.com\/de\/wp-json\/wp\/v2\/product\/599","targetHints":{"allow":["GET"]}}],"collection":[{"href":"https:\/\/orisha-ossain.com\/de\/wp-json\/wp\/v2\/product"}],"about":[{"href":"https:\/\/orisha-ossain.com\/de\/wp-json\/wp\/v2\/types\/product"}],"wp:featuredmedia":[{"embeddable":true,"href":"https:\/\/orisha-ossain.com\/de\/wp-json\/wp\/v2\/media\/35666"}],"wp:attachment":[{"href":"https:\/\/orisha-ossain.com\/de\/wp-json\/wp\/v2\/media?parent=599"}],"wp:term":[{"taxonomy":"product_brand","embeddable":true,"href":"https:\/\/orisha-ossain.com\/de\/wp-json\/wp\/v2\/product_brand?post=599"},{"taxonomy":"product_cat","embeddable":true,"href":"https:\/\/orisha-ossain.com\/de\/wp-json\/wp\/v2\/product_cat?post=599"},{"taxonomy":"product_tag","embeddable":true,"href":"https:\/\/orisha-ossain.com\/de\/wp-json\/wp\/v2\/product_tag?post=599"}],"curies":[{"name":"wp","href":"https:\/\/api.w.org\/{rel}","templated":true}]}}