{"id":592,"date":"2023-07-03T18:58:03","date_gmt":"2023-07-03T16:58:03","guid":{"rendered":"http:\/\/orisha-ossain.com\/?post_type=product&#038;p=592"},"modified":"2026-04-12T19:21:06","modified_gmt":"2026-04-12T17:21:06","slug":"rape-awiry","status":"publish","type":"product","link":"https:\/\/orisha-ossain.com\/de\/product\/rape-awiry\/","title":{"rendered":"Rap\u00e9 Awiry"},"content":{"rendered":"<h2>Rap\u00e9 Awiry<\/h2>\n<p>Die Apurin\u00e3, auch bekannt als das Volk der Awiry, sch\u00e4tzen die Awiry-Pflanze sehr. Ihre Paj\u00e9s (Schamanen) verwenden sie, um ihr Volk zu diagnostizieren und zu heilen. Aus dieser heiligen Pflanze stellen die Apurin\u00e3 ihren ber\u00fchmten gr\u00fcnen Rap\u00e9 her. Sie mischen diesem Schnupftabak keine ashes oder andere Kr\u00e4uter bei.<\/p>\n<p>Der Awiry bleibt unfermentiert und beh\u00e4lt seine nat\u00fcrliche gr\u00fcne Farbe, was ihn zu einem rohen und \"lebendigen\" Schnupftabak macht. Die Apurin\u00e3 inhalieren ihn traditionell durch einen Knochen oder ein wildes Bambusrohr, anders als andere indigene St\u00e4mme in Brasilien, die ihren Rap\u00e9 entweder mit einer Kuripe oder einem Tepi blasen.<\/p>\n<p><img decoding=\"async\" class=\"aligncenter wp-image-34598 size-medium\" src=\"http:\/\/orisha-ossain.com\/wp-content\/uploads\/2024\/11\/Awiry-300x184.jpg\" alt=\"Rap\u00e9 Awiry von der Apurina auf einem Spielplatz mit einem Kuripi\" width=\"300\" height=\"184\" srcset=\"https:\/\/orisha-ossain.com\/wp-content\/uploads\/2024\/11\/Awiry-300x184.jpg 300w, https:\/\/orisha-ossain.com\/wp-content\/uploads\/2024\/11\/Awiry-1024x627.jpg 1024w, https:\/\/orisha-ossain.com\/wp-content\/uploads\/2024\/11\/Awiry-768x470.jpg 768w, https:\/\/orisha-ossain.com\/wp-content\/uploads\/2024\/11\/Awiry.jpg 1255w\" sizes=\"(max-width: 300px) 100vw, 300px\" \/><\/p>\n<p>Die Awiry-Pflanze w\u00e4chst in der N\u00e4he der Flussufer. Die Menschen ernten sie nur in der Trockenzeit, wenn die Fl\u00fcsse niedrig sind. Sie w\u00e4chst wild, aber heutzutage bauen einige Gemeinden sie an, um die Verf\u00fcgbarkeit zu erh\u00f6hen. Die Apurin\u00e3 k\u00f6nnen diesen Rap\u00e9 wegen der \u00dcberschwemmungen nur in der Trockenzeit herstellen, was ihn selten und besonders macht. Wie bereits erw\u00e4hnt, beginnen sie nun mit dem Anbau, was dazu beitr\u00e4gt, ihn besser zug\u00e4nglich zu machen.<\/p>","protected":false},"excerpt":{"rendered":"<p>Rap\u00e9 Awiry hat einen blumigen Duft und riecht buchst\u00e4blich wie mitten im Dschungel. Dieser gr\u00fcne Schnupftabak ist sehr \u00f6ffnend und sehr subtil.<\/p>","protected":false},"featured_media":35612,"template":"","meta":{"_seopress_robots_primary_cat":"none","_seopress_titles_title":"Rap\u00e9 - Awiry - Apurin\u00e3 - Green Snuff - Flowery Scent -","_seopress_titles_desc":"Rap\u00e9 Awiry has a flowery scent and smells like being in the middle of the jungle. This green snuff is very opening and deeply subtle.","_seopress_robots_index":"","_kad_blocks_custom_css":"","_kad_blocks_head_custom_js":"","_kad_blocks_body_custom_js":"","_kad_blocks_footer_custom_js":"","_kad_post_transparent":"default","_kad_post_title":"","_kad_post_layout":"default","_kad_post_sidebar_id":"","_kad_post_content_style":"default","_kad_post_vertical_padding":"default","_kad_post_feature":"","_kad_post_feature_position":"","_kad_post_header":false,"_kad_post_footer":false,"_kad_post_classname":""},"product_brand":[],"product_cat":[50],"product_tag":[53],"class_list":{"0":"post-592","1":"product","2":"type-product","3":"status-publish","4":"has-post-thumbnail","6":"product_cat-rape","7":"product_tag-apurina","9":"first","10":"instock","11":"taxable","12":"shipping-taxable","13":"purchasable","14":"product-type-variable","15":"entry","16":"content-bg","17":"loop-entry"},"taxonomy_info":{"product_cat":[{"value":50,"label":"Rap\u00e9"}],"product_tag":[{"value":53,"label":"Apurin\u00e3"}]},"featured_image_src_large":["https:\/\/orisha-ossain.com\/wp-content\/uploads\/2024\/11\/Awiry_Orisha_Ossain.png",736,736,false],"author_info":[],"comment_info":"","_links":{"self":[{"href":"https:\/\/orisha-ossain.com\/de\/wp-json\/wp\/v2\/product\/592","targetHints":{"allow":["GET"]}}],"collection":[{"href":"https:\/\/orisha-ossain.com\/de\/wp-json\/wp\/v2\/product"}],"about":[{"href":"https:\/\/orisha-ossain.com\/de\/wp-json\/wp\/v2\/types\/product"}],"wp:featuredmedia":[{"embeddable":true,"href":"https:\/\/orisha-ossain.com\/de\/wp-json\/wp\/v2\/media\/35612"}],"wp:attachment":[{"href":"https:\/\/orisha-ossain.com\/de\/wp-json\/wp\/v2\/media?parent=592"}],"wp:term":[{"taxonomy":"product_brand","embeddable":true,"href":"https:\/\/orisha-ossain.com\/de\/wp-json\/wp\/v2\/product_brand?post=592"},{"taxonomy":"product_cat","embeddable":true,"href":"https:\/\/orisha-ossain.com\/de\/wp-json\/wp\/v2\/product_cat?post=592"},{"taxonomy":"product_tag","embeddable":true,"href":"https:\/\/orisha-ossain.com\/de\/wp-json\/wp\/v2\/product_tag?post=592"}],"curies":[{"name":"wp","href":"https:\/\/api.w.org\/{rel}","templated":true}]}}