{"id":580,"date":"2023-07-03T17:01:12","date_gmt":"2023-07-03T15:01:12","guid":{"rendered":"http:\/\/orisha-ossain.com\/?post_type=product&#038;p=580"},"modified":"2026-04-14T14:49:27","modified_gmt":"2026-04-14T12:49:27","slug":"rape-shawadawa","status":"publish","type":"product","link":"https:\/\/orisha-ossain.com\/de\/product\/rape-shawadawa\/","title":{"rendered":"Rap\u00e9 Shawadawa"},"content":{"rendered":"<h2>Rap\u00e9 Shaw\u00e3dawa<\/h2>\n<ul>\n<li>Diese Rap\u00e9 Shaw\u00e3dawa stammen von dem Stamm, der als \"Das Volk des Aras\" bekannt ist. Mein lieber Freund Paco aus Acre in Brasilien brachte mich mit ihnen in Kontakt und half mir, Zugang zu ihrer gesch\u00e4tzten Medizin zu erhalten, die sie gro\u00dfz\u00fcgig mit mir teilten.<\/li>\n<li>W\u00e4hrend unseres Gespr\u00e4chs baten mich die Shaw\u00e3dawa, diese herzliche Botschaft weiterzugeben: \"Wir w\u00fcnschen allen Menschen au\u00dferhalb Brasiliens Segen bei ihren Studien mit der Waldmedizin.\"<\/li>\n<li>Dieser Shaw\u00e3dawa Rap\u00e9, ein bemerkenswerter Schnupftabak aus dem Amazonaswald, hat einen gr\u00e4ulichen Farbton, herrliche Aromen und eine starke Wirkung.<\/li>\n<\/ul>","protected":false},"excerpt":{"rendered":"<p>Dies ist der rap\u00e9 Shaw\u00e3dawa, mancherorts auch als Rauti bekannt. Der Shaw\u00e3dawa Rap\u00e9 stammt von dem Stamm, der \"das Volk des Aras\" genannt wird. Es zeichnet sich durch eine hellbraune Farbe, k\u00f6stliche Aromen und bemerkenswerte St\u00e4rke aus.<\/p>","protected":false},"featured_media":35684,"template":"","meta":{"_seopress_robots_primary_cat":"none","_seopress_titles_title":"Rap\u00e9 Shaw\u00e3dawa - Rauti - Nice Aromas and Plenty of Force -","_seopress_titles_desc":"This is the new Shaw\u00e3dawa Rap\u00e9. In some places, it's called Rauti. This rap\u00e9 Shaw\u00e3dawa Rauti from the tribe also referred to as People of the Macaw.","_seopress_robots_index":"","_kad_blocks_custom_css":"","_kad_blocks_head_custom_js":"","_kad_blocks_body_custom_js":"","_kad_blocks_footer_custom_js":"","_kad_post_transparent":"default","_kad_post_title":"","_kad_post_layout":"default","_kad_post_sidebar_id":"","_kad_post_content_style":"default","_kad_post_vertical_padding":"default","_kad_post_feature":"","_kad_post_feature_position":"","_kad_post_header":false,"_kad_post_footer":false,"_kad_post_classname":""},"product_brand":[],"product_cat":[50],"product_tag":[61],"class_list":{"0":"post-580","1":"product","2":"type-product","3":"status-publish","4":"has-post-thumbnail","6":"product_cat-rape","7":"product_tag-shawadawa","9":"first","10":"instock","11":"taxable","12":"shipping-taxable","13":"purchasable","14":"product-type-variable","15":"entry","16":"content-bg","17":"loop-entry"},"taxonomy_info":{"product_cat":[{"value":50,"label":"Rap\u00e9"}],"product_tag":[{"value":61,"label":"Shawadawa"}]},"featured_image_src_large":["https:\/\/orisha-ossain.com\/wp-content\/uploads\/2024\/11\/Shawadawa_Orisha_Ossain.png",736,736,false],"author_info":[],"comment_info":"","_links":{"self":[{"href":"https:\/\/orisha-ossain.com\/de\/wp-json\/wp\/v2\/product\/580","targetHints":{"allow":["GET"]}}],"collection":[{"href":"https:\/\/orisha-ossain.com\/de\/wp-json\/wp\/v2\/product"}],"about":[{"href":"https:\/\/orisha-ossain.com\/de\/wp-json\/wp\/v2\/types\/product"}],"wp:featuredmedia":[{"embeddable":true,"href":"https:\/\/orisha-ossain.com\/de\/wp-json\/wp\/v2\/media\/35684"}],"wp:attachment":[{"href":"https:\/\/orisha-ossain.com\/de\/wp-json\/wp\/v2\/media?parent=580"}],"wp:term":[{"taxonomy":"product_brand","embeddable":true,"href":"https:\/\/orisha-ossain.com\/de\/wp-json\/wp\/v2\/product_brand?post=580"},{"taxonomy":"product_cat","embeddable":true,"href":"https:\/\/orisha-ossain.com\/de\/wp-json\/wp\/v2\/product_cat?post=580"},{"taxonomy":"product_tag","embeddable":true,"href":"https:\/\/orisha-ossain.com\/de\/wp-json\/wp\/v2\/product_tag?post=580"}],"curies":[{"name":"wp","href":"https:\/\/api.w.org\/{rel}","templated":true}]}}