{"id":576,"date":"2023-07-03T16:20:36","date_gmt":"2023-07-03T14:20:36","guid":{"rendered":"http:\/\/orisha-ossain.com\/?post_type=product&#038;p=576"},"modified":"2024-12-03T19:15:54","modified_gmt":"2024-12-03T18:15:54","slug":"rape-envira-ferro","status":"publish","type":"product","link":"https:\/\/orisha-ossain.com\/de\/product\/rape-envira-ferro\/","title":{"rendered":"Rap\u00e9 Envira Ferro"},"content":{"rendered":"<h2>Rap\u00e9 Envira Ferro<\/h2>\n<p>Envira ferro ist ein s\u00fcdamerikanischer Name f\u00fcr B\u00e4ume aus der Gattung Oxandra. Die Shawadawa Menschen verwenden die Rinde und den Stamm dieses Baumes, um die ash, die ihren Namen zu diesem rap\u00e9 gibt zu machen. Die Mischung mit feinem Arapiraca Mapacho macht es zu einem hellen, nicht zu extremen, aber immer noch kraftvollen Shawadawa rap\u00e9. Keine zus\u00e4tzlichen Kr\u00e4uter, nur Arapiraca Mapacho und Envira Ferro Ash.<\/p>\n<h2>\u00dcber den Stamm<\/h2>\n<p>Die Shawadawa (auch bekannt als Arara del Acre, Shawandaua, Shawanaua, Shawanau\u00e1, Shaonahua oder Shaodawa) sind eine indigene Gruppe, die den S\u00fcdwesten des brasilianischen Bundesstaates Acre bewohnt. Dieser Stamm kam erst zu Beginn des 20. Jahrhunderts mit der westlichen \"Zivilisation\" in Kontakt. Der gesamte Stamm besteht derzeit aus nur 550 Seelen. Shaw\u00e3 bedeutet Aras und Dawa bedeutet Familie, sie sind also die Familie der Aras.<\/p>\n<p>Heute besteht das Hauptziel der Shaw\u00e3dawa darin, ihr Land und ihre W\u00e4lder zu sch\u00fctzen, in denen alle unsere nat\u00fcrlichen Arzneimittel zu finden sind. Au\u00dferdem sind sie stets bestrebt, ihre Kultur und die Lehren ihrer Vorfahren zu bewahren und zu erhalten.<\/p>\n<p>M\u00f6chten Sie mehr \u00fcber diesen kleinen Amazonas-Stamm erfahren? Werfen Sie einen Blick auf <a href=\"https:\/\/pib.socioambiental.org\/pt\/Povo:Arara_Shaw\u00e3dawa\" target=\"_blank\" rel=\"noopener noreferrer\">diese interessante Website.<\/a><\/p>\n<blockquote class=\"wp-embedded-content\" data-secret=\"8TJejGmLqj\"><p><a href=\"https:\/\/orisha-ossain.com\/de\/the-shawadawa\/\">Die Shaw\u00e3dawa<\/a><\/p><\/blockquote>\n<p><iframe class=\"wp-embedded-content\" sandbox=\"allow-scripts\" security=\"restricted\" style=\"position: absolute; visibility: hidden;\" title=\"&quot;Die Shaw\u00e3dawa&quot; - Orisha Ossain\" src=\"https:\/\/orisha-ossain.com\/the-shawadawa\/embed\/#?secret=jie8mmKGv3#?secret=8TJejGmLqj\" data-secret=\"8TJejGmLqj\" width=\"600\" height=\"338\" frameborder=\"0\" marginwidth=\"0\" marginheight=\"0\" scrolling=\"no\"><\/iframe><\/p>\n<h2 style=\"text-align: center;\"><a href=\"http:\/\/orisha-ossain.com\/de\/product-category\/tepi\/\">Tepi<\/a> und <a href=\"http:\/\/orisha-ossain.com\/de\/product-category\/tepi\/\">Kuripe<span style=\"font-size: 16px;\">\u00a0<\/span><\/a><\/h2>\n<p style=\"text-align: center;\">Werfen Sie einen Blick auf die Kollektion von Tepi und Kuripe. Verschiedene Stile von verschiedenen K\u00fcnstlern sind verf\u00fcgbar. <a style=\"font-weight: bold; font-family: var(--global-body-font-family);\" href=\"http:\/\/orisha-ossain.com\/wp-content\/uploads\/2023\/06\/Tepi-Blessings.jpg\"><img decoding=\"async\" class=\"wp-image-55 size-medium aligncenter\" src=\"http:\/\/orisha-ossain.com\/wp-content\/uploads\/2023\/06\/Tepi-Blessings-300x199.jpg\" alt=\"Tepis erhalten Segen von ihren Sch\u00f6pfern\" width=\"300\" height=\"199\" srcset=\"https:\/\/orisha-ossain.com\/wp-content\/uploads\/2023\/06\/Tepi-Blessings-300x199.jpg 300w, https:\/\/orisha-ossain.com\/wp-content\/uploads\/2023\/06\/Tepi-Blessings.jpg 640w\" sizes=\"(max-width: 300px) 100vw, 300px\" \/><\/a><span style=\"font-size: 14px; font-family: var(--global-body-font-family);\">Tepis erhalten Segen von ihren Sch\u00f6pfern<\/span><\/p>\n<h2>Handhabung und Sortierung<\/h2>\n<p>Ich siebe diesen Rap\u00e9 Envira Ferro und alle anderen Schnupftabakprodukte aus meinem Gesch\u00e4ft durch ein 120-Mikron-Edelstahlsieb. Au\u00dferdem lagere ich den Rap\u00e9-Bestand trocken und in Vakuumbeh\u00e4ltern, um Frische und Qualit\u00e4t zu erhalten.<\/p>\n<p>Dies f\u00fchrt zu.<\/p>\n<ul>\n<li>ein extrem feines Pulver.<\/li>\n<li>eine garantiert gleichbleibende Feinheit<\/li>\n<li>optimale Aufnahme des Schnupftabaks<\/li>\n<\/ul>","protected":false},"excerpt":{"rendered":"<ul>\n<li>Rap\u00e9 Envira Ferro hat seinen Namen von einem s\u00fcdamerikanischen Baum der Gattung Oxandra. Das Volk der Shawadawa verwendet die Rinde und den Stamm dieses Baumes, um das ash herzustellen, das dem rap\u00e9 seinen Namen gibt.<\/li>\n<li>Sie mischen diese ash mit feinem Arapiraca Mapacho, um daraus eine helle und weiche Shawadawa rap\u00e9 zu machen, ohne zus\u00e4tzliche Kr\u00e4uter, nur mit Arapiraca Mapacho und Envira Ferro Ash.<\/li>\n<\/ul>","protected":false},"featured_media":35606,"template":"","meta":{"_seopress_robots_primary_cat":"none","_seopress_titles_title":"Rap\u00e9 Envira Ferro - Shawadawa - Oxandra Ash -Orisha Ossain","_seopress_titles_desc":"Rap\u00e9 Envira ferro has its name given from a South American tree from the Oxandra genus. The Shawadawa people use the bark and trunk of this tree","_seopress_robots_index":"","_kad_blocks_custom_css":"","_kad_blocks_head_custom_js":"","_kad_blocks_body_custom_js":"","_kad_blocks_footer_custom_js":"","_kad_post_transparent":"default","_kad_post_title":"","_kad_post_layout":"default","_kad_post_sidebar_id":"","_kad_post_content_style":"default","_kad_post_vertical_padding":"default","_kad_post_feature":"","_kad_post_feature_position":"","_kad_post_header":false,"_kad_post_footer":false,"_kad_post_classname":""},"product_brand":[],"product_cat":[50],"product_tag":[61],"class_list":{"0":"post-576","1":"product","2":"type-product","3":"status-publish","4":"has-post-thumbnail","6":"product_cat-rape","7":"product_tag-shawadawa","9":"first","10":"outofstock","11":"taxable","12":"shipping-taxable","13":"purchasable","14":"product-type-variable","15":"entry","16":"content-bg","17":"loop-entry"},"taxonomy_info":{"product_cat":[{"value":50,"label":"Rap\u00e9"}],"product_tag":[{"value":61,"label":"Shawadawa"}]},"featured_image_src_large":["https:\/\/orisha-ossain.com\/wp-content\/uploads\/2024\/11\/Envira-Ferro-Orisha_Ossain.png",736,736,false],"author_info":[],"comment_info":"","_links":{"self":[{"href":"https:\/\/orisha-ossain.com\/de\/wp-json\/wp\/v2\/product\/576","targetHints":{"allow":["GET"]}}],"collection":[{"href":"https:\/\/orisha-ossain.com\/de\/wp-json\/wp\/v2\/product"}],"about":[{"href":"https:\/\/orisha-ossain.com\/de\/wp-json\/wp\/v2\/types\/product"}],"wp:featuredmedia":[{"embeddable":true,"href":"https:\/\/orisha-ossain.com\/de\/wp-json\/wp\/v2\/media\/35606"}],"wp:attachment":[{"href":"https:\/\/orisha-ossain.com\/de\/wp-json\/wp\/v2\/media?parent=576"}],"wp:term":[{"taxonomy":"product_brand","embeddable":true,"href":"https:\/\/orisha-ossain.com\/de\/wp-json\/wp\/v2\/product_brand?post=576"},{"taxonomy":"product_cat","embeddable":true,"href":"https:\/\/orisha-ossain.com\/de\/wp-json\/wp\/v2\/product_cat?post=576"},{"taxonomy":"product_tag","embeddable":true,"href":"https:\/\/orisha-ossain.com\/de\/wp-json\/wp\/v2\/product_tag?post=576"}],"curies":[{"name":"wp","href":"https:\/\/api.w.org\/{rel}","templated":true}]}}