{"id":568,"date":"2023-07-03T16:02:54","date_gmt":"2023-07-03T14:02:54","guid":{"rendered":"http:\/\/orisha-ossain.com\/?post_type=product&#038;p=568"},"modified":"2026-04-10T22:48:37","modified_gmt":"2026-04-10T20:48:37","slug":"rape-parika","status":"publish","type":"product","link":"https:\/\/orisha-ossain.com\/de\/product\/rape-parika\/","title":{"rendered":"Rap\u00e9 Parika"},"content":{"rendered":"<h2>Rap\u00e9 Parika<\/h2>\n<ul>\n<li>Diese frische Charge von Rap\u00e9 Parika zeigt seine kraftvollen Eigenschaften. Ich versichere Ihnen, dass es hochwirksam ist. Durch die Zusammenarbeit zwischen Shaw\u00e3dawa-Indianern und Caboclos ist dieser einzigartige Rap\u00e9 entstanden. Ein Caboclo ist eine Person mit gemischten indigenen brasilianischen, europ\u00e4ischen oder afrikanischen Vorfahren. Klicken Sie hier, um mehr \u00fcber Caboclos zu erfahren.<\/li>\n<li>Die brasilianischen Ureinwohner teilen ihr Wissen aktiv mit anderen. In diesem Fall leben die Indianer und Caboclos in unmittelbarer N\u00e4he und arbeiten und leben auf nat\u00fcrliche Weise zusammen. Manchmal bereiten die Shawadawa die ashes zu, w\u00e4hrend die Caboclos die Sabia zubereiten, oder umgekehrt.<\/li>\n<li>Parika Rap\u00e9 (Schizolobium amazonicum) ist bekannt f\u00fcr seine starken antibakteriellen Inhaltsstoffe. Parika ashes strahlen eine hohe Schwingung aus, die negative und festgefahrene Energien in K\u00f6rper und Geist aufl\u00f6st.<\/li>\n<\/ul>\n<figure id=\"attachment_201\" aria-describedby=\"caption-attachment-201\" style=\"width: 300px\" class=\"wp-caption aligncenter\"><a href=\"http:\/\/orisha-ossain.com\/wp-content\/uploads\/2023\/06\/schizolobium-amazonicum-parica.jpg\"><img decoding=\"async\" class=\"wp-image-201 size-medium\" src=\"http:\/\/orisha-ossain.com\/wp-content\/uploads\/2023\/06\/schizolobium-amazonicum-parica-300x300.jpg\" alt=\"Suche nach einem Schizolobium amazonicum Baum. Die Rinde wird f\u00fcr rap\u00e9\/Snuff verwendet. rap\u00e9 Parika\" width=\"300\" height=\"300\" srcset=\"https:\/\/orisha-ossain.com\/wp-content\/uploads\/2023\/06\/schizolobium-amazonicum-parica-300x300.jpg 300w, https:\/\/orisha-ossain.com\/wp-content\/uploads\/2023\/06\/schizolobium-amazonicum-parica-100x100.jpg 100w, https:\/\/orisha-ossain.com\/wp-content\/uploads\/2023\/06\/schizolobium-amazonicum-parica-465x465.jpg 465w, https:\/\/orisha-ossain.com\/wp-content\/uploads\/2023\/06\/schizolobium-amazonicum-parica-1024x1024.jpg 1024w, https:\/\/orisha-ossain.com\/wp-content\/uploads\/2023\/06\/schizolobium-amazonicum-parica-150x150.jpg 150w, https:\/\/orisha-ossain.com\/wp-content\/uploads\/2023\/06\/schizolobium-amazonicum-parica-768x768.jpg 768w, https:\/\/orisha-ossain.com\/wp-content\/uploads\/2023\/06\/schizolobium-amazonicum-parica.jpg 1080w\" sizes=\"(max-width: 300px) 100vw, 300px\" \/><\/a><figcaption id=\"caption-attachment-201\" class=\"wp-caption-text\">Schizolobium amazonicum<\/figcaption><\/figure>","protected":false},"excerpt":{"rendered":"<ul>\n<li>Diese neue Charge von Parika Rap\u00e9 bietet eine k\u00f6stliche Erfahrung mit einem einzigartigen Rezept und frischen Aromen. Genie\u00dfen Sie seinen Charme und lassen Sie es sich schmecken!<\/li>\n<li>Die Menschen kennen Rap\u00e9 Parika f\u00fcr seine starken antibakteriellen Eigenschaften. Die ashes von Parika strahlen hohe Schwingungen aus, die negative und festgefahrene Energien aus K\u00f6rper und Geist effektiv beseitigen.<\/li>\n<\/ul>","protected":false},"featured_media":35686,"template":"","meta":{"_seopress_robots_primary_cat":"none","_seopress_titles_title":"%%post_title%% - High Vibrations, Clearing Negative Energies","_seopress_titles_desc":"People recognize Rap\u00e9 Parika for its powerful properties. The ashes from Parika emit high vibrations, effectively clearing negative energies.","_seopress_robots_index":"","_kad_blocks_custom_css":"","_kad_blocks_head_custom_js":"","_kad_blocks_body_custom_js":"","_kad_blocks_footer_custom_js":"","_kad_post_transparent":"default","_kad_post_title":"","_kad_post_layout":"default","_kad_post_sidebar_id":"","_kad_post_content_style":"default","_kad_post_vertical_padding":"default","_kad_post_feature":"","_kad_post_feature_position":"","_kad_post_header":false,"_kad_post_footer":false,"_kad_post_classname":""},"product_brand":[],"product_cat":[50],"product_tag":[54,61],"class_list":{"0":"post-568","1":"product","2":"type-product","3":"status-publish","4":"has-post-thumbnail","6":"product_cat-rape","7":"product_tag-caboclo","8":"product_tag-shawadawa","10":"first","11":"instock","12":"taxable","13":"shipping-taxable","14":"purchasable","15":"product-type-variable","16":"entry","17":"content-bg","18":"loop-entry"},"taxonomy_info":{"product_cat":[{"value":50,"label":"Rap\u00e9"}],"product_tag":[{"value":54,"label":"Caboclo"},{"value":61,"label":"Shawadawa"}]},"featured_image_src_large":["https:\/\/orisha-ossain.com\/wp-content\/uploads\/2024\/11\/Parika_Orisha_Ossain.png",736,736,false],"author_info":[],"comment_info":"","_links":{"self":[{"href":"https:\/\/orisha-ossain.com\/de\/wp-json\/wp\/v2\/product\/568","targetHints":{"allow":["GET"]}}],"collection":[{"href":"https:\/\/orisha-ossain.com\/de\/wp-json\/wp\/v2\/product"}],"about":[{"href":"https:\/\/orisha-ossain.com\/de\/wp-json\/wp\/v2\/types\/product"}],"wp:featuredmedia":[{"embeddable":true,"href":"https:\/\/orisha-ossain.com\/de\/wp-json\/wp\/v2\/media\/35686"}],"wp:attachment":[{"href":"https:\/\/orisha-ossain.com\/de\/wp-json\/wp\/v2\/media?parent=568"}],"wp:term":[{"taxonomy":"product_brand","embeddable":true,"href":"https:\/\/orisha-ossain.com\/de\/wp-json\/wp\/v2\/product_brand?post=568"},{"taxonomy":"product_cat","embeddable":true,"href":"https:\/\/orisha-ossain.com\/de\/wp-json\/wp\/v2\/product_cat?post=568"},{"taxonomy":"product_tag","embeddable":true,"href":"https:\/\/orisha-ossain.com\/de\/wp-json\/wp\/v2\/product_tag?post=568"}],"curies":[{"name":"wp","href":"https:\/\/api.w.org\/{rel}","templated":true}]}}