{"id":560,"date":"2023-07-03T15:29:38","date_gmt":"2023-07-03T13:29:38","guid":{"rendered":"http:\/\/orisha-ossain.com\/?post_type=product&#038;p=560"},"modified":"2026-04-13T00:00:46","modified_gmt":"2026-04-12T22:00:46","slug":"rape-nukini","status":"publish","type":"product","link":"https:\/\/orisha-ossain.com\/de\/product\/rape-nukini\/","title":{"rendered":"Rap\u00e9 Nukini"},"content":{"rendered":"<h2>Rap\u00e9 Nukini<\/h2>\n<p>Dieser Nukini Rap\u00e9 ist Pau Pereira. Es ist eine der \u00e4lteren und weit verbreiteten Rap\u00e9-Sorten. Verschiedene St\u00e4mme, Caboclos und andere arbeiten mit dieser Sorte und stellen sie her.  Pau Pereira wird aus Arapiraca und dem ash des Platycyamus regnellii-Baums hergestellt. Dies ist ein einfacher Rap\u00e9, nur Arapiraca und Pau Pereira Rinde ash. Es ist ziemlich stark. Dieses Pau Pereira stammt vom Stamm der Nukini.<\/p>\n<h2>\u00dcber Pau Pereira\/Platycyamus regnelli<\/h2>\n<p>Platycyamus regnellii ist ein sommergr\u00fcner Baum mit einer dichten, kugelf\u00f6rmigen Krone; er kann 10 - 20 Meter hoch werden. Der Stamm kann einen Durchmesser von 40 bis 60 cm haben. Im brasilianischen Wald gibt es viele Heilpflanzen. Eine der zehn wichtigsten davon ist Tsunu (Platycyamus regnellii). Sie ist eine Volksmedizin und wird zur Behandlung von Malaria, Impotenz, Verdauungsst\u00f6rungen, Schwindel, Verstopfung und Fieber eingesetzt.<br \/>\nDie ersten wissenschaftlichen Aufzeichnungen \u00fcber die Verwendung der Pau-Pereira in der medizinischen Behandlung erschienen in Dissertationen der medizinischen Fakult\u00e4t von Rio de Janeiro und in der medizinischen Zeitschrift Fluminense (1861-1923). Unter anderem wird er auf dem ersten Rezept f\u00fcr Kr\u00e4uterb\u00e4der aus gekochten Tsunu-Muscheln erw\u00e4hnt. Der brasilianische Arzt Joaquim Jos\u00e9 da Silva (1791-1857) verschrieb dieses Mittel der Sklavin seiner Schwester, die an Fieber litt.<\/p>\n<figure id=\"attachment_208\" aria-describedby=\"caption-attachment-208\" style=\"width: 225px\" class=\"wp-caption aligncenter\"><a href=\"http:\/\/orisha-ossain.com\/wp-content\/uploads\/2023\/06\/Tsunu-Platycyamus-regnellii.jpg\"><img decoding=\"async\" class=\"wp-image-208 size-medium\" src=\"http:\/\/orisha-ossain.com\/wp-content\/uploads\/2023\/06\/Tsunu-Platycyamus-regnellii-225x300.jpg\" alt=\"Ein Platycyamus regnellii Baum im Wald. Die Rinde wird f\u00fcr Rap\u00e9 Nukini verwendet\" width=\"225\" height=\"300\" srcset=\"https:\/\/orisha-ossain.com\/wp-content\/uploads\/2023\/06\/Tsunu-Platycyamus-regnellii-225x300.jpg 225w, https:\/\/orisha-ossain.com\/wp-content\/uploads\/2023\/06\/Tsunu-Platycyamus-regnellii-768x1024.jpg 768w, https:\/\/orisha-ossain.com\/wp-content\/uploads\/2023\/06\/Tsunu-Platycyamus-regnellii.jpg 900w\" sizes=\"(max-width: 225px) 100vw, 225px\" \/><\/a><figcaption id=\"caption-attachment-208\" class=\"wp-caption-text\">Platycyamus regnellii, Tsunu<\/figcaption><\/figure>","protected":false},"excerpt":{"rendered":"<p>Rap\u00e9 Nukini. Dies ist Rap\u00e9 gemacht mit Pau Pereira ash. Es ist ziemlich selten und wurde speziell auf meinen Wunsch hin hergestellt. Pau Pereira hat eine lange Geschichte in Brasilien. Bei Rap\u00e9 ist ein Teil dieser Geschichte, dass Pau Pereira oft und f\u00e4lschlicherweise Tsunu genannt wird.<\/p>","protected":false},"featured_media":35649,"template":"","meta":{"_seopress_robots_primary_cat":"none","_seopress_titles_title":"Rap\u00e9 Nukini - Pau Pereira Ash - Orisha Ossain","_seopress_titles_desc":"Rap\u00e9 Nukini. This snuff is quite rare. Made with Pau Pereira Ash. Very smooth with nice aromas. A medium strong snuff, I like it a lot.","_seopress_robots_index":"","_kad_blocks_custom_css":"","_kad_blocks_head_custom_js":"","_kad_blocks_body_custom_js":"","_kad_blocks_footer_custom_js":"","_kad_post_transparent":"default","_kad_post_title":"","_kad_post_layout":"default","_kad_post_sidebar_id":"","_kad_post_content_style":"default","_kad_post_vertical_padding":"default","_kad_post_feature":"","_kad_post_feature_position":"","_kad_post_header":false,"_kad_post_footer":false,"_kad_post_classname":""},"product_brand":[],"product_cat":[50],"product_tag":[58],"class_list":{"0":"post-560","1":"product","2":"type-product","3":"status-publish","4":"has-post-thumbnail","6":"product_cat-rape","7":"product_tag-nukini","9":"first","10":"instock","11":"taxable","12":"shipping-taxable","13":"purchasable","14":"product-type-variable","15":"entry","16":"content-bg","17":"loop-entry"},"taxonomy_info":{"product_cat":[{"value":50,"label":"Rap\u00e9"}],"product_tag":[{"value":58,"label":"Nukini"}]},"featured_image_src_large":["https:\/\/orisha-ossain.com\/wp-content\/uploads\/2024\/11\/Nukini_Orisha_Ossain.png",736,736,false],"author_info":[],"comment_info":"","_links":{"self":[{"href":"https:\/\/orisha-ossain.com\/de\/wp-json\/wp\/v2\/product\/560","targetHints":{"allow":["GET"]}}],"collection":[{"href":"https:\/\/orisha-ossain.com\/de\/wp-json\/wp\/v2\/product"}],"about":[{"href":"https:\/\/orisha-ossain.com\/de\/wp-json\/wp\/v2\/types\/product"}],"wp:featuredmedia":[{"embeddable":true,"href":"https:\/\/orisha-ossain.com\/de\/wp-json\/wp\/v2\/media\/35649"}],"wp:attachment":[{"href":"https:\/\/orisha-ossain.com\/de\/wp-json\/wp\/v2\/media?parent=560"}],"wp:term":[{"taxonomy":"product_brand","embeddable":true,"href":"https:\/\/orisha-ossain.com\/de\/wp-json\/wp\/v2\/product_brand?post=560"},{"taxonomy":"product_cat","embeddable":true,"href":"https:\/\/orisha-ossain.com\/de\/wp-json\/wp\/v2\/product_cat?post=560"},{"taxonomy":"product_tag","embeddable":true,"href":"https:\/\/orisha-ossain.com\/de\/wp-json\/wp\/v2\/product_tag?post=560"}],"curies":[{"name":"wp","href":"https:\/\/api.w.org\/{rel}","templated":true}]}}