{"id":54224,"date":"2026-04-08T20:11:30","date_gmt":"2026-04-08T18:11:30","guid":{"rendered":"https:\/\/orisha-ossain.com\/?post_type=product&#038;p=54224"},"modified":"2026-04-09T11:57:01","modified_gmt":"2026-04-09T09:57:01","slug":"golden-focus","status":"publish","type":"product","link":"https:\/\/orisha-ossain.com\/de\/product\/golden-focus\/","title":{"rendered":"Golden Focus"},"content":{"rendered":"<h2>Ceremonial Cacao &#8211; Golden Focus &#8211;<\/h2>\n<h3>Vom Verstand ins Herz fallen<\/h3>\n<p>Erleben Sie die harmonische Verschmelzung der Koh\u00e4renz von Gehirn und Herz. Lassen Sie sich von der uralten Weisheit der Maya-Tradition und der transformativen Kraft des L\u00f6wenm\u00fctzenpilzes auf einen Weg der Klarheit, des Ziels und der tiefen Verbundenheit f\u00fchren.<\/p>\n<p><b>Wichtigste Vorteile\u00a0<\/b><\/p>\n<ul>\n<li style=\"list-style-type: none;\">\n<ul>\n<li aria-level=\"1\">#1. Nootropikum, Gehirn Booster<\/li>\n<li aria-level=\"1\">Kognitive Unterst\u00fctzung - Stimulieren das Wachstum der Gehirnzellen<\/li>\n<li aria-level=\"1\">Schutz der Nerven vor Sch\u00e4digung<\/li>\n<\/ul>\n<\/li>\n<\/ul>\n<p><b>Energetisches Profil:\u00a0<\/b><\/p>\n<ul>\n<li>Beruhigend<\/li>\n<li>Schwerpunkt<\/li>\n<li>Innere Klarheit<\/li>\n<li>Gehirn-Herz-Koh\u00e4renz<\/li>\n<\/ul>\n<p><img decoding=\"async\" class=\"aligncenter wp-image-38099 size-full\" src=\"https:\/\/orisha-ossain.com\/wp-content\/uploads\/2024\/12\/Brain-Power-5.webp\" alt=\"Ceremonial Cacao - Golden Focus - - Alta Verapaz, Guatemala\u00a0 - 100 Grams\" width=\"1080\" height=\"1080\" srcset=\"https:\/\/orisha-ossain.com\/wp-content\/uploads\/2024\/12\/Brain-Power-5.webp 1080w, https:\/\/orisha-ossain.com\/wp-content\/uploads\/2024\/12\/Brain-Power-5-300x300.webp 300w, https:\/\/orisha-ossain.com\/wp-content\/uploads\/2024\/12\/Brain-Power-5-1024x1024.webp 1024w, https:\/\/orisha-ossain.com\/wp-content\/uploads\/2024\/12\/Brain-Power-5-768x768.webp 768w, https:\/\/orisha-ossain.com\/wp-content\/uploads\/2024\/12\/Brain-Power-5-12x12.webp 12w, https:\/\/orisha-ossain.com\/wp-content\/uploads\/2024\/12\/Brain-Power-5-75x75.webp 75w, https:\/\/orisha-ossain.com\/wp-content\/uploads\/2024\/12\/Brain-Power-5-465x465.webp 465w, https:\/\/orisha-ossain.com\/wp-content\/uploads\/2024\/12\/Brain-Power-5-100x100.webp 100w\" sizes=\"(max-width: 1080px) 100vw, 1080px\" \/><\/p>\n<div class=\"elementor-element elementor-element-6fffc63 elementor-widget elementor-widget-text-editor\" data-id=\"6fffc63\" data-element_type=\"widget\" data-widget_type=\"text-editor.default\">\n<div class=\"elementor-widget-container\">\n<p>ADAPTOGENES KRAUT \/ PILZ<\/p>\n<\/div>\n<\/div>\n<div class=\"elementor-element elementor-element-a8fdd15 elementor-widget elementor-widget-text-editor\" data-id=\"a8fdd15\" data-element_type=\"widget\" data-widget_type=\"text-editor.default\">\n<div class=\"elementor-widget-container\">\n<p><strong>\u00a0L\u00d6WENM\u00c4NNCHEN\u00a0<\/strong><\/p>\n<\/div>\n<\/div>\n<div class=\"elementor-element elementor-element-fc15602 elementor-widget elementor-widget-text-editor\" data-id=\"fc15602\" data-element_type=\"widget\" data-widget_type=\"text-editor.default\">\n<div class=\"elementor-widget-container\">\n<p>Wir verwenden einen unglaublich potenten organischen, nachhaltig angebauten L\u00f6wenm\u00e4ulchenpilz\u00a0<b>15:1 Doppelextrakt<\/b>, in my \u201cBrain Power\u201d Ceremonial Cacao Blend.\u00a0 5 grams of raw dried organic Lion\u2019s Mane mushroom is used to make 1 gram of this concentrated extract. To further ensure you receive all the medicinal brain-boosting compounds of Golden Focus, this nr1 Nootropic mushroom is going through an \u201cactivation process\u201d to make it both water and alcohol-soluble, ensuring you receive the high levels of <b>Beta-Glucane (&gt;20%) und Polysaccharide (&gt;30%)<\/b><\/p>\n<\/div>\n<\/div>","protected":false},"excerpt":{"rendered":"<h2>Ceremonial Cacao &#8211; Golden Focus &#8211;<br \/>\nAlta Verapaz, Guatemala &#8211; 100 Grams<\/h2>\n<ul>\n<li>L\u00f6wenm\u00e4hne-Pilz-Doppel-Extrakt (15:1)<\/li>\n<li>Verfeinert mit traditionellen Maya-Gew\u00fcrzen:\n<ul>\n<li>Kardamom<\/li>\n<li>Zimt<\/li>\n<li>Vanille<\/li>\n<\/ul>\n<\/li>\n<\/ul>\n<p>Erleben Sie die reichen Traditionen Guatemalas in Verbindung mit der Kraft der L\u00f6wenm\u00e4hne und authentischen Maya-Gew\u00fcrzen f\u00fcr eine wahrhaft zeremonielle Kakaoreise.<\/p>","protected":false},"featured_media":54225,"template":"","meta":{"_seopress_robots_primary_cat":"none","_seopress_titles_title":"Cermonial Cacao - %%post_title%% - Lion\u2019s Mane -","_seopress_titles_desc":"Experience the rich tradition of Guatemala Golden Focus blend with the power of Lion\u2019s Mane and authentic Maya spices.","_seopress_robots_index":"","_kad_blocks_custom_css":"","_kad_blocks_head_custom_js":"","_kad_blocks_body_custom_js":"","_kad_blocks_footer_custom_js":"","_kad_post_transparent":"default","_kad_post_title":"","_kad_post_layout":"default","_kad_post_sidebar_id":"","_kad_post_content_style":"default","_kad_post_vertical_padding":"default","_kad_post_feature":"","_kad_post_feature_position":"","_kad_post_header":false,"_kad_post_footer":false,"_kad_post_classname":""},"product_brand":[],"product_cat":[150],"product_tag":[151],"class_list":{"0":"post-54224","1":"product","2":"type-product","3":"status-publish","4":"has-post-thumbnail","6":"product_cat-cacao","7":"product_tag-cacao","9":"first","10":"instock","11":"taxable","12":"shipping-taxable","13":"purchasable","14":"product-type-simple","15":"entry","16":"content-bg","17":"loop-entry"},"taxonomy_info":{"product_cat":[{"value":150,"label":"Cacao"}],"product_tag":[{"value":151,"label":"Cacao"}]},"featured_image_src_large":["https:\/\/orisha-ossain.com\/wp-content\/uploads\/2026\/04\/Golden_Focus_100g_transparent-1024x1024.webp",1024,1024,true],"author_info":[],"comment_info":"","_links":{"self":[{"href":"https:\/\/orisha-ossain.com\/de\/wp-json\/wp\/v2\/product\/54224","targetHints":{"allow":["GET"]}}],"collection":[{"href":"https:\/\/orisha-ossain.com\/de\/wp-json\/wp\/v2\/product"}],"about":[{"href":"https:\/\/orisha-ossain.com\/de\/wp-json\/wp\/v2\/types\/product"}],"wp:featuredmedia":[{"embeddable":true,"href":"https:\/\/orisha-ossain.com\/de\/wp-json\/wp\/v2\/media\/54225"}],"wp:attachment":[{"href":"https:\/\/orisha-ossain.com\/de\/wp-json\/wp\/v2\/media?parent=54224"}],"wp:term":[{"taxonomy":"product_brand","embeddable":true,"href":"https:\/\/orisha-ossain.com\/de\/wp-json\/wp\/v2\/product_brand?post=54224"},{"taxonomy":"product_cat","embeddable":true,"href":"https:\/\/orisha-ossain.com\/de\/wp-json\/wp\/v2\/product_cat?post=54224"},{"taxonomy":"product_tag","embeddable":true,"href":"https:\/\/orisha-ossain.com\/de\/wp-json\/wp\/v2\/product_tag?post=54224"}],"curies":[{"name":"wp","href":"https:\/\/api.w.org\/{rel}","templated":true}]}}