{"id":53022,"date":"2026-02-12T09:20:59","date_gmt":"2026-02-12T08:20:59","guid":{"rendered":"https:\/\/orisha-ossain.com\/?post_type=product&#038;p=53022"},"modified":"2026-04-16T13:46:31","modified_gmt":"2026-04-16T11:46:31","slug":"bamboo-kuripe-xl-2","status":"publish","type":"product","link":"https:\/\/orisha-ossain.com\/de\/product\/bamboo-kuripe-xl-2\/","title":{"rendered":"Bambus Kuripe XL"},"content":{"rendered":"<p>Diese Kurpfeife aus Bambus in XL-Gr\u00f6\u00dfe ist ein echtes Kunsthandwerksst\u00fcck. Sie wurde mit vielen Details versehen. Die langen Bambusrohre sorgen f\u00fcr einen hohen Blasdruck.<img decoding=\"async\" class=\"aligncenter wp-image-53058 size-full\" src=\"https:\/\/orisha-ossain.com\/wp-content\/uploads\/2026\/02\/btb01-scaled.jpg\" alt=\"\" width=\"1730\" height=\"2560\" srcset=\"https:\/\/orisha-ossain.com\/wp-content\/uploads\/2026\/02\/btb01-scaled.jpg 1730w, https:\/\/orisha-ossain.com\/wp-content\/uploads\/2026\/02\/btb01-203x300.jpg 203w, https:\/\/orisha-ossain.com\/wp-content\/uploads\/2026\/02\/btb01-692x1024.jpg 692w, https:\/\/orisha-ossain.com\/wp-content\/uploads\/2026\/02\/btb01-768x1137.jpg 768w, https:\/\/orisha-ossain.com\/wp-content\/uploads\/2026\/02\/btb01-1038x1536.jpg 1038w, https:\/\/orisha-ossain.com\/wp-content\/uploads\/2026\/02\/btb01-1384x2048.jpg 1384w, https:\/\/orisha-ossain.com\/wp-content\/uploads\/2026\/02\/btb01-8x12.jpg 8w\" sizes=\"(max-width: 1730px) 100vw, 1730px\" \/><\/p>\n<p>&nbsp;<\/p>\n<h2 style=\"text-align: center;\"><a href=\"http:\/\/orisha-ossain.com\/de\/product-category\/tepi\/\">Tepi<\/a> und Kuripe<span style=\"font-size: 16px;\">\u00a0<\/span><\/h2>\n<p style=\"text-align: center;\">Werfen Sie einen Blick auf die Kollektion von Tepi und Kuripe. Verschiedene Stile von verschiedenen K\u00fcnstlern sind verf\u00fcgbar. <a style=\"font-weight: bold; font-family: var(--global-body-font-family);\" href=\"http:\/\/orisha-ossain.com\/wp-content\/uploads\/2023\/06\/Tepi-Blessings.jpg\"><img decoding=\"async\" class=\"wp-image-55 size-medium aligncenter\" src=\"http:\/\/orisha-ossain.com\/wp-content\/uploads\/2023\/06\/Tepi-Blessings-300x199.jpg\" alt=\"Tepis erhalten Segen von ihren Sch\u00f6pfern\" width=\"300\" height=\"199\" srcset=\"https:\/\/orisha-ossain.com\/wp-content\/uploads\/2023\/06\/Tepi-Blessings-300x199.jpg 300w, https:\/\/orisha-ossain.com\/wp-content\/uploads\/2023\/06\/Tepi-Blessings.jpg 640w\" sizes=\"(max-width: 300px) 100vw, 300px\" \/><\/a><span style=\"font-size: 14px; font-family: var(--global-body-font-family);\">Tepis erhalten Segen von ihren Sch\u00f6pfern<\/span><\/p>","protected":false},"excerpt":{"rendered":"<p>Dies ist eine Bambus Kuripe im XL-Format mit pyrographischer Kunst, einem Kristall am Boden und wundersch\u00f6ner Perlenkunst. Vergessen wir nicht den Kristall an der Unterseite.<\/p>\n<p>L\u00e4nge ca. 29 cm<br \/>\nca. Au\u00dfendurchmesser Aufnahmeende 8 mm<\/p>","protected":false},"featured_media":53063,"template":"","meta":{"_seopress_robots_primary_cat":"none","_seopress_titles_title":"%%post_title%% -Auto-aplicator - From Brazil -Orisha Ossain","_seopress_titles_desc":"This Bamboo XL-sized kuripe is a true artisan piece. There are many details added to it. The long bamboo pipes give it a lot of blowing pressure.","_seopress_robots_index":"","_kad_blocks_custom_css":"","_kad_blocks_head_custom_js":"","_kad_blocks_body_custom_js":"","_kad_blocks_footer_custom_js":"","_kad_post_transparent":"default","_kad_post_title":"","_kad_post_layout":"default","_kad_post_sidebar_id":"","_kad_post_content_style":"default","_kad_post_vertical_padding":"default","_kad_post_feature":"","_kad_post_feature_position":"","_kad_post_header":false,"_kad_post_footer":false,"_kad_post_classname":""},"product_brand":[],"product_cat":[67],"product_tag":[75],"class_list":{"0":"post-53022","1":"product","2":"type-product","3":"status-publish","4":"has-post-thumbnail","6":"product_cat-kuripe","7":"product_tag-kuripe","9":"first","10":"instock","11":"taxable","12":"shipping-taxable","13":"purchasable","14":"product-type-simple","15":"entry","16":"content-bg","17":"loop-entry"},"taxonomy_info":{"product_cat":[{"value":67,"label":"Kuripe"}],"product_tag":[{"value":75,"label":"Kuripe"}]},"featured_image_src_large":["https:\/\/orisha-ossain.com\/wp-content\/uploads\/2026\/02\/btb0001-1024x892.jpg",1024,892,true],"author_info":[],"comment_info":"","_links":{"self":[{"href":"https:\/\/orisha-ossain.com\/de\/wp-json\/wp\/v2\/product\/53022","targetHints":{"allow":["GET"]}}],"collection":[{"href":"https:\/\/orisha-ossain.com\/de\/wp-json\/wp\/v2\/product"}],"about":[{"href":"https:\/\/orisha-ossain.com\/de\/wp-json\/wp\/v2\/types\/product"}],"wp:featuredmedia":[{"embeddable":true,"href":"https:\/\/orisha-ossain.com\/de\/wp-json\/wp\/v2\/media\/53063"}],"wp:attachment":[{"href":"https:\/\/orisha-ossain.com\/de\/wp-json\/wp\/v2\/media?parent=53022"}],"wp:term":[{"taxonomy":"product_brand","embeddable":true,"href":"https:\/\/orisha-ossain.com\/de\/wp-json\/wp\/v2\/product_brand?post=53022"},{"taxonomy":"product_cat","embeddable":true,"href":"https:\/\/orisha-ossain.com\/de\/wp-json\/wp\/v2\/product_cat?post=53022"},{"taxonomy":"product_tag","embeddable":true,"href":"https:\/\/orisha-ossain.com\/de\/wp-json\/wp\/v2\/product_tag?post=53022"}],"curies":[{"name":"wp","href":"https:\/\/api.w.org\/{rel}","templated":true}]}}