{"id":481,"date":"2023-07-01T10:58:15","date_gmt":"2023-07-01T08:58:15","guid":{"rendered":"http:\/\/orisha-ossain.com\/?post_type=product&#038;p=481"},"modified":"2026-04-17T13:20:14","modified_gmt":"2026-04-17T11:20:14","slug":"rape-sansara","status":"publish","type":"product","link":"https:\/\/orisha-ossain.com\/de\/product\/rape-sansara\/","title":{"rendered":"Rap\u00e9 Sansara"},"content":{"rendered":"<h2>Rap\u00e9 Sansara<\/h2>\n<p>Diese rap\u00e9 Sansara stammt vom Stamm der Nukini in Brasilien. Sansara ist eine im Amazonas-Regenwald beheimatete Pflanze mit einem einzigartigen Aroma und einer anregenden Energie. Die Arapiraca verleiht diesem Rap\u00e9 eine besondere Note und macht ihn leicht aromatisch. Sansara Rap\u00e9 wirkt vorbeugend gegen Grippe und Erk\u00e4ltungen und hat eine besondere Kraft, die besondere Heilung bringt.<br \/>\nSansara Rap\u00e9 f\u00f6rdert die Tiefenentspannung. L\u00f6st Stress, entspannt die Muskeln und den Geist. Ideal zum Entspannen und Meditieren nach einem anstrengenden Arbeitstag.<\/p>","protected":false},"excerpt":{"rendered":"<p>Dieses Sansara Rap\u00e9 stammt vom Stamm der Nukini in Brasilien. Sansara ist eine im Amazonas-Regenwald beheimatete Pflanze, die ein einzigartiges Aroma und eine anregende Energie besitzt.<\/p>","protected":false},"featured_media":35664,"template":"","meta":{"_seopress_robots_primary_cat":"none","_seopress_titles_title":"Rap\u00e9 Sansara - Nukini Tribe - Amazonian Tribal Snuff -","_seopress_titles_desc":"This Rap\u00e9 Sansara comes from the Nukini tribe in Brazil. Sansara is a plant native to the Amazon rainforest that has a unique aroma.","_seopress_robots_index":"","_kad_blocks_custom_css":"","_kad_blocks_head_custom_js":"","_kad_blocks_body_custom_js":"","_kad_blocks_footer_custom_js":"","_kad_post_transparent":"default","_kad_post_title":"","_kad_post_layout":"default","_kad_post_sidebar_id":"","_kad_post_content_style":"default","_kad_post_vertical_padding":"default","_kad_post_feature":"","_kad_post_feature_position":"","_kad_post_header":false,"_kad_post_footer":false,"_kad_post_classname":""},"product_brand":[],"product_cat":[50],"product_tag":[58],"class_list":{"0":"post-481","1":"product","2":"type-product","3":"status-publish","4":"has-post-thumbnail","6":"product_cat-rape","7":"product_tag-nukini","9":"first","10":"instock","11":"taxable","12":"shipping-taxable","13":"purchasable","14":"product-type-variable","15":"entry","16":"content-bg","17":"loop-entry"},"taxonomy_info":{"product_cat":[{"value":50,"label":"Rap\u00e9"}],"product_tag":[{"value":58,"label":"Nukini"}]},"featured_image_src_large":["https:\/\/orisha-ossain.com\/wp-content\/uploads\/2024\/11\/Sansara_Orisha_Ossain.png",736,736,false],"author_info":[],"comment_info":"","_links":{"self":[{"href":"https:\/\/orisha-ossain.com\/de\/wp-json\/wp\/v2\/product\/481","targetHints":{"allow":["GET"]}}],"collection":[{"href":"https:\/\/orisha-ossain.com\/de\/wp-json\/wp\/v2\/product"}],"about":[{"href":"https:\/\/orisha-ossain.com\/de\/wp-json\/wp\/v2\/types\/product"}],"wp:featuredmedia":[{"embeddable":true,"href":"https:\/\/orisha-ossain.com\/de\/wp-json\/wp\/v2\/media\/35664"}],"wp:attachment":[{"href":"https:\/\/orisha-ossain.com\/de\/wp-json\/wp\/v2\/media?parent=481"}],"wp:term":[{"taxonomy":"product_brand","embeddable":true,"href":"https:\/\/orisha-ossain.com\/de\/wp-json\/wp\/v2\/product_brand?post=481"},{"taxonomy":"product_cat","embeddable":true,"href":"https:\/\/orisha-ossain.com\/de\/wp-json\/wp\/v2\/product_cat?post=481"},{"taxonomy":"product_tag","embeddable":true,"href":"https:\/\/orisha-ossain.com\/de\/wp-json\/wp\/v2\/product_tag?post=481"}],"curies":[{"name":"wp","href":"https:\/\/api.w.org\/{rel}","templated":true}]}}