{"id":473,"date":"2023-07-01T09:57:35","date_gmt":"2023-07-01T07:57:35","guid":{"rendered":"http:\/\/orisha-ossain.com\/?post_type=product&#038;p=473"},"modified":"2026-04-17T15:14:44","modified_gmt":"2026-04-17T13:14:44","slug":"rape-rosa-branca","status":"publish","type":"product","link":"https:\/\/orisha-ossain.com\/de\/product\/rape-rosa-branca\/","title":{"rendered":"Rap\u00e9 Rosa Branca"},"content":{"rendered":"<h2>Rap\u00e9 Rosa Branca<\/h2>\n<p>Dieser herz\u00f6ffnende rap\u00e9 stammt von der Nukini-Indianergruppe aus der Region Rio Croa im Bundesstaat Acr\u00e9. Obwohl er von ihnen hergestellt wird, handelt es sich nicht um einen traditionellen Nukini-Schnupftabak. Rap\u00e9 Rosa Branca wird aus Sabi\u00e1 mapacho und Tsunu ash hergestellt. Mit der Zugabe von getrockneten und pulverisierten wei\u00dfen Rosenbl\u00e4ttern haben die Nukini einen neuen Weg eingeschlagen. In der brasilianischen Spiritualit\u00e4t wird die wei\u00dfe Rose mit einer weiblichen Kraft namens Yemanj\u00e1 in Verbindung gebracht. Die Opfergaben, die die Menschen f\u00fcr Yemanj\u00e1 bringen, sind wei\u00dfe Rosen.<br \/>\nIhre Energie beruhigt den Geist, bringt Frieden f\u00fcr den Geist und tr\u00f6stet das Herz.<br \/>\nDer feminine Aspekt des Schnupftabaks f\u00fcgt sich perfekt ein. Rap\u00e9 Rosa Branca ist stark und sanft zugleich. Sie ver\u00e4ndert dein ganzes aurisches Feld und ist in der Energie der Mutter. Sie bringt dich direkt zu deinem Herzen.<br \/>\n<a href=\"http:\/\/orisha-ossain.com\/wp-content\/uploads\/2023\/06\/downloads-3.jpg\"><img decoding=\"async\" class=\"aligncenter wp-image-246 size-medium\" src=\"http:\/\/orisha-ossain.com\/wp-content\/uploads\/2023\/06\/downloads-3-300x187.jpg\" alt=\"Eine wei\u00dfe Rose am Ufer mit dem Meer im Hintergrund, rap\u00e9 rosa branca verbunden mit Yemanj\u00e1\" width=\"300\" height=\"187\" srcset=\"https:\/\/orisha-ossain.com\/wp-content\/uploads\/2023\/06\/downloads-3-300x187.jpg 300w, https:\/\/orisha-ossain.com\/wp-content\/uploads\/2023\/06\/downloads-3.jpg 600w\" sizes=\"(max-width: 300px) 100vw, 300px\" \/><\/a><\/p>\n<h2>Yemanj\u00e1<\/h2>\n<p>Das elementare spirituelle Konzept der geliebten Yemanj\u00e1 ist eng mit dem Meer verbunden.<\/p>\n<p>Dies ist ein Ort, den viele Amazonas-Indianer noch nie gesehen haben. Aber das Wissen \u00fcber ihre wunderbare Energie ist in den Wald gereist und ist nun Teil der Spiritualit\u00e4t und der medizinischen rap\u00e9 des Nukini-Volkes geworden.<\/p>\n<p><a href=\"http:\/\/orisha-ossain.com\/wp-content\/uploads\/2023\/06\/Yemanja.jpg\"><img decoding=\"async\" class=\"aligncenter wp-image-282 size-full\" src=\"http:\/\/orisha-ossain.com\/wp-content\/uploads\/2023\/06\/Yemanja.jpg\" alt=\"Darstellung von Yemanj\u00e1, rap\u00e9 rosa branca\" width=\"600\" height=\"421\" srcset=\"https:\/\/orisha-ossain.com\/wp-content\/uploads\/2023\/06\/Yemanja.jpg 600w, https:\/\/orisha-ossain.com\/wp-content\/uploads\/2023\/06\/Yemanja-300x211.jpg 300w\" sizes=\"(max-width: 600px) 100vw, 600px\" \/><\/a><\/p>","protected":false},"excerpt":{"rendered":"<p>Dieser herz\u00f6ffnende rap\u00e9 stammt von der Nukini-Indianergruppe aus der Region Rio Croa im Bundesstaat Acr\u00e9. Obwohl er von ihnen hergestellt wird, handelt es sich nicht um einen traditionellen Nukini-Schnupftabak.<\/p>","protected":false},"featured_media":35659,"template":"","meta":{"_seopress_robots_primary_cat":"none","_seopress_titles_title":"Rap\u00e9 Rosa Branca - Heart Opening Energy -Nukini Tribe -","_seopress_titles_desc":"This heart-opening rap\u00e9 rosa branca comes from the Nukini Indian group located in the Rio Croa region in the state of Acr\u00e9. It is not a traditional type.","_seopress_robots_index":"","_kad_blocks_custom_css":"","_kad_blocks_head_custom_js":"","_kad_blocks_body_custom_js":"","_kad_blocks_footer_custom_js":"","_kad_post_transparent":"default","_kad_post_title":"","_kad_post_layout":"default","_kad_post_sidebar_id":"","_kad_post_content_style":"default","_kad_post_vertical_padding":"default","_kad_post_feature":"","_kad_post_feature_position":"","_kad_post_header":false,"_kad_post_footer":false,"_kad_post_classname":""},"product_brand":[],"product_cat":[128,50],"product_tag":[58],"class_list":{"0":"post-473","1":"product","2":"type-product","3":"status-publish","4":"has-post-thumbnail","6":"product_cat-new","7":"product_cat-rape","8":"product_tag-nukini","10":"first","11":"instock","12":"taxable","13":"shipping-taxable","14":"purchasable","15":"product-type-variable","16":"entry","17":"content-bg","18":"loop-entry"},"taxonomy_info":{"product_cat":[{"value":128,"label":"New"},{"value":50,"label":"Rap\u00e9"}],"product_tag":[{"value":58,"label":"Nukini"}]},"featured_image_src_large":["https:\/\/orisha-ossain.com\/wp-content\/uploads\/2024\/11\/Rosa-Branca_Orisha_Ossain.png",736,736,false],"author_info":[],"comment_info":"","_links":{"self":[{"href":"https:\/\/orisha-ossain.com\/de\/wp-json\/wp\/v2\/product\/473","targetHints":{"allow":["GET"]}}],"collection":[{"href":"https:\/\/orisha-ossain.com\/de\/wp-json\/wp\/v2\/product"}],"about":[{"href":"https:\/\/orisha-ossain.com\/de\/wp-json\/wp\/v2\/types\/product"}],"wp:featuredmedia":[{"embeddable":true,"href":"https:\/\/orisha-ossain.com\/de\/wp-json\/wp\/v2\/media\/35659"}],"wp:attachment":[{"href":"https:\/\/orisha-ossain.com\/de\/wp-json\/wp\/v2\/media?parent=473"}],"wp:term":[{"taxonomy":"product_brand","embeddable":true,"href":"https:\/\/orisha-ossain.com\/de\/wp-json\/wp\/v2\/product_brand?post=473"},{"taxonomy":"product_cat","embeddable":true,"href":"https:\/\/orisha-ossain.com\/de\/wp-json\/wp\/v2\/product_cat?post=473"},{"taxonomy":"product_tag","embeddable":true,"href":"https:\/\/orisha-ossain.com\/de\/wp-json\/wp\/v2\/product_tag?post=473"}],"curies":[{"name":"wp","href":"https:\/\/api.w.org\/{rel}","templated":true}]}}