{"id":468,"date":"2023-07-01T09:43:40","date_gmt":"2023-07-01T07:43:40","guid":{"rendered":"http:\/\/orisha-ossain.com\/?post_type=product&#038;p=468"},"modified":"2026-04-12T21:19:57","modified_gmt":"2026-04-12T19:19:57","slug":"rape-onca","status":"publish","type":"product","link":"https:\/\/orisha-ossain.com\/de\/product\/rape-onca\/","title":{"rendered":"Rap\u00e9 On\u00e7a"},"content":{"rendered":"<h2>Rap\u00e9 On\u00e7a<\/h2>\n<p>Rap\u00e9 On\u00e7a\/Jaguar ist eine Mischung, die von einem Rap\u00e9-Meister aus der Nukini-Gemeinschaft hergestellt wurde.<br \/>\nEin gro\u00dfer, starker und wunderbarer Rap\u00e9.  Es ist eine sch\u00f6ne und kraftvolle Medizin mit einer starken Wirkung, gut f\u00fcr tiefe Meditation.<\/p>\n<p>Bio-Sabi\u00e1, Sanu ash und etwas Schamanenmagie machen dieses graue Rap\u00e9 aus. Der Schamane hat Tiere, die ihn bei seiner spirituellen Arbeit sch\u00fctzen und begleiten. In diesem Fall tritt der Geist des Jaguars w\u00e4hrend der Herstellung durch seinen Sch\u00f6pfer in das ashes ein und unterst\u00fctzt diejenigen, die das Rap\u00e9 On\u00e7a verwenden.<\/p>\n<p>Der Jaguar ist ein Tier, das uns gleichzeitig Angst einjagen und gro\u00dfen Respekt hervorrufen kann. Er ist intelligent, wendig, schlau und hat eine spirituelle Energie, die der des Jaguarleoparden sehr \u00e4hnlich ist. Seine Kraft hilft dem Schamanen energetisch bei seinen Heilungsarbeiten und ruft den Schutz des Raumes, die Stille und die Pr\u00e4zision hervor.<\/p>\n<p><a href=\"http:\/\/orisha-ossain.com\/wp-content\/uploads\/2023\/07\/Jaguar-in-Tree.jpg\"><img decoding=\"async\" class=\"aligncenter wp-image-472 size-large\" src=\"http:\/\/orisha-ossain.com\/wp-content\/uploads\/2023\/07\/Jaguar-in-Tree-1024x384.jpg\" alt=\"Jaguar in einem Baum, seine Signatur findet sich in Nukini Rap\u00e9 On\u00e7a\" width=\"1024\" height=\"384\" srcset=\"https:\/\/orisha-ossain.com\/wp-content\/uploads\/2023\/07\/Jaguar-in-Tree-1024x384.jpg 1024w, https:\/\/orisha-ossain.com\/wp-content\/uploads\/2023\/07\/Jaguar-in-Tree-300x113.jpg 300w, https:\/\/orisha-ossain.com\/wp-content\/uploads\/2023\/07\/Jaguar-in-Tree-768x288.jpg 768w, https:\/\/orisha-ossain.com\/wp-content\/uploads\/2023\/07\/Jaguar-in-Tree.jpg 1280w\" sizes=\"(max-width: 1024px) 100vw, 1024px\" \/><\/a><\/p>\n<ul>\n<li><\/li>\n<\/ul>","protected":false},"excerpt":{"rendered":"<p>Rap\u00e9 On\u00e7a\/Jaguar ist eine Mischung, die von einem Rap\u00e9-Meister aus der Nukini-Gemeinschaft hergestellt wurde. Ein gro\u00dfartiges, starkes und wunderbares Rap\u00e9.  Es ist eine sch\u00f6ne und kraftvolle Medizin mit einer starken Wirkung, gut f\u00fcr tiefe Meditation.<\/p>","protected":false},"featured_media":35650,"template":"","meta":{"_seopress_robots_primary_cat":"none","_seopress_titles_title":"Rap\u00e9 On\u00e7a - Jaguar Spirit - Bestseller ! - Orisha Ossain","_seopress_titles_desc":"Rap\u00e9 On\u00e7a\/Jaguar is a mix made by a Rap\u00e9 master from the Nukini community. It's a beautiful and powerful medicine with a strong effect","_seopress_robots_index":"","_kad_blocks_custom_css":"","_kad_blocks_head_custom_js":"","_kad_blocks_body_custom_js":"","_kad_blocks_footer_custom_js":"","_kad_post_transparent":"default","_kad_post_title":"","_kad_post_layout":"default","_kad_post_sidebar_id":"","_kad_post_content_style":"default","_kad_post_vertical_padding":"default","_kad_post_feature":"","_kad_post_feature_position":"","_kad_post_header":false,"_kad_post_footer":false,"_kad_post_classname":""},"product_brand":[],"product_cat":[128,50],"product_tag":[58],"class_list":{"0":"post-468","1":"product","2":"type-product","3":"status-publish","4":"has-post-thumbnail","6":"product_cat-new","7":"product_cat-rape","8":"product_tag-nukini","10":"first","11":"instock","12":"taxable","13":"shipping-taxable","14":"purchasable","15":"product-type-variable","16":"entry","17":"content-bg","18":"loop-entry"},"taxonomy_info":{"product_cat":[{"value":128,"label":"New"},{"value":50,"label":"Rap\u00e9"}],"product_tag":[{"value":58,"label":"Nukini"}]},"featured_image_src_large":["https:\/\/orisha-ossain.com\/wp-content\/uploads\/2024\/11\/Onca_Orisha_Ossain.png",736,736,false],"author_info":[],"comment_info":"","_links":{"self":[{"href":"https:\/\/orisha-ossain.com\/de\/wp-json\/wp\/v2\/product\/468","targetHints":{"allow":["GET"]}}],"collection":[{"href":"https:\/\/orisha-ossain.com\/de\/wp-json\/wp\/v2\/product"}],"about":[{"href":"https:\/\/orisha-ossain.com\/de\/wp-json\/wp\/v2\/types\/product"}],"wp:featuredmedia":[{"embeddable":true,"href":"https:\/\/orisha-ossain.com\/de\/wp-json\/wp\/v2\/media\/35650"}],"wp:attachment":[{"href":"https:\/\/orisha-ossain.com\/de\/wp-json\/wp\/v2\/media?parent=468"}],"wp:term":[{"taxonomy":"product_brand","embeddable":true,"href":"https:\/\/orisha-ossain.com\/de\/wp-json\/wp\/v2\/product_brand?post=468"},{"taxonomy":"product_cat","embeddable":true,"href":"https:\/\/orisha-ossain.com\/de\/wp-json\/wp\/v2\/product_cat?post=468"},{"taxonomy":"product_tag","embeddable":true,"href":"https:\/\/orisha-ossain.com\/de\/wp-json\/wp\/v2\/product_tag?post=468"}],"curies":[{"name":"wp","href":"https:\/\/api.w.org\/{rel}","templated":true}]}}