{"id":463,"date":"2023-07-01T09:24:16","date_gmt":"2023-07-01T07:24:16","guid":{"rendered":"http:\/\/orisha-ossain.com\/?post_type=product&#038;p=463"},"modified":"2026-04-27T20:55:33","modified_gmt":"2026-04-27T18:55:33","slug":"rape-elixir","status":"publish","type":"product","link":"https:\/\/orisha-ossain.com\/de\/product\/rape-elixir\/","title":{"rendered":"Rap\u00e9-Elixier"},"content":{"rendered":"<h2>Rap\u00e9-Elixier<\/h2>\n<p>Dieses neue Nukini-Rezept wird mit einem Blatt namens Elixir de Vagem hergestellt. Das Blatt hat eine lange traditionelle Verwendung. Es hilft bei Schmerzen und Fieber. Es wird auch in B\u00e4dern f\u00fcr Kinder verwendet, damit sie nicht krank werden. Es ist eine Pflanze, die allgemein zum Schutz verwendet wird, sowohl geistig als auch k\u00f6rperlich. Dies ist ein traditioneller Kuntanawa-Schnupftabak. Das Wort Vagem bezieht sich auf die tiefer gelegenen Gebiete neben den Fl\u00fcssen des Amazonas. Diese Gebiete werden in der Regenzeit \u00fcberflutet. Daher k\u00f6nnen die Bl\u00e4tter von Elixir de Vagem nur in der Trockenzeit gesammelt werden.<\/p>\n<p>Rap\u00e9 Elixir ist ein kr\u00e4ftiger und gut duftender Schnupftabak, der seinem Benutzer Schutz bietet.<\/p>\n<p style=\"text-align: center;\">Die folgende Website enth\u00e4lt viele Informationen \u00fcber das Wassersystem des Amazonas,\u00a0 <a href=\"http:\/\/amazonwaters.org\">Amazonasgew\u00e4sser<\/a><\/p>\n<p><a href=\"http:\/\/orisha-ossain.com\/wp-content\/uploads\/2023\/07\/Flooded-forest.jpg\"><img decoding=\"async\" class=\"aligncenter wp-image-467 size-full\" src=\"http:\/\/orisha-ossain.com\/wp-content\/uploads\/2023\/07\/Flooded-forest.jpg\" alt=\"\u00dcberschwemmter Wald in Brasilien, rap\u00e9 Elixier\" width=\"600\" height=\"243\" srcset=\"https:\/\/orisha-ossain.com\/wp-content\/uploads\/2023\/07\/Flooded-forest.jpg 600w, https:\/\/orisha-ossain.com\/wp-content\/uploads\/2023\/07\/Flooded-forest-300x122.jpg 300w\" sizes=\"(max-width: 600px) 100vw, 600px\" \/><\/a><\/p>\n<ul>\n<li><\/li>\n<\/ul>","protected":false},"excerpt":{"rendered":"<p>Ich freue mich, diesen neu entwickelten Nukini Elixir Schnupftabak vorstellen zu k\u00f6nnen. Einer der Inhaltsstoffe ist ein traditionelles Stammeskraut, das nun in diese Mischung integriert wurde. Diese besondere Nukini Schnupftabak ist eine leistungsstarke und sch\u00f6n duftende rap\u00e9, die Schutz f\u00fcr seine Benutzer gibt.<\/p>","protected":false},"featured_media":35628,"template":"","meta":{"_seopress_robots_primary_cat":"none","_seopress_titles_title":"Rap\u00e9 Elixir - Nukini Tribe - Elixir de Vagem - Shamanic Snuff","_seopress_titles_desc":"Nukini rap\u00e9 Elixir. One of its ingredients is a traditional tribal herb that's now integrated into this blend. This special Nukini snuff is a powerful and","_seopress_robots_index":"","_kad_blocks_custom_css":"","_kad_blocks_head_custom_js":"","_kad_blocks_body_custom_js":"","_kad_blocks_footer_custom_js":"","_kad_post_transparent":"default","_kad_post_title":"","_kad_post_layout":"default","_kad_post_sidebar_id":"","_kad_post_content_style":"default","_kad_post_vertical_padding":"default","_kad_post_feature":"","_kad_post_feature_position":"","_kad_post_header":false,"_kad_post_footer":false,"_kad_post_classname":""},"product_brand":[],"product_cat":[50],"product_tag":[58],"class_list":{"0":"post-463","1":"product","2":"type-product","3":"status-publish","4":"has-post-thumbnail","6":"product_cat-rape","7":"product_tag-nukini","9":"first","10":"instock","11":"taxable","12":"shipping-taxable","13":"purchasable","14":"product-type-variable","15":"entry","16":"content-bg","17":"loop-entry"},"taxonomy_info":{"product_cat":[{"value":50,"label":"Rap\u00e9"}],"product_tag":[{"value":58,"label":"Nukini"}]},"featured_image_src_large":["https:\/\/orisha-ossain.com\/wp-content\/uploads\/2024\/11\/Elixir_Orisha_Ossain.png",736,736,false],"author_info":[],"comment_info":"","_links":{"self":[{"href":"https:\/\/orisha-ossain.com\/de\/wp-json\/wp\/v2\/product\/463","targetHints":{"allow":["GET"]}}],"collection":[{"href":"https:\/\/orisha-ossain.com\/de\/wp-json\/wp\/v2\/product"}],"about":[{"href":"https:\/\/orisha-ossain.com\/de\/wp-json\/wp\/v2\/types\/product"}],"wp:featuredmedia":[{"embeddable":true,"href":"https:\/\/orisha-ossain.com\/de\/wp-json\/wp\/v2\/media\/35628"}],"wp:attachment":[{"href":"https:\/\/orisha-ossain.com\/de\/wp-json\/wp\/v2\/media?parent=463"}],"wp:term":[{"taxonomy":"product_brand","embeddable":true,"href":"https:\/\/orisha-ossain.com\/de\/wp-json\/wp\/v2\/product_brand?post=463"},{"taxonomy":"product_cat","embeddable":true,"href":"https:\/\/orisha-ossain.com\/de\/wp-json\/wp\/v2\/product_cat?post=463"},{"taxonomy":"product_tag","embeddable":true,"href":"https:\/\/orisha-ossain.com\/de\/wp-json\/wp\/v2\/product_tag?post=463"}],"curies":[{"name":"wp","href":"https:\/\/api.w.org\/{rel}","templated":true}]}}