{"id":459,"date":"2023-07-01T09:07:02","date_gmt":"2023-07-01T07:07:02","guid":{"rendered":"http:\/\/orisha-ossain.com\/?post_type=product&#038;p=459"},"modified":"2026-04-08T18:25:39","modified_gmt":"2026-04-08T16:25:39","slug":"rape-mulata","status":"publish","type":"product","link":"https:\/\/orisha-ossain.com\/de\/product\/rape-mulata\/","title":{"rendered":"Rap\u00e9 Mulata"},"content":{"rendered":"<h2>Rap\u00e9 Mulata<\/h2>\n<p>Rap\u00e9 Mulata Nukini kommt direkt vom Nukini-Stamm in Acre. Kein Zweifel, dies ist ein starker Schnupftabak. Mulata Nukini ist eine Mischung aus lokalem Bio-Moi, Parika ashes und pulverisierten Bl\u00e4ttern von einem Kraut namens Mulata oder Mulatinho.<\/p>\n<p>Diese rap\u00e9, Mulata Nukini, hat eine sch\u00f6ne dunklere braune Farbe und einen sch\u00f6nen amazonischen Dschungelduft. Insgesamt ist diese Mulata sehr m\u00e4chtig. Neben der besonderen und starken moi (moy) ist es auch die parika ash, die zus\u00e4tzliche Leistung bietet.<br \/>\nAndererseits ist es das Mulata-Kraut, das eine besondere Qualit\u00e4t in diese Mischung bringt. Es hat beruhigende Eigenschaften und hilft, die Nerven zu entspannen und gibt Entspannung im Allgemeinen. Mulata Nukini Rap\u00e9 ist ein ausgezeichnetes Mittel f\u00fcr tiefe Konzentration\/Meditation, anspruchsvoll, aber machbar. Die Stammesangeh\u00f6rigen nehmen Mulata Rap\u00e9 gerne am Nachmittag als Medikament ein. F\u00fcr mich ist es ein sehr starkes rap\u00e9.<\/p>\n<ul>\n<li><\/li>\n<\/ul>","protected":false},"excerpt":{"rendered":"<p>Rap\u00e9 Mulata Nukini ist eine Mischung aus lokalem Bio-Moi Mapacho, Parika ashes und pulverisierten Bl\u00e4ttern eines Krauts namens Mulata oder Mulatinho.<\/p>\n<p>Namen: Rap\u00e9 mulata, Nukini Mulatinha,<br \/>\nStamm:  Nukini<br \/>\nHerkunft: Acre, Brasilien.<br \/>\nZusammensetzung:  Moi mapacho, Parika ash, Mulata-Kraut<\/p>\n<p>&nbsp;<\/p>","protected":false},"featured_media":35641,"template":"","meta":{"_seopress_robots_primary_cat":"none","_seopress_titles_title":"Rap\u00e9 Mulata - Challenging but Doable - Nukini - Orisha Ossain","_seopress_titles_desc":"Rap\u00e9 Mulata Nukini is a blend of local organic moi, parika ashes, and pulverized leaves from a herb called Mulata or Mulatinho.","_seopress_robots_index":"","_kad_blocks_custom_css":"","_kad_blocks_head_custom_js":"","_kad_blocks_body_custom_js":"","_kad_blocks_footer_custom_js":"","_kad_post_transparent":"default","_kad_post_title":"","_kad_post_layout":"default","_kad_post_sidebar_id":"","_kad_post_content_style":"default","_kad_post_vertical_padding":"default","_kad_post_feature":"","_kad_post_feature_position":"","_kad_post_header":false,"_kad_post_footer":false,"_kad_post_classname":""},"product_brand":[],"product_cat":[128,50],"product_tag":[58],"class_list":{"0":"post-459","1":"product","2":"type-product","3":"status-publish","4":"has-post-thumbnail","6":"product_cat-new","7":"product_cat-rape","8":"product_tag-nukini","10":"first","11":"instock","12":"taxable","13":"shipping-taxable","14":"purchasable","15":"product-type-variable","16":"entry","17":"content-bg","18":"loop-entry"},"taxonomy_info":{"product_cat":[{"value":128,"label":"New"},{"value":50,"label":"Rap\u00e9"}],"product_tag":[{"value":58,"label":"Nukini"}]},"featured_image_src_large":["https:\/\/orisha-ossain.com\/wp-content\/uploads\/2024\/11\/Mulata_Orisha_Ossain.png",736,736,false],"author_info":[],"comment_info":"","_links":{"self":[{"href":"https:\/\/orisha-ossain.com\/de\/wp-json\/wp\/v2\/product\/459","targetHints":{"allow":["GET"]}}],"collection":[{"href":"https:\/\/orisha-ossain.com\/de\/wp-json\/wp\/v2\/product"}],"about":[{"href":"https:\/\/orisha-ossain.com\/de\/wp-json\/wp\/v2\/types\/product"}],"wp:featuredmedia":[{"embeddable":true,"href":"https:\/\/orisha-ossain.com\/de\/wp-json\/wp\/v2\/media\/35641"}],"wp:attachment":[{"href":"https:\/\/orisha-ossain.com\/de\/wp-json\/wp\/v2\/media?parent=459"}],"wp:term":[{"taxonomy":"product_brand","embeddable":true,"href":"https:\/\/orisha-ossain.com\/de\/wp-json\/wp\/v2\/product_brand?post=459"},{"taxonomy":"product_cat","embeddable":true,"href":"https:\/\/orisha-ossain.com\/de\/wp-json\/wp\/v2\/product_cat?post=459"},{"taxonomy":"product_tag","embeddable":true,"href":"https:\/\/orisha-ossain.com\/de\/wp-json\/wp\/v2\/product_tag?post=459"}],"curies":[{"name":"wp","href":"https:\/\/api.w.org\/{rel}","templated":true}]}}