{"id":446,"date":"2023-06-30T08:28:12","date_gmt":"2023-06-30T06:28:12","guid":{"rendered":"http:\/\/orisha-ossain.com\/?post_type=product&#038;p=446"},"modified":"2026-03-19T23:13:35","modified_gmt":"2026-03-19T22:13:35","slug":"rape-emburana","status":"publish","type":"product","link":"https:\/\/orisha-ossain.com\/de\/product\/rape-emburana\/","title":{"rendered":"Rap\u00e9 Emburana"},"content":{"rendered":"<h2>Rap\u00e9 Emburana<\/h2>\n<p>Rap\u00e9 Emburana hat ein angenehmes Aroma und einen ausgepr\u00e4gten dunklen R\u00f6stgeschmack. Die Wirkung auf die Nasennebenh\u00f6hlen ist mild. Nach dem ersten Zug folgt eine lang anhaltende W\u00e4rme.  Emburana rap\u00e9 erweitert die Bronchien und Bronchiolen, verringert den Widerstand in den Atemwegen und erh\u00f6ht den Luftstrom zur Lunge. In kleinen Mengen tr\u00e4gt Emburana allgemein zur Sauerstoffversorgung des K\u00f6rpers bei. Emburana rap\u00e9 ist auch ein ausgezeichnetes Rap\u00e9 f\u00fcr meditative Aktivit\u00e4ten.<\/p>\n<p>Der Amburana Cearensis-Baum ist im Volksmund als Emburana bekannt. Er ist eine in Brasilien heimische Pflanze und pr\u00e4sentiert sich als mittelgro\u00dfer Baum. Er erreicht eine L\u00e4nge von etwa 10 m. Die Rinde des Stammes hat einen r\u00f6tlichen Ton und die Bl\u00fcten sind wei\u00df und sehr duftend.<br \/>\nEiner der wichtigsten Vorteile von Emburana liegt in seiner Wirksamkeit bei der Behandlung von Atemwegserkrankungen. Asthma, Bronchitis, Erk\u00e4ltungen und Grippe, Husten und Lungeninfektionen.<\/p>\n<p>Die Verwendung der Schalen von Amburana Cearensis in der Volksmedizin ist durchaus \u00fcblich. In der chemischen Zusammensetzung Cumarin, Isocampfer\u00eddio, und Spuren von anderen Flavonoiden gefunden wurden. Diese Verbindungen haben eine entz\u00fcndungshemmende und bronchienerweiternde Wirkung.<\/p>\n<figure id=\"attachment_160\" aria-describedby=\"caption-attachment-160\" style=\"width: 300px\" class=\"wp-caption aligncenter\"><a href=\"http:\/\/orisha-ossain.com\/wp-content\/uploads\/2023\/06\/Amburana-cearensis.jpg\"><img decoding=\"async\" class=\"wp-image-160 size-medium\" src=\"http:\/\/orisha-ossain.com\/wp-content\/uploads\/2023\/06\/Amburana-cearensis-300x223.jpg\" alt=\"Emburana Rap\u00e9\" width=\"300\" height=\"223\" srcset=\"https:\/\/orisha-ossain.com\/wp-content\/uploads\/2023\/06\/Amburana-cearensis-300x223.jpg 300w, https:\/\/orisha-ossain.com\/wp-content\/uploads\/2023\/06\/Amburana-cearensis-1024x762.jpg 1024w, https:\/\/orisha-ossain.com\/wp-content\/uploads\/2023\/06\/Amburana-cearensis-768x571.jpg 768w, https:\/\/orisha-ossain.com\/wp-content\/uploads\/2023\/06\/Amburana-cearensis-1536x1142.jpg 1536w, https:\/\/orisha-ossain.com\/wp-content\/uploads\/2023\/06\/Amburana-cearensis.jpg 1600w\" sizes=\"(max-width: 300px) 100vw, 300px\" \/><\/a><figcaption id=\"caption-attachment-160\" class=\"wp-caption-text\">Amburana Cearensis<\/figcaption><\/figure>","protected":false},"excerpt":{"rendered":"<p>Diese rap\u00e9 Emburana wurde von einer Gruppe enger Freunde in Brasilien hergestellt.  Emburana hat in Brasilien eine lange traditionelle Verwendung.  Kommerziell hergestellte Emburana kann man in vielen kleinen L\u00e4den in Brasilien kaufen. In dieser Form ist es nat\u00fcrlicher und hat seine eigenen Qualit\u00e4ten. Dieses rap\u00e9 sollte aus offensichtlichen Gr\u00fcnden nicht damit verglichen werden.<\/p>","protected":false},"featured_media":35629,"template":"","meta":{"_seopress_robots_primary_cat":"none","_seopress_titles_title":"Rap\u00e9 Emburana - Amburana Cearensis - Orisha Ossain - Quality Only","_seopress_titles_desc":"Rap\u00e9 Emburana is made with the herb Amburana Cearensis. Its deep earthly aroma has a profound effect","_seopress_robots_index":"","_kad_blocks_custom_css":"","_kad_blocks_head_custom_js":"","_kad_blocks_body_custom_js":"","_kad_blocks_footer_custom_js":"","_kad_post_transparent":"default","_kad_post_title":"","_kad_post_layout":"default","_kad_post_sidebar_id":"","_kad_post_content_style":"default","_kad_post_vertical_padding":"default","_kad_post_feature":"","_kad_post_feature_position":"","_kad_post_header":false,"_kad_post_footer":false,"_kad_post_classname":""},"product_brand":[],"product_cat":[50],"product_tag":[69,54],"class_list":{"0":"post-446","1":"product","2":"type-product","3":"status-publish","4":"has-post-thumbnail","6":"product_cat-rape","7":"product_tag-aromatic","8":"product_tag-caboclo","10":"first","11":"instock","12":"taxable","13":"shipping-taxable","14":"purchasable","15":"product-type-variable","16":"entry","17":"content-bg","18":"loop-entry"},"taxonomy_info":{"product_cat":[{"value":50,"label":"Rap\u00e9"}],"product_tag":[{"value":69,"label":"Aromatic"},{"value":54,"label":"Caboclo"}]},"featured_image_src_large":["https:\/\/orisha-ossain.com\/wp-content\/uploads\/2024\/11\/Emburana_Orisha_Ossain.png",736,736,false],"author_info":[],"comment_info":"","_links":{"self":[{"href":"https:\/\/orisha-ossain.com\/de\/wp-json\/wp\/v2\/product\/446","targetHints":{"allow":["GET"]}}],"collection":[{"href":"https:\/\/orisha-ossain.com\/de\/wp-json\/wp\/v2\/product"}],"about":[{"href":"https:\/\/orisha-ossain.com\/de\/wp-json\/wp\/v2\/types\/product"}],"wp:featuredmedia":[{"embeddable":true,"href":"https:\/\/orisha-ossain.com\/de\/wp-json\/wp\/v2\/media\/35629"}],"wp:attachment":[{"href":"https:\/\/orisha-ossain.com\/de\/wp-json\/wp\/v2\/media?parent=446"}],"wp:term":[{"taxonomy":"product_brand","embeddable":true,"href":"https:\/\/orisha-ossain.com\/de\/wp-json\/wp\/v2\/product_brand?post=446"},{"taxonomy":"product_cat","embeddable":true,"href":"https:\/\/orisha-ossain.com\/de\/wp-json\/wp\/v2\/product_cat?post=446"},{"taxonomy":"product_tag","embeddable":true,"href":"https:\/\/orisha-ossain.com\/de\/wp-json\/wp\/v2\/product_tag?post=446"}],"curies":[{"name":"wp","href":"https:\/\/api.w.org\/{rel}","templated":true}]}}