{"id":437,"date":"2023-06-30T08:04:50","date_gmt":"2023-06-30T06:04:50","guid":{"rendered":"http:\/\/orisha-ossain.com\/?post_type=product&#038;p=437"},"modified":"2026-04-12T19:21:06","modified_gmt":"2026-04-12T17:21:06","slug":"rape-pixuri","status":"publish","type":"product","link":"https:\/\/orisha-ossain.com\/de\/product\/rape-pixuri\/","title":{"rendered":"Rap\u00e9 Pixuri"},"content":{"rendered":"<h2>Rap\u00e9 Pixuri<\/h2>\n<ul>\n<li>Der Puyanawa-Stamm bietet Rap\u00e9 Pixuri an, einen der \u00e4ltesten und traditionellsten medizinischen Schnupftabak. Dieser Rap\u00e9 wird aus Bio-Corda Moi und Murici ashes hergestellt, die seine Grundlage bilden. Das Volk der Puyanawa verwendet Pixuri wegen seiner medizinischen Eigenschaften ausgiebig in ihrem Rap\u00e9.<\/li>\n<li>Rap\u00e9 Pixuri ist best\u00e4ndig und ausgewogen und wird h\u00e4ufig in Ritualen verwendet. Sie l\u00e4sst sich gut mit anderen Heilpflanzen wie Ayahuasca kombinieren und verst\u00e4rkt deren Wirkung. Sein ausgepr\u00e4gter Geschmack kommt von den pulverisierten medizinischen Bl\u00e4ttern der Pixuri. Au\u00dferdem verwenden die Puyanawa die Samen der Pixuri in ihrer K\u00fcche wegen ihres einzigartigen Geruchs und Geschmacks.<\/li>\n<\/ul>\n<figure id=\"attachment_34164\" aria-describedby=\"caption-attachment-34164\" style=\"width: 988px\" class=\"wp-caption alignnone\"><img decoding=\"async\" class=\"wp-image-34164 size-full\" src=\"https:\/\/orisha-ossain.com\/wp-content\/uploads\/2024\/10\/image-3.jpg\" alt=\"Puyanawa-Frau sitzt auf dem Boden und teilt ihr rap\u00e9, Schnupftabak\" width=\"988\" height=\"649\" srcset=\"https:\/\/orisha-ossain.com\/wp-content\/uploads\/2024\/10\/image-3.jpg 988w, https:\/\/orisha-ossain.com\/wp-content\/uploads\/2024\/10\/image-3-300x197.jpg 300w, https:\/\/orisha-ossain.com\/wp-content\/uploads\/2024\/10\/image-3-768x504.jpg 768w\" sizes=\"(max-width: 988px) 100vw, 988px\" \/><figcaption id=\"caption-attachment-34164\" class=\"wp-caption-text\">Puyanawa-Frau teilt ihr rap\u00e9<\/figcaption><\/figure>\n<h2>\u00dcber Licaria puchury-major<\/h2>\n<ul>\n<li>Licaria puchury-major ist eine Art der Gattung Licaria (Familie Lauraceae), die in Mittel- und S\u00fcdamerika, insbesondere im brasilianischen Amazonasbecken, heimisch ist. Pixuri wird in der Volksmedizin vielf\u00e4ltig verwendet, unter anderem als Karminativum f\u00fcr den Magen und zur Behandlung von Schlaflosigkeit und Reizbarkeit.<\/li>\n<li>Die Menschen verwenden Pixuri auch in Kr\u00e4uterb\u00e4dern zur spirituellen Reinigung. Pixuri-Bl\u00e4tter enthalten Safrol, Eukalyptol, Alpha-Terpineol und Eugenol, die zu seinem unverwechselbaren Geschmack beitragen.<\/li>\n<\/ul>","protected":false},"excerpt":{"rendered":"<p>Dieser Rap\u00e9 Pixuri vom Stamm der Puyanawa verwendet Corda Moi Mapacho und Murici ashes in Kombination mit einem Kraut namens Pixuri, das ihm einen angenehmen Duft und einen besonderen Charakter verleiht.<\/p>\n<p>Namen: Pixuri, Pixurim<br \/>\nStamm: Puyanawa (Poyanawa)<br \/>\nHerkunft: Acre, Brasilien.<\/p>\n<p>&nbsp;<\/p>","protected":false},"featured_media":35656,"template":"","meta":{"_seopress_robots_primary_cat":"none","_seopress_titles_title":"Rap\u00e9 Pixuri - Puyanawa Tribe - Shamanic Snuff - Orisha Ossain","_seopress_titles_desc":"This Rap\u00e9 Pixuri from the Puyanawa tribe uses Corda Moi and Murici ashes combined with a herb called Pixuri giving it a pleasant scent and a special","_seopress_robots_index":"","_kad_blocks_custom_css":"","_kad_blocks_head_custom_js":"","_kad_blocks_body_custom_js":"","_kad_blocks_footer_custom_js":"","_kad_post_transparent":"default","_kad_post_title":"","_kad_post_layout":"default","_kad_post_sidebar_id":"","_kad_post_content_style":"default","_kad_post_vertical_padding":"default","_kad_post_feature":"","_kad_post_feature_position":"","_kad_post_header":false,"_kad_post_footer":false,"_kad_post_classname":""},"product_brand":[],"product_cat":[50],"product_tag":[59],"class_list":{"0":"post-437","1":"product","2":"type-product","3":"status-publish","4":"has-post-thumbnail","6":"product_cat-rape","7":"product_tag-puyanawa","9":"first","10":"instock","11":"taxable","12":"shipping-taxable","13":"purchasable","14":"product-type-variable","15":"entry","16":"content-bg","17":"loop-entry"},"taxonomy_info":{"product_cat":[{"value":50,"label":"Rap\u00e9"}],"product_tag":[{"value":59,"label":"Puyanawa"}]},"featured_image_src_large":["https:\/\/orisha-ossain.com\/wp-content\/uploads\/2024\/11\/Pixuri_Orisha_Ossain.png",736,736,false],"author_info":[],"comment_info":"","_links":{"self":[{"href":"https:\/\/orisha-ossain.com\/de\/wp-json\/wp\/v2\/product\/437","targetHints":{"allow":["GET"]}}],"collection":[{"href":"https:\/\/orisha-ossain.com\/de\/wp-json\/wp\/v2\/product"}],"about":[{"href":"https:\/\/orisha-ossain.com\/de\/wp-json\/wp\/v2\/types\/product"}],"wp:featuredmedia":[{"embeddable":true,"href":"https:\/\/orisha-ossain.com\/de\/wp-json\/wp\/v2\/media\/35656"}],"wp:attachment":[{"href":"https:\/\/orisha-ossain.com\/de\/wp-json\/wp\/v2\/media?parent=437"}],"wp:term":[{"taxonomy":"product_brand","embeddable":true,"href":"https:\/\/orisha-ossain.com\/de\/wp-json\/wp\/v2\/product_brand?post=437"},{"taxonomy":"product_cat","embeddable":true,"href":"https:\/\/orisha-ossain.com\/de\/wp-json\/wp\/v2\/product_cat?post=437"},{"taxonomy":"product_tag","embeddable":true,"href":"https:\/\/orisha-ossain.com\/de\/wp-json\/wp\/v2\/product_tag?post=437"}],"curies":[{"name":"wp","href":"https:\/\/api.w.org\/{rel}","templated":true}]}}