{"id":43451,"date":"2025-05-29T13:27:27","date_gmt":"2025-05-29T11:27:27","guid":{"rendered":"https:\/\/orisha-ossain.com\/?post_type=product&#038;p=43451"},"modified":"2026-04-20T10:04:52","modified_gmt":"2026-04-20T08:04:52","slug":"colerful-bamboo-tepi","status":"publish","type":"product","link":"https:\/\/orisha-ossain.com\/de\/product\/colerful-bamboo-tepi\/","title":{"rendered":"Farbenfroher Bambus Tepi"},"content":{"rendered":"<p>Die Verbindung zwischen den 2 Teilen am Boden ist ausgezeichnet. Die Tepi von diesem K\u00fcnstler hat eine Kupferverst\u00e4rkung mit einem spiralf\u00f6rmigen Design.<\/p>\n<p>Ich mag diese Tepis sehr viel f\u00fcr ihre Qualit\u00e4t und Farbigkeit. Der Besitz von mehreren Tepis dieser Art, ich wei\u00df, dass sie eine lange Zeit dauern, so wird die ausgezeichnete Threading. Es ist eine einfache Pfeife, mit der man arbeiten kann. Sie baut einen guten Druck auf und liefert gut. Ich bin meinen Freunden, die diese gro\u00dfartigen Blasrohre in Brasilien herstellen, sehr dankbar.<\/p>\n<p>Die Farbe bezieht sich auf die Farbe der Unterseite; es gibt Farbabweichungen bei den l\u00e4nglichen Bambusst\u00e4ben.<\/p>\n<p><img decoding=\"async\" class=\"aligncenter wp-image-43458 size-full\" src=\"https:\/\/orisha-ossain.com\/wp-content\/uploads\/2025\/05\/v01-scaled.jpg\" alt=\"\" width=\"2430\" height=\"2560\" srcset=\"https:\/\/orisha-ossain.com\/wp-content\/uploads\/2025\/05\/v01-scaled.jpg 2430w, https:\/\/orisha-ossain.com\/wp-content\/uploads\/2025\/05\/v01-285x300.jpg 285w, https:\/\/orisha-ossain.com\/wp-content\/uploads\/2025\/05\/v01-972x1024.jpg 972w, https:\/\/orisha-ossain.com\/wp-content\/uploads\/2025\/05\/v01-768x809.jpg 768w, https:\/\/orisha-ossain.com\/wp-content\/uploads\/2025\/05\/v01-1458x1536.jpg 1458w, https:\/\/orisha-ossain.com\/wp-content\/uploads\/2025\/05\/v01-1944x2048.jpg 1944w, https:\/\/orisha-ossain.com\/wp-content\/uploads\/2025\/05\/v01-11x12.jpg 11w\" sizes=\"(max-width: 2430px) 100vw, 2430px\" \/><\/p>\n<p>&nbsp;<\/p>","protected":false},"excerpt":{"rendered":"<p>Diese bunten, V-f\u00f6rmigen Tepis aus Bambus werden in Brasilien hergestellt.  Die verschiedenen Muster mit verschiedenfarbigen F\u00e4den machen sie zu einem Blickfang.<\/p>","protected":false},"featured_media":43507,"template":"","meta":{"_seopress_robots_primary_cat":"none","_seopress_titles_title":"","_seopress_titles_desc":"","_seopress_robots_index":"","_kad_blocks_custom_css":"","_kad_blocks_head_custom_js":"","_kad_blocks_body_custom_js":"","_kad_blocks_footer_custom_js":"","_kad_post_transparent":"default","_kad_post_title":"","_kad_post_layout":"default","_kad_post_sidebar_id":"","_kad_post_content_style":"default","_kad_post_vertical_padding":"default","_kad_post_feature":"","_kad_post_feature_position":"","_kad_post_header":false,"_kad_post_footer":false,"_kad_post_classname":""},"product_brand":[],"product_cat":[128,66],"product_tag":[76],"class_list":{"0":"post-43451","1":"product","2":"type-product","3":"status-publish","4":"has-post-thumbnail","6":"product_cat-new","7":"product_cat-tepi","8":"product_tag-tepi","10":"first","11":"instock","12":"taxable","13":"shipping-taxable","14":"purchasable","15":"product-type-variable","16":"entry","17":"content-bg","18":"loop-entry"},"taxonomy_info":{"product_cat":[{"value":128,"label":"New"},{"value":66,"label":"Tepi"}],"product_tag":[{"value":76,"label":"Tepi"}]},"featured_image_src_large":["https:\/\/orisha-ossain.com\/wp-content\/uploads\/2025\/05\/v01111-1024x1024.jpg",1024,1024,true],"author_info":[],"comment_info":"","_links":{"self":[{"href":"https:\/\/orisha-ossain.com\/de\/wp-json\/wp\/v2\/product\/43451","targetHints":{"allow":["GET"]}}],"collection":[{"href":"https:\/\/orisha-ossain.com\/de\/wp-json\/wp\/v2\/product"}],"about":[{"href":"https:\/\/orisha-ossain.com\/de\/wp-json\/wp\/v2\/types\/product"}],"wp:featuredmedia":[{"embeddable":true,"href":"https:\/\/orisha-ossain.com\/de\/wp-json\/wp\/v2\/media\/43507"}],"wp:attachment":[{"href":"https:\/\/orisha-ossain.com\/de\/wp-json\/wp\/v2\/media?parent=43451"}],"wp:term":[{"taxonomy":"product_brand","embeddable":true,"href":"https:\/\/orisha-ossain.com\/de\/wp-json\/wp\/v2\/product_brand?post=43451"},{"taxonomy":"product_cat","embeddable":true,"href":"https:\/\/orisha-ossain.com\/de\/wp-json\/wp\/v2\/product_cat?post=43451"},{"taxonomy":"product_tag","embeddable":true,"href":"https:\/\/orisha-ossain.com\/de\/wp-json\/wp\/v2\/product_tag?post=43451"}],"curies":[{"name":"wp","href":"https:\/\/api.w.org\/{rel}","templated":true}]}}