{"id":433,"date":"2023-06-30T07:55:12","date_gmt":"2023-06-30T05:55:12","guid":{"rendered":"http:\/\/orisha-ossain.com\/?post_type=product&#038;p=433"},"modified":"2026-04-18T23:29:11","modified_gmt":"2026-04-18T21:29:11","slug":"rape-caneleiro-forca","status":"publish","type":"product","link":"https:\/\/orisha-ossain.com\/de\/product\/rape-caneleiro-forca\/","title":{"rendered":"Rap\u00e9 Caneleiro For\u00e7a"},"content":{"rendered":"<h2>Rap\u00e9 Caneleiro For\u00e7a<\/h2>\n<p>Ein Schamane des Kaxinawa-Stammes hat diese Rap\u00e9 Caneleiro For\u00e7a hergestellt.  Der Schamane hat viel von seiner spirituellen Energie in dieses rap\u00e9 gesteckt. Wie das Wort for\u00e7a andeutet, ist dies ein kraftvoller Schnupftabak. Caneleiro ash verbindet sich mit dem dritten Chakra.  Caneleiro Rap\u00e9 ist sehr gr\u00fcndlich in seinen Eigenschaften. Er hilft sehr bei der Gesundheit, vor allem bei der Regeneration der Zellen und dem Ausgleich der Hormone. Feuer ist das spirituelle Element, mit dem sich dieses rap\u00e9 verbindet.<\/p>\n<p>F\u00fcr Rap\u00e9 Caneleiro For\u00e7a verwenden sie die ashes der Rinde von Cenostigma macrophyllum. F\u00fcr die Indianer in Acre sind Caneleiro und Canela de Velho in ihren Eigenschaften sehr \u00e4hnlich und werden \u00e4hnlich behandelt. Dennoch sind es zwei verschiedene, aber sehr verwandte B\u00e4ume.<\/p>\n<figure id=\"attachment_169\" aria-describedby=\"caption-attachment-169\" style=\"width: 700px\" class=\"wp-caption aligncenter\"><a href=\"http:\/\/orisha-ossain.com\/wp-content\/uploads\/2023\/06\/Cenostigma-Macrophyllum-used-for-Caneleiro-Rape.jpg\"><img decoding=\"async\" class=\"wp-image-169 size-full\" src=\"http:\/\/orisha-ossain.com\/wp-content\/uploads\/2023\/06\/Cenostigma-Macrophyllum-used-for-Caneleiro-Rape.jpg\" alt=\"Mehrere gro\u00dfe Cenostigma Macrophyllum B\u00e4ume, die ashes der Rinde werden f\u00fcr Caneleiro Rap\u00e9, kaxinawa verwendet\" width=\"700\" height=\"434\" srcset=\"https:\/\/orisha-ossain.com\/wp-content\/uploads\/2023\/06\/Cenostigma-Macrophyllum-used-for-Caneleiro-Rape.jpg 700w, https:\/\/orisha-ossain.com\/wp-content\/uploads\/2023\/06\/Cenostigma-Macrophyllum-used-for-Caneleiro-Rape-300x186.jpg 300w\" sizes=\"(max-width: 700px) 100vw, 700px\" \/><\/a><figcaption id=\"caption-attachment-169\" class=\"wp-caption-text\">Der Baum Cenostigma Macrophyllum<\/figcaption><\/figure>\n<h2>\u00dcber Cenostigma macrophyllum<\/h2>\n<p>Der Caneleiro (Cenostigma macrophyllum) ist ein bl\u00fchender Baum, der zur Familie der Fabaceae\/Leguminosae geh\u00f6rt. Er ist ein Baum von gro\u00dfer Sch\u00f6nheit, besonders wenn die Bl\u00fctezeit der Stauden beginnt. Der Baum ist das Symbol f\u00fcr <a href=\"https:\/\/en.wikipedia.org\/wiki\/Teresina\" target=\"_blank\" rel=\"noopener noreferrer\">Teresina<\/a>\u00a0 Der erste Nachweis dieser brasilianischen Art erfolgte vor \u00fcber 150 Jahren in Mato Grosso. Der Caneleiro drei w\u00e4chst im Norden, Nordosten, Mittleren Westen und S\u00fcdosten Brasiliens.<br \/>\nVon September bis Dezember und von Februar bis Juli ist der Baum mit gelben Bl\u00fctenb\u00fcscheln bedeckt. Die Bl\u00fcten sehen aus wie Orchideen und ziehen mit ihrem Duft viele Insekten und V\u00f6gel an. Der Caneleiro-Baum wird zwischen 10 und 20 Meter hoch.<\/p>","protected":false},"excerpt":{"rendered":"<p>Ein Schamane des Kaxinawa-Stammes hat dieses Caneleiro For\u00e7a Rap\u00e9 hergestellt.  Der Schamane hat viel von seiner spirituellen Energie in dieses rap\u00e9 gesteckt. Wie das Wort For\u00e7a andeutet, ist dies ein starker und kraftvoller Schnupftabak.<\/p>","protected":false},"featured_media":35619,"template":"","meta":{"_seopress_robots_primary_cat":"none","_seopress_titles_title":"Rap\u00e9 Caneleiro For\u00e7a - Kaxinawa - Extra Strong - Orisha Ossain","_seopress_titles_desc":"A shaman of the Kaxinawa tribe made this Caneleiro For\u00e7a Rap\u00e9.\u00a0 The shaman put in a lot of his spiritual energy this rap\u00e9. As the word for\u00e7a implies,","_seopress_robots_index":"","_kad_blocks_custom_css":"","_kad_blocks_head_custom_js":"","_kad_blocks_body_custom_js":"","_kad_blocks_footer_custom_js":"","_kad_post_transparent":"default","_kad_post_title":"","_kad_post_layout":"default","_kad_post_sidebar_id":"","_kad_post_content_style":"default","_kad_post_vertical_padding":"default","_kad_post_feature":"","_kad_post_feature_position":"","_kad_post_header":false,"_kad_post_footer":false,"_kad_post_classname":""},"product_brand":[],"product_cat":[50],"product_tag":[56],"class_list":{"0":"post-433","1":"product","2":"type-product","3":"status-publish","4":"has-post-thumbnail","6":"product_cat-rape","7":"product_tag-kaxinawa","9":"first","10":"instock","11":"taxable","12":"shipping-taxable","13":"purchasable","14":"product-type-variable","15":"entry","16":"content-bg","17":"loop-entry"},"taxonomy_info":{"product_cat":[{"value":50,"label":"Rap\u00e9"}],"product_tag":[{"value":56,"label":"Kaxinawa"}]},"featured_image_src_large":["https:\/\/orisha-ossain.com\/wp-content\/uploads\/2024\/11\/Caneleiro-Forca_Orisha_Ossain.png",736,736,false],"author_info":[],"comment_info":"","_links":{"self":[{"href":"https:\/\/orisha-ossain.com\/de\/wp-json\/wp\/v2\/product\/433","targetHints":{"allow":["GET"]}}],"collection":[{"href":"https:\/\/orisha-ossain.com\/de\/wp-json\/wp\/v2\/product"}],"about":[{"href":"https:\/\/orisha-ossain.com\/de\/wp-json\/wp\/v2\/types\/product"}],"wp:featuredmedia":[{"embeddable":true,"href":"https:\/\/orisha-ossain.com\/de\/wp-json\/wp\/v2\/media\/35619"}],"wp:attachment":[{"href":"https:\/\/orisha-ossain.com\/de\/wp-json\/wp\/v2\/media?parent=433"}],"wp:term":[{"taxonomy":"product_brand","embeddable":true,"href":"https:\/\/orisha-ossain.com\/de\/wp-json\/wp\/v2\/product_brand?post=433"},{"taxonomy":"product_cat","embeddable":true,"href":"https:\/\/orisha-ossain.com\/de\/wp-json\/wp\/v2\/product_cat?post=433"},{"taxonomy":"product_tag","embeddable":true,"href":"https:\/\/orisha-ossain.com\/de\/wp-json\/wp\/v2\/product_tag?post=433"}],"curies":[{"name":"wp","href":"https:\/\/api.w.org\/{rel}","templated":true}]}}