{"id":429,"date":"2023-06-30T07:45:45","date_gmt":"2023-06-30T05:45:45","guid":{"rendered":"http:\/\/orisha-ossain.com\/?post_type=product&#038;p=429"},"modified":"2026-04-01T09:40:25","modified_gmt":"2026-04-01T07:40:25","slug":"rape-baimuka","status":"publish","type":"product","link":"https:\/\/orisha-ossain.com\/de\/product\/rape-baimuka\/","title":{"rendered":"Rap\u00e9 Baimuka"},"content":{"rendered":"<h2>Rap\u00e9 Baimuka<\/h2>\n<p>Rap\u00e9 Baimuka ist der Name des Kaxinawa-Indianers, der diesen Schnupftabak hergestellt hat. Dieser Kaxinawa rap\u00e9 Baimuka wird mit Sabi\u00e1 und Caneleiro ash zubereitet. Caneleiro ist eine bekannte Art von ash der Menschen in dieser Region. Was dieses rap\u00e9 einzigartig macht, ist der Zusatz einiger seltener Kr\u00e4uter.<\/p>\n<h2>Xip\u00e3o<\/h2>\n<p>Xip\u00e3o ist ein seltenes Kraut, das als Parasit in Palmen w\u00e4chst. Diese Pflanze wirkt schmerzlindernd und entz\u00fcndungshemmend im Bereich der Gelenke, bei R\u00fcckenschmerzen, Arthrose, rheumatoider Arthritis, Bursitis, Rheuma, Blutreinigung und vielem mehr.<br \/>\nDiese Medizin wird von Baimuka hergestellt, einem Txai (Bruder) Kaxinawa aus dem indigenen Land Karapan\u00e3 am Tarauac\u00e1-Fluss. Neben dem Xip\u00e3o-Kraut verwendete Baimuka ein zweites Kraut, \u00fcber das ich keine Informationen habe. Aber es ist klar, dass dieses zweite Kraut der Mischung einen kleinen Hauch von S\u00fc\u00dfe verleiht.<\/p>\n<p><a href=\"http:\/\/orisha-ossain.com\/wp-content\/uploads\/2023\/06\/01111.jpg\"><img decoding=\"async\" class=\"aligncenter wp-image-237 size-medium\" src=\"http:\/\/orisha-ossain.com\/wp-content\/uploads\/2023\/06\/01111-300x287.jpg\" alt=\"Kaxinawa-Indianer rap\u00e9 Baimuka\" width=\"300\" height=\"287\" srcset=\"https:\/\/orisha-ossain.com\/wp-content\/uploads\/2023\/06\/01111-300x287.jpg 300w, https:\/\/orisha-ossain.com\/wp-content\/uploads\/2023\/06\/01111.jpg 600w\" sizes=\"(max-width: 300px) 100vw, 300px\" \/><\/a><\/p>\n<h2>Stammes\u00fcbliche Verwendung<\/h2>\n<p>Der Stamm der Kaxinawa verwendet sein Rap\u00e9 f\u00fcr verschiedene Zwecke, z. B. zur Linderung von k\u00f6rperlichen Schmerzen und Kopfschmerzen und zur Reinigung der Nebenh\u00f6hlen. Au\u00dferdem setzen die Kaxinawa Rap\u00e9 zur geistigen Heilung ein, meist in Kombination mit Ges\u00e4ngen.<br \/>\nRap\u00e9 verbindet den Stamm mit den Geistern des Dschungels und kann - je nach den spezifischen Zutaten - heilen, die Konzentration steigern, die Jagd verbessern oder eine Verbindung zum Geist der Natur herstellen. Die Kaxinawa experimentieren gerne und verwenden eine breite Palette von Zutaten f\u00fcr ihr rap\u00e9.<\/p>","protected":false},"excerpt":{"rendered":"<p>Rap\u00e9 Baimuka ist der Name des Kaxinawa-Indianers, der diesen Schnupftabak hergestellt hat. Dieser Kaxinawa rap\u00e9 Baimuka wird mit Sabi\u00e1 und Caneleiro ash zubereitet. Caneleiro ist eine bekannte Art von ash der Menschen in dieser Region. Was dieses rap\u00e9 einzigartig macht, ist der Zusatz einiger seltener Kr\u00e4uter.<\/p>","protected":false},"featured_media":35615,"template":"","meta":{"_seopress_robots_primary_cat":"none","_seopress_titles_title":"Rap\u00e9 Baimuka - Kaxinawa - Orisha Ossain","_seopress_titles_desc":"Rap\u00e9 Baimuka is the name of the Kaxinawa Indian who made this snuff. This Kaxinawa rap\u00e9 Baimuka is prepared with Sabi\u00e1 and Caneleiro ash","_seopress_robots_index":"","_kad_blocks_custom_css":"","_kad_blocks_head_custom_js":"","_kad_blocks_body_custom_js":"","_kad_blocks_footer_custom_js":"","_kad_post_transparent":"default","_kad_post_title":"","_kad_post_layout":"default","_kad_post_sidebar_id":"","_kad_post_content_style":"default","_kad_post_vertical_padding":"default","_kad_post_feature":"","_kad_post_feature_position":"","_kad_post_header":false,"_kad_post_footer":false,"_kad_post_classname":""},"product_brand":[],"product_cat":[50],"product_tag":[56],"class_list":{"0":"post-429","1":"product","2":"type-product","3":"status-publish","4":"has-post-thumbnail","6":"product_cat-rape","7":"product_tag-kaxinawa","9":"first","10":"instock","11":"taxable","12":"shipping-taxable","13":"purchasable","14":"product-type-variable","15":"entry","16":"content-bg","17":"loop-entry"},"taxonomy_info":{"product_cat":[{"value":50,"label":"Rap\u00e9"}],"product_tag":[{"value":56,"label":"Kaxinawa"}]},"featured_image_src_large":["https:\/\/orisha-ossain.com\/wp-content\/uploads\/2024\/11\/Baimuka_Orisha_Ossain.png",736,736,false],"author_info":[],"comment_info":"","_links":{"self":[{"href":"https:\/\/orisha-ossain.com\/de\/wp-json\/wp\/v2\/product\/429","targetHints":{"allow":["GET"]}}],"collection":[{"href":"https:\/\/orisha-ossain.com\/de\/wp-json\/wp\/v2\/product"}],"about":[{"href":"https:\/\/orisha-ossain.com\/de\/wp-json\/wp\/v2\/types\/product"}],"wp:featuredmedia":[{"embeddable":true,"href":"https:\/\/orisha-ossain.com\/de\/wp-json\/wp\/v2\/media\/35615"}],"wp:attachment":[{"href":"https:\/\/orisha-ossain.com\/de\/wp-json\/wp\/v2\/media?parent=429"}],"wp:term":[{"taxonomy":"product_brand","embeddable":true,"href":"https:\/\/orisha-ossain.com\/de\/wp-json\/wp\/v2\/product_brand?post=429"},{"taxonomy":"product_cat","embeddable":true,"href":"https:\/\/orisha-ossain.com\/de\/wp-json\/wp\/v2\/product_cat?post=429"},{"taxonomy":"product_tag","embeddable":true,"href":"https:\/\/orisha-ossain.com\/de\/wp-json\/wp\/v2\/product_tag?post=429"}],"curies":[{"name":"wp","href":"https:\/\/api.w.org\/{rel}","templated":true}]}}