{"id":416,"date":"2023-06-29T21:39:42","date_gmt":"2023-06-29T19:39:42","guid":{"rendered":"http:\/\/orisha-ossain.com\/?post_type=product&#038;p=416"},"modified":"2026-04-14T14:49:27","modified_gmt":"2026-04-14T12:49:27","slug":"rape-cumaru","status":"publish","type":"product","link":"https:\/\/orisha-ossain.com\/de\/product\/rape-cumaru\/","title":{"rendered":"Rap\u00e9 Cumaru"},"content":{"rendered":"<h2>Rap\u00e9 Cumaru<\/h2>\n<p>Rap\u00e9 Cumaru vom Stamm der Kaxinawa. Ein einzigartiger Leckerbissen vom Stamm der Kaxinawa (Huni Kuin) gibt uns die M\u00f6glichkeit, drei Arten ihrer m\u00e4chtigen Rap\u00e9 Cumaru genauer zu studieren.<\/p>\n<h2>Die drei Typen\/Formen<\/h2>\n<h2><em>Cumaru Puro<\/em><\/h2>\n<p>Die erste Form von Rap\u00e9 Cumaru setzt sich aus Arapiraca und Cumaru ashes zusammen. Diese Form hat keine weiteren Zus\u00e4tze. Daher auch der Name puro (rein). Die Kaxinawa sagen, dass Cumaru ein Baum ist, der nicht verrottet, weil er sehr wahrhaftig ist. Es wird auch geglaubt, dass sie einen Sinn f\u00fcr viele Beschw\u00f6rungen besitzt.<br \/>\nSie hat auch die F\u00e4higkeit, mit spiritueller Energie in Verbindung zu treten und Unwohlsein zu bek\u00e4mpfen. Cumaru ash bringt Kraft und Geschwindigkeit, wenn t\u00e4glich verwendet.<\/p>\n<h2><em>Cumaru Nissural<\/em><\/h2>\n<p>Der zweite Typ folgt der gleichen Zusammensetzung wie die puro-Form von rap\u00e9 cumaru. Dieser Form ist ein wenig Nissural beigef\u00fcgt. Gerade genug, um pr\u00e4sent zu sein, aber nicht \u00fcberm\u00e4chtig oder zu dominant. Die Kaxinawa waren fr\u00fcher einer der wenigen St\u00e4mme, die Nissural als Heilpflanze verwendeten. Heutzutage ist es ein Bestandteil von rap\u00e9, das von verschiedenen St\u00e4mmen hergestellt wird.<br \/>\nNach Ansicht der Kaxinawa hat Nissural die Kraft zu heilen, egal ob es als Schnupftabak oder zum Beispiel als Bad verwendet wird. In ihrer Sprache bedeutet Nissu Krankheit und ral bedeutet Heilung. Es ist also der Heiler von Krankheiten.<\/p>\n<h2><em>Cumaru De Cheiro<\/em><\/h2>\n<p>Die dritte Form von rap\u00e9 Cumaru enth\u00e4lt einen winzigen Anteil an pulverisierter Tonkabohne. Die Tonkabohne w\u00e4chst auf dem Cumaru-Baum und ist ein starkes Aroma. Mir wurde gesagt, dass der Anteil der Tonkabohne in diesem rap\u00e9 Cumaru weniger als ein Gewichtsprozent der Gesamtzusammensetzung betr\u00e4gt.<br \/>\nEs handelt sich um eine spezielle Komposition aus Cumaru-Becken ashes und pulverisiertem Cumaru-Bohnenpulver. De cheiro ist portugiesisch f\u00fcr \"riechen, einen Geruch haben\" und in diesem Fall ist dieser Geruch sehr angenehm.<\/p>\n<h2><em>\u00dcber Rap\u00e9 Cumaru<\/em><\/h2>\n<p>Rap\u00e9 Cumaru ist ziemlich stark und kann manchmal rau sein. Es konzentriert seine energetische Arbeit auf die unteren Chakren. Cumaru ist extrem erdend. Es kann dich auch in tiefe trance\u00e4hnliche Zust\u00e4nde versetzen. Er dringt leicht in den hinteren Teil der Kehle vor. In manchen F\u00e4llen kann es tiefe \u00dcbelkeit und Entgiftung verursachen.<br \/>\nWie bei der Canela de Velho ist ein Abf\u00fchren durchaus m\u00f6glich. Der Nachgeschmack, obwohl recht angenehm, ist extrem stark und kann einen kontinuierlichen Strom von Schleim in der Kehle verursachen. Bei der Verabreichung dieses rap\u00e9 spielen die Intention und die Umgebung eine wichtige Rolle. Man sollte sich Zeit und Raum nehmen, um sich auf seine Wirkung vorzubereiten.<\/p>\n<h2>\u00dcber Dipteryx odorata<\/h2>\n<p>Dipteryx odorata ist gemeinhin als Cumaru oder Cumaru Ferro bekannt. Dies bedeutet \u00fcbersetzt \"Eisen-Cumaru\" wegen der H\u00e4rte des Holzes. Dipteryx odorata ist ein sehr edles Hartholz, das im Bauwesen und f\u00fcr B\u00f6den und M\u00f6bel verwendet wird. Der Baum geh\u00f6rt zur Familie der Erbsengew\u00e4chse und ist in Mittelamerika und dem n\u00f6rdlichen S\u00fcdamerika beheimatet.<\/p>\n<figure id=\"attachment_172\" aria-describedby=\"caption-attachment-172\" style=\"width: 230px\" class=\"wp-caption aligncenter\"><a href=\"http:\/\/orisha-ossain.com\/wp-content\/uploads\/2023\/06\/cumaru.jpg\"><img decoding=\"async\" class=\"wp-image-172 size-medium\" src=\"http:\/\/orisha-ossain.com\/wp-content\/uploads\/2023\/06\/cumaru-230x300.jpg\" alt=\"Ein ausgewachsener Cumaru-Baum (Dipteryx odorata). Die Rinde wird f\u00fcr rap\u00e9 Cumaru verwendet - ein starker Schnupftabak aus Brasilien\" width=\"230\" height=\"300\" srcset=\"https:\/\/orisha-ossain.com\/wp-content\/uploads\/2023\/06\/cumaru-230x300.jpg 230w, https:\/\/orisha-ossain.com\/wp-content\/uploads\/2023\/06\/cumaru.jpg 597w\" sizes=\"(max-width: 230px) 100vw, 230px\" \/><\/a><figcaption id=\"caption-attachment-172\" class=\"wp-caption-text\">Ein ausgewachsener Cumaru-Baum (Dipteryx odorata)<\/figcaption><\/figure>\n<p>Die Samen der Dipteryx odorata werden auch Tonkabohnen (manchmal auch Tonkinbohnen oder Tonquinbohnen) genannt. Sie sind schwarz und faltig und haben ein glattes, braunes Inneres. Die Samen haben einen starken Duft. Der Duft hat \u00c4hnlichkeiten mit Vanille, Mandel, Zimt und Nelken.<\/p>\n<figure id=\"attachment_207\" aria-describedby=\"caption-attachment-207\" style=\"width: 300px\" class=\"wp-caption aligncenter\"><a href=\"http:\/\/orisha-ossain.com\/wp-content\/uploads\/2023\/06\/Tonka-Beans.jpg\"><img decoding=\"async\" class=\"wp-image-207 size-medium\" src=\"http:\/\/orisha-ossain.com\/wp-content\/uploads\/2023\/06\/Tonka-Beans-300x300.jpg\" alt=\"5 Tonkabohnen in Nahaufnahme, rap\u00e9 cumaru de cheiro\" width=\"300\" height=\"300\" srcset=\"https:\/\/orisha-ossain.com\/wp-content\/uploads\/2023\/06\/Tonka-Beans-300x300.jpg 300w, https:\/\/orisha-ossain.com\/wp-content\/uploads\/2023\/06\/Tonka-Beans-100x100.jpg 100w, https:\/\/orisha-ossain.com\/wp-content\/uploads\/2023\/06\/Tonka-Beans-465x465.jpg 465w, https:\/\/orisha-ossain.com\/wp-content\/uploads\/2023\/06\/Tonka-Beans-1024x1024.jpg 1024w, https:\/\/orisha-ossain.com\/wp-content\/uploads\/2023\/06\/Tonka-Beans-150x150.jpg 150w, https:\/\/orisha-ossain.com\/wp-content\/uploads\/2023\/06\/Tonka-Beans-768x768.jpg 768w, https:\/\/orisha-ossain.com\/wp-content\/uploads\/2023\/06\/Tonka-Beans.jpg 1200w\" sizes=\"(max-width: 300px) 100vw, 300px\" \/><\/a><figcaption id=\"caption-attachment-207\" class=\"wp-caption-text\">Die Tonkabohne<\/figcaption><\/figure>","protected":false},"excerpt":{"rendered":"<p>Drei Formen der m\u00e4chtigen Rap\u00e9 Cumaru vom Stamm der Kaxinawa.<br \/>\nF\u00fcr weitere Informationen lesen Sie bitte die unten stehende Beschreibung.<\/p>\n<p>Cumaru Puro<br \/>\nCumaru Nissural<br \/>\nCumaru de Cheiro<\/p>","protected":false},"featured_media":35627,"template":"","meta":{"_seopress_robots_primary_cat":"none","_seopress_titles_title":"Rap\u00e9 Cumaru - Kaxinawa - Puro - Nissural - de Cheiro","_seopress_titles_desc":"Three forms of powerful Rap\u00e9 Cumaru from the Kaxinawa tribe. \r\nCumaru Puro\r\nCumaru Nissural\r\nCumaru de Cheiro","_seopress_robots_index":"","_kad_blocks_custom_css":"","_kad_blocks_head_custom_js":"","_kad_blocks_body_custom_js":"","_kad_blocks_footer_custom_js":"","_kad_post_transparent":"default","_kad_post_title":"","_kad_post_layout":"default","_kad_post_sidebar_id":"","_kad_post_content_style":"default","_kad_post_vertical_padding":"default","_kad_post_feature":"","_kad_post_feature_position":"","_kad_post_header":false,"_kad_post_footer":false,"_kad_post_classname":""},"product_brand":[],"product_cat":[50],"product_tag":[56],"class_list":{"0":"post-416","1":"product","2":"type-product","3":"status-publish","4":"has-post-thumbnail","6":"product_cat-rape","7":"product_tag-kaxinawa","9":"first","10":"instock","11":"taxable","12":"shipping-taxable","13":"purchasable","14":"product-type-variable","15":"entry","16":"content-bg","17":"loop-entry"},"taxonomy_info":{"product_cat":[{"value":50,"label":"Rap\u00e9"}],"product_tag":[{"value":56,"label":"Kaxinawa"}]},"featured_image_src_large":["https:\/\/orisha-ossain.com\/wp-content\/uploads\/2024\/11\/Cumaru_Orisha_Ossain.png",736,736,false],"author_info":[],"comment_info":"","_links":{"self":[{"href":"https:\/\/orisha-ossain.com\/de\/wp-json\/wp\/v2\/product\/416","targetHints":{"allow":["GET"]}}],"collection":[{"href":"https:\/\/orisha-ossain.com\/de\/wp-json\/wp\/v2\/product"}],"about":[{"href":"https:\/\/orisha-ossain.com\/de\/wp-json\/wp\/v2\/types\/product"}],"wp:featuredmedia":[{"embeddable":true,"href":"https:\/\/orisha-ossain.com\/de\/wp-json\/wp\/v2\/media\/35627"}],"wp:attachment":[{"href":"https:\/\/orisha-ossain.com\/de\/wp-json\/wp\/v2\/media?parent=416"}],"wp:term":[{"taxonomy":"product_brand","embeddable":true,"href":"https:\/\/orisha-ossain.com\/de\/wp-json\/wp\/v2\/product_brand?post=416"},{"taxonomy":"product_cat","embeddable":true,"href":"https:\/\/orisha-ossain.com\/de\/wp-json\/wp\/v2\/product_cat?post=416"},{"taxonomy":"product_tag","embeddable":true,"href":"https:\/\/orisha-ossain.com\/de\/wp-json\/wp\/v2\/product_tag?post=416"}],"curies":[{"name":"wp","href":"https:\/\/api.w.org\/{rel}","templated":true}]}}