{"id":411,"date":"2023-06-29T21:26:57","date_gmt":"2023-06-29T19:26:57","guid":{"rendered":"http:\/\/orisha-ossain.com\/?post_type=product&#038;p=411"},"modified":"2026-04-07T20:11:46","modified_gmt":"2026-04-07T18:11:46","slug":"rape-murici-caneleiro","status":"publish","type":"product","link":"https:\/\/orisha-ossain.com\/de\/product\/rape-murici-caneleiro\/","title":{"rendered":"Rap\u00e9 Murici Caneleiro"},"content":{"rendered":"<h2>Rap\u00e9 Murici Caneleiro<\/h2>\n<p>Rap\u00e9 Murici Caneleiro ist ein weiteres Beispiel f\u00fcr neue Entwicklungen bei der Herstellung von Rap\u00e9. Die Kaxinawa lassen sich auf neue Experimente ein und wie bei ihrem ber\u00fchmten <a href=\"http:\/\/orisha-ossain.com\/de\/product\/rape-murici-cumaru\/\">Murici-Cumaru Rap\u00e9<\/a> Dieser Murici-Caneleiro kombiniert ebenfalls zwei verschiedene Arten von ashes in ein und demselben Schnupftabak. Die Inder sagen, dass Murici eine starke, aber weibliche Energie hat, die speziell auf die h\u00f6heren Chakren wirkt.<\/p>\n<figure id=\"attachment_415\" aria-describedby=\"caption-attachment-415\" style=\"width: 400px\" class=\"wp-caption aligncenter\"><a href=\"http:\/\/orisha-ossain.com\/wp-content\/uploads\/2023\/06\/Byrsonima-Crassifolia-1.jpg\"><img decoding=\"async\" class=\"wp-image-415 size-full\" src=\"https:\/\/orisha-ossain.com\/wp-content\/uploads\/2023\/06\/Byrsonima-Crassifolia-1.jpg\" alt=\"Byrsonima Crassifolia verwendet f\u00fcr rap\u00e9 murici caneleiro\" width=\"400\" height=\"255\" srcset=\"https:\/\/orisha-ossain.com\/wp-content\/uploads\/2023\/06\/Byrsonima-Crassifolia-1.jpg 400w, https:\/\/orisha-ossain.com\/wp-content\/uploads\/2023\/06\/Byrsonima-Crassifolia-1-300x191.jpg 300w\" sizes=\"(max-width: 400px) 100vw, 400px\" \/><\/a><figcaption id=\"caption-attachment-415\" class=\"wp-caption-text\">Byrsonima Crassifolia Baum<\/figcaption><\/figure>\n<h2>\u00dcber Caneleiro (Cenostigma macrophyllum)<\/h2>\n<p>Caneleiro ash ist sehr gr\u00fcndlich in seinen Eigenschaften. Es ist sehr gesundheitsf\u00f6rdernd und wirkt vor allem auf die Regeneration der Zellen und den Ausgleich der Hormone. F\u00fcr die Indianer in Acre sind Caneleiro und Canela de Velho in ihren Eigenschaften sehr \u00e4hnlich und werden auf dieselbe Weise behandelt. Dennoch sind es zwei verschiedene, aber sehr verwandte B\u00e4ume.<\/p>\n<p>Der Caneleiro (Cenostigma macrophyllum) ist ein bl\u00fchender Baum, der zur Familie der Fabaceae\/Leguminosae geh\u00f6rt. Er ist ein Baum von gro\u00dfer Sch\u00f6nheit, besonders wenn die Bl\u00fctezeit der Stauden beginnt. Von September bis Dezember und von Februar bis Juli ist der Baum mit gelben Bl\u00fctenb\u00fcscheln bedeckt.<br \/>\nDie Bl\u00fcten sind sehr orchideen\u00e4hnlich und locken mit ihrem Duft viele Insekten und V\u00f6gel an, die sie verbreiten. Der Caneleiro-Baum wird 10 bis 20 Meter hoch. Dieser Baum wird f\u00fcr verschiedene Behandlungen verwendet. Rohextrakte haben positive Ergebnisse bei verschiedenen Aktivit\u00e4ten gezeigt. Einschlie\u00dflich Anti-Ulkus, Hypoglyk\u00e4mie, und antimikrobielle.<\/p>\n<figure id=\"attachment_169\" aria-describedby=\"caption-attachment-169\" style=\"width: 700px\" class=\"wp-caption aligncenter\"><a href=\"http:\/\/orisha-ossain.com\/wp-content\/uploads\/2023\/06\/Cenostigma-Macrophyllum-used-for-Caneleiro-Rape.jpg\"><img decoding=\"async\" class=\"wp-image-169 size-full\" src=\"https:\/\/orisha-ossain.com\/wp-content\/uploads\/2023\/06\/Cenostigma-Macrophyllum-used-for-Caneleiro-Rape.jpg\" alt=\"Mehrere gro\u00dfe Cenostigma Macrophyllum B\u00e4ume, die ashes der Rinde werden f\u00fcr Rap\u00e9 murici Caneleiro verwendet \" width=\"700\" height=\"434\" srcset=\"https:\/\/orisha-ossain.com\/wp-content\/uploads\/2023\/06\/Cenostigma-Macrophyllum-used-for-Caneleiro-Rape.jpg 700w, https:\/\/orisha-ossain.com\/wp-content\/uploads\/2023\/06\/Cenostigma-Macrophyllum-used-for-Caneleiro-Rape-300x186.jpg 300w\" sizes=\"(max-width: 700px) 100vw, 700px\" \/><\/a><figcaption id=\"caption-attachment-169\" class=\"wp-caption-text\">Der Baum Cenostigma Macrophyllum<\/figcaption><\/figure>","protected":false},"excerpt":{"rendered":"<p>Die Kaxinawa sind experimentierfreudig und wie bei ihrem ber\u00fchmten <a href=\"http:\/\/orisha-ossain.com\/de\/product\/rape-murici-cumaru\/\">Rap\u00e9 Murici Cumaru<\/a> Dieser Murici-Caneleiro kombiniert ebenfalls zwei verschiedene Arten von ashes in ein und demselben Schnupftabak. Die Inder sagen, dass Murici eine starke, aber weibliche Energie hat, die speziell auf die h\u00f6heren Chakren wirkt.<\/p>","protected":false},"featured_media":35646,"template":"","meta":{"_seopress_robots_primary_cat":"none","_seopress_titles_title":"Rap\u00e9 Murici Caneleiro - Kaxinawa - Orisha Ossain","_seopress_titles_desc":"This Rap\u00e9 Murici Caneleiro combines two different types of ashes. Works specifically on the higher chakras.","_seopress_robots_index":"","_kad_blocks_custom_css":"","_kad_blocks_head_custom_js":"","_kad_blocks_body_custom_js":"","_kad_blocks_footer_custom_js":"","_kad_post_transparent":"default","_kad_post_title":"","_kad_post_layout":"default","_kad_post_sidebar_id":"","_kad_post_content_style":"default","_kad_post_vertical_padding":"default","_kad_post_feature":"","_kad_post_feature_position":"","_kad_post_header":false,"_kad_post_footer":false,"_kad_post_classname":""},"product_brand":[],"product_cat":[50],"product_tag":[56],"class_list":{"0":"post-411","1":"product","2":"type-product","3":"status-publish","4":"has-post-thumbnail","6":"product_cat-rape","7":"product_tag-kaxinawa","9":"first","10":"instock","11":"taxable","12":"shipping-taxable","13":"purchasable","14":"product-type-variable","15":"entry","16":"content-bg","17":"loop-entry"},"taxonomy_info":{"product_cat":[{"value":50,"label":"Rap\u00e9"}],"product_tag":[{"value":56,"label":"Kaxinawa"}]},"featured_image_src_large":["https:\/\/orisha-ossain.com\/wp-content\/uploads\/2024\/11\/Murici-Caneleiro_Orisha_Ossain.png",736,736,false],"author_info":[],"comment_info":"","_links":{"self":[{"href":"https:\/\/orisha-ossain.com\/de\/wp-json\/wp\/v2\/product\/411","targetHints":{"allow":["GET"]}}],"collection":[{"href":"https:\/\/orisha-ossain.com\/de\/wp-json\/wp\/v2\/product"}],"about":[{"href":"https:\/\/orisha-ossain.com\/de\/wp-json\/wp\/v2\/types\/product"}],"wp:featuredmedia":[{"embeddable":true,"href":"https:\/\/orisha-ossain.com\/de\/wp-json\/wp\/v2\/media\/35646"}],"wp:attachment":[{"href":"https:\/\/orisha-ossain.com\/de\/wp-json\/wp\/v2\/media?parent=411"}],"wp:term":[{"taxonomy":"product_brand","embeddable":true,"href":"https:\/\/orisha-ossain.com\/de\/wp-json\/wp\/v2\/product_brand?post=411"},{"taxonomy":"product_cat","embeddable":true,"href":"https:\/\/orisha-ossain.com\/de\/wp-json\/wp\/v2\/product_cat?post=411"},{"taxonomy":"product_tag","embeddable":true,"href":"https:\/\/orisha-ossain.com\/de\/wp-json\/wp\/v2\/product_tag?post=411"}],"curies":[{"name":"wp","href":"https:\/\/api.w.org\/{rel}","templated":true}]}}