{"id":4108,"date":"2024-10-15T11:04:24","date_gmt":"2024-10-15T09:04:24","guid":{"rendered":"http:\/\/orisha-ossain.com\/?post_type=product&#038;p=4108"},"modified":"2026-04-11T23:47:50","modified_gmt":"2026-04-11T21:47:50","slug":"rape-rawaputu-forca","status":"publish","type":"product","link":"https:\/\/orisha-ossain.com\/de\/product\/rape-rawaputu-forca\/","title":{"rendered":"Rap\u00e9 Rawaputu For\u00e7a"},"content":{"rendered":"<h2>Rap\u00e9 Rawaputu For\u00e7a: Eine traditionelle Mischung aus Kraft und Heilung<\/h2>\n<p>Der Shaw\u00e3dawa-Stamm bereitet Rawaputu For\u00e7a mit gro\u00dfer kultureller Bedeutung und Sorgfalt zu und kreiert einen einzigartigen und starken Schnupftabak. Der Stamm stellt diese Mischung bei Vollmond her und verwendet Sabia Mapacho, Tsunu ash und eine traditionelle Shaw\u00e3dawa-Medizin namens Rawaputu. Ihr sorgf\u00e4ltiger Prozess gew\u00e4hrleistet ein Produkt, das hohe Qualit\u00e4t und kraftvolle Energie verk\u00f6rpert.<\/p>\n<p>Die Menschen sch\u00e4tzen diese Mischung wegen ihrer Kraft, ihrer weichen Textur und ihres reichen, erdigen Aromas. Sie bietet eine sinnliche und spirituelle Erfahrung und ist im t\u00e4glichen Leben vielseitig einsetzbar, da sie die k\u00f6rperliche und geistige Widerstandsf\u00e4higkeit st\u00e4rkt.<\/p>\n<p><img decoding=\"async\" class=\"aligncenter wp-image-34182 size-medium\" src=\"https:\/\/orisha-ossain.com\/wp-content\/uploads\/2024\/10\/DALL\u00b7E-2024-10-22-23.58.41-A-pixelated-painting-style-scene-of-an-anaconda-swimming-through-the-dark-waters-of-an-Amazonian-river-surrounded-by-dense-forest-under-the-light-of--300x171.webp\" alt=\"Rap\u00e9 Rawaputu For\u00e7a, hergestellt bei Vollmond\" width=\"300\" height=\"171\" srcset=\"https:\/\/orisha-ossain.com\/wp-content\/uploads\/2024\/10\/DALL\u00b7E-2024-10-22-23.58.41-A-pixelated-painting-style-scene-of-an-anaconda-swimming-through-the-dark-waters-of-an-Amazonian-river-surrounded-by-dense-forest-under-the-light-of--300x171.webp 300w, https:\/\/orisha-ossain.com\/wp-content\/uploads\/2024\/10\/DALL\u00b7E-2024-10-22-23.58.41-A-pixelated-painting-style-scene-of-an-anaconda-swimming-through-the-dark-waters-of-an-Amazonian-river-surrounded-by-dense-forest-under-the-light-of--1024x585.webp 1024w, https:\/\/orisha-ossain.com\/wp-content\/uploads\/2024\/10\/DALL\u00b7E-2024-10-22-23.58.41-A-pixelated-painting-style-scene-of-an-anaconda-swimming-through-the-dark-waters-of-an-Amazonian-river-surrounded-by-dense-forest-under-the-light-of--768x439.webp 768w, https:\/\/orisha-ossain.com\/wp-content\/uploads\/2024\/10\/DALL\u00b7E-2024-10-22-23.58.41-A-pixelated-painting-style-scene-of-an-anaconda-swimming-through-the-dark-waters-of-an-Amazonian-river-surrounded-by-dense-forest-under-the-light-of--1536x878.webp 1536w, https:\/\/orisha-ossain.com\/wp-content\/uploads\/2024\/10\/DALL\u00b7E-2024-10-22-23.58.41-A-pixelated-painting-style-scene-of-an-anaconda-swimming-through-the-dark-waters-of-an-Amazonian-river-surrounded-by-dense-forest-under-the-light-of-.webp 1792w\" sizes=\"(max-width: 300px) 100vw, 300px\" \/><\/p>\n<h2>Nutzen und Einsatzm\u00f6glichkeiten<\/h2>\n<ul>\n<li><strong>Heilende Eigenschaften:<\/strong> Rawaputu hilft bei Kopfschmerzen, Grippe, Schlaflosigkeit, geistigen St\u00f6rungen und M\u00fcdigkeit. Seine Wirkung ist anregend und ausgleichend und spricht k\u00f6rperliche und emotionale Bed\u00fcrfnisse an.<\/li>\n<li><strong>Praktische Anwendungen:<\/strong> Die Shaw\u00e3dawa verwenden diesen Rap\u00e9, um beim Fischen, Jagen und bei landwirtschaftlichen T\u00e4tigkeiten Kraft und Ausdauer zu gewinnen. Sie betrachten ihn als einen energetischen Verb\u00fcndeten, der Ausdauer und Konzentration f\u00f6rdert.<\/li>\n<\/ul>\n<h2>Zug\u00e4nglich und vielseitig<\/h2>\n<p>Rap\u00e9 Rawaputu For\u00e7a ist f\u00fcr den t\u00e4glichen Gebrauch geeignet und erfordert keine besonderen di\u00e4tetischen Einschr\u00e4nkungen, was es zu einer bequemen Wahl macht, um Vitalit\u00e4t und Energie zu erhalten. Diese traditionelle Medizin verbindet spirituelle Praktiken mit praktischen Vorteilen, h\u00e4lt den Anwender auf dem Boden und gibt ihm Kraft f\u00fcr die t\u00e4glichen Aufgaben.<\/p>\n<p>Rap\u00e9 Rawaputu For\u00e7a ist in der Tradition der Shaw\u00e3dawa verwurzelt und verbindet die Anwender mit der Weisheit der Vorfahren, den Heilkr\u00e4ften der Natur und den Energien des Waldes. Ob bei spirituellen Zeremonien oder zur Unterst\u00fctzung im Alltag, diese Mischung wird ihrem Ruf als wichtiger Bestandteil der Lebensweise der Shaw\u00e3dawa gerecht.<\/p>","protected":false},"excerpt":{"rendered":"<p>Rap\u00e9 Rawaputu For\u00e7a ist ein extra starker schamanischer Schnupftabak vom Shaw\u00e3dawa-Stamm. Diese erstaunliche Mischung ist von extrem hoher Qualit\u00e4t und Frequenz mit milden subtilen Dschungelt\u00f6nen.<\/p>","protected":false},"featured_media":35658,"template":"","meta":{"_seopress_robots_primary_cat":"none","_seopress_titles_title":"Rap\u00e9 Rawaputu For\u00e7a - Strong Shamanic Snuff, Shaw\u00e3dawa Tribe","_seopress_titles_desc":"Rap\u00e9 Rawaputu For\u00e7a is an extra Strong Shamanic snuff from the Shaw\u00e3dawa tribe.\u00a0Made with sabia, Tsunu ash, and the herb called Rawaputu.","_seopress_robots_index":"","_kad_blocks_custom_css":"","_kad_blocks_head_custom_js":"","_kad_blocks_body_custom_js":"","_kad_blocks_footer_custom_js":"","_kad_post_transparent":"default","_kad_post_title":"","_kad_post_layout":"default","_kad_post_sidebar_id":"","_kad_post_content_style":"default","_kad_post_vertical_padding":"default","_kad_post_feature":"","_kad_post_feature_position":"","_kad_post_header":false,"_kad_post_footer":false,"_kad_post_classname":""},"product_brand":[],"product_cat":[50],"product_tag":[61],"class_list":{"0":"post-4108","1":"product","2":"type-product","3":"status-publish","4":"has-post-thumbnail","6":"product_cat-rape","7":"product_tag-shawadawa","9":"first","10":"instock","11":"taxable","12":"shipping-taxable","13":"purchasable","14":"product-type-variable","15":"entry","16":"content-bg","17":"loop-entry"},"taxonomy_info":{"product_cat":[{"value":50,"label":"Rap\u00e9"}],"product_tag":[{"value":61,"label":"Shawadawa"}]},"featured_image_src_large":["https:\/\/orisha-ossain.com\/wp-content\/uploads\/2024\/11\/Rawaputu-Forca_Orisha_Ossain.png",736,736,false],"author_info":[],"comment_info":"","_links":{"self":[{"href":"https:\/\/orisha-ossain.com\/de\/wp-json\/wp\/v2\/product\/4108","targetHints":{"allow":["GET"]}}],"collection":[{"href":"https:\/\/orisha-ossain.com\/de\/wp-json\/wp\/v2\/product"}],"about":[{"href":"https:\/\/orisha-ossain.com\/de\/wp-json\/wp\/v2\/types\/product"}],"wp:featuredmedia":[{"embeddable":true,"href":"https:\/\/orisha-ossain.com\/de\/wp-json\/wp\/v2\/media\/35658"}],"wp:attachment":[{"href":"https:\/\/orisha-ossain.com\/de\/wp-json\/wp\/v2\/media?parent=4108"}],"wp:term":[{"taxonomy":"product_brand","embeddable":true,"href":"https:\/\/orisha-ossain.com\/de\/wp-json\/wp\/v2\/product_brand?post=4108"},{"taxonomy":"product_cat","embeddable":true,"href":"https:\/\/orisha-ossain.com\/de\/wp-json\/wp\/v2\/product_cat?post=4108"},{"taxonomy":"product_tag","embeddable":true,"href":"https:\/\/orisha-ossain.com\/de\/wp-json\/wp\/v2\/product_tag?post=4108"}],"curies":[{"name":"wp","href":"https:\/\/api.w.org\/{rel}","templated":true}]}}