{"id":407,"date":"2023-06-29T21:18:31","date_gmt":"2023-06-29T19:18:31","guid":{"rendered":"http:\/\/orisha-ossain.com\/?post_type=product&#038;p=407"},"modified":"2026-03-11T14:16:23","modified_gmt":"2026-03-11T13:16:23","slug":"rape-murici","status":"publish","type":"product","link":"https:\/\/orisha-ossain.com\/de\/product\/rape-murici\/","title":{"rendered":"Rap\u00e9 Murici"},"content":{"rendered":"<h2>Vergewaltigung Murici<\/h2>\n<p>Dieses potente Rap\u00e9 wird mit den ashes des heiligen Murici-Baumes (<em>Byrsonima Crassifolia<\/em>), fachm\u00e4nnisch gemischt mit M\u00f3i mapacho. Dieser einzigartige Schnupftabak, der vom Stamm der Kaxinawa stammt, hat eine starke Kraft und liefert eine intensiv scharfe, kl\u00e4rende Vibration.<\/p>\n<p>Das Volk der Kaxinawa schreibt dem Murici eine starke, aber eindeutig weibliche Energie zu, was ihn zu einer perfekten Wahl f\u00fcr alle macht, die eine tiefgreifende spirituelle Reinigung und Ausrichtung suchen. Es wird angenommen, dass seine Energie speziell auf die h\u00f6heren Chakren einwirkt und so ein erh\u00f6htes Bewusstsein und eine Verbindung zu h\u00f6heren Bewusstseinsbereichen erm\u00f6glicht.<\/p>\n<p>Eine perfekte Mischung f\u00fcr tiefe Meditation, spirituelle Praktiken und Momente der Transformation.<\/p>\n<figure id=\"attachment_165\" aria-describedby=\"caption-attachment-165\" style=\"width: 225px\" class=\"wp-caption aligncenter\"><a href=\"http:\/\/orisha-ossain.com\/wp-content\/uploads\/2023\/06\/Byrsonima-Crassifolia.jpg\"><img decoding=\"async\" class=\"wp-image-165 size-medium\" src=\"http:\/\/orisha-ossain.com\/wp-content\/uploads\/2023\/06\/Byrsonima-Crassifolia-225x300.jpg\" alt=\"Byrsonima Crassifolia Baum mit gr\u00fcnen Bl\u00e4ttern, die Stange wird f\u00fcr Murici verwendet rap\u00e9\" width=\"225\" height=\"300\" srcset=\"https:\/\/orisha-ossain.com\/wp-content\/uploads\/2023\/06\/Byrsonima-Crassifolia-225x300.jpg 225w, https:\/\/orisha-ossain.com\/wp-content\/uploads\/2023\/06\/Byrsonima-Crassifolia-768x1024.jpg 768w, https:\/\/orisha-ossain.com\/wp-content\/uploads\/2023\/06\/Byrsonima-Crassifolia.jpg 800w\" sizes=\"(max-width: 225px) 100vw, 225px\" \/><\/a><figcaption id=\"caption-attachment-165\" class=\"wp-caption-text\">Byrsonima Crassifolia, Murici<\/figcaption><\/figure>\n<h2>Stammes\u00fcbliche Verwendung<\/h2>\n<p>Der Kaxinawa-Stamm verwendet sein Rap\u00e9 f\u00fcr verschiedene Zwecke. Zum Beispiel lindert es k\u00f6rperliche Schmerzen und Kopfschmerzen und reinigt die Nebenh\u00f6hlen. Au\u00dferdem setzen die Kaxinawa Rap\u00e9 zur geistigen Heilung ein, meist in Kombination mit Ges\u00e4ngen.<br \/>\nRap\u00e9 verbindet den Stamm mit den Geistern des Dschungels und kann - je nach den spezifischen Zutaten - heilen, die Konzentration steigern, die Jagd verbessern oder eine Verbindung zum Geist der Natur herstellen. Die Kaxinawa experimentieren gerne und verwenden eine breite Palette von Zutaten f\u00fcr ihr rap\u00e9.<\/p>\n<p><a href=\"http:\/\/orisha-ossain.com\/wp-content\/uploads\/2024\/01\/99e1768fcbdd5819eb0fdb9e77374914.jpg\"><img decoding=\"async\" class=\"aligncenter wp-image-2589 size-full\" src=\"http:\/\/orisha-ossain.com\/wp-content\/uploads\/2024\/01\/99e1768fcbdd5819eb0fdb9e77374914.jpg\" alt=\"\" width=\"960\" height=\"640\" srcset=\"https:\/\/orisha-ossain.com\/wp-content\/uploads\/2024\/01\/99e1768fcbdd5819eb0fdb9e77374914.jpg 960w, https:\/\/orisha-ossain.com\/wp-content\/uploads\/2024\/01\/99e1768fcbdd5819eb0fdb9e77374914-300x200.jpg 300w, https:\/\/orisha-ossain.com\/wp-content\/uploads\/2024\/01\/99e1768fcbdd5819eb0fdb9e77374914-768x512.jpg 768w\" sizes=\"(max-width: 960px) 100vw, 960px\" \/><\/a><\/p>\n<ul>\n<li><\/li>\n<\/ul>","protected":false},"excerpt":{"rendered":"<p>Dieser rap\u00e9 Murici stammt vom Stamm der Kaxinawa. Um diesen Schnupftabak herzustellen, werden die ashes des Murici-Baumes (Byrsonima Crassifolia) mit M\u00f3i mapacho gemischt. Diese Rap\u00e9-Mischung hat eine starke Kraft, die eine sehr scharfe und extrem kl\u00e4rende Vibration erzeugt. Die Kaxinawa-Indianer sagen, dass Murici eine starke, aber weibliche Energie hat, die speziell auf die h\u00f6heren Chakren wirkt.<\/p>","protected":false},"featured_media":35645,"template":"","meta":{"_seopress_robots_primary_cat":"none","_seopress_titles_title":"Rap\u00e9 Murici - Byrsonima Crassifolia - Orisha Ossain","_seopress_titles_desc":"This rap\u00e9 Murici on this page comes from the Kaxinawa tribe. To make this snuff the ashes of the Murici tree (Byrsonima Crassifolia) are mixed with","_seopress_robots_index":"","_kad_blocks_custom_css":"","_kad_blocks_head_custom_js":"","_kad_blocks_body_custom_js":"","_kad_blocks_footer_custom_js":"","_kad_post_transparent":"default","_kad_post_title":"","_kad_post_layout":"default","_kad_post_sidebar_id":"","_kad_post_content_style":"default","_kad_post_vertical_padding":"default","_kad_post_feature":"","_kad_post_feature_position":"","_kad_post_header":false,"_kad_post_footer":false,"_kad_post_classname":""},"product_brand":[],"product_cat":[50],"product_tag":[56],"class_list":{"0":"post-407","1":"product","2":"type-product","3":"status-publish","4":"has-post-thumbnail","6":"product_cat-rape","7":"product_tag-kaxinawa","9":"first","10":"instock","11":"taxable","12":"shipping-taxable","13":"purchasable","14":"product-type-variable","15":"entry","16":"content-bg","17":"loop-entry"},"taxonomy_info":{"product_cat":[{"value":50,"label":"Rap\u00e9"}],"product_tag":[{"value":56,"label":"Kaxinawa"}]},"featured_image_src_large":["https:\/\/orisha-ossain.com\/wp-content\/uploads\/2024\/11\/Murici_Orisha_Ossain.png",736,736,false],"author_info":[],"comment_info":"","_links":{"self":[{"href":"https:\/\/orisha-ossain.com\/de\/wp-json\/wp\/v2\/product\/407","targetHints":{"allow":["GET"]}}],"collection":[{"href":"https:\/\/orisha-ossain.com\/de\/wp-json\/wp\/v2\/product"}],"about":[{"href":"https:\/\/orisha-ossain.com\/de\/wp-json\/wp\/v2\/types\/product"}],"wp:featuredmedia":[{"embeddable":true,"href":"https:\/\/orisha-ossain.com\/de\/wp-json\/wp\/v2\/media\/35645"}],"wp:attachment":[{"href":"https:\/\/orisha-ossain.com\/de\/wp-json\/wp\/v2\/media?parent=407"}],"wp:term":[{"taxonomy":"product_brand","embeddable":true,"href":"https:\/\/orisha-ossain.com\/de\/wp-json\/wp\/v2\/product_brand?post=407"},{"taxonomy":"product_cat","embeddable":true,"href":"https:\/\/orisha-ossain.com\/de\/wp-json\/wp\/v2\/product_cat?post=407"},{"taxonomy":"product_tag","embeddable":true,"href":"https:\/\/orisha-ossain.com\/de\/wp-json\/wp\/v2\/product_tag?post=407"}],"curies":[{"name":"wp","href":"https:\/\/api.w.org\/{rel}","templated":true}]}}