{"id":388,"date":"2023-06-29T20:49:32","date_gmt":"2023-06-29T18:49:32","guid":{"rendered":"http:\/\/orisha-ossain.com\/?post_type=product&#038;p=388"},"modified":"2026-02-12T09:19:19","modified_gmt":"2026-02-12T08:19:19","slug":"kambo-sticks","status":"publish","type":"product","link":"https:\/\/orisha-ossain.com\/de\/product\/kambo-sticks\/","title":{"rendered":"Kamb\u00f4-St\u00e4bchen"},"content":{"rendered":"<h2><span style=\"font-size: 12pt;\">Kamb\u00f4-St\u00e4bchen<\/span><\/h2>\n<p>Doppelseitige Kamb\u00f4-St\u00e4bchen vom Stamm der Matses. Diese Kamb\u00f4-St\u00e4bchen enthalten jeweils ca. 120\/150 Punkte von Phyllomedusa Bicolor Froschsekret. Die St\u00e4bchen kommen direkt vom Matses-Stamm aus Peru im Amazonasgebiet. Ich biete eine Gr\u00f6\u00dfe von Kamb\u00f4-St\u00e4bchen an.<\/p>\n<p>Die Kamb\u00f4-St\u00e4bchen werden von den Ureinwohnern Matses in einzigartiger Handarbeit hergestellt, so dass die Anzahl der Spitzen, die Dicke der Medizin und die Gr\u00f6\u00dfe bei jedem einzelnen St\u00e4bchen und jeder Charge variieren k\u00f6nnen. Die Ma\u00dfe des St\u00e4bchens sind ca. 12,5 cm x 2,5 cm.<\/p>\n<p><img decoding=\"async\" class=\"aligncenter wp-image-53020 size-thumbnail\" src=\"https:\/\/orisha-ossain.com\/wp-content\/uploads\/2026\/02\/kabost-300x300.jpg\" alt=\"\" width=\"300\" height=\"300\" srcset=\"https:\/\/orisha-ossain.com\/wp-content\/uploads\/2026\/02\/kabost-300x300.jpg 300w, https:\/\/orisha-ossain.com\/wp-content\/uploads\/2026\/02\/kabost-12x12.jpg 12w, https:\/\/orisha-ossain.com\/wp-content\/uploads\/2026\/02\/kabost-75x75.jpg 75w, https:\/\/orisha-ossain.com\/wp-content\/uploads\/2026\/02\/kabost-465x465.jpg 465w, https:\/\/orisha-ossain.com\/wp-content\/uploads\/2026\/02\/kabost-100x100.jpg 100w\" sizes=\"(max-width: 300px) 100vw, 300px\" \/><\/p>\n<p>Jeder Kamb\u00f4-Medizinstab wird mit einem oder mehreren Brennst\u00e4ben zum Abbrennen der Punkte geliefert. Es handelt sich um traditionelle Brennst\u00e4be, die der peruanische Stamm der Matses zum Brennen der \"Tambshi\" genannten Punkte verwendet.<\/p>\n<figure id=\"attachment_256\" aria-describedby=\"caption-attachment-256\" style=\"width: 300px\" class=\"wp-caption aligncenter\"><a href=\"http:\/\/orisha-ossain.com\/wp-content\/uploads\/2023\/06\/KamboSapoPhyllomedusaBicolor.jpg\"><img decoding=\"async\" class=\"wp-image-256 size-medium\" src=\"https:\/\/orisha-ossain.com\/wp-content\/uploads\/2023\/06\/KamboSapoPhyllomedusaBicolor-300x200.jpg\" alt=\"2 Kambo Sapo Phyllomedusa Bicolor auf einem Ast sitzend, Kambo-St\u00f6cke\" width=\"300\" height=\"200\" srcset=\"https:\/\/orisha-ossain.com\/wp-content\/uploads\/2023\/06\/KamboSapoPhyllomedusaBicolor-300x200.jpg 300w, https:\/\/orisha-ossain.com\/wp-content\/uploads\/2023\/06\/KamboSapoPhyllomedusaBicolor.jpg 600w\" sizes=\"(max-width: 300px) 100vw, 300px\" \/><\/a><figcaption id=\"caption-attachment-256\" class=\"wp-caption-text\">Sapo Phyllomedusa Bicolor<\/figcaption><\/figure>\n<h2><span style=\"font-size: 12pt;\">\u00dcber Kamb\u00f4<\/span><\/h2>\n<p>Kamb\u00f4 ist ein Sekret des Riesen-Affenfrosches, auch bekannt als Phyllomedusa bicolor. Diese Kambo-St\u00e4bchen stammen direkt von dem indigenen Stamm der Matses aus Peru im Amazonas-Dschungel. In Peru haben die Matses 2 Namen f\u00fcr die Medizin \"Sapo\" und \"Acat\u00e9\". In Brasilien allgemein bekannt als \"Kamb\u00f4\".<\/p>\n<p><a href=\"http:\/\/orisha-ossain.com\/wp-content\/uploads\/2023\/06\/kambo-trippy-1.jpg\"><img decoding=\"async\" class=\"alignright wp-image-257 size-medium\" src=\"https:\/\/orisha-ossain.com\/wp-content\/uploads\/2023\/06\/kambo-trippy-1-300x198.jpg\" alt=\"Kambo-Frosch, Kambo-St\u00e4bchen\" width=\"300\" height=\"198\" srcset=\"https:\/\/orisha-ossain.com\/wp-content\/uploads\/2023\/06\/kambo-trippy-1-300x198.jpg 300w, https:\/\/orisha-ossain.com\/wp-content\/uploads\/2023\/06\/kambo-trippy-1.jpg 600w\" sizes=\"(max-width: 300px) 100vw, 300px\" \/><\/a><\/p>\n<p>&nbsp;<\/p>\n<h2><span style=\"font-size: 12pt;\">Phyllomedusa bicolor &amp; Lebensraum<\/span><\/h2>\n<p><em>Phyllomedusa bicolor<\/em> ist ein freundlicher und nachtaktiver Laubfrosch, der hoch in den B\u00e4umen des Amazonas-Regenwaldes lebt. M\u00e4nnchen k\u00f6nnen 91-103 mm lang werden, w\u00e4hrend ihre weiblichen Artgenossen 111-119 mm lang sind. Der R\u00fccken des Frosches ist dunkelgr\u00fcn, die Unterseite ist hell gelb-wei\u00df oder cremefarben. Hinter den Augen befinden sich zwei gro\u00dfe, hervorstehende Dr\u00fcsen.<\/p>\n<p>Der Frosch bleibt bei der Sekretgewinnung stets unversehrt und wird nur f\u00fcr kurze Zeit leicht gestresst. Generell gilt es bei den Ureinwohnern als \u00e4u\u00dferst unh\u00f6flich, dem Frosch in irgendeiner Weise zu schaden, da dies die Tiergeister des Dschungels beleidigen und Ungl\u00fcck bringen k\u00f6nnte.<\/p>\n<p>Die Fr\u00f6sche leben in den tieferen Teilen des amazonischen Regenwaldes in L\u00e4ndern wie.<\/p>\n<ul>\n<li><span style=\"font-size: 12pt;\">Bolivien<\/span><\/li>\n<li><span style=\"font-size: 12pt;\">Brasilien<\/span><\/li>\n<li><span style=\"font-size: 12pt;\">Kolumbien<\/span><\/li>\n<li><span style=\"font-size: 12pt;\">Peru<\/span><\/li>\n<li><span style=\"font-size: 12pt;\">Franz\u00f6sisch-Guayana<\/span><\/li>\n<li><span style=\"font-size: 12pt;\">Surinam<br \/>\n<\/span><\/li>\n<li><span style=\"font-size: 12pt;\">Venezuela<\/span><\/li>\n<\/ul>\n<h2><span style=\"font-size: 12pt;\">Vorteile von Kamb\u00f4<\/span><\/h2>\n<p>Kamb\u00f4 wird seit langem von verschiedenen indigenen St\u00e4mmen im Amazonasdschungel verwendet. Sie verwenden diese heilige Medizin, um ihr Immunsystem zu st\u00e4rken und ihre Jagdf\u00e4higkeiten zu verbessern, indem sie ihre Wahrnehmungsf\u00e4higkeiten und ihr Bewusstsein w\u00e4hrend der Jagd im Amazonasdschungel sch\u00e4rfen.<\/p>\n<p>Eine weitere traditionelle Funktion von Kamb\u00f4 ist das Aufheben von \"Panema\". Darunter versteht man Ungl\u00fcck, Depression, Faulheit, Traurigkeit oder negative energetische Einfl\u00fcsse, die Schwierigkeiten und Krankheiten anziehen.<\/p>\n<h2><span style=\"font-size: 12pt;\">Kamb\u00f4-Mythologie\u00a0<\/span><\/h2>\n<p>Nach einer Legende der Kaxinaw\u00e1 (Huni Kuin - ein indigener Stamm aus Brasilien) waren die Eingeborenen des Dorfes sehr krank, und der Schamane Kampu hatte alles getan, was m\u00f6glich war, um sie zu heilen. Er probierte alle Heilkr\u00e4uter aus, die er kannte, aber keines half gegen die Qualen seines Volkes.<\/p>\n<p>So ging der Schamane Kampu in den Wald und empfing unter der Wirkung von Ayahuasca den Besuch des gro\u00dfen Gottes. Er brachte einen Frosch in seinen H\u00e4nden, aus dem er ein wei\u00dfes Sekret entnahm, und lehrte ihn, wie man es anwendet.<\/p>\n<p>Der Schamane Kampu kehrte zu seinem Stamm zur\u00fcck und befolgte die Anweisungen, die er erhalten hatte, und konnte seine Gemeinschaft heilen. Nach seinem Tod begann der Geist von Kampu in dem Frosch zu leben, und die Eingeborenen begannen, sein Sekret zu nutzen, um aktiv und gesund zu bleiben.<\/p>\n<p><a href=\"http:\/\/orisha-ossain.com\/wp-content\/uploads\/2023\/06\/kambo-stick-dots.jpeg\"><img decoding=\"async\" class=\"aligncenter wp-image-391 size-medium\" src=\"https:\/\/orisha-ossain.com\/wp-content\/uploads\/2023\/06\/kambo-stick-dots-293x300.jpeg\" alt=\"Kamb\u00f4-Froschsekret zur Verwendung bereit, Kambo-Sticks\" width=\"293\" height=\"300\" srcset=\"https:\/\/orisha-ossain.com\/wp-content\/uploads\/2023\/06\/kambo-stick-dots-293x300.jpeg 293w, https:\/\/orisha-ossain.com\/wp-content\/uploads\/2023\/06\/kambo-stick-dots.jpeg 600w\" sizes=\"(max-width: 293px) 100vw, 293px\" \/><\/a><\/p>\n<h2><span style=\"font-size: 12pt;\">Kamb\u00f4 Peptid-Chemie<\/span><\/h2>\n<p>Kamb\u00f4 enth\u00e4lt zahlreiche bioaktive Peptide. Diese Peptide helfen bei der Tiefenheilung und Reinigung bei vielen verschiedenen Beschwerden und Erkrankungen. Im Folgenden finden Sie eine Zusammenfassung der verschiedenen Peptide, die in Kamb\u00f4 enthalten sind.<\/p>\n<ul>\n<li>Phyllomedusin<\/li>\n<li>Phyllokinin<\/li>\n<li>Phylloaerulein<\/li>\n<li>Dermorphin<\/li>\n<li>Deltorphin<\/li>\n<li>Dermaseptin und Adenoregulin<\/li>\n<li>Phyllolitorin \/ Rohdei-Litorin<\/li>\n<li>Tryptophiline<b><br \/>\n<\/b><\/li>\n<\/ul>\n<p>Eine eingehendere Studie \u00fcber die wichtigen chemischen Verbindungen in Kamb\u00f4 findet sich unter <a href=\"https:\/\/kambohealth.com\/kambo-peptides\/\">hier.<\/a><\/p>\n<h2><span style=\"font-size: 12pt;\">Haftungsausschluss<\/span><\/h2>\n<p>Bitte beachten Sie, dass diese heilige Medizin sehr kraftvoll und potenziell gef\u00e4hrlich und giftig ist, wenn sie nicht in der richtigen Umgebung und im richtigen Kontext mit entsprechender Vorbereitung und unter Anleitung einer erfahrenen Person, die die Medizin anwendet, verwendet wird.<\/p>\n<p>Dieses Produkt wird NICHT f\u00fcr den menschlichen Verzehr verkauft. Es wird nur zu Forschungs-, Botanik- und Bildungszwecken verkauft. Wenn Sie dieses Produkt kaufen, erkl\u00e4ren Sie sich damit einverstanden, es nicht zu verzehren und \u00fcbernehmen die volle rechtliche Verantwortung, falls Sie es doch verzehren.<\/p>\n<p><a href=\"http:\/\/orisha-ossain.com\/wp-content\/uploads\/2023\/06\/kambo3.jpg\"><img decoding=\"async\" class=\"aligncenter wp-image-255 size-full\" src=\"https:\/\/orisha-ossain.com\/wp-content\/uploads\/2023\/06\/kambo3.jpg\" alt=\"Schamane mit einem Kamb\u00f4 Sapo, Kambo-St\u00f6cke\" width=\"580\" height=\"366\" srcset=\"https:\/\/orisha-ossain.com\/wp-content\/uploads\/2023\/06\/kambo3.jpg 580w, https:\/\/orisha-ossain.com\/wp-content\/uploads\/2023\/06\/kambo3-300x189.jpg 300w\" sizes=\"(max-width: 580px) 100vw, 580px\" \/><\/a><\/p>\n<h2><span style=\"font-size: 12pt;\"><strong>Hier sind einige interessante Online-Artikel und Forschungslinks \u00fcber Kamb\u00f4 zu Ihrer Information<\/strong><\/span><\/h2>\n<p><a href=\"http:\/\/reset.me\/story\/kambo-natures-vaccine-for-the-mind-and-body\/\" target=\"_blank\" rel=\"noopener noreferrer\">Kamb\u00f4<\/a><a title=\"Kambo - Der Geist des Schamanen\" href=\"http:\/\/www.ayahuasca.com\/spirit\/kambo-the-spirit-of-the-shaman\" target=\"_blank\" rel=\"noopener noreferrer\"> - Der Geist des Schamanen<\/a><\/p>\n<p><a title=\"Froschsekrete und Jagdmagie im oberen Amazonasgebiet\" href=\"http:\/\/www.erowid.org\/references\/refs_view.php?A=ShowDoc1&amp;ID=6657\">Froschsekrete und Jagdmagie im oberen Amazonasgebiet<\/a><\/p>\n<p><a href=\"https:\/\/static1.squarespace.com\/static\/6553769c35c257393cae4c28\/t\/668e75c4aa05d812a0f5f9b4\/1720612293351\/kambo-natures-vaccine-mind-body.pdf\" target=\"_blank\" rel=\"noopener\">Kamb\u00f4 - Der Impfstoff der Natur f\u00fcr K\u00f6rper und Geist<\/a><\/p>\n<p><strong>Wenn Sie ein neuer oder unerfahrener Kamb\u00f4-Praktiker sind, empfehle ich Ihnen dringend, einen erfahrenen Kamb\u00f4-Praktiker in Ihrer N\u00e4he zu suchen. Siehe den Link unten.<\/strong><\/p>\n<p><a href=\"https:\/\/www.kambointernational.com\/practitioner-directory\"><span style=\"font-size: 12pt;\">Finden Sie einen Kambo-Praktiker<\/span><\/a><\/p>\n<p>&nbsp;<\/p>","protected":false},"excerpt":{"rendered":"<p>Doppelseitige Kamb\u00f4-St\u00e4bchen vom Stamm der Matses. Diese Kamb\u00f4-St\u00e4bchen enthalten jeweils ca. 120\/150 Punkte von Phyllomedusa Bicolor Froschsekret. Die St\u00e4bchen kommen direkt vom Matses-Stamm aus Peru im Amazonasgebiet.<br \/>\nIch biete eine Gr\u00f6\u00dfe von Kamb\u00f4-Sticks an.<\/p>","protected":false},"featured_media":253,"template":"","meta":{"_seopress_robots_primary_cat":"none","_seopress_titles_title":"%%post_title%% - Phyllomedusa bicolor - Matses Kambo","_seopress_titles_desc":"Double-sided Kamb\u00f4 sticks from the Matses tribe These Kambo sticks hold about\u00a0 130\/ 150 dots each. Phyllomedusa Bicolor frog.","_seopress_robots_index":"","_kad_blocks_custom_css":"","_kad_blocks_head_custom_js":"","_kad_blocks_body_custom_js":"","_kad_blocks_footer_custom_js":"","_kad_post_transparent":"default","_kad_post_title":"","_kad_post_layout":"default","_kad_post_sidebar_id":"","_kad_post_content_style":"default","_kad_post_vertical_padding":"default","_kad_post_feature":"","_kad_post_feature_position":"","_kad_post_header":false,"_kad_post_footer":false,"_kad_post_classname":""},"product_brand":[],"product_cat":[68],"product_tag":[],"class_list":{"0":"post-388","1":"product","2":"type-product","3":"status-publish","4":"has-post-thumbnail","6":"product_cat-kambo","8":"first","9":"instock","10":"taxable","11":"shipping-taxable","12":"purchasable","13":"product-type-variable","14":"entry","15":"content-bg","16":"loop-entry"},"taxonomy_info":{"product_cat":[{"value":68,"label":"Kamb\u00f4"}]},"featured_image_src_large":["https:\/\/orisha-ossain.com\/wp-content\/uploads\/2023\/06\/kam01.jpg",600,400,false],"author_info":[],"comment_info":"","_links":{"self":[{"href":"https:\/\/orisha-ossain.com\/de\/wp-json\/wp\/v2\/product\/388","targetHints":{"allow":["GET"]}}],"collection":[{"href":"https:\/\/orisha-ossain.com\/de\/wp-json\/wp\/v2\/product"}],"about":[{"href":"https:\/\/orisha-ossain.com\/de\/wp-json\/wp\/v2\/types\/product"}],"wp:featuredmedia":[{"embeddable":true,"href":"https:\/\/orisha-ossain.com\/de\/wp-json\/wp\/v2\/media\/253"}],"wp:attachment":[{"href":"https:\/\/orisha-ossain.com\/de\/wp-json\/wp\/v2\/media?parent=388"}],"wp:term":[{"taxonomy":"product_brand","embeddable":true,"href":"https:\/\/orisha-ossain.com\/de\/wp-json\/wp\/v2\/product_brand?post=388"},{"taxonomy":"product_cat","embeddable":true,"href":"https:\/\/orisha-ossain.com\/de\/wp-json\/wp\/v2\/product_cat?post=388"},{"taxonomy":"product_tag","embeddable":true,"href":"https:\/\/orisha-ossain.com\/de\/wp-json\/wp\/v2\/product_tag?post=388"}],"curies":[{"name":"wp","href":"https:\/\/api.w.org\/{rel}","templated":true}]}}