{"id":38342,"date":"2025-01-01T17:03:35","date_gmt":"2025-01-01T16:03:35","guid":{"rendered":"https:\/\/orisha-ossain.com\/?post_type=product&#038;p=38342"},"modified":"2026-02-16T15:30:44","modified_gmt":"2026-02-16T14:30:44","slug":"immune-support","status":"publish","type":"product","link":"https:\/\/orisha-ossain.com\/de\/product\/immune-support\/","title":{"rendered":"Unterst\u00fctzung des Immunsystems"},"content":{"rendered":"<h2>St\u00e4rken Sie Ihre ganzheitliche Wellness-Reise.<\/h2>\n<p>Verschmelzen Sie die herz\u00f6ffnende Wirkung von Ceremonial Cacao mit der transformativen Essenz des \"K\u00f6nigs der Heilpilze\", Chaga, und unterst\u00fctzen Sie Ihr Immunsystem und aktivieren Sie Ihre Verbindung zu Ihrem h\u00f6heren Chakra, um sich hohe Ziele zu setzen, Ihre Kraft zu besitzen und alle Ihre Herzensw\u00fcnsche zu manifestieren.<\/p>\n<p><b>Wichtigste Vorteile \ud80c\udefc\ud80c\udf4a<\/b><\/p>\n<ul>\n<li aria-level=\"1\">Immunmodulierend<\/li>\n<li aria-level=\"1\">Reich an Antioxidantien<\/li>\n<li aria-level=\"1\">Entz\u00fcndungshemmend<\/li>\n<\/ul>\n<ul>\n<li style=\"list-style-type: none;\"><b style=\"font-family: var(--global-body-font-family);\">Energetisches Profil: <\/b><span style=\"font-family: var(--global-body-font-family);\">Aktivierung des Dritten Auges, Reinigung, Erdung der inneren Kraft.<\/span><\/li>\n<\/ul>\n<p><img decoding=\"async\" class=\"aligncenter wp-image-38097 size-full\" style=\"font-family: var(--global-body-font-family);\" src=\"https:\/\/orisha-ossain.com\/wp-content\/uploads\/2024\/12\/OLD-NAME-2.webp\" alt=\"\" width=\"1080\" height=\"1080\" srcset=\"https:\/\/orisha-ossain.com\/wp-content\/uploads\/2024\/12\/OLD-NAME-2.webp 1080w, https:\/\/orisha-ossain.com\/wp-content\/uploads\/2024\/12\/OLD-NAME-2-300x300.webp 300w, https:\/\/orisha-ossain.com\/wp-content\/uploads\/2024\/12\/OLD-NAME-2-1024x1024.webp 1024w, https:\/\/orisha-ossain.com\/wp-content\/uploads\/2024\/12\/OLD-NAME-2-768x768.webp 768w, https:\/\/orisha-ossain.com\/wp-content\/uploads\/2024\/12\/OLD-NAME-2-12x12.webp 12w, https:\/\/orisha-ossain.com\/wp-content\/uploads\/2024\/12\/OLD-NAME-2-75x75.webp 75w, https:\/\/orisha-ossain.com\/wp-content\/uploads\/2024\/12\/OLD-NAME-2-465x465.webp 465w, https:\/\/orisha-ossain.com\/wp-content\/uploads\/2024\/12\/OLD-NAME-2-100x100.webp 100w\" sizes=\"(max-width: 1080px) 100vw, 1080px\" \/><\/p>\n<div class=\"elementor-element elementor-element-fc15602 elementor-widget elementor-widget-text-editor\" data-id=\"fc15602\" data-element_type=\"widget\" data-widget_type=\"text-editor.default\">\n<div class=\"elementor-widget-container\">\n<h2><strong>Unterst\u00fctzung des Immunsystems - Medizinische Kakaomischung<\/strong><\/h2>\n<p>Entdecken Sie den Weg zum ganzheitlichen Wohlbefinden mit unserem <strong>Zeremonieller Kakao aus Belize<\/strong>Diese Mischung wird fachm\u00e4nnisch mit traditionellen Gew\u00fcrzen wie Cayennepfeffer, Zimt und Vanille hergestellt. Angereichert mit dem kraftvollen Chaga-Pilz, der oft als \"K\u00f6nig der Heilpilze\" bezeichnet wird, st\u00e4rkt diese Mischung die nat\u00fcrlichen Abwehrkr\u00e4fte Ihres K\u00f6rpers und vertieft Ihre Verbindung zu den h\u00f6heren Chakren. Sie ist vollgepackt mit starken Antioxidantien und immunst\u00e4rkenden Substanzen und unterst\u00fctzt Sie auf Ihrem Weg zu einer lebendigen Gesundheit und spirituellen Ausrichtung.<\/p>\n<p><strong>Chaga | Der K\u00f6nig der Heilpilze<\/strong><\/p>\n<p>Der seit Jahrhunderten von sibirischen St\u00e4mmen und Schamanen gesch\u00e4tzte Chaga ist ein nicht-psychedelischer Funktionspilz, der f\u00fcr seine bemerkenswerten immunst\u00e4rkenden Eigenschaften und seine F\u00e4higkeit, das Dritte Auge zu aktivieren, bekannt ist. Seine Beta-Glucane spielen eine Schl\u00fcsselrolle bei der Regulierung des Immunsystems, sei es durch die Beruhigung einer \u00fcberaktiven Reaktion oder die Wiederherstellung einer geschw\u00e4chten Reaktion. Die au\u00dfergew\u00f6hnlichen Antioxidantien des Chaga, wie SOD (Super Oxide Dismutase) und Melanin, bek\u00e4mpfen wirksam den oxidativen Stress und neutralisieren die freien Radikale. Der Chaga ist ein echter Spitzenreiter im Reich der Pilze mit dem h\u00f6chsten Antioxidantiengehalt aller bekannten Nahrungsmittel.<\/p>\n<p><strong>Erleben Sie die Synergie aus uralter Weisheit und moderner Wellness in jedem Schluck dieser immununterst\u00fctzenden Kakaomischung.<\/strong><\/p>\n<\/div>\n<\/div>","protected":false},"excerpt":{"rendered":"<h3>Zeremonieller Kakao - Belize - 100 Gramm<\/h3>\n<ul>\n<li>Chaga-Pilz Doppelextrakt 15:1<\/li>\n<li>Infundiert mit traditionellen Maya-Gew\u00fcrzen: Cayennepfeffer, Zimt, Vanille<\/li>\n<\/ul>\n<p>&nbsp;<\/p>","protected":false},"featured_media":38095,"template":"","meta":{"_seopress_robots_primary_cat":"none","_seopress_titles_title":"","_seopress_titles_desc":"","_seopress_robots_index":"","_kad_blocks_custom_css":"","_kad_blocks_head_custom_js":"","_kad_blocks_body_custom_js":"","_kad_blocks_footer_custom_js":"","_kad_post_transparent":"default","_kad_post_title":"","_kad_post_layout":"default","_kad_post_sidebar_id":"","_kad_post_content_style":"default","_kad_post_vertical_padding":"default","_kad_post_feature":"","_kad_post_feature_position":"","_kad_post_header":false,"_kad_post_footer":false,"_kad_post_classname":""},"product_brand":[],"product_cat":[150],"product_tag":[151],"class_list":{"0":"post-38342","1":"product","2":"type-product","3":"status-publish","4":"has-post-thumbnail","6":"product_cat-cacao","7":"product_tag-cacao","9":"first","10":"instock","11":"taxable","12":"shipping-taxable","13":"purchasable","14":"product-type-simple","15":"entry","16":"content-bg","17":"loop-entry"},"taxonomy_info":{"product_cat":[{"value":150,"label":"Cacao"}],"product_tag":[{"value":151,"label":"Cacao"}]},"featured_image_src_large":["https:\/\/orisha-ossain.com\/wp-content\/uploads\/2024\/12\/OLD-NAME-1024x1024.webp",1024,1024,true],"author_info":[],"comment_info":"","_links":{"self":[{"href":"https:\/\/orisha-ossain.com\/de\/wp-json\/wp\/v2\/product\/38342","targetHints":{"allow":["GET"]}}],"collection":[{"href":"https:\/\/orisha-ossain.com\/de\/wp-json\/wp\/v2\/product"}],"about":[{"href":"https:\/\/orisha-ossain.com\/de\/wp-json\/wp\/v2\/types\/product"}],"wp:featuredmedia":[{"embeddable":true,"href":"https:\/\/orisha-ossain.com\/de\/wp-json\/wp\/v2\/media\/38095"}],"wp:attachment":[{"href":"https:\/\/orisha-ossain.com\/de\/wp-json\/wp\/v2\/media?parent=38342"}],"wp:term":[{"taxonomy":"product_brand","embeddable":true,"href":"https:\/\/orisha-ossain.com\/de\/wp-json\/wp\/v2\/product_brand?post=38342"},{"taxonomy":"product_cat","embeddable":true,"href":"https:\/\/orisha-ossain.com\/de\/wp-json\/wp\/v2\/product_cat?post=38342"},{"taxonomy":"product_tag","embeddable":true,"href":"https:\/\/orisha-ossain.com\/de\/wp-json\/wp\/v2\/product_tag?post=38342"}],"curies":[{"name":"wp","href":"https:\/\/api.w.org\/{rel}","templated":true}]}}