{"id":38198,"date":"2025-01-05T14:37:31","date_gmt":"2025-01-05T13:37:31","guid":{"rendered":"https:\/\/orisha-ossain.com\/?post_type=product&#038;p=38198"},"modified":"2026-04-11T23:47:49","modified_gmt":"2026-04-11T21:47:49","slug":"pure-natural-grade","status":"publish","type":"product","link":"https:\/\/orisha-ossain.com\/de\/product\/pure-natural-grade\/","title":{"rendered":"Reines Naturprodukt"},"content":{"rendered":"<h2><strong>Zeremonieller Kakao: Mit Absicht aus dem Herzen von Belize beschafft<\/strong><\/h2>\n<p>Dieser sortenreine Zeremonienkakao stammt aus den Maya-Bergen im S\u00fcden von Belize, einer der urspr\u00fcnglichsten und l\u00e4ndlichsten Regionen des Landes. Er wird von rund 400 indigenen Maya-Bauernfamilien aus den V\u00f6lkern der Mopan und Q'eqchi geerntet und produziert. Diese engagierten Bauern kultivieren die uralte Sorte Criollo \"Heirloom\", die oft als die K\u00f6nigin des Kakaos bezeichnet wird und f\u00fcr ihre au\u00dfergew\u00f6hnliche Qualit\u00e4t und ihr Erbe gefeiert wird.<\/p>\n<h3><strong>Warum diesen Kakao w\u00e4hlen?<\/strong><\/h3>\n<ul>\n<li>Einziger Ursprung aus dem s\u00fcdlichen Belize<\/li>\n<li>Angebaut von indigenen Mopan und Q'eqchi Maya-Bauern<\/li>\n<li>Alte Criollo \"Heirloom\" Kakaosorte<\/li>\n<li>Aus ethischen Gr\u00fcnden von nachhaltigen Familienbetrieben bezogen<\/li>\n<\/ul>\n<h3>Energetisches Profil:<\/h3>\n<p>Hochschwingend, sanft, energetisierend und herz\u00f6ffnend - perfekt f\u00fcr zeremonielle und achtsame Praktiken.<\/p>\n<p><img decoding=\"async\" class=\"aligncenter wp-image-38202 size-large\" src=\"https:\/\/orisha-ossain.com\/wp-content\/uploads\/2024\/12\/Natural-1024x1024.webp\" alt=\"\" width=\"1024\" height=\"1024\" srcset=\"https:\/\/orisha-ossain.com\/wp-content\/uploads\/2024\/12\/Natural-1024x1024.webp 1024w, https:\/\/orisha-ossain.com\/wp-content\/uploads\/2024\/12\/Natural-300x300.webp 300w, https:\/\/orisha-ossain.com\/wp-content\/uploads\/2024\/12\/Natural-768x768.webp 768w, https:\/\/orisha-ossain.com\/wp-content\/uploads\/2024\/12\/Natural-12x12.webp 12w, https:\/\/orisha-ossain.com\/wp-content\/uploads\/2024\/12\/Natural-75x75.webp 75w, https:\/\/orisha-ossain.com\/wp-content\/uploads\/2024\/12\/Natural-465x465.webp 465w, https:\/\/orisha-ossain.com\/wp-content\/uploads\/2024\/12\/Natural-100x100.webp 100w, https:\/\/orisha-ossain.com\/wp-content\/uploads\/2024\/12\/Natural.webp 1080w\" sizes=\"(max-width: 1024px) 100vw, 1024px\" \/><\/p>\n<h3>Criollo \"Heirloom\" Kakao: Die K\u00f6nigin des Kakaos<\/h3>\n<p>Criollo-Kakao, oft als \"K\u00f6nigin des Kakaos\" bezeichnet, ist eine alte Sorte, die f\u00fcr ihre au\u00dfergew\u00f6hnliche Qualit\u00e4t bekannt ist. Mit einem Anteil von nur 5% an der weltweiten Kakaoproduktion ist sie die seltenste und wertvollste Kakaosorte. Diese Bohnen sind die wahren Diamanten des Kakaobaums, die einige der feinsten Geschmacksrichtungen der Welt hervorbringen.<\/p>\n<p>Um die Bezeichnung \"Heirloom\" zu erhalten, muss der Kakao eine historische, kulturelle, botanische, geografische und geschmackliche Bedeutung aufweisen. Im Jahr 2015 wurde Maya Mountain Cacao von Farmen im Distrikt Toledo in Belize - einschlie\u00dflich D\u00f6rfern wie San Antonio, Santa Elena und Pueblo Viejo - vom renommierten Heirloom Preservation Project (HCP) als Heirloom Cacao anerkannt. Mit dieser Auszeichnung wird er als einer der 20 besten Kakaosorten der Welt gefeiert.<\/p>\n<h3>Warum sollte man sich f\u00fcr Criollo Heirloom Cacao entscheiden?<\/h3>\n<ul>\n<li>Macht nur 5% der weltweiten Kakaoproduktion aus<\/li>\n<li>Bekannt f\u00fcr seinen hervorragenden Geschmack und seine Qualit\u00e4t<\/li>\n<li>Von der HCP als einer der 20 besten Kakaos der Welt anerkannt<\/li>\n<li>Angebaut im kulturell reichen Toledo-Distrikt von Belize<\/li>\n<\/ul>\n<h3><strong>Erleben Sie den seltenen Luxus des Criollo-Kakaos - ein wahres Juwel in der Welt der Schokolade.<\/strong><\/h3>\n<p>&nbsp;<\/p>","protected":false},"excerpt":{"rendered":"<h3>Zeremonieller Kakao - Belize - 100 Gramm<\/h3>\n<p>100 % Reiner roher Kakao.<\/p>\n<ul>\n<li>Von indigenen Maya-Bauernfamilien<\/li>\n<li>Bio | Nachhaltig | Ethisch<\/li>\n<li>Handsortiert | Getrocknet<\/li>\n<\/ul>","protected":false},"featured_media":38201,"template":"","meta":{"_seopress_robots_primary_cat":"none","_seopress_titles_title":"Cereomial Grade Cacao from Belize - 100% Raw Cacao - Criollo","_seopress_titles_desc":"","_seopress_robots_index":"","_kad_blocks_custom_css":"","_kad_blocks_head_custom_js":"","_kad_blocks_body_custom_js":"","_kad_blocks_footer_custom_js":"","_kad_post_transparent":"default","_kad_post_title":"","_kad_post_layout":"default","_kad_post_sidebar_id":"","_kad_post_content_style":"default","_kad_post_vertical_padding":"default","_kad_post_feature":"","_kad_post_feature_position":"","_kad_post_header":false,"_kad_post_footer":false,"_kad_post_classname":""},"product_brand":[],"product_cat":[150],"product_tag":[151],"class_list":{"0":"post-38198","1":"product","2":"type-product","3":"status-publish","4":"has-post-thumbnail","6":"product_cat-cacao","7":"product_tag-cacao","9":"first","10":"instock","11":"taxable","12":"shipping-taxable","13":"purchasable","14":"product-type-simple","15":"entry","16":"content-bg","17":"loop-entry"},"taxonomy_info":{"product_cat":[{"value":150,"label":"Cacao"}],"product_tag":[{"value":151,"label":"Cacao"}]},"featured_image_src_large":["https:\/\/orisha-ossain.com\/wp-content\/uploads\/2024\/12\/IMG_6348-1536x2048-1.webp",500,500,false],"author_info":[],"comment_info":"","_links":{"self":[{"href":"https:\/\/orisha-ossain.com\/de\/wp-json\/wp\/v2\/product\/38198","targetHints":{"allow":["GET"]}}],"collection":[{"href":"https:\/\/orisha-ossain.com\/de\/wp-json\/wp\/v2\/product"}],"about":[{"href":"https:\/\/orisha-ossain.com\/de\/wp-json\/wp\/v2\/types\/product"}],"wp:featuredmedia":[{"embeddable":true,"href":"https:\/\/orisha-ossain.com\/de\/wp-json\/wp\/v2\/media\/38201"}],"wp:attachment":[{"href":"https:\/\/orisha-ossain.com\/de\/wp-json\/wp\/v2\/media?parent=38198"}],"wp:term":[{"taxonomy":"product_brand","embeddable":true,"href":"https:\/\/orisha-ossain.com\/de\/wp-json\/wp\/v2\/product_brand?post=38198"},{"taxonomy":"product_cat","embeddable":true,"href":"https:\/\/orisha-ossain.com\/de\/wp-json\/wp\/v2\/product_cat?post=38198"},{"taxonomy":"product_tag","embeddable":true,"href":"https:\/\/orisha-ossain.com\/de\/wp-json\/wp\/v2\/product_tag?post=38198"}],"curies":[{"name":"wp","href":"https:\/\/api.w.org\/{rel}","templated":true}]}}